{"id":3006,"date":"2021-08-12T15:06:18","date_gmt":"2021-08-12T18:06:18","guid":{"rendered":"https:\/\/wp.ufpel.edu.br\/ppgna\/?page_id=3006"},"modified":"2021-08-12T15:06:18","modified_gmt":"2021-08-12T18:06:18","slug":"eduarda-duval","status":"publish","type":"page","link":"https:\/\/wp.ufpel.edu.br\/ppgna\/docentes\/paginas-individuais\/eduarda-duval\/","title":{"rendered":"Eduarda Duval"},"content":{"rendered":"<table style=\"width: 100%;border-collapse: collapse\" border=\"0\">\n<tbody>\n<tr>\n<td style=\"width: 43.59861591695502%\" colspan=\"2\"><img class=\"foto aligncenter\" src=\"http:\/\/servicosweb.cnpq.br\/wspessoa\/servletrecuperafoto?tipo=1&amp;id=K4708026P5\" width=\"161\" height=\"177\" \/><strong><br \/>\n<\/strong><\/td>\n<\/tr>\n<tr style=\"height: 24px\">\n<td style=\"width: 43.59861591695502%;height: 24px;text-align: center\" colspan=\"2\"><span style=\"font-size: 14pt\"><strong>Eduarda Hallal Duval<\/strong><\/span><\/td>\n<\/tr>\n<tr style=\"height: 24px\">\n<td style=\"width: 43.59861591695502%;height: 24px;text-align: center\" colspan=\"2\"><strong>Linha de An\u00e1lise e Controle de Qualidade de Alimentos<\/strong><\/td>\n<\/tr>\n<tr style=\"height: 24px\">\n<td style=\"width: 43.59861591695502%;height: 24px;text-align: center\"><a href=\"mailto:eduardahd@hotmail.com\">Email<\/a><\/td>\n<td style=\"width: 39.73471741637832%;height: 24px;text-align: center\"><a href=\"http:\/\/lattes.cnpq.br\/9269032123014590\" target=\"_blank\" rel=\"noopener noreferrer\">Curr\u00edculo Lattes<\/a><\/td>\n<\/tr>\n<tr style=\"height: 24px\">\n<td style=\"height: 24px;text-align: justify;width: 83.33333333333334%\" colspan=\"2\"><strong>Gradua\u00e7\u00e3o:<\/strong> Medicina Veterin\u00e1ria &#8211; UFPel<br \/>\n<strong>Mestrado:<\/strong> Ci\u00eancia e Tecnologia de Alimentos &#8211; UFPel<br \/>\n<strong>Doutorado:<\/strong> Biotecnologia &#8211; UFPel<\/td>\n<\/tr>\n<tr>\n<td style=\"text-align: justify;width: 83.33333333333334%\" colspan=\"2\"><\/td>\n<\/tr>\n<tr>\n<td style=\"text-align: justify\" colspan=\"2\"><strong>Principais temas de pesquisa:<\/strong><br \/>\nInspe\u00e7\u00e3o, Ci\u00eancia e Tecnologia de produtos de origem animal em Processamento de carnes e derivados, Programas de Autocontrole na Ind\u00fastria de produtos de origem animal e Microbiologia de alimentos (Bact\u00e9rias patog\u00eanicas e culturas iniciadoras e probi\u00f3ticas).<\/td>\n<\/tr>\n<tr>\n<td style=\"text-align: justify\" colspan=\"2\"><strong>\u00a0<\/strong><\/td>\n<\/tr>\n<tr>\n<td style=\"text-align: justify;width: 83.33333333333334%\" colspan=\"2\"><strong>Publica\u00e7\u00f5es destaque<\/strong><\/td>\n<\/tr>\n<tr>\n<td style=\"width: 83.33333333333334%;text-align: justify\" colspan=\"2\"><\/td>\n<\/tr>\n<\/tbody>\n<\/table>\n<p><\/p>\n","protected":false},"excerpt":{"rendered":"<p>Eduarda Hallal Duval Linha de An\u00e1lise e Controle de Qualidade de Alimentos Email Curr\u00edculo Lattes Gradua\u00e7\u00e3o: Medicina Veterin\u00e1ria &#8211; UFPel Mestrado: Ci\u00eancia e Tecnologia de Alimentos &#8211; UFPel Doutorado: Biotecnologia &#8211; UFPel Principais temas de pesquisa: Inspe\u00e7\u00e3o, Ci\u00eancia e Tecnologia de produtos de origem animal em Processamento de carnes e derivados, Programas de Autocontrole na [&hellip;]<\/p>\n","protected":false},"author":209,"featured_media":0,"parent":2693,"menu_order":0,"comment_status":"closed","ping_status":"closed","template":"","meta":{"jetpack_post_was_ever_published":false,"footnotes":""},"class_list":["post-3006","page","type-page","status-publish","hentry"],"jetpack_sharing_enabled":true,"jetpack_shortlink":"https:\/\/wp.me\/P8FvYb-Mu","_links":{"self":[{"href":"https:\/\/wp.ufpel.edu.br\/ppgna\/wp-json\/wp\/v2\/pages\/3006","targetHints":{"allow":["GET"]}}],"collection":[{"href":"https:\/\/wp.ufpel.edu.br\/ppgna\/wp-json\/wp\/v2\/pages"}],"about":[{"href":"https:\/\/wp.ufpel.edu.br\/ppgna\/wp-json\/wp\/v2\/types\/page"}],"author":[{"embeddable":true,"href":"https:\/\/wp.ufpel.edu.br\/ppgna\/wp-json\/wp\/v2\/users\/209"}],"replies":[{"embeddable":true,"href":"https:\/\/wp.ufpel.edu.br\/ppgna\/wp-json\/wp\/v2\/comments?post=3006"}],"version-history":[{"count":1,"href":"https:\/\/wp.ufpel.edu.br\/ppgna\/wp-json\/wp\/v2\/pages\/3006\/revisions"}],"predecessor-version":[{"id":3008,"href":"https:\/\/wp.ufpel.edu.br\/ppgna\/wp-json\/wp\/v2\/pages\/3006\/revisions\/3008"}],"up":[{"embeddable":true,"href":"https:\/\/wp.ufpel.edu.br\/ppgna\/wp-json\/wp\/v2\/pages\/2693"}],"wp:attachment":[{"href":"https:\/\/wp.ufpel.edu.br\/ppgna\/wp-json\/wp\/v2\/media?parent=3006"}],"curies":[{"name":"wp","href":"https:\/\/api.w.org\/{rel}","templated":true}]}}