{"id":2892,"date":"2021-03-09T10:38:55","date_gmt":"2021-03-09T13:38:55","guid":{"rendered":"https:\/\/wp.ufpel.edu.br\/ppgna\/?page_id=2892"},"modified":"2025-11-01T15:44:21","modified_gmt":"2025-11-01T18:44:21","slug":"disciplinas-doutorado","status":"publish","type":"page","link":"https:\/\/wp.ufpel.edu.br\/ppgna\/ensino-2\/disciplinas-doutorado\/","title":{"rendered":"Disciplinas Doutorado"},"content":{"rendered":"<table class=\"aligncenter\" style=\"width: 607px; height: 1220px;\" border=\"2\" width=\"623\" cellspacing=\"0\" cellpadding=\"0\">\n<colgroup>\n<col width=\"536\" \/>\n<col width=\"87\" \/><\/colgroup>\n<tbody>\n<tr style=\"height: 24px;\">\n<td class=\"xl65\" style=\"height: 24px; width: 513.40625px;\" height=\"21\"><strong>Obrigat\u00f3rias<\/strong><\/td>\n<td class=\"xl65\" style=\"height: 24px; width: 85.609375px; text-align: right;\"><strong>Cr\u00e9ditos<\/strong><\/td>\n<\/tr>\n<tr style=\"height: 24px;\">\n<td class=\"xl66\" style=\"height: 24px; width: 513.40625px;\" height=\"21\">Semin\u00e1rios em Nutri\u00e7\u00e3o e Alimentos<\/td>\n<td class=\"xl66\" style=\"height: 24px; width: 85.609375px; text-align: right;\" align=\"right\">1<\/td>\n<\/tr>\n<tr style=\"height: 24px;\">\n<td class=\"xl66\" style=\"height: 24px; width: 513.40625px;\" height=\"21\">Pol\u00edticas e Programas de Sa\u00fade e Nutri\u00e7\u00e3o<\/td>\n<td class=\"xl66\" style=\"height: 24px; width: 85.609375px; text-align: right;\" align=\"right\">2<\/td>\n<\/tr>\n<tr style=\"height: 24px;\">\n<td class=\"xl66\" style=\"height: 24px; width: 513.40625px;\" height=\"21\">Bioestat\u00edstica Aplicada a Nutri\u00e7\u00e3o e Alimentos<\/td>\n<td class=\"xl66\" style=\"height: 24px; width: 85.609375px; text-align: right;\" align=\"right\">4<\/td>\n<\/tr>\n<tr style=\"height: 24px;\">\n<td class=\"xl66\" style=\"height: 24px; width: 513.40625px;\" height=\"21\">Metodologia de Pesquisa<\/td>\n<td class=\"xl66\" style=\"height: 24px; width: 85.609375px; text-align: right;\" align=\"right\">2<\/td>\n<\/tr>\n<tr style=\"height: 24px;\">\n<td class=\"xl66\" style=\"height: 24px; width: 513.40625px;\" height=\"21\">Bio\u00e9tica<\/td>\n<td class=\"xl66\" style=\"height: 24px; width: 85.609375px; text-align: right;\" align=\"right\">1<\/td>\n<\/tr>\n<tr style=\"height: 24px;\">\n<td class=\"xl66\" style=\"height: 24px; width: 513.40625px;\" height=\"21\">Did\u00e1tica no ensino superior<\/td>\n<td class=\"xl66\" style=\"height: 24px; width: 85.609375px; text-align: right;\" align=\"right\">2<\/td>\n<\/tr>\n<tr style=\"height: 24px;\">\n<td class=\"xl66\" style=\"height: 24px; width: 513.40625px;\" height=\"21\">Orienta\u00e7\u00e3o de Tese I<\/td>\n<td class=\"xl66\" style=\"height: 24px; width: 85.609375px; text-align: right;\" align=\"right\">1<\/td>\n<\/tr>\n<tr style=\"height: 24px;\">\n<td class=\"xl66\" style=\"height: 24px; width: 513.40625px;\" height=\"21\">Orienta\u00e7\u00e3o de Tese II<\/td>\n<td class=\"xl66\" style=\"height: 24px; width: 85.609375px; text-align: right;\" align=\"right\">1<\/td>\n<\/tr>\n<tr style=\"height: 24px;\">\n<td class=\"xl66\" style=\"height: 24px; width: 513.40625px;\" height=\"21\">Orienta\u00e7\u00e3o de Tese III<\/td>\n<td class=\"xl66\" style=\"height: 24px; width: 85.609375px; text-align: right;\" align=\"right\">1<\/td>\n<\/tr>\n<tr style=\"height: 24px;\">\n<td class=\"xl66\" style=\"height: 24px; width: 513.40625px;\" height=\"21\">Orienta\u00e7\u00e3o de Tese IV<\/td>\n<td class=\"xl66\" style=\"height: 24px; width: 85.609375px; text-align: right;\" align=\"right\">1<\/td>\n<\/tr>\n<tr style=\"height: 24px;\">\n<td class=\"xl66\" style=\"height: 24px; width: 513.40625px;\" height=\"21\">Doc\u00eancia Orientada em Nutri\u00e7\u00e3o e Alimentos<\/td>\n<td class=\"xl66\" style=\"height: 24px; width: 85.609375px; text-align: right;\" align=\"right\">1<\/td>\n<\/tr>\n<tr style=\"height: 24px;\">\n<td class=\"xl66\" style=\"height: 24px; width: 513.40625px;\" height=\"21\">Oficina de reda\u00e7\u00e3o de artigos<\/td>\n<td class=\"xl66\" style=\"height: 24px; width: 85.609375px; text-align: right;\" align=\"right\">2<\/td>\n<\/tr>\n<tr style=\"height: 24px;\">\n<td class=\"xl66\" style=\"height: 24px; width: 513.40625px;\" height=\"21\"><\/td>\n<td class=\"xl66\" style=\"height: 24px; width: 85.609375px; text-align: right;\"><\/td>\n<\/tr>\n<tr style=\"height: 24px;\">\n<td class=\"xl65\" style=\"height: 24px; width: 513.40625px;\" height=\"21\"><strong>Obrig\u00e1torias somente bolsistas<\/strong><\/td>\n<td class=\"xl66\" style=\"height: 24px; width: 85.609375px; text-align: right;\"><\/td>\n<\/tr>\n<tr style=\"height: 24px;\">\n<td class=\"xl66\" style=\"height: 24px; width: 513.40625px;\" height=\"21\">Doc\u00eancia Orientada em Nutri\u00e7\u00e3o e Alimentos<\/td>\n<td class=\"xl66\" style=\"height: 24px; width: 85.609375px; text-align: right;\" align=\"right\">1<\/td>\n<\/tr>\n<tr style=\"height: 24px;\">\n<td class=\"xl65\" style=\"height: 24px; width: 513.40625px;\" height=\"21\"><\/td>\n<td class=\"xl66\" style=\"height: 24px; width: 85.609375px; text-align: right;\"><\/td>\n<\/tr>\n<tr style=\"height: 24px;\">\n<td class=\"xl65\" style=\"height: 24px; width: 513.40625px;\" height=\"21\"><strong>Eletivas Nutri\u00e7\u00e3o B\u00e1sica e Experimental<\/strong><\/td>\n<td class=\"xl66\" style=\"height: 24px; width: 85.609375px; text-align: right;\"><\/td>\n<\/tr>\n<tr style=\"height: 48px;\">\n<td class=\"xl66\" style=\"height: 48px; width: 513.40625px;\" height=\"21\">Bioquimica Avan\u00e7ada Aplicada a Nutri\u00e7\u00e3o: Correla\u00e7\u00f5es Clinicas e Experimentais<\/td>\n<td class=\"xl66\" style=\"height: 48px; width: 85.609375px; text-align: right;\" align=\"right\">2<\/td>\n<\/tr>\n<tr style=\"height: 24px;\">\n<td class=\"xl66\" style=\"height: 24px; width: 513.40625px;\" height=\"21\">Microbiota Intestinal e Probi\u00f3ticos<\/td>\n<td class=\"xl66\" style=\"height: 24px; width: 85.609375px; text-align: right;\" align=\"right\">3<\/td>\n<\/tr>\n<tr style=\"height: 24px;\">\n<td class=\"xl66\" style=\"height: 24px; width: 513.40625px;\" height=\"21\">Genomica Nutricional<\/td>\n<td class=\"xl66\" style=\"height: 24px; width: 85.609375px; text-align: right;\" align=\"right\">3<\/td>\n<\/tr>\n<tr style=\"height: 24px;\">\n<td class=\"xl66\" style=\"height: 24px; width: 513.40625px;\" height=\"21\">Bases Moleculares da Obesidade e Diabetes<\/td>\n<td class=\"xl66\" style=\"height: 24px; width: 85.609375px; text-align: right;\" align=\"right\">3<\/td>\n<\/tr>\n<tr style=\"height: 24px;\">\n<td class=\"xl66\" style=\"height: 24px; width: 513.40625px;\" height=\"21\">T\u00f3picos Avan\u00e7ados em Experimenta\u00e7\u00e3o Animal<\/td>\n<td class=\"xl66\" style=\"height: 24px; width: 85.609375px; text-align: right;\" align=\"right\">1<\/td>\n<\/tr>\n<tr style=\"height: 24px;\">\n<td class=\"xl65\" style=\"height: 24px; width: 513.40625px;\" height=\"21\"><\/td>\n<td class=\"xl66\" style=\"height: 24px; width: 85.609375px; text-align: right;\"><\/td>\n<\/tr>\n<tr style=\"height: 24px;\">\n<td class=\"xl65\" style=\"height: 24px; width: 513.40625px;\" height=\"21\"><strong>Eletivas Clinica e Epidemiologia Nutricional<\/strong><\/td>\n<td class=\"xl66\" style=\"height: 24px; width: 85.609375px; text-align: right;\"><\/td>\n<\/tr>\n<tr style=\"height: 24px;\">\n<td class=\"xl66\" style=\"height: 24px; width: 513.40625px;\" height=\"21\">Avalia\u00e7\u00e3o Nutricional e Composi\u00e7\u00e3o Corporal em Adultos na Pesquisa e Pr\u00e1tica Cl\u00ednica<\/td>\n<td class=\"xl66\" style=\"height: 24px; width: 85.609375px; text-align: right;\" align=\"right\">2<\/td>\n<\/tr>\n<tr style=\"height: 24px;\">\n<td class=\"xl66\" style=\"height: 24px; width: 513.40625px;\" height=\"21\">T\u00f3picos em Endocrinologia e Nutri\u00e7\u00e3o<\/td>\n<td class=\"xl66\" style=\"height: 24px; width: 85.609375px; text-align: right;\" align=\"right\">2<\/td>\n<\/tr>\n<tr style=\"height: 24px;\">\n<td class=\"xl66\" style=\"height: 24px; width: 513.40625px;\" height=\"21\">Bioestat\u00edstica Aplicada a Clinica e Epidemiologia<\/td>\n<td class=\"xl66\" style=\"height: 24px; width: 85.609375px; text-align: right;\" align=\"right\">2<\/td>\n<\/tr>\n<tr style=\"height: 24px;\">\n<td class=\"xl66\" style=\"height: 24px; width: 513.40625px;\" height=\"21\">Avan\u00e7os em Epidemiologia Nutricional<\/td>\n<td class=\"xl66\" style=\"height: 24px; width: 85.609375px; text-align: right;\" align=\"right\">2<\/td>\n<\/tr>\n<tr style=\"height: 24px;\">\n<td class=\"xl66\" style=\"height: 24px; width: 513.40625px;\" height=\"21\">Evid\u00eancias em Nutri\u00e7\u00e3o Cl\u00ednica e Experimental<\/td>\n<td class=\"xl66\" style=\"height: 24px; width: 85.609375px; text-align: right;\" align=\"right\">2<\/td>\n<\/tr>\n<tr style=\"height: 24px;\">\n<td class=\"xl65\" style=\"height: 24px; width: 513.40625px;\" height=\"21\">M\u00e9todos Avan\u00e7ados em Avalia\u00e7\u00e3o do Consumo Alimentar<\/td>\n<td class=\"xl66\" style=\"height: 24px; width: 85.609375px; text-align: right;\">2<\/td>\n<\/tr>\n<tr style=\"height: 24px;\">\n<td class=\"xl65\" style=\"height: 24px; width: 513.40625px;\" height=\"21\"><\/td>\n<td class=\"xl66\" style=\"height: 24px; width: 85.609375px; text-align: right;\"><\/td>\n<\/tr>\n<tr style=\"height: 24px;\">\n<td class=\"xl65\" style=\"height: 24px; width: 513.40625px;\" height=\"21\"><strong>Eletivas An\u00e1lise e Controle de Qualidade de Alimentos<\/strong><\/td>\n<td class=\"xl66\" style=\"height: 24px; width: 85.609375px; text-align: right;\" align=\"right\"><\/td>\n<\/tr>\n<tr style=\"height: 24px;\">\n<td class=\"xl66\" style=\"height: 24px; width: 513.40625px;\" height=\"21\">Fundamentos da Ci\u00eancia Sensorial<\/td>\n<td class=\"xl66\" style=\"height: 24px; width: 85.609375px; text-align: right;\" align=\"right\">4<\/td>\n<\/tr>\n<tr style=\"height: 24px;\">\n<td class=\"xl66\" style=\"height: 24px; width: 513.40625px;\" height=\"21\">Ensaios Microbiol\u00f3gicos em Alimentos<\/td>\n<td class=\"xl66\" style=\"height: 24px; width: 85.609375px; text-align: right;\" align=\"right\">3<\/td>\n<\/tr>\n<tr style=\"height: 24px;\">\n<td class=\"xl66\" style=\"height: 24px; width: 513.40625px;\" height=\"21\">Atualidades em Microbiologia de Alimentos<\/td>\n<td class=\"xl66\" style=\"height: 24px; width: 85.609375px; text-align: right;\" align=\"right\">2<\/td>\n<\/tr>\n<tr style=\"height: 24px;\">\n<td class=\"xl66\" style=\"height: 24px; width: 513.40625px;\" height=\"21\">Metabolismo de Compostos Bioativos<\/td>\n<td class=\"xl66\" style=\"height: 24px; width: 85.609375px; text-align: right;\" align=\"right\">2<\/td>\n<\/tr>\n<tr style=\"height: 24px;\">\n<td class=\"xl66\" style=\"height: 24px; width: 513.40625px;\" height=\"21\">Quimica de carboidratos, l\u00edpideos e prot\u00e9inas avan\u00e7ada<\/td>\n<td class=\"xl66\" style=\"height: 24px; width: 85.609375px; text-align: right;\" align=\"right\">6<\/td>\n<\/tr>\n<tr style=\"height: 24px;\">\n<td class=\"xl66\" style=\"height: 24px; width: 513.40625px;\" height=\"21\"><\/td>\n<td class=\"xl66\" style=\"height: 24px; width: 85.609375px; text-align: right;\" align=\"right\"><\/td>\n<\/tr>\n<tr style=\"height: 48px;\">\n<td style=\"width: 513.40625px; height: 48px;\"><strong>Disciplinas Transversais Ofertadas pelo N\u00facleo de P\u00f3s-gradua\u00e7\u00e3o da UFPel<\/strong><\/td>\n<td style=\"width: 85.609375px; height: 48px; text-align: right;\"><\/td>\n<\/tr>\n<tr style=\"height: 24px;\">\n<td style=\"width: 513.40625px; height: 24px;\">\n<div><span lang=\"PT-BR\">Leitura e Produ\u00e7\u00e3o de Textos Acad\u00eamicos em Ingl\u00eas <\/span><\/div>\n<\/td>\n<td style=\"width: 85.609375px; height: 24px; text-align: right;\">\u00a04<\/td>\n<\/tr>\n<tr style=\"height: 24px;\">\n<td style=\"width: 513.40625px; height: 24px;\">\n<div><span lang=\"EN-US\">Academic Presentation in English<\/span><\/div>\n<\/td>\n<td style=\"width: 85.609375px; height: 24px; text-align: right;\">4<\/td>\n<\/tr>\n<tr style=\"height: 24px;\">\n<td style=\"width: 513.40625px; height: 24px;\">\n<div>\n<div><span lang=\"PT-BR\">Open Science \u2013 Ci\u00eancia do Jeito Certo<\/span><\/div>\n<\/div>\n<\/td>\n<td style=\"width: 85.609375px; height: 24px; text-align: right;\">5<\/td>\n<\/tr>\n<tr style=\"height: 24px;\">\n<td style=\"width: 513.40625px; height: 24px;\">\n<div><span lang=\"PT-BR\">Seminario Avanzado: Estado, Sociedad y Noci\u00f3n de lo Social<\/span><\/div>\n<\/td>\n<td style=\"width: 85.609375px; height: 24px; text-align: right;\">3<\/td>\n<\/tr>\n<\/tbody>\n<\/table>\n<p>&nbsp;<\/p>\n","protected":false},"excerpt":{"rendered":"<p>Obrigat\u00f3rias Cr\u00e9ditos Semin\u00e1rios em Nutri\u00e7\u00e3o e Alimentos 1 Pol\u00edticas e Programas de Sa\u00fade e Nutri\u00e7\u00e3o 2 Bioestat\u00edstica Aplicada a Nutri\u00e7\u00e3o e Alimentos 4 Metodologia de Pesquisa 2 Bio\u00e9tica 1 Did\u00e1tica no ensino superior 2 Orienta\u00e7\u00e3o de Tese I 1 Orienta\u00e7\u00e3o de Tese II 1 Orienta\u00e7\u00e3o de Tese III 1 Orienta\u00e7\u00e3o de Tese IV 1 Doc\u00eancia [&hellip;]<\/p>\n","protected":false},"author":209,"featured_media":0,"parent":2157,"menu_order":0,"comment_status":"closed","ping_status":"closed","template":"","meta":{"jetpack_post_was_ever_published":false,"footnotes":""},"class_list":["post-2892","page","type-page","status-publish","hentry"],"jetpack_sharing_enabled":true,"jetpack_shortlink":"https:\/\/wp.me\/P8FvYb-KE","_links":{"self":[{"href":"https:\/\/wp.ufpel.edu.br\/ppgna\/wp-json\/wp\/v2\/pages\/2892","targetHints":{"allow":["GET"]}}],"collection":[{"href":"https:\/\/wp.ufpel.edu.br\/ppgna\/wp-json\/wp\/v2\/pages"}],"about":[{"href":"https:\/\/wp.ufpel.edu.br\/ppgna\/wp-json\/wp\/v2\/types\/page"}],"author":[{"embeddable":true,"href":"https:\/\/wp.ufpel.edu.br\/ppgna\/wp-json\/wp\/v2\/users\/209"}],"replies":[{"embeddable":true,"href":"https:\/\/wp.ufpel.edu.br\/ppgna\/wp-json\/wp\/v2\/comments?post=2892"}],"version-history":[{"count":3,"href":"https:\/\/wp.ufpel.edu.br\/ppgna\/wp-json\/wp\/v2\/pages\/2892\/revisions"}],"predecessor-version":[{"id":4399,"href":"https:\/\/wp.ufpel.edu.br\/ppgna\/wp-json\/wp\/v2\/pages\/2892\/revisions\/4399"}],"up":[{"embeddable":true,"href":"https:\/\/wp.ufpel.edu.br\/ppgna\/wp-json\/wp\/v2\/pages\/2157"}],"wp:attachment":[{"href":"https:\/\/wp.ufpel.edu.br\/ppgna\/wp-json\/wp\/v2\/media?parent=2892"}],"curies":[{"name":"wp","href":"https:\/\/api.w.org\/{rel}","templated":true}]}}