{"id":2858,"date":"2021-03-09T09:53:35","date_gmt":"2021-03-09T12:53:35","guid":{"rendered":"https:\/\/wp.ufpel.edu.br\/ppgna\/?page_id=2858"},"modified":"2025-10-23T11:19:10","modified_gmt":"2025-10-23T14:19:10","slug":"2020-2","status":"publish","type":"page","link":"https:\/\/wp.ufpel.edu.br\/ppgna\/ingresso\/defesas\/2020-2\/","title":{"rendered":"2020"},"content":{"rendered":"<div>T\u00edtulo: Fatores de risco cardiovascular em adultos internados em hospital geral na cidade de Bag\u00e9, RS <a href=\"https:\/\/wp.ufpel.edu.br\/ppgna\/files\/2024\/11\/DISSERTACAO_MAEL_PRONTA.pdf\">[Downloads]<\/a><\/div>\n<div>Discente: MAEL SACCO COSTA<\/div>\n<div>Data defesa: 14\/12\/2020<\/div>\n<p>&nbsp;<\/p>\n<div><\/div>\n<div>T\u00edtulo: Determina\u00e7\u00e3o de gl\u00faten em produtos de panifica\u00e7\u00e3o por teste Elisa e por Imunocromatografia <a href=\"https:\/\/wp.ufpel.edu.br\/ppgna\/files\/2024\/11\/Pamela_dos_Santos_Hellwig.pdf\">[Download]<\/a><\/div>\n<div>Discente: PAMELA DOS SANTOS HELLWIG<\/div>\n<div>Data defesa: 30\/11\/2020<\/div>\n<p>&nbsp;<\/p>\n<div><\/div>\n<div>T\u00edtulo: Qualidade da dieta de adolescentes da rede municipal de ensino de Pelotas, RS <a href=\"https:\/\/wp.ufpel.edu.br\/ppgna\/files\/2024\/11\/Etiene_Dias_Alves.pdf\">[Download]<\/a><\/div>\n<div>Discente: ETIENE DIAS ALVES<\/div>\n<div>Data defesa: 25\/11\/2020<\/div>\n<p>&nbsp;<\/p>\n<div><\/div>\n<div>T\u00edtulo: Gliadina em alimentos isentos de gl\u00faten e percep\u00e7\u00e3o de consumidores sobre gl\u00faten na alimenta\u00e7\u00e3o <a href=\"https:\/\/wp.ufpel.edu.br\/ppgna\/files\/2024\/11\/Marcielli.pdf\">[Download]<\/a><\/div>\n<div>Discente: MARCIELI MARTINEZ DE ASSUMP\u00c7\u00c3O<\/div>\n<div>Data defesa: 30\/10\/2020<\/div>\n<p>&nbsp;<\/p>\n<div><\/div>\n<div>T\u00edtulo: Caracteriza\u00e7\u00e3o do repert\u00f3rio e seletividade alimentar de crian\u00e7as e adolescentes com transtorno do espectro autista de um munic\u00edpio do sul do Brasil <a href=\"https:\/\/wp.ufpel.edu.br\/ppgna\/files\/2024\/11\/Dissertacao_Vanessa_Kern_Bubolz___Versao_final.pdf\">[Download]<\/a><\/div>\n<div>Discente: VANESSA KERN BUBOLZ<\/div>\n<div>Data defesa: 29\/10\/2020<\/div>\n<p>&nbsp;<\/p>\n<div><\/div>\n<div>T\u00edtulo: Rec\u00e9m-nascidos prematuros grandes para a idade gestacional: ganho de peso e comportamento do escore-z de peso durante a interna\u00e7\u00e3o em unidade de terapia intensiva neonatal <a href=\"https:\/\/wp.ufpel.edu.br\/ppgna\/files\/2024\/11\/Volume_dissertacao_BetaniaScheer_vf.pdf\">[Downloads]<\/a><\/div>\n<div>Discente: BETANIA BOEIRA SCHEER<\/div>\n<div>Data defesa: 14\/10\/2020<\/div>\n<p>&nbsp;<\/p>\n<div><\/div>\n<div>T\u00edtulo: Simultaneidade de fatores de risco para doen\u00e7as cr\u00f4nicas n\u00e3o transmiss\u00edveis em rela\u00e7\u00e3o \u00e0 mortalidade de idosos n\u00e3o institucionalizados do sul do Brasil <a href=\"https:\/\/wp.ufpel.edu.br\/ppgna\/files\/2024\/11\/Ana_Paula_Maciel_de_Lima.pdf\">[Download]<\/a><\/div>\n<div>Discente: ANA PAULA MACIEL DE LIMA<\/div>\n<div>Data defesa: 15\/05\/2020<\/div>\n<p>&nbsp;<\/p>\n<div><\/div>\n<div>T\u00edtulo: Pr\u00e1tica de atividade f\u00edsica e multimorbidade entre idosos <a href=\"https:\/\/wp.ufpel.edu.br\/ppgna\/files\/2024\/11\/Felipe_Mendes_Delpino.pdf\">[Download]<\/a><\/div>\n<div>Discente: FELIPE MENDES DELPINO<\/div>\n<div>Data defesa: 30\/01\/2020<\/div>\n<p>&nbsp;<\/p>\n","protected":false},"excerpt":{"rendered":"<p>T\u00edtulo: Fatores de risco cardiovascular em adultos internados em hospital geral na cidade de Bag\u00e9, RS [Downloads] Discente: MAEL SACCO COSTA Data defesa: 14\/12\/2020 &nbsp; T\u00edtulo: Determina\u00e7\u00e3o de gl\u00faten em produtos de panifica\u00e7\u00e3o por teste Elisa e por Imunocromatografia [Download] Discente: PAMELA DOS SANTOS HELLWIG Data defesa: 30\/11\/2020 &nbsp; T\u00edtulo: Qualidade da dieta de adolescentes [&hellip;]<\/p>\n","protected":false},"author":209,"featured_media":0,"parent":4330,"menu_order":0,"comment_status":"closed","ping_status":"closed","template":"","meta":{"jetpack_post_was_ever_published":false,"footnotes":""},"class_list":["post-2858","page","type-page","status-publish","hentry"],"jetpack_sharing_enabled":true,"jetpack_shortlink":"https:\/\/wp.me\/P8FvYb-K6","_links":{"self":[{"href":"https:\/\/wp.ufpel.edu.br\/ppgna\/wp-json\/wp\/v2\/pages\/2858","targetHints":{"allow":["GET"]}}],"collection":[{"href":"https:\/\/wp.ufpel.edu.br\/ppgna\/wp-json\/wp\/v2\/pages"}],"about":[{"href":"https:\/\/wp.ufpel.edu.br\/ppgna\/wp-json\/wp\/v2\/types\/page"}],"author":[{"embeddable":true,"href":"https:\/\/wp.ufpel.edu.br\/ppgna\/wp-json\/wp\/v2\/users\/209"}],"replies":[{"embeddable":true,"href":"https:\/\/wp.ufpel.edu.br\/ppgna\/wp-json\/wp\/v2\/comments?post=2858"}],"version-history":[{"count":5,"href":"https:\/\/wp.ufpel.edu.br\/ppgna\/wp-json\/wp\/v2\/pages\/2858\/revisions"}],"predecessor-version":[{"id":3804,"href":"https:\/\/wp.ufpel.edu.br\/ppgna\/wp-json\/wp\/v2\/pages\/2858\/revisions\/3804"}],"up":[{"embeddable":true,"href":"https:\/\/wp.ufpel.edu.br\/ppgna\/wp-json\/wp\/v2\/pages\/4330"}],"wp:attachment":[{"href":"https:\/\/wp.ufpel.edu.br\/ppgna\/wp-json\/wp\/v2\/media?parent=2858"}],"curies":[{"name":"wp","href":"https:\/\/api.w.org\/{rel}","templated":true}]}}