{"id":2828,"date":"2021-02-18T15:42:54","date_gmt":"2021-02-18T18:42:54","guid":{"rendered":"https:\/\/wp.ufpel.edu.br\/ppgna\/?page_id=2828"},"modified":"2025-10-23T11:18:32","modified_gmt":"2025-10-23T14:18:32","slug":"2019-2","status":"publish","type":"page","link":"https:\/\/wp.ufpel.edu.br\/ppgna\/ingresso\/defesas\/2019-2\/","title":{"rendered":"2019"},"content":{"rendered":"<div>Titulo: Avalia\u00e7\u00e3o de propriedades probi\u00f3ticas e tecnol\u00f3gicas in vitro de bact\u00e9rias \u00e1cido l\u00e1ticas isoladas de Queijos Coloniais artesanais comercializados em Pelotas, RS <a href=\"https:\/\/wp.ufpel.edu.br\/ppgna\/files\/2021\/03\/Carlos.pdf\">[Download]<\/a><\/div>\n<div>Discente: CARLOS HENRIQUE GOMES DE SOUSA LIMA<\/div>\n<div>Data: 12\/12\/2019<\/div>\n<p>&nbsp;<\/p>\n<div><\/div>\n<div>Titulo: Fatores associados ao consumo de bebidas alco\u00f3licas durante a gesta\u00e7\u00e3o <a href=\"https:\/\/wp.ufpel.edu.br\/ppgna\/files\/2021\/03\/Barbara-Parker.pdf\">[Download]<\/a><\/div>\n<div>Discente: BARBARA PEREIRA PARKER<\/div>\n<div>Data: 17\/10\/2019<\/div>\n<p>&nbsp;<\/p>\n<div><\/div>\n<div>Titulo: Preval\u00eancia e ac\u00famulo de comportamentos de risco para doen\u00e7as cardiovasculares entre adolescentes da zona rural de Pelotas, RS <a href=\"https:\/\/wp.ufpel.edu.br\/ppgna\/files\/2021\/03\/Fernanda-Borba.pdf\">[Download]<\/a><\/div>\n<div>Discente: FERNANDA BORBA DOS SANTOS<\/div>\n<div>Data: 17\/09\/2019<\/div>\n<p>&nbsp;<\/p>\n<div><\/div>\n<div>Titulo: Reserva de ferro reduzida em crian\u00e7as com transtorno do espectro autista <a href=\"https:\/\/wp.ufpel.edu.br\/ppgna\/files\/2021\/03\/Giliane-Fraga-Monk.pdf\">[Download]<\/a><\/div>\n<div>Discente: GILIANE FRAGA MONK<\/div>\n<div>Data: 11\/09\/2019<\/div>\n<p>&nbsp;<\/p>\n<div><\/div>\n<div>Titulo: Triglicer\u00eddeo elevado em crian\u00e7as e adolescentes com transtorno do espectro autista: influ\u00eancia do interesse pela comida e do excesso de peso <a href=\"https:\/\/wp.ufpel.edu.br\/ppgna\/files\/2021\/03\/Josiane-da-Cunha-Lucardo.pdf\">[Download]<\/a><\/div>\n<div>Discente: JOSIANE DA CUNHA LUCARDO<\/div>\n<div>Data: 11\/09\/2019<\/div>\n<p>&nbsp;<\/p>\n<div><\/div>\n<div>Titulo: Frequ\u00eancia dos alelos HLA-DQ2 e HLA-DQ8 associados com a doen\u00e7a cel\u00edaca em portadores de doen\u00e7as autoimunes da tireoide <a href=\"https:\/\/wp.ufpel.edu.br\/ppgna\/files\/2021\/03\/Cledia.pdf\">[Download]<\/a><\/div>\n<div>Discente: CLEDIA SILVEIRA FLORES DA SILVA<\/div>\n<div>Data: 06\/09\/2019<\/div>\n<p>&nbsp;<\/p>\n<div><\/div>\n<div>Titulo: An\u00e1lise da contamina\u00e7\u00e3o microbiol\u00f3gica e de procedimentos de desinfec\u00e7\u00e3o de panos e esponjas utilizadas em servi\u00e7os de alimenta\u00e7\u00e3o hospitalar <a href=\"https:\/\/wp.ufpel.edu.br\/ppgna\/files\/2021\/03\/ANA-PAULA-Maia-Almeida-ok-cf.-Augusto.pdf\">[Download]<\/a><\/div>\n<div>Discente: ANA PAULA MAIA ALMEIDA<\/div>\n<div>Data: 30\/08\/2019<\/div>\n<p>&nbsp;<\/p>\n<div><\/div>\n<div>Titulo: Perfil nutricional e comportamental de agentes comunit\u00e1rios de sa\u00fade do munic\u00edpio de Pelotas, RS. <a href=\"https:\/\/wp.ufpel.edu.br\/ppgna\/files\/2021\/03\/Leticia-Willrich-Brum-subm-do-art.-autoriz.-ok.pdf\">[Download]<\/a><\/div>\n<div>Discente: LETICIA WILLRICH BRUM<\/div>\n<div>Data: 30\/08\/2019<\/div>\n<p>&nbsp;<\/p>\n<div><\/div>\n<div>Titulo: Uso da irradia\u00e7\u00e3o e de revestimento comest\u00edvel na conserva\u00e7\u00e3o de pinh\u00e3o [Araucaria angustifolia (Bertoloni) Otto Kutze] in natura e minimamente processado <a href=\"https:\/\/wp.ufpel.edu.br\/ppgna\/files\/2021\/03\/Persia-Barcellos-Carrasco.pdf\">[Download]<\/a><\/div>\n<div>Discente: PERSIA BARCELLOS CARRASCO<\/div>\n<div>Data: 30\/08\/2019<\/div>\n<p>&nbsp;<\/p>\n<div><\/div>\n<div>Titulo: Desenvolvimento de embutido c\u00e1rneo utilizando \u00f3leo essencial de tomilho (Thymus vulgaris L.) e suco de beterraba em p\u00f3 (Beta vulgaris L., cultivar Early Wonder) <a href=\"https:\/\/wp.ufpel.edu.br\/ppgna\/files\/2021\/03\/Leticia-Lages.pdf\">[Download]<\/a><\/div>\n<div>Discente: LETICIA ZARNOTT LAGES<\/div>\n<div>Data: 28\/08\/2019<\/div>\n<p>&nbsp;<\/p>\n<div><\/div>\n<div>Titulo: Valida\u00e7\u00e3o de diferentes equa\u00e7\u00f5es para predi\u00e7\u00e3o da massa livre de gordura atrav\u00e9s da bioimped\u00e2ncia el\u00e9trica em idosos do sul do Brasil <a href=\"https:\/\/wp.ufpel.edu.br\/ppgna\/files\/2021\/03\/Dissertacao-Natalia-Rodrigues-Cardozo-com-ficha-catalografica_organized.pdf\">[Download]<\/a><\/div>\n<div>Discente: NATALIA RODRIGUES CARDOZO<\/div>\n<div>Data: 26\/08\/2019<\/div>\n<p>&nbsp;<\/p>\n<div><\/div>\n<div>Titulo: Fatores que influenciam a realiza\u00e7\u00e3o de comportamentos de seguran\u00e7a dos alimentos por vendedores de comida de rua <a href=\"https:\/\/wp.ufpel.edu.br\/ppgna\/files\/2021\/03\/dissertacao_caroline_neves.pdf\">[Download]<\/a><\/div>\n<div>Discente: CAROLINE PEREIRA DAS NEVES<\/div>\n<div>Data: 23\/08\/2019<\/div>\n<p>&nbsp;<\/p>\n<div><\/div>\n<div>Titulo: Fatores associados ao consumo de alimentos ultraprocessados por adolescentes da zona rural do munic\u00edpio de Pelotas, RS <a href=\"https:\/\/wp.ufpel.edu.br\/ppgna\/files\/2021\/03\/Alice.pdf\">[Download]<\/a><\/div>\n<div>Discente: ALICE GUIMARAES DE FARIA<\/div>\n<div>Data: 22\/08\/2019<\/div>\n<p>&nbsp;<\/p>\n<div><\/div>\n<div>Titulo: Qualidade microbiol\u00f3gica de queijos artesanais comercializados em feiras livres <a href=\"https:\/\/wp.ufpel.edu.br\/ppgna\/files\/2021\/03\/Josiane-da-Siva-costa.pdf\">[Download]<\/a><\/div>\n<div>Discente: JOSIANE DA SILVA COSTA<\/div>\n<div>Data: 20\/08\/2019<\/div>\n<p>&nbsp;<\/p>\n<div><\/div>\n<div>Titulo: Restri\u00e7\u00e3o alimentar durante a gesta\u00e7\u00e3o em camundongos, efeitos sobre o metabolismo e envelhecimento ovariano na prole <a href=\"https:\/\/wp.ufpel.edu.br\/ppgna\/files\/2021\/03\/Dissertacao-PPG-Bianka.pdf\">[Download]<\/a><\/div>\n<div>Discente: BIANKA MACHADO ZANINI<\/div>\n<div>Data: 09\/08\/2019<\/div>\n<p>&nbsp;<\/p>\n<div><\/div>\n<div>Titulo: Tipos de leite consumidos durante o primeiro ano de vida e estado nutricional de crian\u00e7as brasileiras pertencentes a estudo multic\u00eantrico <a href=\"https:\/\/wp.ufpel.edu.br\/ppgna\/files\/2021\/03\/Dissertacao-Martiele-Oliveira-VERSAO-FINAL-ok.pdf\">[Download]<\/a><\/div>\n<div>Discente: MARTIELE DA SILVA OLIVEIRA<\/div>\n<div>Data: 26\/07\/2019<\/div>\n<p>&nbsp;<\/p>\n<div><\/div>\n<div>Titulo: Estabilidade t\u00e9rmica do \u00f3leo de abacate: Um estudo comparativo do \u00f3leo de arroz e do azeite de oliva <a href=\"https:\/\/wp.ufpel.edu.br\/ppgna\/files\/2021\/03\/Fernanda-Machado-Costa.pdf\">[Download]<\/a><\/div>\n<div>Discente: FERNANDA MACHADO DA COSTA<\/div>\n<div>Data: 08\/07\/2019<\/div>\n<p>&nbsp;<\/p>\n<div><\/div>\n<div>Titulo: \u00cdndice de massa corporal e mortalidade entre idosos comunit\u00e1rios do sul do Brasil <a href=\"https:\/\/wp.ufpel.edu.br\/ppgna\/files\/2021\/03\/Andressa-Souza-Cardoso-versao-final.pdf\">[Download]<\/a><\/div>\n<div>Discente: ANDRESSA SOUZA CARDOSO<\/div>\n<div>Data: 22\/03\/2019<\/div>\n<p>&nbsp;<\/p>\n<div><\/div>\n<div>Titulo: Potencial antimicrobiano de \u00f3leos essenciais de Pimpinella anisum L., Syzygium aromaticum L. e Origanum vulgare L., e desenvolvimento de coberturas comest\u00edve\u00eds a base de quitosana incorporadas de \u00f3leos essenciais para produtos c\u00e1rneos <a href=\"https:\/\/wp.ufpel.edu.br\/ppgna\/files\/2021\/03\/Pamela-Alves-termo-de-autorizacao-submissao-do-artigo.pdf\">[Download]<\/a><\/div>\n<div>Discente: PAMELA INCHAUSPE CORREA ALVES<\/div>\n<div>Data: 30\/01\/2019<\/div>\n<p>&nbsp;<\/p>\n","protected":false},"excerpt":{"rendered":"<p>Titulo: Avalia\u00e7\u00e3o de propriedades probi\u00f3ticas e tecnol\u00f3gicas in vitro de bact\u00e9rias \u00e1cido l\u00e1ticas isoladas de Queijos Coloniais artesanais comercializados em Pelotas, RS [Download] Discente: CARLOS HENRIQUE GOMES DE SOUSA LIMA Data: 12\/12\/2019 &nbsp; Titulo: Fatores associados ao consumo de bebidas alco\u00f3licas durante a gesta\u00e7\u00e3o [Download] Discente: BARBARA PEREIRA PARKER Data: 17\/10\/2019 &nbsp; Titulo: Preval\u00eancia e [&hellip;]<\/p>\n","protected":false},"author":209,"featured_media":0,"parent":4330,"menu_order":0,"comment_status":"closed","ping_status":"closed","template":"","meta":{"jetpack_post_was_ever_published":false,"footnotes":""},"class_list":["post-2828","page","type-page","status-publish","hentry"],"jetpack_sharing_enabled":true,"jetpack_shortlink":"https:\/\/wp.me\/P8FvYb-JC","_links":{"self":[{"href":"https:\/\/wp.ufpel.edu.br\/ppgna\/wp-json\/wp\/v2\/pages\/2828","targetHints":{"allow":["GET"]}}],"collection":[{"href":"https:\/\/wp.ufpel.edu.br\/ppgna\/wp-json\/wp\/v2\/pages"}],"about":[{"href":"https:\/\/wp.ufpel.edu.br\/ppgna\/wp-json\/wp\/v2\/types\/page"}],"author":[{"embeddable":true,"href":"https:\/\/wp.ufpel.edu.br\/ppgna\/wp-json\/wp\/v2\/users\/209"}],"replies":[{"embeddable":true,"href":"https:\/\/wp.ufpel.edu.br\/ppgna\/wp-json\/wp\/v2\/comments?post=2828"}],"version-history":[{"count":3,"href":"https:\/\/wp.ufpel.edu.br\/ppgna\/wp-json\/wp\/v2\/pages\/2828\/revisions"}],"predecessor-version":[{"id":4339,"href":"https:\/\/wp.ufpel.edu.br\/ppgna\/wp-json\/wp\/v2\/pages\/2828\/revisions\/4339"}],"up":[{"embeddable":true,"href":"https:\/\/wp.ufpel.edu.br\/ppgna\/wp-json\/wp\/v2\/pages\/4330"}],"wp:attachment":[{"href":"https:\/\/wp.ufpel.edu.br\/ppgna\/wp-json\/wp\/v2\/media?parent=2828"}],"curies":[{"name":"wp","href":"https:\/\/api.w.org\/{rel}","templated":true}]}}