{"id":2824,"date":"2021-02-18T15:34:36","date_gmt":"2021-02-18T18:34:36","guid":{"rendered":"https:\/\/wp.ufpel.edu.br\/ppgna\/?page_id=2824"},"modified":"2021-02-18T15:34:49","modified_gmt":"2021-02-18T18:34:49","slug":"2020-2","status":"publish","type":"page","link":"https:\/\/wp.ufpel.edu.br\/ppgna\/ingresso\/discentes-2\/2020-2\/","title":{"rendered":"2020"},"content":{"rendered":"<table style=\"width: 540px\" border=\"0\" width=\"404\" cellspacing=\"0\" cellpadding=\"0\">\n<colgroup>\n<col width=\"317\" \/>\n<col width=\"87\" \/><\/colgroup>\n<tbody>\n<tr>\n<td class=\"xl63\" style=\"width: 368px\" width=\"317\" height=\"21\"><strong>Doutorado<\/strong><\/td>\n<td class=\"xl63\" style=\"width: 172px\" width=\"87\"><strong>Orientador(a)<\/strong><\/td>\n<\/tr>\n<tr>\n<td class=\"xl64\" style=\"width: 368px\" height=\"21\"><em>An\u00e1lise e Controle da Qualidade de Alimentos<\/em><\/td>\n<td class=\"xl63\" style=\"width: 172px\"><\/td>\n<\/tr>\n<tr>\n<td class=\"xl63\" style=\"width: 368px\" height=\"21\">Camila Cast\u00eancio Nogueira<\/td>\n<td class=\"xl63\" style=\"width: 172px\">Marcia<\/td>\n<\/tr>\n<tr>\n<td class=\"xl63\" style=\"width: 368px\" height=\"21\">Caroline Pereira das Neves<\/td>\n<td class=\"xl63\" style=\"width: 172px\">Eliezer<\/td>\n<\/tr>\n<tr>\n<td class=\"xl63\" style=\"width: 368px\" height=\"21\">Josiane da Silva Costa<\/td>\n<td class=\"xl63\" style=\"width: 172px\">Elizabete<\/td>\n<\/tr>\n<tr>\n<td class=\"xl63\" style=\"width: 368px\" height=\"21\"><\/td>\n<td class=\"xl63\" style=\"width: 172px\"><\/td>\n<\/tr>\n<tr>\n<td class=\"xl64\" style=\"width: 368px\" height=\"21\"><em>Clinica e Epidemiologia Nutricional<\/em><\/td>\n<td class=\"xl63\" style=\"width: 172px\"><\/td>\n<\/tr>\n<tr>\n<td class=\"xl63\" style=\"width: 368px\" height=\"21\">Mabel Nilson Alves<\/td>\n<td class=\"xl63\" style=\"width: 172px\">Juliana<\/td>\n<\/tr>\n<tr>\n<td class=\"xl63\" style=\"width: 368px\" height=\"21\">Darlise Rodrigues dos Passos Gomes<\/td>\n<td class=\"xl63\" style=\"width: 172px\">Renata B.<\/td>\n<\/tr>\n<tr>\n<td class=\"xl63\" style=\"width: 368px\" height=\"21\">Ediana Volz Neitzke Karnopp<\/td>\n<td class=\"xl63\" style=\"width: 172px\">M. Cristina<\/td>\n<\/tr>\n<tr>\n<td class=\"xl63\" style=\"width: 368px\" height=\"21\">Gabriela de Lemos Uliano<\/td>\n<td class=\"xl63\" style=\"width: 172px\">Renata A.<\/td>\n<\/tr>\n<tr>\n<td class=\"xl63\" style=\"width: 368px\" height=\"21\">Margarete Oleiro Marques<\/td>\n<td class=\"xl63\" style=\"width: 172px\">Denise<\/td>\n<\/tr>\n<tr>\n<td class=\"xl63\" style=\"width: 368px\" height=\"21\"><\/td>\n<td class=\"xl63\" style=\"width: 172px\"><\/td>\n<\/tr>\n<tr>\n<td class=\"xl64\" style=\"width: 368px\" height=\"21\"><em>Nutri\u00e7\u00e3o B\u00e1sica e Experimental<\/em><\/td>\n<td class=\"xl63\" style=\"width: 172px\"><\/td>\n<\/tr>\n<tr>\n<td class=\"xl63\" style=\"width: 368px\" height=\"21\">Fernanda Machado da Costa<\/td>\n<td class=\"xl63\" style=\"width: 172px\">Simone<\/td>\n<\/tr>\n<tr>\n<td class=\"xl63\" style=\"width: 368px\" height=\"21\">Cl\u00e9dia Silveira Flores da Silva<\/td>\n<td class=\"xl63\" style=\"width: 172px\">Carlos<\/td>\n<\/tr>\n<tr>\n<td class=\"xl63\" style=\"width: 368px\" height=\"21\"><\/td>\n<td class=\"xl63\" style=\"width: 172px\"><\/td>\n<\/tr>\n<tr>\n<td class=\"xl63\" style=\"width: 368px\" height=\"21\"><\/td>\n<td class=\"xl63\" style=\"width: 172px\"><\/td>\n<\/tr>\n<tr>\n<td class=\"xl63\" style=\"width: 368px\" height=\"21\"><strong>Mestrado<\/strong><\/td>\n<td class=\"xl63\" style=\"width: 172px\"><\/td>\n<\/tr>\n<tr>\n<td class=\"xl64\" style=\"width: 368px\" height=\"21\"><em>An\u00e1lise e Controle da Qualidade de Alimentos<\/em><\/td>\n<td class=\"xl63\" style=\"width: 172px\"><\/td>\n<\/tr>\n<tr>\n<td class=\"xl63\" style=\"width: 368px\" height=\"21\">Caren Taiane Radtke Bubolz<\/td>\n<td class=\"xl63\" style=\"width: 172px\">Elizabete<\/td>\n<\/tr>\n<tr>\n<td class=\"xl63\" style=\"width: 368px\" height=\"21\">Natascha Dornelles Roesch<\/td>\n<td class=\"xl63\" style=\"width: 172px\">Eduarda<\/td>\n<\/tr>\n<tr>\n<td class=\"xl63\" style=\"width: 368px\" height=\"21\"><\/td>\n<td class=\"xl63\" style=\"width: 172px\"><\/td>\n<\/tr>\n<tr>\n<td class=\"xl64\" style=\"width: 368px\" height=\"21\"><em>Clinica e Epidemiologia Nutricional<\/em><\/td>\n<td class=\"xl63\" style=\"width: 172px\"><\/td>\n<\/tr>\n<tr>\n<td class=\"xl63\" style=\"width: 368px\" height=\"21\">Eduarda de Souza Silva<\/td>\n<td class=\"xl63\" style=\"width: 172px\">Juliana<\/td>\n<\/tr>\n<tr>\n<td class=\"xl63\" style=\"width: 368px\" height=\"21\">Camila Conde Frio<\/td>\n<td class=\"xl63\" style=\"width: 172px\">Sandra<\/td>\n<\/tr>\n<tr>\n<td class=\"xl63\" style=\"width: 368px\" height=\"21\">Mariana Moreno Bueno<\/td>\n<td class=\"xl63\" style=\"width: 172px\">Ludmila<\/td>\n<\/tr>\n<tr>\n<td class=\"xl63\" style=\"width: 368px\" height=\"21\">J\u00e9ssica Gularte Domingues<\/td>\n<td class=\"xl63\" style=\"width: 172px\">Gicele<\/td>\n<\/tr>\n<tr>\n<td class=\"xl63\" style=\"width: 368px\" height=\"21\"><\/td>\n<td class=\"xl63\" style=\"width: 172px\"><\/td>\n<\/tr>\n<tr>\n<td class=\"xl64\" style=\"width: 368px\" height=\"21\"><em>Nutri\u00e7\u00e3o B\u00e1sica e Experimental<\/em><\/td>\n<td class=\"xl63\" style=\"width: 172px\"><\/td>\n<\/tr>\n<tr>\n<td class=\"xl63\" style=\"width: 368px\" height=\"21\">Maria Isabel Cousen<\/td>\n<td class=\"xl63\" style=\"width: 172px\">Augusto<\/td>\n<\/tr>\n<tr>\n<td class=\"xl63\" style=\"width: 368px\" height=\"21\">Rafaela de Oliveira das Neves<\/td>\n<td class=\"xl63\" style=\"width: 172px\">Carlos<\/td>\n<\/tr>\n<tr>\n<td class=\"xl63\" style=\"width: 368px\" height=\"21\">Vanize Priebe Sell<\/td>\n<td class=\"xl63\" style=\"width: 172px\">Fabiana<\/td>\n<\/tr>\n<tr>\n<td class=\"xl63\" style=\"width: 368px\" height=\"21\">Ellen Lu\u00edse Vaghetti Hoerlle<\/td>\n<td class=\"xl63\" style=\"width: 172px\">Angela<\/td>\n<\/tr>\n<tr>\n<td class=\"xl63\" style=\"width: 368px\" height=\"21\">Jordan Teixeira Oliveira<\/td>\n<td class=\"xl63\" style=\"width: 172px\">Simone<\/td>\n<\/tr>\n<tr>\n<td class=\"xl63\" style=\"width: 368px\" height=\"21\">Rafael Scherdien da Silva<\/td>\n<td class=\"xl63\" style=\"width: 172px\">Carlos<\/td>\n<\/tr>\n<tr>\n<td class=\"xl63\" style=\"width: 368px\" height=\"21\">Ta\u00eds K\u00f6pp da Silveira<\/td>\n<td class=\"xl63\" style=\"width: 172px\">Paulo<\/td>\n<\/tr>\n<\/tbody>\n<\/table>\n<p>&nbsp;<\/p>\n","protected":false},"excerpt":{"rendered":"<p>Doutorado Orientador(a) An\u00e1lise e Controle da Qualidade de Alimentos Camila Cast\u00eancio Nogueira Marcia Caroline Pereira das Neves Eliezer Josiane da Silva Costa Elizabete Clinica e Epidemiologia Nutricional Mabel Nilson Alves Juliana Darlise Rodrigues dos Passos Gomes Renata B. Ediana Volz Neitzke Karnopp M. Cristina Gabriela de Lemos Uliano Renata A. Margarete Oleiro Marques Denise Nutri\u00e7\u00e3o [&hellip;]<\/p>\n","protected":false},"author":209,"featured_media":0,"parent":1760,"menu_order":0,"comment_status":"closed","ping_status":"closed","template":"","meta":{"jetpack_post_was_ever_published":false,"footnotes":""},"class_list":["post-2824","page","type-page","status-publish","hentry"],"jetpack_sharing_enabled":true,"jetpack_shortlink":"https:\/\/wp.me\/P8FvYb-Jy","_links":{"self":[{"href":"https:\/\/wp.ufpel.edu.br\/ppgna\/wp-json\/wp\/v2\/pages\/2824","targetHints":{"allow":["GET"]}}],"collection":[{"href":"https:\/\/wp.ufpel.edu.br\/ppgna\/wp-json\/wp\/v2\/pages"}],"about":[{"href":"https:\/\/wp.ufpel.edu.br\/ppgna\/wp-json\/wp\/v2\/types\/page"}],"author":[{"embeddable":true,"href":"https:\/\/wp.ufpel.edu.br\/ppgna\/wp-json\/wp\/v2\/users\/209"}],"replies":[{"embeddable":true,"href":"https:\/\/wp.ufpel.edu.br\/ppgna\/wp-json\/wp\/v2\/comments?post=2824"}],"version-history":[{"count":2,"href":"https:\/\/wp.ufpel.edu.br\/ppgna\/wp-json\/wp\/v2\/pages\/2824\/revisions"}],"predecessor-version":[{"id":2827,"href":"https:\/\/wp.ufpel.edu.br\/ppgna\/wp-json\/wp\/v2\/pages\/2824\/revisions\/2827"}],"up":[{"embeddable":true,"href":"https:\/\/wp.ufpel.edu.br\/ppgna\/wp-json\/wp\/v2\/pages\/1760"}],"wp:attachment":[{"href":"https:\/\/wp.ufpel.edu.br\/ppgna\/wp-json\/wp\/v2\/media?parent=2824"}],"curies":[{"name":"wp","href":"https:\/\/api.w.org\/{rel}","templated":true}]}}