{"id":2784,"date":"2020-05-18T09:17:58","date_gmt":"2020-05-18T12:17:58","guid":{"rendered":"https:\/\/wp.ufpel.edu.br\/ppgna\/?page_id=2784"},"modified":"2025-04-17T11:12:06","modified_gmt":"2025-04-17T14:12:06","slug":"renata-bielemann","status":"publish","type":"page","link":"https:\/\/wp.ufpel.edu.br\/ppgna\/docentes\/paginas-individuais\/renata-bielemann\/","title":{"rendered":"Renata Bielemann"},"content":{"rendered":"<table style=\"width: 100%; border-collapse: collapse;\" border=\"0\">\n<tbody>\n<tr style=\"height: 24px;\">\n<td style=\"width: 83.33333333333334%; height: 24px;\" colspan=\"2\"><strong> <img class=\"foto aligncenter\" src=\"http:\/\/servicosweb.cnpq.br\/wspessoa\/servletrecuperafoto?tipo=1&amp;id=K4235350E5\" width=\"122\" height=\"179\" \/><br \/>\n<\/strong><\/td>\n<\/tr>\n<tr style=\"height: 24px;\">\n<td style=\"width: 83.33333333333334%; height: 24px; text-align: center;\" colspan=\"2\"><span style=\"font-size: large;\"><b>Renata\u00a0More as Bielemann<\/b><\/span><\/td>\n<\/tr>\n<tr style=\"height: 24px;\">\n<td style=\"width: 83.33333333333334%; height: 24px; text-align: center;\" colspan=\"2\"><strong>Linha de Cl\u00ednica e Epidemiologia Nutricional<\/strong><\/td>\n<\/tr>\n<tr style=\"height: 24px;\">\n<td style=\"width: 43.59861591695502%; height: 24px; text-align: center;\"><a href=\"mailto:renatabielemann@hotmail.com\">Email<\/a><\/td>\n<td style=\"width: 39.73471741637832%; height: 24px; text-align: center;\"><a href=\"http:\/\/lattes.cnpq.br\/7157159051361731\" target=\"_blank\" rel=\"noopener noreferrer\">Curr\u00edculo Lattes<\/a><\/td>\n<\/tr>\n<tr style=\"height: 24px;\">\n<td style=\"height: 24px; text-align: justify; width: 83.33333333333334%;\" colspan=\"2\"><strong>Gradua\u00e7\u00e3o:<\/strong> Nutri\u00e7\u00e3o e Educa\u00e7\u00e3o F\u00edsica (UFPel)<br \/>\n<strong>Mestrado:<\/strong> Epidemiologia &#8211; UFPel<br \/>\n<strong>Doutorado:\u00a0<\/strong>Epidemiologia &#8211; UFPel<br \/>\n<strong>P\u00f3s-Doutorado:<\/strong> Institute for Public Health &#8211; University of California, San Diego (EUA)<\/td>\n<\/tr>\n<tr style=\"height: 24px;\">\n<td style=\"text-align: justify; width: 83.33333333333334%; height: 24px;\" colspan=\"2\"><\/td>\n<\/tr>\n<tr style=\"height: 48px;\">\n<td style=\"text-align: justify; height: 48px; width: 83.33333333333334%;\" colspan=\"2\"><strong>Principais temas de pesquisa:<\/strong><br \/>\nEpidemiologia nutricional, avalia\u00e7\u00e3o nutricional, atividade f\u00edsica e sa\u00fade, composi\u00e7\u00e3o corporal, nutri\u00e7\u00e3o e envelhecimento.<\/td>\n<\/tr>\n<tr style=\"height: 24px;\">\n<td style=\"text-align: justify; width: 83.33333333333334%; height: 24px;\" colspan=\"2\"><\/td>\n<\/tr>\n<tr style=\"height: 24px;\">\n<td style=\"text-align: justify; width: 83.33333333333334%; height: 24px;\" colspan=\"2\"><strong>Publica\u00e7\u00f5es destaque<\/strong><\/td>\n<\/tr>\n<tr style=\"height: 24px;\">\n<td style=\"width: 83.33333333333334%; text-align: justify; height: 24px;\" colspan=\"2\">\n<p>DELPINO, F. M. ; FIGUEIREDO, L. M. ; BIELEMANN, R. M. ; SILVA, B. G. C. ; SANTOS, F. S. ; MINTEN, Gicele ; FLORES, T. R. ; ARCENCIO, R. A. ; NUNES, B. P. . Ultra-processed food and risk of type 2 diabetes: a systematic review and meta-analysis of longitudinal studies. INTERNATIONAL JOURNAL OF EPIDEMIOLOGY, p. dyab247, 2021.<\/p>\n<p>BACHETTINI, N. ; BIELEMANN, R. M. ; BARBOSA-SILVA, T. G. ; MENEZES, A. M. B. ; TOMASI, E. ; GONZALEZ, M. C. . Sarcopenia as a mortality predictor in community-dwelling older adults: a comparison of the diagnostic criteria of the European Working Group on Sarcopenia in Older People. EUROPEAN JOURNAL OF CLINICAL NUTRITION, v. 73, p. 1, 2019.<\/p>\n<p>SANTOS, LEONARDO POZZA ; GONZALEZ, MARIA CRISTINA ; ORLANDI, SILVANA PAIVA ; BIELEMANN, R. M. ; BARBOSA-SILVA, THIAGO G. ; HEYMSFIELD, STEVEN B. . New Prediction Equations to Estimate Appendicular Skeletal Muscle Mass Using Calf Circumference: Results From NHANES 1999-2006. JOURNAL OF PARENTERAL AND ENTERAL NUTRITION, v. 43, p. 998, 2019.<\/p>\n<p>GONZALEZ, M. C. ; BARBOSA-SILVA, T. G. ; BIELEMANN, R. M. ; GALLAGHER, D. ; HEYMSFIELD, S. B. . Phase angle and its determinants in healthy subjects: influence of body composition. AMERICAN JOURNAL OF CLINICAL NUTRITION, v. 103, p. 712-716, 2016.<\/p>\n<p>BARBOSA-SILVA, T. G. ; MENEZES, A. M. B. ; BIELEMANN, R. M. ; MALMSTROM, T. K. ; GONZALEZ, M. C. . Enhancing SARC-F: Improving Sarcopenia Screening in the Clinical Practice. Journal of the American Medical Directors Association, v. 17, p. 1136-1141, 2016.<\/td>\n<\/tr>\n<\/tbody>\n<\/table>\n<p>&nbsp;<\/p>\n","protected":false},"excerpt":{"rendered":"<p>Renata\u00a0More as Bielemann Linha de Cl\u00ednica e Epidemiologia Nutricional Email Curr\u00edculo Lattes Gradua\u00e7\u00e3o: Nutri\u00e7\u00e3o e Educa\u00e7\u00e3o F\u00edsica (UFPel) Mestrado: Epidemiologia &#8211; UFPel Doutorado:\u00a0Epidemiologia &#8211; UFPel P\u00f3s-Doutorado: Institute for Public Health &#8211; University of California, San Diego (EUA) Principais temas de pesquisa: Epidemiologia nutricional, avalia\u00e7\u00e3o nutricional, atividade f\u00edsica e sa\u00fade, composi\u00e7\u00e3o corporal, nutri\u00e7\u00e3o e envelhecimento. Publica\u00e7\u00f5es [&hellip;]<\/p>\n","protected":false},"author":209,"featured_media":0,"parent":2693,"menu_order":0,"comment_status":"closed","ping_status":"closed","template":"","meta":{"jetpack_post_was_ever_published":false,"footnotes":""},"class_list":["post-2784","page","type-page","status-publish","hentry"],"jetpack_sharing_enabled":true,"jetpack_shortlink":"https:\/\/wp.me\/P8FvYb-IU","_links":{"self":[{"href":"https:\/\/wp.ufpel.edu.br\/ppgna\/wp-json\/wp\/v2\/pages\/2784","targetHints":{"allow":["GET"]}}],"collection":[{"href":"https:\/\/wp.ufpel.edu.br\/ppgna\/wp-json\/wp\/v2\/pages"}],"about":[{"href":"https:\/\/wp.ufpel.edu.br\/ppgna\/wp-json\/wp\/v2\/types\/page"}],"author":[{"embeddable":true,"href":"https:\/\/wp.ufpel.edu.br\/ppgna\/wp-json\/wp\/v2\/users\/209"}],"replies":[{"embeddable":true,"href":"https:\/\/wp.ufpel.edu.br\/ppgna\/wp-json\/wp\/v2\/comments?post=2784"}],"version-history":[{"count":3,"href":"https:\/\/wp.ufpel.edu.br\/ppgna\/wp-json\/wp\/v2\/pages\/2784\/revisions"}],"predecessor-version":[{"id":4081,"href":"https:\/\/wp.ufpel.edu.br\/ppgna\/wp-json\/wp\/v2\/pages\/2784\/revisions\/4081"}],"up":[{"embeddable":true,"href":"https:\/\/wp.ufpel.edu.br\/ppgna\/wp-json\/wp\/v2\/pages\/2693"}],"wp:attachment":[{"href":"https:\/\/wp.ufpel.edu.br\/ppgna\/wp-json\/wp\/v2\/media?parent=2784"}],"curies":[{"name":"wp","href":"https:\/\/api.w.org\/{rel}","templated":true}]}}