{"id":2772,"date":"2020-05-15T16:30:13","date_gmt":"2020-05-15T19:30:13","guid":{"rendered":"https:\/\/wp.ufpel.edu.br\/ppgna\/?page_id=2772"},"modified":"2020-05-20T10:00:06","modified_gmt":"2020-05-20T13:00:06","slug":"simone-pieniz","status":"publish","type":"page","link":"https:\/\/wp.ufpel.edu.br\/ppgna\/docentes\/paginas-individuais\/simone-pieniz\/","title":{"rendered":"Simone Pieniz"},"content":{"rendered":"<table style=\"width: 100%;border-collapse: collapse\" border=\"0\">\n<tbody>\n<tr style=\"height: 24px\">\n<td style=\"width: 83.33333333333334%;height: 24px\" colspan=\"2\"><strong> <img class=\"foto aligncenter\" src=\"http:\/\/servicosweb.cnpq.br\/wspessoa\/servletrecuperafoto?tipo=1&amp;id=K4266140H0\" \/><\/strong><\/td>\n<\/tr>\n<tr style=\"height: 24px\">\n<td style=\"width: 83.33333333333334%;height: 24px;text-align: center\" colspan=\"2\"><span style=\"font-size: large\"><b>Simone Pieniz<\/b><\/span><\/td>\n<\/tr>\n<tr style=\"height: 24px\">\n<td style=\"width: 83.33333333333334%;height: 24px;text-align: center\" colspan=\"2\"><strong>Linha de Nutri\u00e7\u00e3o B\u00e1sica e Experimental<\/strong><\/td>\n<\/tr>\n<tr style=\"height: 24px\">\n<td style=\"width: 43.59861591695502%;height: 24px;text-align: center\"><a href=\"mailto:nutrisimone@yahoo.com.br\">Email<\/a><\/td>\n<td style=\"width: 39.73471741637832%;height: 24px;text-align: center\"><a href=\"http:\/\/lattes.cnpq.br\/2138644604144089\" target=\"_blank\" rel=\"noopener noreferrer\">Curr\u00edculo Lattes<\/a><\/td>\n<\/tr>\n<tr style=\"height: 24px\">\n<td style=\"height: 24px;text-align: justify;width: 83.33333333333334%\" colspan=\"2\"><strong>Gradua\u00e7\u00e3o:<\/strong>\u00a0Nutri\u00e7\u00e3o &#8211; UNIFRA<br \/>\n<strong>Mestrado:<\/strong> Ci\u00eancias e Tecnologia de Alimentos &#8211; UFRGS<br \/>\n<strong>Doutorado:<\/strong> Microbiologia Agr\u00edcola e do Ambiente &#8211; UFRGS<\/td>\n<\/tr>\n<tr style=\"height: 24px\">\n<td style=\"text-align: justify;width: 83.33333333333334%;height: 24px\" colspan=\"2\"><\/td>\n<\/tr>\n<tr style=\"height: 48px\">\n<td style=\"text-align: justify;height: 48px;width: 83.33333333333334%\" colspan=\"2\"><strong>Principais temas de pesquisa:<\/strong><br \/>\nBact\u00e9rias \u00e1cido l\u00e1cticas, Potencial probi\u00f3tico, Microencapsula\u00e7\u00e3o, Compostos\u00a0bioativos, Estresse oxidativo, Bioprospec\u00e7\u00e3o..<\/td>\n<\/tr>\n<tr style=\"height: 24px\">\n<td style=\"text-align: justify;width: 83.33333333333334%;height: 24px\" colspan=\"2\"><\/td>\n<\/tr>\n<tr style=\"height: 24px\">\n<td style=\"text-align: justify;width: 83.33333333333334%;height: 24px\" colspan=\"2\"><strong>Publica\u00e7\u00f5es destaque<\/strong><\/td>\n<\/tr>\n<tr style=\"height: 24px\">\n<td style=\"width: 83.33333333333334%;text-align: justify;height: 24px\" colspan=\"2\">\n<p>JASKULSKI, ITIANE BARCELLOS; UECKER, JULIA; BORDINI, FERNANDA; MOURA, FERNANDA; GON\u00c7ALVES, TAICIANE; CHAVES, NATALIE GARCIA; CAMARGO, FL\u00c1VIO; GRECCO, FABIANE BORELLI; FIORENTINI, \u00c2NGELA MARIA; DA SILVA, WLADIMIR PADILHA; ANDREAZZA, ROBSON; PIENIZ, SIMONE. In vivo action of Lactococcus lactis subsp. lactis isolate (R7) with probiotic potential in the stabilization of cancer cells in the colorectal epithelium. PROCESS BIOCHEMISTRY, v. 91, p. 165-171, 2020.<\/p>\n<p>AFONSO, THAYS FRAN\u00c7A ; DEMARCO, CAROLINA FACCIO ; PIENIZ, Simone ; QUADRO, MAURIZIO SILVEIRA ; CAMARGO, FL\u00c1VIO A.O. ; ANDREAZZA, ROBSON . Bioprospection of indigenous flora grown in copper mining tailing area for phytoremediation of metals. JOURNAL OF ENVIRONMENTAL MANAGEMENT, v. 256, p. 109953, 2020.<\/p>\n<p>ROSOLEN, M. D.; BORDINI, F. W.; OLIVEIRA, P. D.; CONCEICAO, F. R.; POHNDORF, R. S.; FIORENTINI, A. M.; SILVA, W. P.; PIENIZ, S. Symbiotic microencapsulation of Lactococcus lactis subsp. lactis R7 using whey and inulin by spray drying. LWT-FOOD SCIENCE AND TECHNOLOGY, v. 115, p. 1-7, 2019.<\/p>\n<p>UECKER, J. N.; CERQUEIRA, J. H.; SCHNEIDER, J. P.; RINCON, J. A. A.; BARROS, C. C.; SCHNEIDER, A.; ANDREAZZA, ROBSON; CAMPOS, F. T.; PIENIZ, S. Ilex paraguariensis extract prevents body weight gain in rats fed a high-fat diet. FOOD SCIENCE AND TECHNOLOGY, v. 39, p. 1-7, 2019.<\/p>\n<p>PIENIZ, S.; RODRIGUES, D.F. ; ARNDT, R. M. ; MELLO, J. F. ; RODRIGUES, K. L. ; ANDREAZZA, R. ; CAMARGO, F. A. O. ; BRANDELLI, A. Molecular identification and microbiological evaluation of isolates from equipments and food contact surfaces in a hospital Food and Nutrition Unit. BRAZILIAN JOURNAL OF BIOLOGY, v. 79, p. 191-200, 2019.<\/p>\n<p>DEMARCO, CAROLINA F.; AFONSO, THAYS F.; PIENIZ, S.; QUADRO, MAUR\u00cdZIO S.; CAMARGO, FL\u00c1VIO A. O.; ANDREAZZA, ROBSON. Phytoremediation of heavy metals and nutrients by the into an anthropogenic contaminated site at Southern of Brazil. INTERNATIONAL JOURNAL OF PHYTOREMEDIATION, v. 15, p. 1-8, 2019.<\/p>\n<p>AFONSO, THAYS F.; DEMARCO, CAROLINA F.; PIENIZ, S.; CAMARGO, FL\u00c1VIO A. O.; QUADRO, M. S.; ANDREAZZA, ROBSON. Potential of Solanum viarum Dunal in use for phytoremediation of heavy metals to mining areas, southern Brazil. ENVIRONMENTAL SCIENCE AND POLLUTION RESEARCH, v. 26, p. 24132-24142, 2019.<\/p>\n<p>SILVA, C. F.; NARDIN, P.; GRINGS, M.; UECKER, J. N.; CERQUEIRA, J. H.; RINCON, J. A. A.; SCHNEIDER, A ; BARROS, C. C.; ANDREAZZA, R.; PIENIZ, S. Evaluation of the redox state of wistar rats submitted to high-fat diet supplemented with infusion of Ilex paraguariensis. BRAZILIAN ARCHIVES OF BIOLOGY AND TECHNOLOGY, v. 61, p. e18161189-e18161189, 2018.<\/td>\n<\/tr>\n<\/tbody>\n<\/table>\n<p>&nbsp;<\/p>\n","protected":false},"excerpt":{"rendered":"<p>Simone Pieniz Linha de Nutri\u00e7\u00e3o B\u00e1sica e Experimental Email Curr\u00edculo Lattes Gradua\u00e7\u00e3o:\u00a0Nutri\u00e7\u00e3o &#8211; UNIFRA Mestrado: Ci\u00eancias e Tecnologia de Alimentos &#8211; UFRGS Doutorado: Microbiologia Agr\u00edcola e do Ambiente &#8211; UFRGS Principais temas de pesquisa: Bact\u00e9rias \u00e1cido l\u00e1cticas, Potencial probi\u00f3tico, Microencapsula\u00e7\u00e3o, Compostos\u00a0bioativos, Estresse oxidativo, Bioprospec\u00e7\u00e3o.. Publica\u00e7\u00f5es destaque JASKULSKI, ITIANE BARCELLOS; UECKER, JULIA; BORDINI, FERNANDA; MOURA, FERNANDA; [&hellip;]<\/p>\n","protected":false},"author":209,"featured_media":0,"parent":2693,"menu_order":0,"comment_status":"closed","ping_status":"closed","template":"","meta":{"jetpack_post_was_ever_published":false,"footnotes":""},"class_list":["post-2772","page","type-page","status-publish","hentry"],"jetpack_sharing_enabled":true,"jetpack_shortlink":"https:\/\/wp.me\/P8FvYb-II","_links":{"self":[{"href":"https:\/\/wp.ufpel.edu.br\/ppgna\/wp-json\/wp\/v2\/pages\/2772","targetHints":{"allow":["GET"]}}],"collection":[{"href":"https:\/\/wp.ufpel.edu.br\/ppgna\/wp-json\/wp\/v2\/pages"}],"about":[{"href":"https:\/\/wp.ufpel.edu.br\/ppgna\/wp-json\/wp\/v2\/types\/page"}],"author":[{"embeddable":true,"href":"https:\/\/wp.ufpel.edu.br\/ppgna\/wp-json\/wp\/v2\/users\/209"}],"replies":[{"embeddable":true,"href":"https:\/\/wp.ufpel.edu.br\/ppgna\/wp-json\/wp\/v2\/comments?post=2772"}],"version-history":[{"count":2,"href":"https:\/\/wp.ufpel.edu.br\/ppgna\/wp-json\/wp\/v2\/pages\/2772\/revisions"}],"predecessor-version":[{"id":2791,"href":"https:\/\/wp.ufpel.edu.br\/ppgna\/wp-json\/wp\/v2\/pages\/2772\/revisions\/2791"}],"up":[{"embeddable":true,"href":"https:\/\/wp.ufpel.edu.br\/ppgna\/wp-json\/wp\/v2\/pages\/2693"}],"wp:attachment":[{"href":"https:\/\/wp.ufpel.edu.br\/ppgna\/wp-json\/wp\/v2\/media?parent=2772"}],"curies":[{"name":"wp","href":"https:\/\/api.w.org\/{rel}","templated":true}]}}