{"id":2765,"date":"2020-05-15T16:25:16","date_gmt":"2020-05-15T19:25:16","guid":{"rendered":"https:\/\/wp.ufpel.edu.br\/ppgna\/?page_id=2765"},"modified":"2025-04-17T11:16:42","modified_gmt":"2025-04-17T14:16:42","slug":"2765-2","status":"publish","type":"page","link":"https:\/\/wp.ufpel.edu.br\/ppgna\/docentes\/paginas-individuais\/2765-2\/","title":{"rendered":"Sandra Valle"},"content":{"rendered":"<table style=\"width: 100%; border-collapse: collapse;\" border=\"0\">\n<tbody>\n<tr style=\"height: 24px;\">\n<td style=\"width: 83.33333333333334%; height: 24px;\" colspan=\"2\"><strong>\u00a0<\/strong><\/td>\n<\/tr>\n<tr style=\"height: 24px;\">\n<td style=\"width: 83.33333333333334%; height: 24px; text-align: center;\" colspan=\"2\"><span style=\"font-size: large;\"><b>Sandra Costa Valle<\/b><\/span><\/td>\n<\/tr>\n<tr style=\"height: 24px;\">\n<td style=\"width: 83.33333333333334%; height: 24px; text-align: center;\" colspan=\"2\"><strong>Linha de Nutri\u00e7\u00e3o B\u00e1sica e Experimental.<\/strong><\/td>\n<\/tr>\n<tr style=\"height: 24px;\">\n<td style=\"width: 43.59861591695502%; height: 24px; text-align: center;\"><a href=\"mailto:sandracostavalle@gmail.com\">Email<\/a><\/td>\n<td style=\"width: 39.73471741637832%; height: 24px; text-align: center;\"><a href=\"http:\/\/lattes.cnpq.br\/3126369067313569\" target=\"_blank\" rel=\"noopener noreferrer\">Curr\u00edculo Lattes<\/a><\/td>\n<\/tr>\n<tr style=\"height: 24px;\">\n<td style=\"height: 24px; text-align: justify; width: 83.33333333333334%;\" colspan=\"2\"><strong>Gradua\u00e7\u00e3o:<\/strong>\u00a0Nutri\u00e7\u00e3o &#8211; UFPel<br \/>\n<strong>Mestrado:<\/strong> Ci\u00eancias Biol\u00f3gicas &#8211; Bioqu\u00edmica &#8211; UFRGS<br \/>\n<strong>Doutorado:<\/strong> Ci\u00eancias Biol\u00f3gicas &#8211; Fisiologia &#8211; UFRGS<\/td>\n<\/tr>\n<tr style=\"height: 24px;\">\n<td style=\"text-align: justify; width: 83.33333333333334%; height: 24px;\" colspan=\"2\"><\/td>\n<\/tr>\n<tr style=\"height: 48px;\">\n<td style=\"text-align: justify; height: 48px; width: 83.33333333333334%;\" colspan=\"2\"><strong>Principais temas de pesquisa:<\/strong><br \/>\nNutri\u00e7\u00e3o Cl\u00ednica na Inf\u00e2ncia, atuando principalmente nos seguintes temas: neonatologia, metabolismo e nutri\u00e7\u00e3o infantil, diabetes mellitus tipo 1, nutri\u00e7\u00e3o no transtorno do espectro autista.<\/td>\n<\/tr>\n<tr style=\"height: 24px;\">\n<td style=\"text-align: justify; width: 83.33333333333334%; height: 24px;\" colspan=\"2\"><\/td>\n<\/tr>\n<tr style=\"height: 24px;\">\n<td style=\"text-align: justify; width: 83.33333333333334%; height: 24px;\" colspan=\"2\"><strong>Publica\u00e7\u00f5es destaque<\/strong><\/td>\n<\/tr>\n<tr style=\"height: 24px;\">\n<td style=\"width: 83.33333333333334%; text-align: justify; height: 24px;\" colspan=\"2\">&#8211;<\/td>\n<\/tr>\n<\/tbody>\n<\/table>\n<p>&nbsp;<\/p>\n","protected":false},"excerpt":{"rendered":"<p>\u00a0 Sandra Costa Valle Linha de Nutri\u00e7\u00e3o B\u00e1sica e Experimental. Email Curr\u00edculo Lattes Gradua\u00e7\u00e3o:\u00a0Nutri\u00e7\u00e3o &#8211; UFPel Mestrado: Ci\u00eancias Biol\u00f3gicas &#8211; Bioqu\u00edmica &#8211; UFRGS Doutorado: Ci\u00eancias Biol\u00f3gicas &#8211; Fisiologia &#8211; UFRGS Principais temas de pesquisa: Nutri\u00e7\u00e3o Cl\u00ednica na Inf\u00e2ncia, atuando principalmente nos seguintes temas: neonatologia, metabolismo e nutri\u00e7\u00e3o infantil, diabetes mellitus tipo 1, nutri\u00e7\u00e3o no transtorno [&hellip;]<\/p>\n","protected":false},"author":209,"featured_media":0,"parent":2693,"menu_order":0,"comment_status":"closed","ping_status":"closed","template":"","meta":{"jetpack_post_was_ever_published":false,"footnotes":""},"class_list":["post-2765","page","type-page","status-publish","hentry"],"jetpack_sharing_enabled":true,"jetpack_shortlink":"https:\/\/wp.me\/P8FvYb-IB","_links":{"self":[{"href":"https:\/\/wp.ufpel.edu.br\/ppgna\/wp-json\/wp\/v2\/pages\/2765","targetHints":{"allow":["GET"]}}],"collection":[{"href":"https:\/\/wp.ufpel.edu.br\/ppgna\/wp-json\/wp\/v2\/pages"}],"about":[{"href":"https:\/\/wp.ufpel.edu.br\/ppgna\/wp-json\/wp\/v2\/types\/page"}],"author":[{"embeddable":true,"href":"https:\/\/wp.ufpel.edu.br\/ppgna\/wp-json\/wp\/v2\/users\/209"}],"replies":[{"embeddable":true,"href":"https:\/\/wp.ufpel.edu.br\/ppgna\/wp-json\/wp\/v2\/comments?post=2765"}],"version-history":[{"count":6,"href":"https:\/\/wp.ufpel.edu.br\/ppgna\/wp-json\/wp\/v2\/pages\/2765\/revisions"}],"predecessor-version":[{"id":4082,"href":"https:\/\/wp.ufpel.edu.br\/ppgna\/wp-json\/wp\/v2\/pages\/2765\/revisions\/4082"}],"up":[{"embeddable":true,"href":"https:\/\/wp.ufpel.edu.br\/ppgna\/wp-json\/wp\/v2\/pages\/2693"}],"wp:attachment":[{"href":"https:\/\/wp.ufpel.edu.br\/ppgna\/wp-json\/wp\/v2\/media?parent=2765"}],"curies":[{"name":"wp","href":"https:\/\/api.w.org\/{rel}","templated":true}]}}