{"id":2755,"date":"2020-05-15T16:14:55","date_gmt":"2020-05-15T19:14:55","guid":{"rendered":"https:\/\/wp.ufpel.edu.br\/ppgna\/?page_id=2755"},"modified":"2020-05-18T09:39:43","modified_gmt":"2020-05-18T12:39:43","slug":"2755-2","status":"publish","type":"page","link":"https:\/\/wp.ufpel.edu.br\/ppgna\/docentes\/paginas-individuais\/2755-2\/","title":{"rendered":"Paulo Schenkel"},"content":{"rendered":"<table style=\"width: 100%;border-collapse: collapse\" border=\"0\">\n<tbody>\n<tr style=\"height: 24px\">\n<td style=\"width: 83.33333333333334%;height: 24px\" colspan=\"2\"><strong> <img class=\"foto aligncenter\" src=\"http:\/\/servicosweb.cnpq.br\/wspessoa\/servletrecuperafoto?tipo=1&amp;id=K4750945Y3\" width=\"153\" height=\"179\" \/><br \/>\n<\/strong><\/td>\n<\/tr>\n<tr style=\"height: 24px\">\n<td style=\"width: 83.33333333333334%;height: 24px;text-align: center\" colspan=\"2\"><span style=\"font-size: large\"><b>Paulo Cavalheiro\u00a0Schenkel<\/b><\/span><\/td>\n<\/tr>\n<tr style=\"height: 24px\">\n<td style=\"width: 83.33333333333334%;height: 24px;text-align: center\" colspan=\"2\"><strong>Linha de Nutri\u00e7\u00e3o B\u00e1sica e Experimental<\/strong><\/td>\n<\/tr>\n<tr style=\"height: 24px\">\n<td style=\"width: 43.59861591695502%;height: 24px;text-align: center\"><a href=\"mailto:schenkel.paulo@gmail.com\">Email<\/a><\/td>\n<td style=\"width: 39.73471741637832%;height: 24px;text-align: center\"><a href=\"http:\/\/lattes.cnpq.br\/9567157549505039\" target=\"_blank\" rel=\"noopener noreferrer\">Curr\u00edculo Lattes<\/a><\/td>\n<\/tr>\n<tr style=\"height: 24px\">\n<td style=\"height: 24px;text-align: justify;width: 83.33333333333334%\" colspan=\"2\"><strong>Gradua\u00e7\u00e3o:<\/strong>\u00a0Fisioterapia &#8211; PUC RS<br \/>\n<strong>Mestrado:<\/strong> Ci\u00eancias Biol\u00f3gicas &#8211; Fisiologia &#8211; UFRGS<br \/>\n<strong>Doutorado:\u00a0<\/strong>Ci\u00eancias Biol\u00f3gicas &#8211; Fisiologia &#8211; UFRGS<\/td>\n<\/tr>\n<tr style=\"height: 24px\">\n<td style=\"text-align: justify;width: 83.33333333333334%;height: 24px\" colspan=\"2\"><\/td>\n<\/tr>\n<tr style=\"height: 48px\">\n<td style=\"text-align: justify;height: 48px;width: 83.33333333333334%\" colspan=\"2\"><strong>Principais temas de pesquisa:<\/strong><br \/>\n<span lang=\"PT-BR\">Fisiologia cardiovascular, atuando principalmente nos seguintes temas: avalia\u00e7\u00e3o de compostos naturais sobre riscos cardiovasculares; patog\u00eanese da insufici\u00eancia card\u00edaca<\/span><\/td>\n<\/tr>\n<tr>\n<td style=\"text-align: justify;width: 83.33333333333334%\" colspan=\"2\"><\/td>\n<\/tr>\n<tr>\n<td style=\"text-align: justify\" colspan=\"2\"><strong>Website:<\/strong> <a href=\"https:\/\/wp.ufpel.edu.br\/laficardio\/\">https:\/\/wp.ufpel.edu.br\/laficardio\/<\/a><\/td>\n<\/tr>\n<tr style=\"height: 24px\">\n<td style=\"text-align: justify;height: 24px\" colspan=\"2\"><\/td>\n<\/tr>\n<tr style=\"height: 24px\">\n<td style=\"text-align: justify;width: 83.33333333333334%;height: 24px\" colspan=\"2\"><strong>Publica\u00e7\u00f5es destaque<\/strong><\/td>\n<\/tr>\n<tr style=\"height: 24px\">\n<td style=\"width: 83.33333333333334%;text-align: justify;height: 24px\" colspan=\"2\">\n<p>SOARES RN; SCHNEIDER A; VALLE SC; SCHENKEL PC. The influence of CYP1A2 genotype in the blood pressure response to caffeine ingestion is affected by physical activity status and caffeine consumption level. Vascular Pharmacology, v. 17, p. 30135, 2018.<\/p>\n<p>BELLO-KLEIN A; MANCARDI D; ARAUJO ASR; SCHENKEL PC; TURCK P; LIMA-SEOLIN BG. Role of Redox Homeostasis and Inflammation in the Pathogenesis of Pulmonary Arterial Hypertension. Current Medicinal Chemistry, v. 25, p. 1340-1351, 2018.<\/p>\n<p>SOARES RN; SCHNEIDER A; VALLE SC; SCHENKEL PC. Regular Physical Activity Increases the Systolic Blood Pressure Response to Acute Caffeine Ingestion in Nonhabitual Caffeine Consumers. Journal of Caffeine Research, v. 7, p. 53-58, 2017.<\/p>\n<p>SCHENKEL PC; TAVARES AMV; FERNANDES RO; DINIZ GP; LUDKE ARL; RIBEIRO MFM; ARAUJO ASR; BARRETO-CHAVES ML; BELLO-KLEIN A. Time course of hydrogen peroxide-thioredoxin balance and its influence on the intracellular signalling in myocardial infarction. Experimental Physiology (Print), v. 97, p. 741-749, 2012.<\/p>\n<p>SCHENKEL PC; TAVARES AMV; FERNANDES RO; DINIZ GP; BERTAGNOLLI M; ARAUJO ASR; BARRETO-CHAVES ML; RIBEIRO MFM; CLAUSELL N; BELL\u00d3-KLEIN A. Redox-sensitive prosurvival and proapoptotic protein expression in the myocardial remodeling post-infarction in rats. Molecular and Cellular Biochemistry, v. 341, p. 1-8, 2010.<\/td>\n<\/tr>\n<\/tbody>\n<\/table>\n<p>&nbsp;<\/p>\n","protected":false},"excerpt":{"rendered":"<p>Paulo Cavalheiro\u00a0Schenkel Linha de Nutri\u00e7\u00e3o B\u00e1sica e Experimental Email Curr\u00edculo Lattes Gradua\u00e7\u00e3o:\u00a0Fisioterapia &#8211; PUC RS Mestrado: Ci\u00eancias Biol\u00f3gicas &#8211; Fisiologia &#8211; UFRGS Doutorado:\u00a0Ci\u00eancias Biol\u00f3gicas &#8211; Fisiologia &#8211; UFRGS Principais temas de pesquisa: Fisiologia cardiovascular, atuando principalmente nos seguintes temas: avalia\u00e7\u00e3o de compostos naturais sobre riscos cardiovasculares; patog\u00eanese da insufici\u00eancia card\u00edaca Website: https:\/\/wp.ufpel.edu.br\/laficardio\/ Publica\u00e7\u00f5es destaque SOARES [&hellip;]<\/p>\n","protected":false},"author":209,"featured_media":0,"parent":2693,"menu_order":0,"comment_status":"closed","ping_status":"closed","template":"","meta":{"jetpack_post_was_ever_published":false,"footnotes":""},"class_list":["post-2755","page","type-page","status-publish","hentry"],"jetpack_sharing_enabled":true,"jetpack_shortlink":"https:\/\/wp.me\/P8FvYb-Ir","_links":{"self":[{"href":"https:\/\/wp.ufpel.edu.br\/ppgna\/wp-json\/wp\/v2\/pages\/2755","targetHints":{"allow":["GET"]}}],"collection":[{"href":"https:\/\/wp.ufpel.edu.br\/ppgna\/wp-json\/wp\/v2\/pages"}],"about":[{"href":"https:\/\/wp.ufpel.edu.br\/ppgna\/wp-json\/wp\/v2\/types\/page"}],"author":[{"embeddable":true,"href":"https:\/\/wp.ufpel.edu.br\/ppgna\/wp-json\/wp\/v2\/users\/209"}],"replies":[{"embeddable":true,"href":"https:\/\/wp.ufpel.edu.br\/ppgna\/wp-json\/wp\/v2\/comments?post=2755"}],"version-history":[{"count":5,"href":"https:\/\/wp.ufpel.edu.br\/ppgna\/wp-json\/wp\/v2\/pages\/2755\/revisions"}],"predecessor-version":[{"id":2789,"href":"https:\/\/wp.ufpel.edu.br\/ppgna\/wp-json\/wp\/v2\/pages\/2755\/revisions\/2789"}],"up":[{"embeddable":true,"href":"https:\/\/wp.ufpel.edu.br\/ppgna\/wp-json\/wp\/v2\/pages\/2693"}],"wp:attachment":[{"href":"https:\/\/wp.ufpel.edu.br\/ppgna\/wp-json\/wp\/v2\/media?parent=2755"}],"curies":[{"name":"wp","href":"https:\/\/api.w.org\/{rel}","templated":true}]}}