{"id":2749,"date":"2020-05-15T16:04:55","date_gmt":"2020-05-15T19:04:55","guid":{"rendered":"https:\/\/wp.ufpel.edu.br\/ppgna\/?page_id=2749"},"modified":"2020-05-15T16:04:55","modified_gmt":"2020-05-15T19:04:55","slug":"marcia-gularte","status":"publish","type":"page","link":"https:\/\/wp.ufpel.edu.br\/ppgna\/docentes\/paginas-individuais\/marcia-gularte\/","title":{"rendered":"Marcia Gularte"},"content":{"rendered":"<table style=\"width: 100%;border-collapse: collapse\" border=\"0\">\n<tbody>\n<tr style=\"height: 24px\">\n<td style=\"width: 83.33333333333334%;height: 24px\" colspan=\"2\"><strong> <img class=\"foto aligncenter\" src=\"http:\/\/servicosweb.cnpq.br\/wspessoa\/servletrecuperafoto?tipo=1&amp;id=K4701185A8\" width=\"102\" height=\"171\" \/><br \/>\n<\/strong><\/td>\n<\/tr>\n<tr style=\"height: 24px\">\n<td style=\"width: 83.33333333333334%;height: 24px;text-align: center\" colspan=\"2\"><span style=\"font-size: large\"><b>M\u00e1rcia Arocha Gularte<\/b><\/span><\/td>\n<\/tr>\n<tr style=\"height: 24px\">\n<td style=\"width: 83.33333333333334%;height: 24px;text-align: center\" colspan=\"2\"><strong>Linha de An\u00e1lise e Controle de Qualidade de Alimentos\u00a0<\/strong><\/td>\n<\/tr>\n<tr style=\"height: 24px\">\n<td style=\"width: 43.59861591695502%;height: 24px;text-align: center\"><a href=\"mailto:marciagularte@hotmail.com\">Email<\/a><\/td>\n<td style=\"width: 39.73471741637832%;height: 24px;text-align: center\"><a href=\"http:\/\/lattes.cnpq.br\/5756521626319170\" target=\"_blank\" rel=\"noopener noreferrer\">Curr\u00edculo Lattes<\/a><\/td>\n<\/tr>\n<tr style=\"height: 24px\">\n<td style=\"height: 24px;text-align: justify;width: 83.33333333333334%\" colspan=\"2\"><strong>Gradua\u00e7\u00e3o:<\/strong> Ci\u00eancias Dom\u00e9sticas &#8211; UFPel<br \/>\n<strong>Mestrado:<\/strong> Ci\u00eancia dos Alimentos &#8211; UFSC<br \/>\n<strong>Doutorado: <\/strong>Ci\u00eancia e Tecnologia Agroindustrial\u00a0&#8211; UFPel<\/td>\n<\/tr>\n<tr style=\"height: 24px\">\n<td style=\"text-align: justify;width: 83.33333333333334%;height: 24px\" colspan=\"2\"><\/td>\n<\/tr>\n<tr style=\"height: 48px\">\n<td style=\"text-align: justify;height: 48px;width: 83.33333333333334%\" colspan=\"2\"><strong>Principais temas de pesquisa:<\/strong><br \/>\nCi\u00eancia e Tecnologia de Alimentos, com \u00eanfase em An\u00e1lise Sensorial e produtos de panifica\u00e7\u00e3o para necessidades especiais, atuando tamb\u00e9m em caracter\u00edsticas de coc\u00e7\u00e3o e sensorial de arroz, controle de qualidade de alimentos e tecnologia de gr\u00e3os.<\/td>\n<\/tr>\n<tr style=\"height: 24px\">\n<td style=\"text-align: justify;width: 83.33333333333334%;height: 24px\" colspan=\"2\"><\/td>\n<\/tr>\n<tr style=\"height: 24px\">\n<td style=\"text-align: justify;width: 83.33333333333334%;height: 24px\" colspan=\"2\"><strong>Publica\u00e7\u00f5es destaque<\/strong><\/td>\n<\/tr>\n<tr style=\"height: 24px\">\n<td style=\"width: 83.33333333333334%;text-align: justify;height: 24px\" colspan=\"2\">&#8211;<\/td>\n<\/tr>\n<\/tbody>\n<\/table>\n<p>&nbsp;<\/p>\n","protected":false},"excerpt":{"rendered":"<p>M\u00e1rcia Arocha Gularte Linha de An\u00e1lise e Controle de Qualidade de Alimentos\u00a0 Email Curr\u00edculo Lattes Gradua\u00e7\u00e3o: Ci\u00eancias Dom\u00e9sticas &#8211; UFPel Mestrado: Ci\u00eancia dos Alimentos &#8211; UFSC Doutorado: Ci\u00eancia e Tecnologia Agroindustrial\u00a0&#8211; UFPel Principais temas de pesquisa: Ci\u00eancia e Tecnologia de Alimentos, com \u00eanfase em An\u00e1lise Sensorial e produtos de panifica\u00e7\u00e3o para necessidades especiais, atuando tamb\u00e9m [&hellip;]<\/p>\n","protected":false},"author":209,"featured_media":0,"parent":2693,"menu_order":0,"comment_status":"closed","ping_status":"closed","template":"","meta":{"jetpack_post_was_ever_published":false,"footnotes":""},"class_list":["post-2749","page","type-page","status-publish","hentry"],"jetpack_sharing_enabled":true,"jetpack_shortlink":"https:\/\/wp.me\/P8FvYb-Il","_links":{"self":[{"href":"https:\/\/wp.ufpel.edu.br\/ppgna\/wp-json\/wp\/v2\/pages\/2749","targetHints":{"allow":["GET"]}}],"collection":[{"href":"https:\/\/wp.ufpel.edu.br\/ppgna\/wp-json\/wp\/v2\/pages"}],"about":[{"href":"https:\/\/wp.ufpel.edu.br\/ppgna\/wp-json\/wp\/v2\/types\/page"}],"author":[{"embeddable":true,"href":"https:\/\/wp.ufpel.edu.br\/ppgna\/wp-json\/wp\/v2\/users\/209"}],"replies":[{"embeddable":true,"href":"https:\/\/wp.ufpel.edu.br\/ppgna\/wp-json\/wp\/v2\/comments?post=2749"}],"version-history":[{"count":1,"href":"https:\/\/wp.ufpel.edu.br\/ppgna\/wp-json\/wp\/v2\/pages\/2749\/revisions"}],"predecessor-version":[{"id":2751,"href":"https:\/\/wp.ufpel.edu.br\/ppgna\/wp-json\/wp\/v2\/pages\/2749\/revisions\/2751"}],"up":[{"embeddable":true,"href":"https:\/\/wp.ufpel.edu.br\/ppgna\/wp-json\/wp\/v2\/pages\/2693"}],"wp:attachment":[{"href":"https:\/\/wp.ufpel.edu.br\/ppgna\/wp-json\/wp\/v2\/media?parent=2749"}],"curies":[{"name":"wp","href":"https:\/\/api.w.org\/{rel}","templated":true}]}}