{"id":2704,"date":"2020-05-15T14:38:58","date_gmt":"2020-05-15T17:38:58","guid":{"rendered":"https:\/\/wp.ufpel.edu.br\/ppgna\/?page_id=2704"},"modified":"2025-04-17T10:32:39","modified_gmt":"2025-04-17T13:32:39","slug":"carlos-barros","status":"publish","type":"page","link":"https:\/\/wp.ufpel.edu.br\/ppgna\/docentes\/paginas-individuais\/carlos-barros\/","title":{"rendered":"Carlos Barros"},"content":{"rendered":"<table style=\"width: 100%; border-collapse: collapse;\" border=\"0\">\n<tbody>\n<tr>\n<td style=\"width: 43.59861591695502%;\" colspan=\"2\"><img class=\"foto aligncenter\" src=\"http:\/\/servicosweb.cnpq.br\/wspessoa\/servletrecuperafoto?tipo=1&amp;id=K4717917E5\" width=\"154\" height=\"175\" \/><br \/>\n<strong><br \/>\n<\/strong><\/td>\n<\/tr>\n<tr style=\"height: 24px;\">\n<td style=\"width: 43.59861591695502%; height: 24px; text-align: center;\" colspan=\"2\"><span style=\"font-size: 14pt;\"><strong>Carlos Castilho de Barros<\/strong><\/span><\/td>\n<\/tr>\n<tr style=\"height: 24px;\">\n<td style=\"width: 43.59861591695502%; height: 24px; text-align: center;\" colspan=\"2\"><strong>Linha de Nutri\u00e7\u00e3o B\u00e1sica e Experimental<\/strong><\/td>\n<\/tr>\n<tr style=\"height: 24px;\">\n<td style=\"width: 43.59861591695502%; height: 24px; text-align: center;\"><a href=\"mailto:barrosccpel@gmail.com\">Email<\/a><\/td>\n<td style=\"width: 39.73471741637832%; height: 24px; text-align: center;\"><a href=\"http:\/\/lattes.cnpq.br\/7429609548804288\" target=\"_blank\" rel=\"noopener noreferrer\">Curr\u00edculo Lattes<\/a><\/td>\n<\/tr>\n<tr style=\"height: 24px;\">\n<td style=\"height: 24px; text-align: justify; width: 83.33333333333334%;\" colspan=\"2\"><strong>Gradua\u00e7\u00e3o:<\/strong> Medicina Veterin\u00e1ria &#8211; UNESP<br \/>\n<strong>Mestrado:<\/strong> Biotecnologia &#8211; Universidade de Mogi das Cruzes<br \/>\n<strong>Doutorado:<\/strong> Biotecnologia &#8211; Universidade de Mogi das Cruzes<strong>Principais temas de pesquisa:<\/strong><br \/>\nProfessor Associado da Faculdade de Nutri\u00e7\u00e3o, da Universidade Federal de Pelotas. Mestre e Doutor em Biotecnologia, fez P\u00f3s-doutorado no Instituto Max Delbr\u00fcck Center of Molecular Medicine, Berlin (2009-2010) e na Universidade Federal de S\u00e3o Paulo (UNIFESP, 2010-2012). Chefiou a Divis\u00e3o de Controle de Zoonoses da cidade de Guaruj\u00e1, SP, e atuou 18 anos na pr\u00e1tica de clinica m\u00e9dica. Linha de pesquisa: REGULA\u00c7\u00c3O DO APETITE, OBESIDADE E METABOLISMO. Atua dentro desta linha com foco na gen\u00e9tica da obesidade e da regula\u00e7\u00e3o metab\u00f3lica, estudando suas liga\u00e7\u00f5es com controle central do apetite e saciedade, predisposi\u00e7\u00e3o \u00e0s comorbidades relacionadas \u00e0 obesidade, assim como seus efeitos no talento esportivo e reprodutivo.<\/td>\n<\/tr>\n<tr>\n<td style=\"text-align: justify; width: 83.33333333333334%;\" colspan=\"2\"><\/td>\n<\/tr>\n<tr>\n<td style=\"text-align: justify;\" colspan=\"2\"><\/td>\n<\/tr>\n<tr>\n<td style=\"text-align: justify; width: 83.33333333333334%;\" colspan=\"2\"><strong>Publica\u00e7\u00f5es destaque<\/strong><\/td>\n<\/tr>\n<tr>\n<td style=\"width: 83.33333333333334%; text-align: justify;\" colspan=\"2\">&#8211;<\/td>\n<\/tr>\n<\/tbody>\n<\/table>\n<p>&nbsp;<\/p>\n","protected":false},"excerpt":{"rendered":"<p>Carlos Castilho de Barros Linha de Nutri\u00e7\u00e3o B\u00e1sica e Experimental Email Curr\u00edculo Lattes Gradua\u00e7\u00e3o: Medicina Veterin\u00e1ria &#8211; UNESP Mestrado: Biotecnologia &#8211; Universidade de Mogi das Cruzes Doutorado: Biotecnologia &#8211; Universidade de Mogi das CruzesPrincipais temas de pesquisa: Professor Associado da Faculdade de Nutri\u00e7\u00e3o, da Universidade Federal de Pelotas. Mestre e Doutor em Biotecnologia, fez P\u00f3s-doutorado [&hellip;]<\/p>\n","protected":false},"author":209,"featured_media":0,"parent":2693,"menu_order":0,"comment_status":"closed","ping_status":"closed","template":"","meta":{"jetpack_post_was_ever_published":false,"footnotes":""},"class_list":["post-2704","page","type-page","status-publish","hentry"],"jetpack_sharing_enabled":true,"jetpack_shortlink":"https:\/\/wp.me\/P8FvYb-HC","_links":{"self":[{"href":"https:\/\/wp.ufpel.edu.br\/ppgna\/wp-json\/wp\/v2\/pages\/2704","targetHints":{"allow":["GET"]}}],"collection":[{"href":"https:\/\/wp.ufpel.edu.br\/ppgna\/wp-json\/wp\/v2\/pages"}],"about":[{"href":"https:\/\/wp.ufpel.edu.br\/ppgna\/wp-json\/wp\/v2\/types\/page"}],"author":[{"embeddable":true,"href":"https:\/\/wp.ufpel.edu.br\/ppgna\/wp-json\/wp\/v2\/users\/209"}],"replies":[{"embeddable":true,"href":"https:\/\/wp.ufpel.edu.br\/ppgna\/wp-json\/wp\/v2\/comments?post=2704"}],"version-history":[{"count":4,"href":"https:\/\/wp.ufpel.edu.br\/ppgna\/wp-json\/wp\/v2\/pages\/2704\/revisions"}],"predecessor-version":[{"id":4075,"href":"https:\/\/wp.ufpel.edu.br\/ppgna\/wp-json\/wp\/v2\/pages\/2704\/revisions\/4075"}],"up":[{"embeddable":true,"href":"https:\/\/wp.ufpel.edu.br\/ppgna\/wp-json\/wp\/v2\/pages\/2693"}],"wp:attachment":[{"href":"https:\/\/wp.ufpel.edu.br\/ppgna\/wp-json\/wp\/v2\/media?parent=2704"}],"curies":[{"name":"wp","href":"https:\/\/api.w.org\/{rel}","templated":true}]}}