{"id":2681,"date":"2020-05-15T14:04:04","date_gmt":"2020-05-15T17:04:04","guid":{"rendered":"https:\/\/wp.ufpel.edu.br\/ppgna\/?page_id=2681"},"modified":"2025-04-17T10:20:33","modified_gmt":"2025-04-17T13:20:33","slug":"augusto-schneider","status":"publish","type":"page","link":"https:\/\/wp.ufpel.edu.br\/ppgna\/docentes\/paginas-individuais\/augusto-schneider\/","title":{"rendered":"Augusto Schneider"},"content":{"rendered":"<table style=\"width: 100%; border-collapse: collapse;\" border=\"0\">\n<tbody>\n<tr>\n<td style=\"width: 43.59861591695502%;\" colspan=\"2\"><img class=\"foto aligncenter\" src=\"http:\/\/servicosweb.cnpq.br\/wspessoa\/servletrecuperafoto?tipo=1&amp;id=K4732970Z7\" width=\"128\" height=\"137\" \/><strong><br \/>\n<\/strong><\/td>\n<\/tr>\n<tr style=\"height: 24px;\">\n<td style=\"width: 43.59861591695502%; height: 24px; text-align: center;\" colspan=\"2\"><span style=\"font-size: 14pt;\"><strong>Augusto Schneider<\/strong><\/span><\/td>\n<\/tr>\n<tr style=\"height: 24px;\">\n<td style=\"width: 43.59861591695502%; height: 24px; text-align: center;\" colspan=\"2\"><strong>Linha de Nutri\u00e7\u00e3o B\u00e1sica e Experimental<\/strong><\/td>\n<\/tr>\n<tr style=\"height: 24px;\">\n<td style=\"width: 43.59861591695502%; height: 24px; text-align: center;\"><a href=\"mailto:augustoschneider@gmail.com\">Email<\/a><\/td>\n<td style=\"width: 39.73471741637832%; height: 24px; text-align: center;\"><a href=\"http:\/\/lattes.cnpq.br\/0952566646598843\" target=\"_blank\" rel=\"noopener noreferrer\">Curr\u00edculo Lattes<\/a><\/td>\n<\/tr>\n<tr style=\"height: 24px;\">\n<td style=\"height: 24px; text-align: justify; width: 83.33333333333334%;\" colspan=\"2\"><strong>Gradua\u00e7\u00e3o:<\/strong> Medicina Veterin\u00e1ria &#8211; UFPel<br \/>\n<strong>Mestrado:<\/strong> Biotecnologia &#8211; UFPel<br \/>\n<strong>Doutorado:<\/strong> Biotecnologia &#8211; UFPel<\/td>\n<\/tr>\n<tr>\n<td style=\"text-align: justify; width: 83.33333333333334%;\" colspan=\"2\"><\/td>\n<\/tr>\n<tr>\n<td style=\"text-align: justify;\" colspan=\"2\"><strong>Principais temas de pesquisa:<\/strong><br \/>\nModelos animais, GH\/IGF, restri\u00e7\u00e3o cal\u00f3rica, senesc\u00eancia, fertilidade, ov\u00e1rio, menopausa.<\/td>\n<\/tr>\n<tr>\n<td style=\"text-align: justify;\" colspan=\"2\"><strong>\u00a0<\/strong><\/td>\n<\/tr>\n<tr>\n<td style=\"text-align: justify; width: 83.33333333333334%;\" colspan=\"2\"><strong>Publica\u00e7\u00f5es destaque<\/strong><\/td>\n<\/tr>\n<tr>\n<td style=\"width: 83.33333333333334%; text-align: justify;\" colspan=\"2\">\n<p>WINKLER I ; TOLKACHOV A ; LAMMERS F ; LACOUR P ; DAUGELAITE K ; SCHNEIDER N ; KOCH M ; PANTEN J ; GRUNSCHLAGER F ; AVILA BM ; SCHNEIDER A ; POTH T ; HAAS S ; ODOM DT ; GONCALVES A . The cycling and aging mouse female reproductive tract at single-cell resolution. CELL, p. 1-18, 2024.<\/p>\n<p>ISOLA JVV ; OCANAS SR ; HUBBART CR ; KO S ; MONDAL SA ; HENSE JD ; SCHNEIDER A ; KOVATS S ; FREEMAN WM ; STOUT MB . A single-cell atlas of the aging mouse ovary. Nature Aging, p. 1, 2024.<\/p>\n<p>VEIGA GB ; ZANINI BM ; GARCIA DN ; HENSE JD ; BARRETO MM ; ISOLA JVV ; MONDADORI RG ; MASTERNAK MM ; STOUT MB ; SCHNEIDER A . Effects of calorie, protein, and branched chain amino acid restriction on ovarian aging in mice. Reproductive Biology, v. 24, p. 100856, 2024.<\/p>\n<p>ZANINI BM ; AVILA BM ; HENSE JD ; GARCIA DN ; ASHIQUEALI S ; SILVA PG ; OLIVEIRA TL ; COLLARES TV ; BRIENO-ENRIQUEZ MA ; MASON JB ; MASTERNAK MM ; SCHNEIDER A . Extracellular vesicles from cyclic mice modulate liver transcriptome in estroupause mice independent of age. MOLECULAR AND CELLULAR ENDOCRINOLOGY, v. 600, p. 112508, 2025<\/p>\n<p>HENSE JD ; GARCIA DN ; ZANINI BM ; BARRETO MM ; PEREIRA GC ; ISOLA JVV ; BRITO CRC ; FORNALIK M ; MONDAL SA ; AVILA BM ; OLIVEIRA TL ; RICE HC ; LACY CI ; VAUCHER RA ; MASON JB ; MASTERNAK MM ; STOUT MB ; SCHNEIDER, A. . MASLD does not affect fertility and senolytics fail to prevent MASLD progression in male mice. Scientific Reports, v. 14, p. 17332, 2024.<\/p>\n<p>GARCIA DN ; HENSE JD ; ZANINI BM ; ISOLA JVV ; PROSCZEK JB ; ASHIQUEALI S ; OLIVEIRA TL ; MASON JB ; SCHADOCK I ; BARROS CC ; STOUT MB ; MASTERNAK MM ; SCHNEIDER A . Senolytic treatment fails to improve ovarian reserve or fertility in female mice. Geroscience, p. 1, 2024.<\/p>\n<p>AVILA BM ; ZANINI BM ; LUDUVICO KP ; HENSE JD ; PROSCZEK JB ; STEFANELLO FM ; MASON JB ; MASTERNAK MM ; SCHNEIDER A . Effect of calorie restriction on redox status during chemically induced estropause in female mice. Geroscience, p. 1, 2023.<\/td>\n<\/tr>\n<\/tbody>\n<\/table>\n<p>&nbsp;<\/p>\n","protected":false},"excerpt":{"rendered":"<p>Augusto Schneider Linha de Nutri\u00e7\u00e3o B\u00e1sica e Experimental Email Curr\u00edculo Lattes Gradua\u00e7\u00e3o: Medicina Veterin\u00e1ria &#8211; UFPel Mestrado: Biotecnologia &#8211; UFPel Doutorado: Biotecnologia &#8211; UFPel Principais temas de pesquisa: Modelos animais, GH\/IGF, restri\u00e7\u00e3o cal\u00f3rica, senesc\u00eancia, fertilidade, ov\u00e1rio, menopausa. \u00a0 Publica\u00e7\u00f5es destaque WINKLER I ; TOLKACHOV A ; LAMMERS F ; LACOUR P ; DAUGELAITE K ; [&hellip;]<\/p>\n","protected":false},"author":209,"featured_media":0,"parent":2693,"menu_order":0,"comment_status":"closed","ping_status":"closed","template":"","meta":{"jetpack_post_was_ever_published":false,"footnotes":""},"class_list":["post-2681","page","type-page","status-publish","hentry"],"jetpack_sharing_enabled":true,"jetpack_shortlink":"https:\/\/wp.me\/P8FvYb-Hf","_links":{"self":[{"href":"https:\/\/wp.ufpel.edu.br\/ppgna\/wp-json\/wp\/v2\/pages\/2681","targetHints":{"allow":["GET"]}}],"collection":[{"href":"https:\/\/wp.ufpel.edu.br\/ppgna\/wp-json\/wp\/v2\/pages"}],"about":[{"href":"https:\/\/wp.ufpel.edu.br\/ppgna\/wp-json\/wp\/v2\/types\/page"}],"author":[{"embeddable":true,"href":"https:\/\/wp.ufpel.edu.br\/ppgna\/wp-json\/wp\/v2\/users\/209"}],"replies":[{"embeddable":true,"href":"https:\/\/wp.ufpel.edu.br\/ppgna\/wp-json\/wp\/v2\/comments?post=2681"}],"version-history":[{"count":18,"href":"https:\/\/wp.ufpel.edu.br\/ppgna\/wp-json\/wp\/v2\/pages\/2681\/revisions"}],"predecessor-version":[{"id":4069,"href":"https:\/\/wp.ufpel.edu.br\/ppgna\/wp-json\/wp\/v2\/pages\/2681\/revisions\/4069"}],"up":[{"embeddable":true,"href":"https:\/\/wp.ufpel.edu.br\/ppgna\/wp-json\/wp\/v2\/pages\/2693"}],"wp:attachment":[{"href":"https:\/\/wp.ufpel.edu.br\/ppgna\/wp-json\/wp\/v2\/media?parent=2681"}],"curies":[{"name":"wp","href":"https:\/\/api.w.org\/{rel}","templated":true}]}}