{"id":2537,"date":"2019-03-28T11:39:08","date_gmt":"2019-03-28T14:39:08","guid":{"rendered":"https:\/\/wp.ufpel.edu.br\/ppgna\/?page_id=2537"},"modified":"2026-02-14T12:47:06","modified_gmt":"2026-02-14T15:47:06","slug":"pos-doc","status":"publish","type":"page","link":"https:\/\/wp.ufpel.edu.br\/ppgna\/ingresso\/pos-doc\/","title":{"rendered":"P\u00f3s-Doc"},"content":{"rendered":"<p style=\"font-weight: 400;\"><strong>P\u00f3s-doutorandos atuais<\/strong><\/p>\n<p style=\"font-weight: 400;\"><strong>\u00a0<\/strong><\/p>\n<p style=\"font-weight: 400;\"><strong>Dra. <a href=\"http:\/\/lattes.cnpq.br\/6294959110776307\">Bianka Machado Zanini<\/a><\/strong><\/p>\n<p style=\"font-weight: 400;\">Linha de Pesquisa: Nutri\u00e7\u00e3o B\u00e1sica e Experimental<\/p>\n<p style=\"font-weight: 400;\">PNPD\/Capes<\/p>\n<p>&nbsp;<\/p>\n<p style=\"font-weight: 400;\"><strong>Dra. <a href=\"http:\/\/lattes.cnpq.br\/2973942515843196\">Elisa dos Santos Pereira<\/a><\/strong><\/p>\n<p style=\"font-weight: 400;\">Linha de Pesquisa: Nutri\u00e7\u00e3o B\u00e1sica e Experimental<\/p>\n<p>&nbsp;<\/p>\n<p style=\"font-weight: 400;\"><strong>Dra. <a href=\"http:\/\/lattes.cnpq.br\/2518923633184108\">Kamila Castro Grokoski<\/a><\/strong><\/p>\n<p style=\"font-weight: 400;\">Linha de Pesquisa: Nutri\u00e7\u00e3o Cl\u00ednica e Epidemiologia<\/p>\n<p style=\"font-weight: 400;\">CNPQ<\/p>\n<p>&nbsp;<\/p>\n<p style=\"font-weight: 400;\"><strong>Dra. <a href=\"http:\/\/lattes.cnpq.br\/3653951644026123\">Mariele dos Santos Rosa Xavier<\/a><\/strong><\/p>\n<p style=\"font-weight: 400;\">Linha de Pesquisa: Nutri\u00e7\u00e3o Cl\u00ednica e Epidemiologia<\/p>\n<p style=\"font-weight: 400;\">CNPQ<\/p>\n<p>&nbsp;<\/p>\n<p>P\u00f3s-doutorandos egressos:<\/p>\n<p>2024-2025 <strong><a href=\"https:\/\/orcid.org\/0000-0003-3076-2930\">Nkereuwem Ndaeyo Ekerette\u00a0<\/a><\/strong> (TETFund, Nigeria)<\/p>\n<p>2023-2025 <strong><a href=\"http:\/\/lattes.cnpq.br\/1494603569855115\">Karla Pereira Machado<\/a><\/strong> (PNPD, Capes)<\/p>\n<p>2021-2022 <a href=\"http:\/\/lattes.cnpq.br\/9949907205772257\"><strong>Vanizia Barboza da Silva Maciel<\/strong><\/a><\/p>\n<p>2016 &#8211; 2021<strong>\u00a0<a href=\"http:\/\/lattes.cnpq.br\/5055191571687846\" target=\"_blank\" rel=\"noopener noreferrer\">C\u00e1tia Silva Silveira<\/a><\/strong><\/p>\n","protected":false},"excerpt":{"rendered":"<p>P\u00f3s-doutorandos atuais \u00a0 Dra. Bianka Machado Zanini Linha de Pesquisa: Nutri\u00e7\u00e3o B\u00e1sica e Experimental PNPD\/Capes &nbsp; Dra. Elisa dos Santos Pereira Linha de Pesquisa: Nutri\u00e7\u00e3o B\u00e1sica e Experimental &nbsp; Dra. Kamila Castro Grokoski Linha de Pesquisa: Nutri\u00e7\u00e3o Cl\u00ednica e Epidemiologia CNPQ &nbsp; Dra. Mariele dos Santos Rosa Xavier Linha de Pesquisa: Nutri\u00e7\u00e3o Cl\u00ednica e Epidemiologia [&hellip;]<\/p>\n","protected":false},"author":209,"featured_media":0,"parent":1571,"menu_order":5,"comment_status":"closed","ping_status":"closed","template":"","meta":{"jetpack_post_was_ever_published":false,"footnotes":""},"class_list":["post-2537","page","type-page","status-publish","hentry"],"jetpack_sharing_enabled":true,"jetpack_shortlink":"https:\/\/wp.me\/P8FvYb-EV","_links":{"self":[{"href":"https:\/\/wp.ufpel.edu.br\/ppgna\/wp-json\/wp\/v2\/pages\/2537","targetHints":{"allow":["GET"]}}],"collection":[{"href":"https:\/\/wp.ufpel.edu.br\/ppgna\/wp-json\/wp\/v2\/pages"}],"about":[{"href":"https:\/\/wp.ufpel.edu.br\/ppgna\/wp-json\/wp\/v2\/types\/page"}],"author":[{"embeddable":true,"href":"https:\/\/wp.ufpel.edu.br\/ppgna\/wp-json\/wp\/v2\/users\/209"}],"replies":[{"embeddable":true,"href":"https:\/\/wp.ufpel.edu.br\/ppgna\/wp-json\/wp\/v2\/comments?post=2537"}],"version-history":[{"count":3,"href":"https:\/\/wp.ufpel.edu.br\/ppgna\/wp-json\/wp\/v2\/pages\/2537\/revisions"}],"predecessor-version":[{"id":4538,"href":"https:\/\/wp.ufpel.edu.br\/ppgna\/wp-json\/wp\/v2\/pages\/2537\/revisions\/4538"}],"up":[{"embeddable":true,"href":"https:\/\/wp.ufpel.edu.br\/ppgna\/wp-json\/wp\/v2\/pages\/1571"}],"wp:attachment":[{"href":"https:\/\/wp.ufpel.edu.br\/ppgna\/wp-json\/wp\/v2\/media?parent=2537"}],"curies":[{"name":"wp","href":"https:\/\/api.w.org\/{rel}","templated":true}]}}