{"id":2501,"date":"2019-02-18T15:14:09","date_gmt":"2019-02-18T18:14:09","guid":{"rendered":"https:\/\/wp.ufpel.edu.br\/ppgna\/?page_id=2501"},"modified":"2026-02-27T15:59:31","modified_gmt":"2026-02-27T18:59:31","slug":"portarias","status":"publish","type":"page","link":"https:\/\/wp.ufpel.edu.br\/ppgna\/downloads\/portarias\/","title":{"rendered":"Documentos"},"content":{"rendered":"<p><strong>Portaria CAPES n\u00ba 221, de 19 de agosto de 2025:<\/strong><\/p>\n<p>Diz respeito a <strong>amplia\u00e7\u00e3o do escopo do est\u00e1gio obrigat\u00f3rio em doc\u00eancia<\/strong> para bolsistas de mestrado e doutorado, vinculados aos Programas DS:<\/p>\n<p><span style=\"font-size: 10pt;\"><i>\u00a0 \u00a0&#8220;Poder\u00e1 ser dispensado do Est\u00e1gio em Doc\u00eancia previsto nesta Portaria o(a) p\u00f3s graduando(a) <\/i><i>bolsista que realizar est\u00e1gio ou forma\u00e7\u00e3o supervisionada em institui\u00e7\u00e3o p\u00fablica, organiza\u00e7\u00e3o da <\/i><i>sociedade civil ou empresa, desde que a atividade desenvolvida seja compat\u00edvel com a \u00e1rea de <\/i><i>pesquisa do(a) p\u00f3s-graduando(a) no \u00e2mbito do programa de p\u00f3s-gradua\u00e7\u00e3o, conforme <\/i><i>regulamenta\u00e7\u00e3o do respectivo programa&#8221;<\/i><\/span><\/p>\n<p>Leia mais detalhes no documento oficial: <a href=\"https:\/\/cad.capes.gov.br\/ato-administrativo-detalhar?idAtoAdmElastic=18647#anchor\" target=\"_blank\" rel=\"noopener\">Portaria 221 de 2025<\/a><\/p>\n","protected":false},"excerpt":{"rendered":"<p>Portaria CAPES n\u00ba 221, de 19 de agosto de 2025: Diz respeito a amplia\u00e7\u00e3o do escopo do est\u00e1gio obrigat\u00f3rio em doc\u00eancia para bolsistas de mestrado e doutorado, vinculados aos Programas DS: \u00a0 \u00a0&#8220;Poder\u00e1 ser dispensado do Est\u00e1gio em Doc\u00eancia previsto nesta Portaria o(a) p\u00f3s graduando(a) bolsista que realizar est\u00e1gio ou forma\u00e7\u00e3o supervisionada em institui\u00e7\u00e3o p\u00fablica, [&hellip;]<\/p>\n","protected":false},"author":209,"featured_media":0,"parent":23,"menu_order":0,"comment_status":"closed","ping_status":"closed","template":"","meta":{"jetpack_post_was_ever_published":false,"footnotes":""},"class_list":["post-2501","page","type-page","status-publish","hentry"],"jetpack_sharing_enabled":true,"jetpack_shortlink":"https:\/\/wp.me\/P8FvYb-El","_links":{"self":[{"href":"https:\/\/wp.ufpel.edu.br\/ppgna\/wp-json\/wp\/v2\/pages\/2501","targetHints":{"allow":["GET"]}}],"collection":[{"href":"https:\/\/wp.ufpel.edu.br\/ppgna\/wp-json\/wp\/v2\/pages"}],"about":[{"href":"https:\/\/wp.ufpel.edu.br\/ppgna\/wp-json\/wp\/v2\/types\/page"}],"author":[{"embeddable":true,"href":"https:\/\/wp.ufpel.edu.br\/ppgna\/wp-json\/wp\/v2\/users\/209"}],"replies":[{"embeddable":true,"href":"https:\/\/wp.ufpel.edu.br\/ppgna\/wp-json\/wp\/v2\/comments?post=2501"}],"version-history":[{"count":3,"href":"https:\/\/wp.ufpel.edu.br\/ppgna\/wp-json\/wp\/v2\/pages\/2501\/revisions"}],"predecessor-version":[{"id":4565,"href":"https:\/\/wp.ufpel.edu.br\/ppgna\/wp-json\/wp\/v2\/pages\/2501\/revisions\/4565"}],"up":[{"embeddable":true,"href":"https:\/\/wp.ufpel.edu.br\/ppgna\/wp-json\/wp\/v2\/pages\/23"}],"wp:attachment":[{"href":"https:\/\/wp.ufpel.edu.br\/ppgna\/wp-json\/wp\/v2\/media?parent=2501"}],"curies":[{"name":"wp","href":"https:\/\/api.w.org\/{rel}","templated":true}]}}