{"id":25,"date":"2012-09-06T15:09:34","date_gmt":"2012-09-06T18:09:34","guid":{"rendered":"https:\/\/wp.ufpel.edu.br\/ppgna\/?page_id=25"},"modified":"2024-12-04T12:11:50","modified_gmt":"2024-12-04T15:11:50","slug":"atendimento","status":"publish","type":"page","link":"https:\/\/wp.ufpel.edu.br\/ppgna\/atendimento\/","title":{"rendered":"Contatos"},"content":{"rendered":"<p><strong>Contatos<br \/>\n<\/strong>Coordenadora: Juliana dos Santos Vaz<br \/>\nCoordenador adjunto: Augusto Schneider<\/p>\n<p>Secret\u00e1ria: Marisa Ruth Dummer<\/p>\n<p>E-mail: <a href=\"mailto:ppgnutri@gmail.com\">ppgnutri@gmail.com<\/a><\/p>\n<p><strong>Endere\u00e7o postal<br \/>\n<\/strong>Programa de P\u00f3s-Gradua\u00e7\u00e3o em Nutri\u00e7\u00e3o e Alimentos<br \/>\nFaculdade de Nutri\u00e7\u00e3o<br \/>\nUniversidade Federal de Pelotas &#8211; UFPel<br \/>\nCampus Porto &#8211; Rua Gomes Carneiro, 1 &#8211; Sala 228<br \/>\nCEP 96010-610<br \/>\nPelotas\/RS<\/p>\n","protected":false},"excerpt":{"rendered":"<p>Contatos Coordenadora: Juliana dos Santos Vaz Coordenador adjunto: Augusto Schneider Secret\u00e1ria: Marisa Ruth Dummer E-mail: ppgnutri@gmail.com Endere\u00e7o postal Programa de P\u00f3s-Gradua\u00e7\u00e3o em Nutri\u00e7\u00e3o e Alimentos Faculdade de Nutri\u00e7\u00e3o Universidade Federal de Pelotas &#8211; UFPel Campus Porto &#8211; Rua Gomes Carneiro, 1 &#8211; Sala 228 CEP 96010-610 Pelotas\/RS<\/p>\n","protected":false},"author":207,"featured_media":0,"parent":0,"menu_order":11,"comment_status":"closed","ping_status":"closed","template":"","meta":{"jetpack_post_was_ever_published":false,"footnotes":""},"class_list":["post-25","page","type-page","status-publish","hentry"],"jetpack_sharing_enabled":true,"jetpack_shortlink":"https:\/\/wp.me\/P8FvYb-p","_links":{"self":[{"href":"https:\/\/wp.ufpel.edu.br\/ppgna\/wp-json\/wp\/v2\/pages\/25","targetHints":{"allow":["GET"]}}],"collection":[{"href":"https:\/\/wp.ufpel.edu.br\/ppgna\/wp-json\/wp\/v2\/pages"}],"about":[{"href":"https:\/\/wp.ufpel.edu.br\/ppgna\/wp-json\/wp\/v2\/types\/page"}],"author":[{"embeddable":true,"href":"https:\/\/wp.ufpel.edu.br\/ppgna\/wp-json\/wp\/v2\/users\/207"}],"replies":[{"embeddable":true,"href":"https:\/\/wp.ufpel.edu.br\/ppgna\/wp-json\/wp\/v2\/comments?post=25"}],"version-history":[{"count":24,"href":"https:\/\/wp.ufpel.edu.br\/ppgna\/wp-json\/wp\/v2\/pages\/25\/revisions"}],"predecessor-version":[{"id":3820,"href":"https:\/\/wp.ufpel.edu.br\/ppgna\/wp-json\/wp\/v2\/pages\/25\/revisions\/3820"}],"wp:attachment":[{"href":"https:\/\/wp.ufpel.edu.br\/ppgna\/wp-json\/wp\/v2\/media?parent=25"}],"curies":[{"name":"wp","href":"https:\/\/api.w.org\/{rel}","templated":true}]}}