{"id":2488,"date":"2019-02-14T10:04:29","date_gmt":"2019-02-14T12:04:29","guid":{"rendered":"https:\/\/wp.ufpel.edu.br\/ppgna\/?page_id=2488"},"modified":"2025-10-23T11:17:50","modified_gmt":"2025-10-23T14:17:50","slug":"2018-2","status":"publish","type":"page","link":"https:\/\/wp.ufpel.edu.br\/ppgna\/ingresso\/defesas\/2018-2\/","title":{"rendered":"2018"},"content":{"rendered":"<p>Titulo: Efeito de marinados sobre a forma\u00e7\u00e3o de aminas heteroc\u00edclicas em carnes cozidas em diferentes utens\u00edlios culin\u00e1rios <a href=\"https:\/\/wp.ufpel.edu.br\/ppgna\/files\/2021\/03\/Camila-Castencio-Nogueira.pdf\">[Download]<\/a><br \/>\nDiscente: CAMILA CASTENCIO NOGUEIRA<br \/>\nData: 12\/12\/2018<\/p>\n<p>Titulo: Efeito do tratamento t\u00e9rmico nos compostos bioativos e sensorial em prepara\u00e7\u00f5es culin\u00e1rias de vinho tinto e suco de uva <a href=\"https:\/\/wp.ufpel.edu.br\/ppgna\/files\/2021\/03\/Roberta.pdf\">[Download]<\/a><br \/>\nDiscente: ROBERTA BASCKE SANTOS<br \/>\nData: 10\/09\/2018<\/p>\n<p>Titulo: Preval\u00eancia do uso de recursos nutricionais, fisiol\u00f3gicos e fatores associados em usu\u00e1rios de academias de gin\u00e1stica na cidade de Pelotas\/RS <a href=\"https:\/\/wp.ufpel.edu.br\/ppgna\/files\/2021\/03\/Franciele.pdf\">[Download]<\/a><br \/>\nDiscente: FRANCIELE VALERON RODRIGUES<br \/>\nData: 31\/08\/2018<\/p>\n<p>Titulo: Propriedades tecnol\u00f3gicas, nutricionais e sensoriais de biscoito tipo cookie desenvolvido com diferentes tipos de farinha de baga\u00e7o de uva <a href=\"https:\/\/wp.ufpel.edu.br\/ppgna\/files\/2021\/03\/Mauro.pdf\">[Download]<\/a><br \/>\nDiscente: MAURO FONTANA<br \/>\nData: 30\/08\/2018<\/p>\n<p>Titulo: Perfil sangu\u00edneo, estresse oxidativo e desempenho alimentar de camundongos swiss suplementados com Pichia pastoris e imunossuprimidos com ciclofosfamida <a href=\"https:\/\/wp.ufpel.edu.br\/ppgna\/files\/2021\/03\/Khadija-Massaut.pdf\">[Download]<\/a><br \/>\nDiscente: KHADIJA BEZERRA MASSAUT<br \/>\nData: 28\/08\/2018<\/p>\n<p>Titulo:\u00a0Efeito da restri\u00e7\u00e3o cal\u00f3rica e da rapamicina sobre o envelhecimento ovariano em camundongos <a href=\"https:\/\/wp.ufpel.edu.br\/ppgna\/files\/2021\/03\/Driele-Garcia.pdf\">[Download]<\/a><br \/>\nDiscente: DRIELE NESKE GARCIA<br \/>\nData: 06\/08\/2018<\/p>\n<p>Titulo: Caracteriza\u00e7\u00e3o da laranja-azeda e microencapsula\u00e7\u00e3o do extrato obtido da casca pelo m\u00e9todo spray drying <a href=\"https:\/\/wp.ufpel.edu.br\/ppgna\/files\/2021\/03\/Previa-Fernanda-Moura-PPGNA.pdf\">[Download]<\/a><br \/>\nDiscente: FERNANDA MOURA RIBEIRO TRINDADE<br \/>\nData: 31\/07\/2018<\/p>\n<p>Titulo: Concentra\u00e7\u00f5es de vitaminas B6, folato e B12 e sua associa\u00e7\u00e3o com a concentra\u00e7\u00e3o dos lip\u00eddeos s\u00e9ricos na gesta\u00e7\u00e3o: Estudo prospectivo <a href=\"https:\/\/wp.ufpel.edu.br\/ppgna\/files\/2021\/03\/Manoela-Teixeira.pdf\">[Download]<\/a><br \/>\nDiscente: MANOELA TEIXEIRA DA SILVA<br \/>\nData: 31\/07\/2018<\/p>\n<p>Titulo: Viol\u00eancia entre parceiros \u00edntimos e padr\u00f5es alimentares na gesta\u00e7\u00e3o: estudo prospectivo <a href=\"https:\/\/wp.ufpel.edu.br\/ppgna\/files\/2021\/03\/Maria-Eduarda-M.-da-C.-de-Souza.pdf\">[Download]<\/a><br \/>\nDiscente: MARIA EDUARDA MONTEIRO DA CUNHA DE SOUZA<br \/>\nData: 31\/07\/2018<\/p>\n<p>Titulo: Paraoxonase 1: an\u00e1lise da influ\u00eancia da qualidade da dieta, fatores gen\u00e9ticos e bioqu\u00edmicos em crian\u00e7as <a href=\"https:\/\/wp.ufpel.edu.br\/ppgna\/files\/2021\/03\/Taina-Sigales.pdf\">[Download]<\/a><br \/>\nDiscente: TAINA DA SILVA SIGALES<br \/>\nData: 30\/07\/2018<\/p>\n<p>Titulo: Perfil de aquisi\u00e7\u00e3o de alimentos provenientes da agricultura familiar para alimenta\u00e7\u00e3o escolar em munic\u00edpios da regi\u00e3o sul do Rio Grande do Sul <a href=\"https:\/\/wp.ufpel.edu.br\/ppgna\/files\/2021\/03\/Bruna-Limons.pdf\">[Download]<\/a><br \/>\nDiscente: BRUNA MENDONCA LIMONS<br \/>\nData: 30\/07\/2018<\/p>\n<p>Titulo: Conserva\u00e7\u00e3o de pinh\u00f5es minimamente processados por meio de revestimentos comest\u00edveis com caracter\u00edsticas antimicrobianas <a href=\"https:\/\/wp.ufpel.edu.br\/ppgna\/files\/2021\/03\/Michele.pdf\">[Download]<\/a><br \/>\nDiscente: MICHELE KRUGER VAZ MOREIRA<br \/>\nData: 27\/07\/2018<\/p>\n<p>Titulo: Consumo alimentar segundo o grau de processamento e ingest\u00e3o de nutrientes entre adolescentes da zona rural de Pelotas, RS <a href=\"https:\/\/wp.ufpel.edu.br\/ppgna\/files\/2021\/03\/Riceli-Rodeghiero.pdf\">[Download]<\/a><br \/>\nDiscente: RICELI RODEGHIERO OLIVEIRA<br \/>\nData: 24\/07\/2018<\/p>\n<p>Titulo: Ingest\u00e3o de bebidas a\u00e7ucaradas e adi\u00e7\u00e3o de a\u00e7\u00facares at\u00e9 os dois anos de idade entre crian\u00e7as brasileiras pertencentes a estudo longitudinal de antropometria infantil <a href=\"https:\/\/wp.ufpel.edu.br\/ppgna\/files\/2021\/03\/Nathalia-Pinto.pdf\">[Download]<\/a><br \/>\nDiscente: NATHALIA VICTORIA PINTO DA SILVA<br \/>\nData: 17\/07\/2018<\/p>\n<p>Titulo: Excesso de peso e mortalidade em estados brasileiros e argentinos <a href=\"https:\/\/wp.ufpel.edu.br\/ppgna\/files\/2021\/03\/Valeria.pdf\">[Download]<\/a><br \/>\nDiscente: VALERIA ROMINA AMANN<br \/>\nData: 16\/07\/2018<\/p>\n<p>Titulo: Frequ\u00eancia dos alelos de risco relacionados aos complexos HLA-DQ2 e HLA-DQ8 em parentes de primeiro grau de cel\u00edacos no sul do Brasil <a href=\"https:\/\/wp.ufpel.edu.br\/ppgna\/files\/2021\/03\/Giovana-Ribeiro-Pegoraro.pdf\">[Download]<\/a><br \/>\nDiscente: GIOVANA RIBEIRO PEGORARO<br \/>\nData: 11\/07\/2018<\/p>\n<p>Titulo: Preval\u00eancia dos alelos de risco do complexo HLA DQ2 e DQ8 em cel\u00edacos no sul do Brasil <a href=\"https:\/\/wp.ufpel.edu.br\/ppgna\/files\/2021\/03\/Monica-Schiavon-da-Costa.pdf\">[Download]<\/a><br \/>\nDiscente: MONICA SCHIAVON DA COSTA<br \/>\nData: 11\/07\/2018<\/p>\n<p>Titulo: Qualidade da dieta de pacientes com doen\u00e7a cardiovascular no munic\u00edpio de Pelotas (RS), Brasil <a href=\"https:\/\/wp.ufpel.edu.br\/ppgna\/files\/2021\/03\/Fernanda-Vighi-Dobke.pdf\">[Download]<\/a><br \/>\nDiscente: FERNANDA VIGHI DOBKE<br \/>\nData: 05\/07\/2018<\/p>\n<p>Titulo: Inten\u00e7\u00e3o de amamentar, aleitamento materno e motivos para o desmame entre m\u00e3es do sul do Brasil <a href=\"https:\/\/wp.ufpel.edu.br\/ppgna\/files\/2021\/03\/Sheila-Amaral.pdf\">[Download]<\/a><br \/>\nDiscente: SHEILA AFONSO DO AMARAL<br \/>\nData: 03\/07\/2018<\/p>\n<p>Titulo: Folhas de Oliveira (Olea europaea L): Atividade Antioxidante, Antimicrobiana e Biol\u00f3gica <a href=\"https:\/\/wp.ufpel.edu.br\/ppgna\/files\/2021\/03\/Bruna-Antunes.pdf\">[Download]<\/a><br \/>\nDiscente: BRUNA DA FONSECA ANTUNES<br \/>\nData: 28\/02\/2018<\/p>\n<p>Titulo: Vibrio vulnificus isolados de pescados do estu\u00e1rio da Lagoa dos Patos: capacidade de formar biofilmes ap\u00f3s estresses subletais e resist\u00eancia frente a antibi\u00f3ticos e sanitizantes <a href=\"https:\/\/wp.ufpel.edu.br\/ppgna\/files\/2021\/03\/Debora.pdf\">[Download]<\/a><br \/>\nDiscente: DEBORA RODRIGUES SILVEIRA<br \/>\nData: 22\/02\/2018<\/p>\n<p>Titulo: Avalia\u00e7\u00e3o de Risco e Estado Nutricional, Composi\u00e7\u00e3o Corporal e Progn\u00f3stico em Pacientes Cr\u00edticos de uma UTI de Pelotas, RS <a href=\"https:\/\/wp.ufpel.edu.br\/ppgna\/files\/2021\/03\/Paula-Piske.pdf\">[Download]<\/a><br \/>\nDiscente: PAULA PISKE KRUSCHARDT DOS SANTOS<br \/>\nData: 18\/01\/2018<\/p>\n","protected":false},"excerpt":{"rendered":"<p>Titulo: Efeito de marinados sobre a forma\u00e7\u00e3o de aminas heteroc\u00edclicas em carnes cozidas em diferentes utens\u00edlios culin\u00e1rios [Download] Discente: CAMILA CASTENCIO NOGUEIRA Data: 12\/12\/2018 Titulo: Efeito do tratamento t\u00e9rmico nos compostos bioativos e sensorial em prepara\u00e7\u00f5es culin\u00e1rias de vinho tinto e suco de uva [Download] Discente: ROBERTA BASCKE SANTOS Data: 10\/09\/2018 Titulo: Preval\u00eancia do uso [&hellip;]<\/p>\n","protected":false},"author":209,"featured_media":0,"parent":4330,"menu_order":0,"comment_status":"closed","ping_status":"closed","template":"","meta":{"jetpack_post_was_ever_published":false,"footnotes":""},"class_list":["post-2488","page","type-page","status-publish","hentry"],"jetpack_sharing_enabled":true,"jetpack_shortlink":"https:\/\/wp.me\/P8FvYb-E8","_links":{"self":[{"href":"https:\/\/wp.ufpel.edu.br\/ppgna\/wp-json\/wp\/v2\/pages\/2488","targetHints":{"allow":["GET"]}}],"collection":[{"href":"https:\/\/wp.ufpel.edu.br\/ppgna\/wp-json\/wp\/v2\/pages"}],"about":[{"href":"https:\/\/wp.ufpel.edu.br\/ppgna\/wp-json\/wp\/v2\/types\/page"}],"author":[{"embeddable":true,"href":"https:\/\/wp.ufpel.edu.br\/ppgna\/wp-json\/wp\/v2\/users\/209"}],"replies":[{"embeddable":true,"href":"https:\/\/wp.ufpel.edu.br\/ppgna\/wp-json\/wp\/v2\/comments?post=2488"}],"version-history":[{"count":10,"href":"https:\/\/wp.ufpel.edu.br\/ppgna\/wp-json\/wp\/v2\/pages\/2488\/revisions"}],"predecessor-version":[{"id":2857,"href":"https:\/\/wp.ufpel.edu.br\/ppgna\/wp-json\/wp\/v2\/pages\/2488\/revisions\/2857"}],"up":[{"embeddable":true,"href":"https:\/\/wp.ufpel.edu.br\/ppgna\/wp-json\/wp\/v2\/pages\/4330"}],"wp:attachment":[{"href":"https:\/\/wp.ufpel.edu.br\/ppgna\/wp-json\/wp\/v2\/media?parent=2488"}],"curies":[{"name":"wp","href":"https:\/\/api.w.org\/{rel}","templated":true}]}}