{"id":2440,"date":"2018-10-26T16:55:55","date_gmt":"2018-10-26T19:55:55","guid":{"rendered":"https:\/\/wp.ufpel.edu.br\/ppgna\/?page_id=2440"},"modified":"2019-04-10T11:21:58","modified_gmt":"2019-04-10T14:21:58","slug":"2018-2","status":"publish","type":"page","link":"https:\/\/wp.ufpel.edu.br\/ppgna\/ingresso\/discentes-2\/2018-2\/","title":{"rendered":"2018"},"content":{"rendered":"<table style=\"height: 792px;border-style: dashed;width: 501px;border-color: #000000\" width=\"501\">\n<tbody>\n<tr>\n<td style=\"width: 328px\">Discente<\/td>\n<td style=\"width: 157px\">Orientador<\/td>\n<\/tr>\n<tr>\n<td style=\"width: 328px\">\u00a0Alessandra Maia Almeida<\/td>\n<td style=\"width: 157px\">Fabiana<\/td>\n<\/tr>\n<tr>\n<td style=\"width: 328px\">\u00a0Amanda Atrib<\/td>\n<td style=\"width: 157px\">Claudio<\/td>\n<\/tr>\n<tr>\n<td style=\"width: 328px\">Ana Paula Maciel de Lima<\/td>\n<td style=\"width: 157px\">Renata B.<\/td>\n<\/tr>\n<tr>\n<td style=\"width: 328px\">Bet\u00e2nia Boeira Scheer<\/td>\n<td style=\"width: 157px\">Sandra<\/td>\n<\/tr>\n<tr>\n<td style=\"width: 328px\">Clarissa Borella Gomes<\/td>\n<td style=\"width: 157px\">Carla M.<\/td>\n<\/tr>\n<tr>\n<td style=\"width: 328px\">Diego de Almeida Souza<\/td>\n<td style=\"width: 157px\">Paulo<\/td>\n<\/tr>\n<tr>\n<td style=\"width: 328px\">Etiene Dias Alves<\/td>\n<td style=\"width: 157px\">Ludmila<\/td>\n<\/tr>\n<tr>\n<td style=\"width: 328px\">Fabiana Barbosa Pacheco<\/td>\n<td style=\"width: 157px\">Angela<\/td>\n<\/tr>\n<tr>\n<td style=\"width: 328px\">Fabr\u00edcio Tabeli\u00e3o Degrandis<\/td>\n<td style=\"width: 157px\">Paulo<\/td>\n<\/tr>\n<tr>\n<td style=\"width: 328px\">Felipe Mendes Del Pino<\/td>\n<td style=\"width: 157px\">Renata A.<\/td>\n<\/tr>\n<tr>\n<td style=\"width: 328px\">Gabriela Venturini Antunes<\/td>\n<td style=\"width: 157px\">Eliezer<\/td>\n<\/tr>\n<tr>\n<td style=\"width: 328px\">Giovane Miranda Sodr\u00e9<\/td>\n<td style=\"width: 157px\">Eliezer<\/td>\n<\/tr>\n<tr>\n<td style=\"width: 328px\">Luis Roberto Sinott<\/td>\n<td style=\"width: 157px\">Carlos<\/td>\n<\/tr>\n<tr>\n<td style=\"width: 328px\">Mael Sacco Costa<\/td>\n<td style=\"width: 157px\">Denise<\/td>\n<\/tr>\n<tr>\n<td style=\"width: 328px\">Marcieli Assun\u00e7\u00e3o<\/td>\n<td style=\"width: 157px\">Marcia G.<\/td>\n<\/tr>\n<tr>\n<td style=\"width: 328px\">Mariana Silveira Mello Silva<\/td>\n<td style=\"width: 157px\">Juliana<\/td>\n<\/tr>\n<tr>\n<td style=\"width: 328px\">Nath\u00e1lia Flores<\/td>\n<td style=\"width: 157px\">Gicele<\/td>\n<\/tr>\n<tr>\n<td style=\"width: 328px\">P\u00e2mela dos Santos Hellwig<\/td>\n<td style=\"width: 157px\">Marcia G.<\/td>\n<\/tr>\n<tr>\n<td style=\"width: 328px\">Samara Christ Teixeira<\/td>\n<td style=\"width: 157px\">Denise<\/td>\n<\/tr>\n<tr>\n<td style=\"width: 328px\">Taiciane Gon\u00e7alves da Silva<\/td>\n<td style=\"width: 157px\">Simone<\/td>\n<\/tr>\n<tr>\n<td style=\"width: 328px\">Thaiane Kubiak<\/td>\n<td style=\"width: 157px\">Elizabete<\/td>\n<\/tr>\n<tr>\n<td style=\"width: 328px\">Vanessa Kern Bubolz<\/td>\n<td style=\"width: 157px\">Renata A.<\/td>\n<\/tr>\n<\/tbody>\n<\/table>\n<p>&nbsp;<\/p>\n","protected":false},"excerpt":{"rendered":"<p>Discente Orientador \u00a0Alessandra Maia Almeida Fabiana \u00a0Amanda Atrib Claudio Ana Paula Maciel de Lima Renata B. Bet\u00e2nia Boeira Scheer Sandra Clarissa Borella Gomes Carla M. Diego de Almeida Souza Paulo Etiene Dias Alves Ludmila Fabiana Barbosa Pacheco Angela Fabr\u00edcio Tabeli\u00e3o Degrandis Paulo Felipe Mendes Del Pino Renata A. Gabriela Venturini Antunes Eliezer Giovane Miranda Sodr\u00e9 [&hellip;]<\/p>\n","protected":false},"author":209,"featured_media":0,"parent":1760,"menu_order":0,"comment_status":"closed","ping_status":"closed","template":"","meta":{"jetpack_post_was_ever_published":false,"footnotes":""},"class_list":["post-2440","page","type-page","status-publish","hentry"],"jetpack_sharing_enabled":true,"jetpack_shortlink":"https:\/\/wp.me\/P8FvYb-Dm","_links":{"self":[{"href":"https:\/\/wp.ufpel.edu.br\/ppgna\/wp-json\/wp\/v2\/pages\/2440","targetHints":{"allow":["GET"]}}],"collection":[{"href":"https:\/\/wp.ufpel.edu.br\/ppgna\/wp-json\/wp\/v2\/pages"}],"about":[{"href":"https:\/\/wp.ufpel.edu.br\/ppgna\/wp-json\/wp\/v2\/types\/page"}],"author":[{"embeddable":true,"href":"https:\/\/wp.ufpel.edu.br\/ppgna\/wp-json\/wp\/v2\/users\/209"}],"replies":[{"embeddable":true,"href":"https:\/\/wp.ufpel.edu.br\/ppgna\/wp-json\/wp\/v2\/comments?post=2440"}],"version-history":[{"count":5,"href":"https:\/\/wp.ufpel.edu.br\/ppgna\/wp-json\/wp\/v2\/pages\/2440\/revisions"}],"predecessor-version":[{"id":2543,"href":"https:\/\/wp.ufpel.edu.br\/ppgna\/wp-json\/wp\/v2\/pages\/2440\/revisions\/2543"}],"up":[{"embeddable":true,"href":"https:\/\/wp.ufpel.edu.br\/ppgna\/wp-json\/wp\/v2\/pages\/1760"}],"wp:attachment":[{"href":"https:\/\/wp.ufpel.edu.br\/ppgna\/wp-json\/wp\/v2\/media?parent=2440"}],"curies":[{"name":"wp","href":"https:\/\/api.w.org\/{rel}","templated":true}]}}