{"id":23,"date":"2012-09-06T15:09:16","date_gmt":"2012-09-06T18:09:16","guid":{"rendered":"https:\/\/wp.ufpel.edu.br\/ppgna\/?page_id=23"},"modified":"2026-02-27T16:01:23","modified_gmt":"2026-02-27T19:01:23","slug":"downloads","status":"publish","type":"page","link":"https:\/\/wp.ufpel.edu.br\/ppgna\/downloads\/","title":{"rendered":"Downloads"},"content":{"rendered":"<p><strong>Documentos Sele\u00e7\u00e3o [*]<\/strong><\/p>\n<p><a href=\"https:\/\/wp.ufpel.edu.br\/ppgna\/files\/2023\/12\/Planilha.xlsx\">Planilha avalia\u00e7\u00e3o do curr\u00edculo<\/a><\/p>\n<p><a href=\"https:\/\/wp.ufpel.edu.br\/ppgna\/files\/2012\/09\/Formul\u00e1rio-1-Inscri\u00e7\u00e3o.doc\">Formul\u00e1rio 1 &#8211; Inscri\u00e7\u00e3o<\/a><\/p>\n<p><a href=\"https:\/\/wp.ufpel.edu.br\/ppgna\/files\/2021\/12\/Form1A.docx\">Formul\u00e1rio 1A &#8211; Plano de Trabalho<\/a><\/p>\n<p><a href=\"https:\/\/wp.ufpel.edu.br\/ppgna\/files\/2023\/01\/Formulario-1B-Carta-de-Recomendacao.doc\">Formul\u00e1rio 1B &#8211; Carta de Recomenda\u00e7\u00e3o<\/a><\/p>\n<p><a href=\"https:\/\/wp.ufpel.edu.br\/ppgna\/files\/2012\/09\/Declara\u00e7\u00e3o-de-Etnia.pdf\">Formul\u00e1rio para Declara\u00e7\u00e3o de Etnia<\/a><\/p>\n<p><a href=\"https:\/\/wp.ufpel.edu.br\/ppgna\/files\/2021\/05\/Autodeclaracao_de_Identidade_de_Genero.pdf\">Formul\u00e1rio para declara\u00e7\u00e3o de identidade de g\u00eanero<\/a><\/p>\n<p>&nbsp;<\/p>\n<p><strong>[*] Translated documents for international students &#8211; Selection process for Master&#8217;s and Doctoral \u00a0candidates<\/strong><\/p>\n<p>Excel file for punctuation in the CV &#8211; only in Portuguese<\/p>\n<p><a href=\"https:\/\/wp.ufpel.edu.br\/ppgna\/files\/2024\/12\/Form-1-Registration.docx\">Form 1 Registration<\/a><\/p>\n<p><a href=\"https:\/\/wp.ufpel.edu.br\/ppgna\/files\/2024\/12\/Form1A-EN.docx\">Form 1A Work Plan<\/a><\/p>\n<p><a href=\"https:\/\/wp.ufpel.edu.br\/ppgna\/files\/2024\/12\/Form-1B-Letter-of-Reference.doc\">Form-1B-Letter-of-Reference<\/a><\/p>\n<p><a href=\"https:\/\/wp.ufpel.edu.br\/ppgna\/files\/2024\/12\/Declaracao-de-Etnia-EN.docx\">Declaration of Ethnicity<\/a><\/p>\n<p><a href=\"https:\/\/wp.ufpel.edu.br\/ppgna\/files\/2024\/12\/Gender-Declaration.docx\">Gender Declaration<\/a><\/p>\n<p>&nbsp;<\/p>\n<p><strong>Documentos sele\u00e7\u00e3o aluno especial<\/strong><\/p>\n<p><a href=\"https:\/\/wp.ufpel.edu.br\/ppgna\/files\/2012\/09\/Aluno-Especial-Formul\u00e1rio-de-Inscri\u00e7\u00e3o.doc\">Formul\u00e1rio de Inscri\u00e7\u00e3o para Aluno Especial<\/a><\/p>\n<p>&nbsp;<\/p>\n<p><strong>Documentos para matr\u00edcula e aproveitamento de cr\u00e9ditos<\/strong><\/p>\n<p><a href=\"https:\/\/wp.ufpel.edu.br\/ppgna\/files\/2012\/09\/Formulario2.doc\">Formulario 2 &#8211; Matricula de Aluno Regular<\/a><\/p>\n<p><a href=\"https:\/\/wp.ufpel.edu.br\/ppgna\/files\/2012\/09\/Formul\u00e1rio-3-Plano-de-Estudo.doc\">Formul\u00e1rio 3 &#8211; Plano de Estudo<\/a><\/p>\n<p><a href=\"https:\/\/wp.ufpel.edu.br\/ppgna\/files\/2012\/09\/Formul\u00e1rio-6-Transfer\u00eancia-ou-Aproveitamento-de-Cr\u00e9ditos1.doc\">Formul\u00e1rio 6 &#8211; Transfer\u00eancia ou Aproveitamento de Cr\u00e9ditos<\/a><\/p>\n<p><a href=\"https:\/\/wp.ufpel.edu.br\/ppgna\/files\/2012\/09\/Formul\u00e1rio-9-Cancelamento-de-Matr\u00edcula-em-Disciplina.doc\">Formul\u00e1rio 9 &#8211; Cancelamento de Matr\u00edcula em Disciplina<\/a><\/p>\n<p><a href=\"https:\/\/wp.ufpel.edu.br\/ppgna\/files\/2012\/09\/Formul\u00e1rio-10-Trancamento-de-Matr\u00edcula.doc\">Formul\u00e1rio 10 &#8211; Trancamento de Matr\u00edcula<\/a><\/p>\n<p>&nbsp;<\/p>\n<p><strong>Termos de compromisso<\/strong><\/p>\n<p><a href=\"https:\/\/wp.ufpel.edu.br\/ppgna\/files\/2023\/11\/TermodeCompromissoDS.pdf\">Termo de Compromisso Bolsa<\/a><\/p>\n<p><a href=\"https:\/\/wp.ufpel.edu.br\/ppgna\/files\/2023\/11\/DeclaraodeAcmulos.pdf\">Declara\u00e7\u00e3o de Ac\u00famulos<\/a><\/p>\n<p><a href=\"https:\/\/wp.ufpel.edu.br\/ppgna\/files\/2023\/11\/Minuta-Vinculo.pdf\">Minuta Acumulo Atividades Remuneradas<\/a><\/p>\n<p>&nbsp;<\/p>\n<p><strong>Doc\u00eancia Orientada<\/strong><\/p>\n<p><a href=\"https:\/\/wp.ufpel.edu.br\/ppgna\/files\/2012\/09\/Modelo-de-Plano-de-Atividades-para-Doc\u00eancia-Orientada.doc\">Modelo de Plano de Atividades para Doc\u00eancia Orientada<\/a><\/p>\n<p><a href=\"https:\/\/wp.ufpel.edu.br\/ppgna\/files\/2012\/09\/Modelo-de-Relat\u00f3rio-de-Atividades-para-Doc\u00eancia-Orientada.doc\">Modelo de Relat\u00f3rio de Atividades para Doc\u00eancia Orientada<\/a><\/p>\n<p>&nbsp;<\/p>\n<p><strong>Documentos para qualifica\u00e7\u00e3o de disserta\u00e7\u00e3o\/tese<\/strong><\/p>\n<p><a href=\"https:\/\/wp.ufpel.edu.br\/ppgna\/files\/2020\/04\/Agendamento.doc\">Agendamento de exame de qualifica\u00e7\u00e3o<\/a><\/p>\n<p><a href=\"https:\/\/wp.ufpel.edu.br\/ppgna\/files\/2020\/12\/Form7.docx\">Formul\u00e1rio 7 &#8211; Defesa de Exame de Qualifica\u00e7\u00e3o<\/a><\/p>\n<p>&nbsp;<\/p>\n<p><strong>Documentos para defesa de disserta\u00e7\u00e3o\/tese<\/strong><\/p>\n<p><a href=\"https:\/\/wp.ufpel.edu.br\/ppgna\/files\/2019\/03\/Formulario-defesa.docx\">Formul\u00e1rio de agendamento da defesa<\/a><\/p>\n<p><a href=\"https:\/\/wp.ufpel.edu.br\/ppgna\/files\/2012\/09\/Formul\u00e1rio-de-Pedido-de-Prorroga\u00e7\u00e3o-de-Defesa-PPGNA.doc\">Formul\u00e1rio de Pedido de Prorroga\u00e7\u00e3o de Defesa<\/a><\/p>\n<p><a href=\"https:\/\/wp.ufpel.edu.br\/ppgna\/files\/2022\/07\/Modelo.docx\">Modelo PPGNA de Disserta\u00e7\u00f5es\/Teses<\/a><\/p>\n<p><a href=\"https:\/\/wp.ufpel.edu.br\/sisbi\/normas-da-ufpel-para-trabalhos-academicos\/\">Normas da Biblioteca da UFPel<\/a><\/p>\n<p><a href=\"https:\/\/wp.ufpel.edu.br\/ppgna\/files\/2021\/03\/Termo_1253840_Termo_de_autorizacao_para_inserir_teses_e_dissertacoes_nas_bases_de_dados_da_UFPel_e_IBICT__Novo_.pdf\">Termo de autoriza\u00e7\u00e3o biblioteca<\/a><\/p>\n<p>&nbsp;<\/p>\n<p><strong>Outro documentos<\/strong><\/p>\n<p>&nbsp;<\/p>\n","protected":false},"excerpt":{"rendered":"<p>Documentos Sele\u00e7\u00e3o [*] Planilha avalia\u00e7\u00e3o do curr\u00edculo Formul\u00e1rio 1 &#8211; Inscri\u00e7\u00e3o Formul\u00e1rio 1A &#8211; Plano de Trabalho Formul\u00e1rio 1B &#8211; Carta de Recomenda\u00e7\u00e3o Formul\u00e1rio para Declara\u00e7\u00e3o de Etnia Formul\u00e1rio para declara\u00e7\u00e3o de identidade de g\u00eanero &nbsp; [*] Translated documents for international students &#8211; Selection process for Master&#8217;s and Doctoral \u00a0candidates Excel file for punctuation in [&hellip;]<\/p>\n","protected":false},"author":207,"featured_media":0,"parent":0,"menu_order":9,"comment_status":"closed","ping_status":"closed","template":"","meta":{"jetpack_post_was_ever_published":false,"footnotes":""},"class_list":["post-23","page","type-page","status-publish","hentry"],"jetpack_sharing_enabled":true,"jetpack_shortlink":"https:\/\/wp.me\/P8FvYb-n","_links":{"self":[{"href":"https:\/\/wp.ufpel.edu.br\/ppgna\/wp-json\/wp\/v2\/pages\/23","targetHints":{"allow":["GET"]}}],"collection":[{"href":"https:\/\/wp.ufpel.edu.br\/ppgna\/wp-json\/wp\/v2\/pages"}],"about":[{"href":"https:\/\/wp.ufpel.edu.br\/ppgna\/wp-json\/wp\/v2\/types\/page"}],"author":[{"embeddable":true,"href":"https:\/\/wp.ufpel.edu.br\/ppgna\/wp-json\/wp\/v2\/users\/207"}],"replies":[{"embeddable":true,"href":"https:\/\/wp.ufpel.edu.br\/ppgna\/wp-json\/wp\/v2\/comments?post=23"}],"version-history":[{"count":3,"href":"https:\/\/wp.ufpel.edu.br\/ppgna\/wp-json\/wp\/v2\/pages\/23\/revisions"}],"predecessor-version":[{"id":4566,"href":"https:\/\/wp.ufpel.edu.br\/ppgna\/wp-json\/wp\/v2\/pages\/23\/revisions\/4566"}],"wp:attachment":[{"href":"https:\/\/wp.ufpel.edu.br\/ppgna\/wp-json\/wp\/v2\/media?parent=23"}],"curies":[{"name":"wp","href":"https:\/\/api.w.org\/{rel}","templated":true}]}}