{"id":2157,"date":"2017-03-02T10:39:15","date_gmt":"2017-03-02T13:39:15","guid":{"rendered":"https:\/\/wp.ufpel.edu.br\/ppgna\/?page_id=2157"},"modified":"2025-06-18T15:25:58","modified_gmt":"2025-06-18T18:25:58","slug":"ensino-2","status":"publish","type":"page","link":"https:\/\/wp.ufpel.edu.br\/ppgna\/ensino-2\/","title":{"rendered":"Ensino"},"content":{"rendered":"<p>O curso \u00e9 composto por um n\u00facleo de disciplinas obrigat\u00f3rias que incluem as no\u00e7\u00f5es b\u00e1sicas de estat\u00edstica, m\u00e9todos em pesquisa, \u00e9tica, al\u00e9m de conceitos em pol\u00edticas p\u00fablicas, alimentos e nutri\u00e7\u00e3o. Os alunos bolsistas tamb\u00e9m t\u00eam como curso obrigat\u00f3rio a doc\u00eancia orientada, que \u00e9 ofertada de maneira eletiva aos n\u00e3o bolsistas, desta maneira visando complementar a forma\u00e7\u00e3o docente do aluno. Al\u00e9m disso, um conjunto de disciplinas eletivas nas diversas \u00e1reas de atua\u00e7\u00e3o dos professores do curso \u00e9 ofertado, permitindo ao aluno direcionar sua forma\u00e7\u00e3o dentro do curso para linha experimental, cl\u00ednica, epidemiol\u00f3gica ou de an\u00e1lise de alimentos. Dentre as eletivas s\u00e3o valorizadas as \u00e1reas de microbiologia, an\u00e1lise de alimentos, nutri\u00e7\u00e3o cl\u00ednica, sa\u00fade p\u00fablica, gen\u00e9tica, bioqu\u00edmica e fisiologia, todas tendo como \u00eanfase sua interface e aplica\u00e7\u00e3o a ci\u00eancia da nutri\u00e7\u00e3o.<\/p>\n<p>Al\u00e9m disso, a UFPel conta com um sistema online de matr\u00edculas que permite aos alunos de um PPG se matricularem com facilidade em disciplinas de outro PPG e aproveitar estes cr\u00e9ditos de maneira integrada. Assim, v\u00e1rios alunos do PPGNA t\u00eam complementado sua carga hor\u00e1ria em disciplinas eletivas com cr\u00e9ditos obtidos em cursos afins como Epidemiologia, Ci\u00eancia e Tecnologia de Alimentos, Biotecnologia, Veterin\u00e1ria e Antropologia, o que tem sido estimulado entre alunos para que busquem uma forma\u00e7\u00e3o mais interdisciplinar e direcionadas a ao seu projeto de disserta\u00e7\u00e3o.<\/p>\n<p>&nbsp;<\/p>\n<p><strong>IMPORTANTE<\/strong>: Todos os Cursos de P\u00f3s-gradua\u00e7\u00e3o da UFPel ocorrem em formato presencial e atendem a Instru\u00e7\u00e3o Normativa da CAPES No. 3 de 16 de junho de 2025. <a href=\"https:\/\/www.in.gov.br\/en\/web\/dou\/-\/instrucao-normativa-n-3-de-16-de-junho-de-2025-636829657\">LINK<\/a><\/p>\n<p>Aulas remotas poder\u00e3o ocorrer de forma pontual e a t\u00edtulo de exce\u00e7\u00e3o.<\/p>\n","protected":false},"excerpt":{"rendered":"<p>O curso \u00e9 composto por um n\u00facleo de disciplinas obrigat\u00f3rias que incluem as no\u00e7\u00f5es b\u00e1sicas de estat\u00edstica, m\u00e9todos em pesquisa, \u00e9tica, al\u00e9m de conceitos em pol\u00edticas p\u00fablicas, alimentos e nutri\u00e7\u00e3o. Os alunos bolsistas tamb\u00e9m t\u00eam como curso obrigat\u00f3rio a doc\u00eancia orientada, que \u00e9 ofertada de maneira eletiva aos n\u00e3o bolsistas, desta maneira visando complementar a [&hellip;]<\/p>\n","protected":false},"author":209,"featured_media":0,"parent":0,"menu_order":3,"comment_status":"closed","ping_status":"closed","template":"","meta":{"jetpack_post_was_ever_published":false,"footnotes":""},"class_list":["post-2157","page","type-page","status-publish","hentry"],"jetpack_sharing_enabled":true,"jetpack_shortlink":"https:\/\/wp.me\/P8FvYb-yN","_links":{"self":[{"href":"https:\/\/wp.ufpel.edu.br\/ppgna\/wp-json\/wp\/v2\/pages\/2157","targetHints":{"allow":["GET"]}}],"collection":[{"href":"https:\/\/wp.ufpel.edu.br\/ppgna\/wp-json\/wp\/v2\/pages"}],"about":[{"href":"https:\/\/wp.ufpel.edu.br\/ppgna\/wp-json\/wp\/v2\/types\/page"}],"author":[{"embeddable":true,"href":"https:\/\/wp.ufpel.edu.br\/ppgna\/wp-json\/wp\/v2\/users\/209"}],"replies":[{"embeddable":true,"href":"https:\/\/wp.ufpel.edu.br\/ppgna\/wp-json\/wp\/v2\/comments?post=2157"}],"version-history":[{"count":4,"href":"https:\/\/wp.ufpel.edu.br\/ppgna\/wp-json\/wp\/v2\/pages\/2157\/revisions"}],"predecessor-version":[{"id":4171,"href":"https:\/\/wp.ufpel.edu.br\/ppgna\/wp-json\/wp\/v2\/pages\/2157\/revisions\/4171"}],"wp:attachment":[{"href":"https:\/\/wp.ufpel.edu.br\/ppgna\/wp-json\/wp\/v2\/media?parent=2157"}],"curies":[{"name":"wp","href":"https:\/\/api.w.org\/{rel}","templated":true}]}}