{"id":1844,"date":"2015-06-09T21:37:45","date_gmt":"2015-06-10T00:37:45","guid":{"rendered":"https:\/\/wp.ufpel.edu.br\/ppgna\/?page_id=1844"},"modified":"2026-03-31T08:47:55","modified_gmt":"2026-03-31T11:47:55","slug":"calendario","status":"publish","type":"page","link":"https:\/\/wp.ufpel.edu.br\/ppgna\/calendario\/","title":{"rendered":"Calend\u00e1rio"},"content":{"rendered":"\n<!-- iframe plugin v.6.0 wordpress.org\/plugins\/iframe\/ -->\n<iframe src=\"https:\/\/www.google.com\/calendar\/embed?src=ppgnutri%40gmail.com&#038;ctz=America\/Sao_Paulo\" style=\"border: 0\" width=\"100%\" height=\"600\" frameborder=\"0\" scrolling=\"yes\" class=\"iframe-class\"><\/iframe>\n\n<p>&nbsp;<\/p>\n<p style=\"font-weight: 400;\"><strong>AGENDA DE SOLICITA\u00c7\u00d5ES A SECRETARIA DO PPGNA e REUNI\u00d5ES COLEGIADO:<\/strong><\/p>\n<table style=\"font-weight: 400;\" width=\"642\">\n<tbody>\n<tr>\n<td style=\"width: 391px;\" width=\"349\"><strong>Envios e\/ou solicita\u00e7\u00f5es<\/strong><\/td>\n<td style=\"width: 140px;\" width=\"145\"><strong>2026\/1<\/strong><\/td>\n<td style=\"width: 167px;\" width=\"148\"><strong>2026\/2<\/strong><\/td>\n<\/tr>\n<tr>\n<td style=\"width: 391px;\" width=\"349\">Matricula online <em>(a ser confirmada por email)<\/em><\/td>\n<td style=\"width: 140px;\" width=\"145\">03\/02 a 27\/02<\/td>\n<td style=\"width: 167px;\" width=\"148\"><em>(a ser publicada)<\/em><\/td>\n<\/tr>\n<tr>\n<td style=\"width: 698px;\" colspan=\"3\" width=\"642\"><strong>Envios com datas fixas:<\/strong><\/td>\n<\/tr>\n<tr>\n<td style=\"width: 391px;\" width=\"349\">Plano de Estudos ingressantes de 2026\/1 ou ajustes nos Planos j\u00e1 submetidos<\/td>\n<td style=\"width: 140px;\" width=\"145\">01 a 15 de <strong>junho<\/strong><\/td>\n<td style=\"width: 167px;\" width=\"148\">&#8212;<\/td>\n<\/tr>\n<tr>\n<td style=\"width: 391px;\" width=\"349\">Teste de compet\u00eancia em l\u00edngua estrangeira<\/td>\n<td style=\"width: 140px;\" width=\"145\">01 a 15 de <strong>julho<\/strong><\/td>\n<td style=\"width: 167px;\" width=\"148\">01 a 12 de <strong>novembro<\/strong><\/td>\n<\/tr>\n<tr>\n<td style=\"width: 391px;\" width=\"349\">Aproveitamento de Disciplinas<\/td>\n<td style=\"width: 140px;\" width=\"145\">01 a 15 de <strong>julho<\/strong><\/td>\n<td style=\"width: 167px;\" width=\"148\">01 a 12 de <strong>novembro<\/strong><\/td>\n<\/tr>\n<tr>\n<td style=\"width: 391px;\" width=\"349\">Relat\u00f3rio Est\u00e1gio de Doc\u00eancia Orientada<\/td>\n<td style=\"width: 140px;\" width=\"145\">01 a 15 de <strong>Agosto<\/strong><\/td>\n<td style=\"width: 167px;\" width=\"148\">01 a 14 de <strong>dezembro<\/strong><\/td>\n<\/tr>\n<tr>\n<td style=\"width: 391px;\" width=\"349\">Marcar avalia\u00e7\u00f5es com o Comit\u00ea de Orienta\u00e7\u00e3o<\/td>\n<td style=\"width: 140px;\" width=\"145\">01 a 30 de j<strong>ulho <\/strong><\/td>\n<td style=\"width: 167px;\" width=\"148\">01<strong>\u00a0<\/strong>a 30 de a<strong>gosto<\/strong><\/td>\n<\/tr>\n<tr>\n<td style=\"width: 698px;\" colspan=\"3\" width=\"642\"><strong>Envios de fluxo cont\u00ednuo:<\/strong><\/td>\n<\/tr>\n<tr>\n<td style=\"width: 391px;\" width=\"349\">Solicita\u00e7\u00f5es de homologa\u00e7\u00f5es (disserta\u00e7\u00e3o\/ tese)<\/td>\n<td style=\"width: 307px; text-align: center;\" colspan=\"2\" width=\"293\">05 <strong>Janeiro<\/strong> a 12 de <strong>Novembro<\/strong><\/td>\n<\/tr>\n<tr>\n<td style=\"width: 391px;\" width=\"349\">Solicita\u00e7\u00f5es de diplomas e\/ou atestados<\/td>\n<td style=\"width: 307px; text-align: center;\" colspan=\"2\" width=\"293\">05 <strong>Janeiro<\/strong> a 12 de <strong>Novembro<\/strong><\/td>\n<\/tr>\n<tr>\n<td style=\"width: 391px;\" width=\"349\">Outros pedidos e\/ou solicita\u00e7\u00f5es<\/td>\n<td style=\"width: 307px; text-align: center;\" colspan=\"2\" width=\"293\">05 <strong>Janeiro<\/strong> a 12 de <strong>Novembro<\/strong><\/td>\n<\/tr>\n<tr>\n<td style=\"width: 391px;\" rowspan=\"5\" width=\"349\"><strong>Datas previstas para Reuni\u00f5es do Colegiado*<\/strong><\/td>\n<td style=\"text-align: center; width: 140px;\" width=\"145\"><strong>06\/02<\/strong><\/td>\n<td style=\"width: 167px;\" width=\"148\"><em> (a ser publicada)<\/em><\/td>\n<\/tr>\n<tr>\n<td style=\"text-align: center; width: 140px;\" width=\"145\"><strong>06\/03<\/strong><\/td>\n<td style=\"width: 167px;\" width=\"148\"><em>(a ser publicada)<\/em><\/td>\n<\/tr>\n<tr>\n<td style=\"text-align: center; width: 140px;\" width=\"145\"><strong>10\/04<\/strong><\/td>\n<td style=\"width: 167px;\" width=\"148\"><strong>\u00a0<\/strong><em>(a ser publicada)<\/em><\/td>\n<\/tr>\n<tr>\n<td style=\"text-align: center; width: 140px;\" width=\"145\"><strong>26\/06<\/strong><\/td>\n<td style=\"width: 167px;\" width=\"148\"><em>(a ser publicada)<\/em><\/td>\n<\/tr>\n<tr>\n<td style=\"text-align: center; width: 140px;\" width=\"145\"><strong>31\/07<\/strong><\/td>\n<td style=\"width: 167px;\" width=\"148\"><em>(a ser publicada)<\/em><\/td>\n<\/tr>\n<\/tbody>\n<\/table>\n<p><strong>*IMPORTANTE<\/strong>: Para que sua documenta\u00e7\u00e3o\/solicita\u00e7\u00e3o seja inclu\u00edda na pauta das Reuni\u00f5es de Colegiado, ela dever\u00e1 ser submetida \u00e0 Secretaria do PPGNA com anteced\u00eancia m\u00ednima de dois dias \u00fateis da data da reuni\u00e3o.<\/p>\n","protected":false},"excerpt":{"rendered":"<p>&nbsp; AGENDA DE SOLICITA\u00c7\u00d5ES A SECRETARIA DO PPGNA e REUNI\u00d5ES COLEGIADO: Envios e\/ou solicita\u00e7\u00f5es 2026\/1 2026\/2 Matricula online (a ser confirmada por email) 03\/02 a 27\/02 (a ser publicada) Envios com datas fixas: Plano de Estudos ingressantes de 2026\/1 ou ajustes nos Planos j\u00e1 submetidos 01 a 15 de junho &#8212; Teste de compet\u00eancia em [&hellip;]<\/p>\n","protected":false},"author":209,"featured_media":0,"parent":0,"menu_order":1,"comment_status":"closed","ping_status":"closed","template":"","meta":{"jetpack_post_was_ever_published":false,"footnotes":""},"class_list":["post-1844","page","type-page","status-publish","hentry"],"jetpack_sharing_enabled":true,"jetpack_shortlink":"https:\/\/wp.me\/P8FvYb-tK","_links":{"self":[{"href":"https:\/\/wp.ufpel.edu.br\/ppgna\/wp-json\/wp\/v2\/pages\/1844","targetHints":{"allow":["GET"]}}],"collection":[{"href":"https:\/\/wp.ufpel.edu.br\/ppgna\/wp-json\/wp\/v2\/pages"}],"about":[{"href":"https:\/\/wp.ufpel.edu.br\/ppgna\/wp-json\/wp\/v2\/types\/page"}],"author":[{"embeddable":true,"href":"https:\/\/wp.ufpel.edu.br\/ppgna\/wp-json\/wp\/v2\/users\/209"}],"replies":[{"embeddable":true,"href":"https:\/\/wp.ufpel.edu.br\/ppgna\/wp-json\/wp\/v2\/comments?post=1844"}],"version-history":[{"count":3,"href":"https:\/\/wp.ufpel.edu.br\/ppgna\/wp-json\/wp\/v2\/pages\/1844\/revisions"}],"predecessor-version":[{"id":4596,"href":"https:\/\/wp.ufpel.edu.br\/ppgna\/wp-json\/wp\/v2\/pages\/1844\/revisions\/4596"}],"wp:attachment":[{"href":"https:\/\/wp.ufpel.edu.br\/ppgna\/wp-json\/wp\/v2\/media?parent=1844"}],"curies":[{"name":"wp","href":"https:\/\/api.w.org\/{rel}","templated":true}]}}