{"id":1792,"date":"2015-05-04T14:29:10","date_gmt":"2015-05-04T17:29:10","guid":{"rendered":"https:\/\/wp.ufpel.edu.br\/ppgna\/?page_id=1792"},"modified":"2025-07-23T22:15:16","modified_gmt":"2025-07-24T01:15:16","slug":"internacional","status":"publish","type":"page","link":"https:\/\/wp.ufpel.edu.br\/ppgna\/cooperacao\/internacional\/","title":{"rendered":"Internacional"},"content":{"rendered":"<p><strong>Projetos desenvolvidos por pesquisadores do PPGNA com fomento internacional:<\/strong><\/p>\n<p>&nbsp;<\/p>\n<ul>\n<li style=\"font-weight: 400;\"><strong>Cellular senescence and epigenomic remodeling in ovarian aging<\/strong><\/li>\n<\/ul>\n<p style=\"font-weight: 400;\">Institui\u00e7\u00e3o estrangeira: Oklahoma Medical Research Foundation, USA<\/p>\n<p style=\"font-weight: 400;\">Ag\u00eancia de fomento: National Institutes of Health &#8211; Estados Unidos<\/p>\n<p style=\"font-weight: 400;\">N\u00famero do fomento: 1R01AG069742-01<\/p>\n<p style=\"font-weight: 400;\">Proponente estrangeiro: Michael B. Stout (Oklahoma Medical Research Foundation, USA)<\/p>\n<p style=\"font-weight: 400;\">Colaboradores PPGNA &#8211; \u00c1rea Nutri\u00e7\u00e3o B\u00e1sica e Experimental: Augusto Schneider, Carlos Castilhos e Paulo Schenkel<\/p>\n<p style=\"font-weight: 400;\">Vig\u00eancia: 2020 a 2025<\/p>\n<p style=\"font-weight: 400;\">Valor aprovado: US$1.881.935,00<\/p>\n<p>&nbsp;<\/p>\n<ul>\n<li style=\"font-weight: 400;\"><strong>Using Innovative Tools to Improve Nutritional Assessment in Oncology<\/strong><\/li>\n<\/ul>\n<p style=\"font-weight: 400;\">Institui\u00e7\u00e3o estrangeira: University of Alberta, Canada<\/p>\n<p style=\"font-weight: 400;\">Edital internacional: ASPEN Rhoads Research Foundation Annual Grants Application, Estados Unidos<\/p>\n<p style=\"font-weight: 400;\">N\u00famero do fomento: O:780-492-7820<\/p>\n<p style=\"font-weight: 400;\"><a href=\"https:\/\/nutritioncare.org\/foundation\/grants-awards\/grant-recipients\/\">https:\/\/nutritioncare.org\/foundation\/grants-awards\/grant-recipients\/<\/a><\/p>\n<p style=\"font-weight: 400;\"><a href=\"https:\/\/nutritioncare.org\/foundation\/wp-content\/uploads\/sites\/8\/2025\/01\/Foundation-Grantee-Publications-Accomplishments.pdf\">https:\/\/nutritioncare.org\/foundation\/wp-content\/uploads\/sites\/8\/2025\/01\/Foundation-Grantee-Publications-Accomplishments.pdf<\/a><\/p>\n<p style=\"font-weight: 400;\">Proponente: Ana Paula Pagano e Carla Prado (University of Alberta, Canada)<\/p>\n<p style=\"font-weight: 400;\">Colaboradora: Maria Cristina Gonzalez\u00a0 (PPGNA &#8211; \u00c1rea Nutri\u00e7\u00e3o Cl\u00ednica e Epidemiologia)<\/p>\n<p style=\"font-weight: 400;\">Vig\u00eancia: 2021 a 2025<\/p>\n<p style=\"font-weight: 400;\">Valor aprovado: US$50.000,00<\/p>\n<p>&nbsp;<\/p>\n<ul>\n<li style=\"font-weight: 400;\"><strong>Pathways to integrating and assessing body composition and energy metabolism throughout the nutritional care process<\/strong><\/li>\n<\/ul>\n<p style=\"font-weight: 400;\">Institui\u00e7\u00e3o estrangeira: University of Alberta, Canada<\/p>\n<p style=\"font-weight: 400;\">Ag\u00eancia de fomento: Canadian Institutes of Health Research, Canada<\/p>\n<p style=\"font-weight: 400;\">Registro fomento: <a href=\"https:\/\/cognit.ca\/en\/project\/341613\">https:\/\/cognit.ca\/en\/project\/341613<\/a><\/p>\n<p style=\"font-weight: 400;\">Proponente: Carla Prado (University of Alberta, Canada)<\/p>\n<p style=\"font-weight: 400;\">Colaboradora: Maria Cristina Gonzalez\u00a0 (PPGNA &#8211; \u00c1rea Nutri\u00e7\u00e3o Cl\u00ednica e Epidemiologia)<\/p>\n<p style=\"font-weight: 400;\">Vig\u00eancia: 2022 a 2023<\/p>\n<p style=\"font-weight: 400;\">Valor aprovado: CAN$ 10.000,00<\/p>\n<p>&nbsp;<\/p>\n<p style=\"font-weight: 400;\">\n<ul>\n<li style=\"font-weight: 400;\"><strong>Estudo longitudinal de gestantes e rec\u00e9m-nascidos ind\u00edgenas expostos ao merc\u00fario na Amaz\u00f4nia<\/strong><\/li>\n<\/ul>\n<p>\u00d3rg\u00e3o: World Wildlife Fund<\/p>\n<p style=\"font-weight: 400;\">Proponente: Paulo Cesar Basta (FIOCRUZ)<\/p>\n<p style=\"font-weight: 400;\">Colaboradora: Juliana Vaz (PPGNA &#8211; \u00c1rea Nutri\u00e7\u00e3o Cl\u00ednica e Epidemiologia)<\/p>\n<p style=\"font-weight: 400;\">Vig\u00eancia: 2022-2025<\/p>\n<p style=\"font-weight: 400;\">Valor aprovado: \u20ac$ 600.000,00<\/p>\n","protected":false},"excerpt":{"rendered":"<p>Projetos desenvolvidos por pesquisadores do PPGNA com fomento internacional: &nbsp; Cellular senescence and epigenomic remodeling in ovarian aging Institui\u00e7\u00e3o estrangeira: Oklahoma Medical Research Foundation, USA Ag\u00eancia de fomento: National Institutes of Health &#8211; Estados Unidos N\u00famero do fomento: 1R01AG069742-01 Proponente estrangeiro: Michael B. Stout (Oklahoma Medical Research Foundation, USA) Colaboradores PPGNA &#8211; \u00c1rea Nutri\u00e7\u00e3o B\u00e1sica [&hellip;]<\/p>\n","protected":false},"author":209,"featured_media":0,"parent":1786,"menu_order":0,"comment_status":"closed","ping_status":"closed","template":"","meta":{"jetpack_post_was_ever_published":false,"footnotes":""},"class_list":["post-1792","page","type-page","status-publish","hentry"],"jetpack_sharing_enabled":true,"jetpack_shortlink":"https:\/\/wp.me\/P8FvYb-sU","_links":{"self":[{"href":"https:\/\/wp.ufpel.edu.br\/ppgna\/wp-json\/wp\/v2\/pages\/1792","targetHints":{"allow":["GET"]}}],"collection":[{"href":"https:\/\/wp.ufpel.edu.br\/ppgna\/wp-json\/wp\/v2\/pages"}],"about":[{"href":"https:\/\/wp.ufpel.edu.br\/ppgna\/wp-json\/wp\/v2\/types\/page"}],"author":[{"embeddable":true,"href":"https:\/\/wp.ufpel.edu.br\/ppgna\/wp-json\/wp\/v2\/users\/209"}],"replies":[{"embeddable":true,"href":"https:\/\/wp.ufpel.edu.br\/ppgna\/wp-json\/wp\/v2\/comments?post=1792"}],"version-history":[{"count":6,"href":"https:\/\/wp.ufpel.edu.br\/ppgna\/wp-json\/wp\/v2\/pages\/1792\/revisions"}],"predecessor-version":[{"id":4224,"href":"https:\/\/wp.ufpel.edu.br\/ppgna\/wp-json\/wp\/v2\/pages\/1792\/revisions\/4224"}],"up":[{"embeddable":true,"href":"https:\/\/wp.ufpel.edu.br\/ppgna\/wp-json\/wp\/v2\/pages\/1786"}],"wp:attachment":[{"href":"https:\/\/wp.ufpel.edu.br\/ppgna\/wp-json\/wp\/v2\/media?parent=1792"}],"curies":[{"name":"wp","href":"https:\/\/api.w.org\/{rel}","templated":true}]}}