{"id":1790,"date":"2015-05-04T14:28:55","date_gmt":"2015-05-04T17:28:55","guid":{"rendered":"https:\/\/wp.ufpel.edu.br\/ppgna\/?page_id=1790"},"modified":"2025-07-23T22:17:39","modified_gmt":"2025-07-24T01:17:39","slug":"nacional","status":"publish","type":"page","link":"https:\/\/wp.ufpel.edu.br\/ppgna\/cooperacao\/nacional\/","title":{"rendered":"Nacional"},"content":{"rendered":"<ul>\n<li><strong>&#8220;COMO VAI?&#8221; Estudo Longitudinal de Sa\u00fade do Idoso<\/strong><\/li>\n<\/ul>\n<p>Coordenado pela pesquisadora Renata Bielemann com colabora\u00e7\u00e3o da pesquisadora Maria Cristina Gonzalez. O projeto que iniciou em 2014 realizado com idosos n\u00e3o institucionalizados, maiores de 60 anos residentes da zona urbana na cidade de Pelotas\/RS, monitora os h\u00e1bitos de vida da popula\u00e7\u00e3o entrevistada para identificar fatores relacionados ao processo sa\u00fade-doen\u00e7a-incapacidade-mortalidade dos idosos. O acompanhamento desses indiv\u00edduos permite compreender os fatores de risco e os desfechos de sa\u00fade na popula\u00e7\u00e3o idosa, elucidando quest\u00f5es relevantes do processo de envelhecimento. O estudo j\u00e1 encontra-se em sua quinta fase, ocorrida entre agosto de 2024 e fevereiro de 2025, por meio de entrevistas domiciliares. Nessa etapa, entrevistadoras de campo realizaram visitas \u00e0s resid\u00eancias dos participantes para aplicar question\u00e1rios, conduzir testes f\u00edsicos e coletar medidas antropom\u00e9tricas.<\/p>\n<p>Mais informa\u00e7\u00f5es: wp.ufpel.edu.br\/comovai<\/p>\n<p>&nbsp;<\/p>\n<ul>\n<li style=\"font-weight: 400;\"><strong>Marcadores sangu\u00edneos em mulheres pr\u00e9, peri e p\u00f3s-menopausa de acordo com caracter\u00edsticas de s\u00edndrome metab\u00f3lic<\/strong>a<\/li>\n<\/ul>\n<p style=\"font-weight: 400;\">Coordenado pelo pesquisador Augusto Schneider, desenvolvido juntamente com as doutorandas Fab\u00edola Goettems e Ediana Nietzke. A pesquisa \u00e9 financiada pelo Minist\u00e9rio da Sa\u00fade por meio do edital CNPq\/Minist\u00e9rio da Sa\u00fade SCTIE-DECIT (2022). O projeto da \u00e1rea de Nutri\u00e7\u00e3o B\u00e1sica e Experimental est\u00e1 em andamento e ir\u00e1 caracterizar diversos aspectos da sa\u00fade da mulher no per\u00edodo pr\u00e9, peri e p\u00f3s-menopausa associados a s\u00edndrome metab\u00f3lica e suscetibilidade gen\u00e9tica a doen\u00e7as cr\u00f4nicas, incluindo an\u00e1lise de microRNAs e microbiota intestinal. Prev\u00ea o acompanhamento longitudinal com potencial para gerar conhecimento e desenvolvimento de ferramentas de diagn\u00f3stico precoce.<\/p>\n<p style=\"font-weight: 400;\"><a href=\"https:\/\/www.gov.br\/ebserh\/pt-br\/hospitais-universitarios\/regiao-sul\/he-ufpel\/comunicacao\/noticias\/he-ufpel-sedia-pesquisa-sobre-saude-da-mulher-1\">https:\/\/www.gov.br\/ebserh\/pt-br\/hospitais-universitarios\/regiao-sul\/he-ufpel\/comunicacao\/noticias\/he-ufpel-sedia-pesquisa-sobre-saude-da-mulher-1<\/a><\/p>\n<p>&nbsp;<\/p>\n<ul>\n<li style=\"font-weight: 400;\"><strong>Redes e Pol\u00edticas P\u00fablicas de Aten\u00e7\u00e3o ao Transtorno do Espectro Autista: leis, pol\u00edticas, cen\u00e1rio atual e desafios (Rede TEA Brasil)<\/strong><\/li>\n<\/ul>\n<p style=\"font-weight: 400;\">Coordenado pelas docentes Juliana Vaz e Sandra Valle. Contemplado na Chamada 21\/2023 de Estudos Transdisciplinares de Sa\u00fade Coletiva do Minist\u00e9rio da Sa\u00fade, vinculado ao DECIT \u2013 SECTICS, em parceria com o CNPq. O projeto envolve docentes da UFRGS, UFJ, UFSC, e UFRN, incluindo a p\u00f3s-doc Kamila Castro, a nutricionista egressa do PPGNA Josiane Lu\u00e7ardo, as discentes do PPGNA Eduarda Silva, Laura Hoffmann e Jenifer Borchardt, discentes de inicia\u00e7\u00e3o cient\u00edfica Laura Roman (Nutri\u00e7\u00e3o) e Myrella Lapschies (Design).<\/p>\n<p style=\"font-weight: 400;\">Mapa interativo: <a href=\"https:\/\/wp.ufpel.edu.br\/redeteabrasil\/mapa-rede-tea-brasil\/\">https:\/\/wp.ufpel.edu.br\/redeteabrasil\/mapa-rede-tea-brasil\/<\/a><\/p>\n<p>&nbsp;<\/p>\n<ul>\n<li><strong>Estudo longitudinal de gestantes e rec\u00e9m-nascidos ind\u00edgenas expostos ao merc\u00fario na Amaz\u00f4nia<\/strong><\/li>\n<\/ul>\n<p>Coordenado por Paulo Cesar Basta (FIOCRUZ, em colabora\u00e7\u00e3o da docente Juliana Vaz (PPGNA &#8211; \u00c1rea Nutri\u00e7\u00e3o Cl\u00ednica e Epidemiologia).<\/p>\n","protected":false},"excerpt":{"rendered":"<p>&#8220;COMO VAI?&#8221; Estudo Longitudinal de Sa\u00fade do Idoso Coordenado pela pesquisadora Renata Bielemann com colabora\u00e7\u00e3o da pesquisadora Maria Cristina Gonzalez. O projeto que iniciou em 2014 realizado com idosos n\u00e3o institucionalizados, maiores de 60 anos residentes da zona urbana na cidade de Pelotas\/RS, monitora os h\u00e1bitos de vida da popula\u00e7\u00e3o entrevistada para identificar fatores relacionados [&hellip;]<\/p>\n","protected":false},"author":209,"featured_media":0,"parent":1786,"menu_order":0,"comment_status":"closed","ping_status":"closed","template":"","meta":{"jetpack_post_was_ever_published":false,"footnotes":""},"class_list":["post-1790","page","type-page","status-publish","hentry"],"jetpack_sharing_enabled":true,"jetpack_shortlink":"https:\/\/wp.me\/P8FvYb-sS","_links":{"self":[{"href":"https:\/\/wp.ufpel.edu.br\/ppgna\/wp-json\/wp\/v2\/pages\/1790","targetHints":{"allow":["GET"]}}],"collection":[{"href":"https:\/\/wp.ufpel.edu.br\/ppgna\/wp-json\/wp\/v2\/pages"}],"about":[{"href":"https:\/\/wp.ufpel.edu.br\/ppgna\/wp-json\/wp\/v2\/types\/page"}],"author":[{"embeddable":true,"href":"https:\/\/wp.ufpel.edu.br\/ppgna\/wp-json\/wp\/v2\/users\/209"}],"replies":[{"embeddable":true,"href":"https:\/\/wp.ufpel.edu.br\/ppgna\/wp-json\/wp\/v2\/comments?post=1790"}],"version-history":[{"count":8,"href":"https:\/\/wp.ufpel.edu.br\/ppgna\/wp-json\/wp\/v2\/pages\/1790\/revisions"}],"predecessor-version":[{"id":4225,"href":"https:\/\/wp.ufpel.edu.br\/ppgna\/wp-json\/wp\/v2\/pages\/1790\/revisions\/4225"}],"up":[{"embeddable":true,"href":"https:\/\/wp.ufpel.edu.br\/ppgna\/wp-json\/wp\/v2\/pages\/1786"}],"wp:attachment":[{"href":"https:\/\/wp.ufpel.edu.br\/ppgna\/wp-json\/wp\/v2\/media?parent=1790"}],"curies":[{"name":"wp","href":"https:\/\/api.w.org\/{rel}","templated":true}]}}