{"id":1788,"date":"2015-05-04T14:28:39","date_gmt":"2015-05-04T17:28:39","guid":{"rendered":"https:\/\/wp.ufpel.edu.br\/ppgna\/?page_id=1788"},"modified":"2025-07-23T22:21:23","modified_gmt":"2025-07-24T01:21:23","slug":"institucional","status":"publish","type":"page","link":"https:\/\/wp.ufpel.edu.br\/ppgna\/cooperacao\/institucional\/","title":{"rendered":"Institucional"},"content":{"rendered":"<p>O Programa de P\u00f3s-Gradua\u00e7\u00e3o em Nutri\u00e7\u00e3o e Alimentos (PPGNA), tem se caracterizado pelo seu papel cl\u00e1ssico de ensino, pesquisa e extens\u00e3o, ambos voltados para produ\u00e7\u00e3o e dissemina\u00e7\u00e3o do conhecimento cient\u00edfico, com significativa contribui\u00e7\u00e3o para a sociedade. Com isso, h\u00e1 coopera\u00e7\u00e3o com outros Programas da pr\u00f3pria institui\u00e7\u00e3o, obtendo resultados mais consistentes que d\u00e3o novo \u00edmpeto para atingir os objectivos propostos. No contexto da Universidade Federal de Pelotas (UFPEL), as coopera\u00e7\u00f5es ocorrem com os Programas de P\u00f3s-Gradua\u00e7\u00e3o em Epidemiologia (PPGEpi), do Programa de P\u00f3s-Gradua\u00e7\u00e3o em Ci\u00eancia e Tecnologia de Alimentos (PPGCTA), do Programa de P\u00f3s-Gradua\u00e7\u00e3o em Veterin\u00e1ria (PPGVet), e Programa de P\u00f3s-gradua\u00e7\u00e3o em Odontologia (PPGO).<\/p>\n<p>No in\u00edcio de 2024, a UFPel recebeu um aporte de aproximadamente 600 mil reais por meio do <strong>Programa de Extens\u00e3o da Educa\u00e7\u00e3o Superior na P\u00f3s-Gradua\u00e7\u00e3o<\/strong> (PROEXT-PG). Deste montante, o PPGNA, em parceria com os Programas de P\u00f3s-Gradua\u00e7\u00e3o em Ci\u00eancia e Tecnologia dos Alimentos, Odontologia, Educa\u00e7\u00e3o, Direito, Mem\u00f3ria e Patrim\u00f4nio, foi contemplado com 50 mil reais para o projeto \u201cAlimenta\u00e7\u00e3o, sa\u00fade e cidadania: abordagens para o desenvolvimento sustent\u00e1vel\u201d. O projeto tem como objetivo fortalecer a interdisciplinaridade em a\u00e7\u00f5es de extens\u00e3o e promover a difus\u00e3o do conhecimento na UFPel.<\/p>\n","protected":false},"excerpt":{"rendered":"<p>O Programa de P\u00f3s-Gradua\u00e7\u00e3o em Nutri\u00e7\u00e3o e Alimentos (PPGNA), tem se caracterizado pelo seu papel cl\u00e1ssico de ensino, pesquisa e extens\u00e3o, ambos voltados para produ\u00e7\u00e3o e dissemina\u00e7\u00e3o do conhecimento cient\u00edfico, com significativa contribui\u00e7\u00e3o para a sociedade. Com isso, h\u00e1 coopera\u00e7\u00e3o com outros Programas da pr\u00f3pria institui\u00e7\u00e3o, obtendo resultados mais consistentes que d\u00e3o novo \u00edmpeto para [&hellip;]<\/p>\n","protected":false},"author":209,"featured_media":0,"parent":1786,"menu_order":0,"comment_status":"closed","ping_status":"closed","template":"","meta":{"jetpack_post_was_ever_published":false,"footnotes":""},"class_list":["post-1788","page","type-page","status-publish","hentry"],"jetpack_sharing_enabled":true,"jetpack_shortlink":"https:\/\/wp.me\/P8FvYb-sQ","_links":{"self":[{"href":"https:\/\/wp.ufpel.edu.br\/ppgna\/wp-json\/wp\/v2\/pages\/1788","targetHints":{"allow":["GET"]}}],"collection":[{"href":"https:\/\/wp.ufpel.edu.br\/ppgna\/wp-json\/wp\/v2\/pages"}],"about":[{"href":"https:\/\/wp.ufpel.edu.br\/ppgna\/wp-json\/wp\/v2\/types\/page"}],"author":[{"embeddable":true,"href":"https:\/\/wp.ufpel.edu.br\/ppgna\/wp-json\/wp\/v2\/users\/209"}],"replies":[{"embeddable":true,"href":"https:\/\/wp.ufpel.edu.br\/ppgna\/wp-json\/wp\/v2\/comments?post=1788"}],"version-history":[{"count":5,"href":"https:\/\/wp.ufpel.edu.br\/ppgna\/wp-json\/wp\/v2\/pages\/1788\/revisions"}],"predecessor-version":[{"id":4227,"href":"https:\/\/wp.ufpel.edu.br\/ppgna\/wp-json\/wp\/v2\/pages\/1788\/revisions\/4227"}],"up":[{"embeddable":true,"href":"https:\/\/wp.ufpel.edu.br\/ppgna\/wp-json\/wp\/v2\/pages\/1786"}],"wp:attachment":[{"href":"https:\/\/wp.ufpel.edu.br\/ppgna\/wp-json\/wp\/v2\/media?parent=1788"}],"curies":[{"name":"wp","href":"https:\/\/api.w.org\/{rel}","templated":true}]}}