{"id":1767,"date":"2015-05-01T17:35:55","date_gmt":"2015-05-01T20:35:55","guid":{"rendered":"https:\/\/wp.ufpel.edu.br\/ppgna\/?page_id=1767"},"modified":"2015-05-01T17:36:55","modified_gmt":"2015-05-01T20:36:55","slug":"2013-2","status":"publish","type":"page","link":"https:\/\/wp.ufpel.edu.br\/ppgna\/ingresso\/discentes-2\/2013-2\/","title":{"rendered":"2013"},"content":{"rendered":"<table>\n<tbody>\n<tr>\n<td style=\"text-align: center\"><strong>ANO\/SEMESTRE<\/strong><\/td>\n<td style=\"text-align: center\"><strong>MESTRANDO<\/strong><\/td>\n<td style=\"text-align: center\"><strong>ORIENTADOR<\/strong><\/td>\n<\/tr>\n<tr>\n<td style=\"text-align: center\">2013\/1<\/td>\n<td style=\"text-align: center\">Aline de Oliveira Rodrigues<\/td>\n<td style=\"text-align: center\">Cl\u00e1udio Dias Timm<\/td>\n<\/tr>\n<tr>\n<td style=\"text-align: center\">2013\/1<\/td>\n<td style=\"text-align: center\">Aline de Oliveira Rodrigues<\/td>\n<td style=\"text-align: center\">Cl\u00e1udio Dias Timm<\/td>\n<\/tr>\n<tr>\n<td style=\"text-align: center\">2013\/1<\/td>\n<td style=\"text-align: center\">Camila Irigonh\u00e9 Ramos<\/td>\n<td style=\"text-align: center\">Denise Petrucci Gigante<\/td>\n<\/tr>\n<tr>\n<td style=\"text-align: center\">2013\/1<\/td>\n<td style=\"text-align: center\">C\u00edntia Valente Gon\u00e7alves<\/td>\n<td style=\"text-align: center\">Renata Torres Abib Bertacco<\/td>\n<\/tr>\n<tr>\n<td style=\"text-align: center\">2013\/1<\/td>\n<td style=\"text-align: center\">Cristina Jansen<\/td>\n<td style=\"text-align: center\">Rui Carlos Zambiazi<\/td>\n<\/tr>\n<tr>\n<td style=\"text-align: center\">2013\/1<\/td>\n<td style=\"text-align: center\">Denise Soares Franco<\/td>\n<td style=\"text-align: center\">Cristina Corr\u00eaa Kaufmann<\/td>\n<\/tr>\n<tr>\n<td style=\"text-align: center\">2013\/1<\/td>\n<td style=\"text-align: center\">Fab\u00edola Goettems dos Santos<\/td>\n<td style=\"text-align: center\">Augusto Schneider<\/td>\n<\/tr>\n<tr>\n<td style=\"text-align: center\">2013\/1<\/td>\n<td style=\"text-align: center\">Fernanda Demoliner<\/td>\n<td style=\"text-align: center\">Eliezer Avila Gandra<\/td>\n<\/tr>\n<tr>\n<td style=\"text-align: center\">2013\/1<\/td>\n<td style=\"text-align: center\">Gabriela de Lemos Uliano<\/td>\n<td style=\"text-align: center\">Sandra Costa Valle<\/td>\n<\/tr>\n<tr>\n<td style=\"text-align: center\">2013\/1<\/td>\n<td style=\"text-align: center\">Greici Bergamo<\/td>\n<td style=\"text-align: center\">Eliezer Avila Gandra<\/td>\n<\/tr>\n<tr>\n<td style=\"text-align: center\">2013\/1<\/td>\n<td style=\"text-align: center\">Idrejane Aparecida Vicari do Vale<\/td>\n<td style=\"text-align: center\">Maria Cec\u00edlia Formoso Assun\u00e7\u00e3o<\/td>\n<\/tr>\n<tr>\n<td style=\"text-align: center\">2013\/1<\/td>\n<td style=\"text-align: center\">Josi Guimar\u00e3es C\u00e9sar<\/td>\n<td style=\"text-align: center\">Kelly Lameiro Rodrigues<\/td>\n<\/tr>\n<tr>\n<td style=\"text-align: center\">2013\/1<\/td>\n<td style=\"text-align: center\">J\u00falia Nickel<\/td>\n<td style=\"text-align: center\">Elizabete Helbig<\/td>\n<\/tr>\n<tr>\n<td style=\"text-align: center\">2013\/1<\/td>\n<td style=\"text-align: center\">Katharine Konrad Leal<\/td>\n<td style=\"text-align: center\">M\u00e1rcia R\u00fabia Duarte Buchweitz<\/td>\n<\/tr>\n<tr>\n<td style=\"text-align: center\">2013\/1<\/td>\n<td style=\"text-align: center\">Laura Carneiro da Rosa Aranalde<\/td>\n<td style=\"text-align: center\">Carlos Castilho de Barros<\/td>\n<\/tr>\n<tr>\n<td style=\"text-align: center\">2013\/1<\/td>\n<td style=\"text-align: center\">Mayra Pacheco Fernandes<\/td>\n<td style=\"text-align: center\">Maria Cec\u00edlia Formoso Assun\u00e7\u00e3o<\/td>\n<\/tr>\n<tr>\n<td style=\"text-align: center\">2013\/1<\/td>\n<td style=\"text-align: center\">Merlen Nunes Grellert<\/td>\n<td style=\"text-align: center\">Samanta Winck Madruga<\/td>\n<\/tr>\n<tr>\n<td style=\"text-align: center\">2013\/1<\/td>\n<td style=\"text-align: center\">Nat\u00e1lia Carvalho Benitez de Azevedo<\/td>\n<td style=\"text-align: center\">Alvaro Renato Guerra Dias<\/td>\n<\/tr>\n<tr>\n<td style=\"text-align: center\">2013\/1<\/td>\n<td style=\"text-align: center\">Rog\u00e9rio Nogueira Soares<\/td>\n<td style=\"text-align: center\">Paulo Cavalheiro Schenkel<\/td>\n<\/tr>\n<tr>\n<td style=\"text-align: center\">2013\/1<\/td>\n<td style=\"text-align: center\">Rosemeri Carvalho Feij\u00f3<\/td>\n<td style=\"text-align: center\">Elizabete Helbig<\/td>\n<\/tr>\n<tr>\n<td style=\"text-align: center\">2013\/1<\/td>\n<td style=\"text-align: center\">Suely Ribeiro Bampi<\/td>\n<td style=\"text-align: center\">\u00c2ngela Nunes Moreira<\/td>\n<\/tr>\n<tr>\n<td style=\"text-align: center\">2013\/1<\/td>\n<td style=\"text-align: center\">Tha\u00eds Marten<\/td>\n<td style=\"text-align: center\">Giovana Duzzo Gamaro<\/td>\n<\/tr>\n<tr>\n<td style=\"text-align: center\">2013\/1<\/td>\n<td style=\"text-align: center\">Virg\u00ednia de Jesus da Silva<\/td>\n<td style=\"text-align: center\">M\u00e1rcia Arocha Gularte<\/td>\n<\/tr>\n<\/tbody>\n<\/table>\n<p>&nbsp;<\/p>\n","protected":false},"excerpt":{"rendered":"<p>ANO\/SEMESTRE MESTRANDO ORIENTADOR 2013\/1 Aline de Oliveira Rodrigues Cl\u00e1udio Dias Timm 2013\/1 Aline de Oliveira Rodrigues Cl\u00e1udio Dias Timm 2013\/1 Camila Irigonh\u00e9 Ramos Denise Petrucci Gigante 2013\/1 C\u00edntia Valente Gon\u00e7alves Renata Torres Abib Bertacco 2013\/1 Cristina Jansen Rui Carlos Zambiazi 2013\/1 Denise Soares Franco Cristina Corr\u00eaa Kaufmann 2013\/1 Fab\u00edola Goettems dos Santos Augusto Schneider 2013\/1 [&hellip;]<\/p>\n","protected":false},"author":209,"featured_media":0,"parent":1760,"menu_order":0,"comment_status":"closed","ping_status":"closed","template":"","meta":{"jetpack_post_was_ever_published":false,"footnotes":""},"class_list":["post-1767","page","type-page","status-publish","hentry"],"jetpack_sharing_enabled":true,"jetpack_shortlink":"https:\/\/wp.me\/P8FvYb-sv","_links":{"self":[{"href":"https:\/\/wp.ufpel.edu.br\/ppgna\/wp-json\/wp\/v2\/pages\/1767","targetHints":{"allow":["GET"]}}],"collection":[{"href":"https:\/\/wp.ufpel.edu.br\/ppgna\/wp-json\/wp\/v2\/pages"}],"about":[{"href":"https:\/\/wp.ufpel.edu.br\/ppgna\/wp-json\/wp\/v2\/types\/page"}],"author":[{"embeddable":true,"href":"https:\/\/wp.ufpel.edu.br\/ppgna\/wp-json\/wp\/v2\/users\/209"}],"replies":[{"embeddable":true,"href":"https:\/\/wp.ufpel.edu.br\/ppgna\/wp-json\/wp\/v2\/comments?post=1767"}],"version-history":[{"count":1,"href":"https:\/\/wp.ufpel.edu.br\/ppgna\/wp-json\/wp\/v2\/pages\/1767\/revisions"}],"predecessor-version":[{"id":1768,"href":"https:\/\/wp.ufpel.edu.br\/ppgna\/wp-json\/wp\/v2\/pages\/1767\/revisions\/1768"}],"up":[{"embeddable":true,"href":"https:\/\/wp.ufpel.edu.br\/ppgna\/wp-json\/wp\/v2\/pages\/1760"}],"wp:attachment":[{"href":"https:\/\/wp.ufpel.edu.br\/ppgna\/wp-json\/wp\/v2\/media?parent=1767"}],"curies":[{"name":"wp","href":"https:\/\/api.w.org\/{rel}","templated":true}]}}