{"id":1762,"date":"2015-05-01T17:32:13","date_gmt":"2015-05-01T20:32:13","guid":{"rendered":"https:\/\/wp.ufpel.edu.br\/ppgna\/?page_id=1762"},"modified":"2015-05-01T17:37:53","modified_gmt":"2015-05-01T20:37:53","slug":"2011-3","status":"publish","type":"page","link":"https:\/\/wp.ufpel.edu.br\/ppgna\/ingresso\/discentes-2\/2011-3\/","title":{"rendered":"2011"},"content":{"rendered":"<table>\n<tbody>\n<tr>\n<td style=\"text-align: center\"><strong>ANO\/SEMESTRE<\/strong><\/td>\n<td style=\"text-align: center\"><strong>MESTRANDO<\/strong><\/td>\n<td style=\"text-align: center\"><strong>ORIENTADOR<\/strong><\/td>\n<\/tr>\n<tr>\n<td style=\"text-align: center\">2011\/2<\/td>\n<td style=\"text-align: center\">Alcides Gomes Neto<\/td>\n<td style=\"text-align: center\">M\u00e1rcia R\u00fabia Duarte Buchweitz<\/td>\n<\/tr>\n<tr>\n<td style=\"text-align: center\">2011\/2<\/td>\n<td style=\"text-align: center\">Alessandra Doumid Borges Pretto<\/td>\n<td style=\"text-align: center\">Maria Cec\u00edlia Formoso Assun\u00e7\u00e3o<\/td>\n<\/tr>\n<tr>\n<td style=\"text-align: center\">2011\/2<\/td>\n<td style=\"text-align: center\">Alessandra Oliveira da Silva Haertel<\/td>\n<td style=\"text-align: center\">Rui Carlos Zambiazi<\/td>\n<\/tr>\n<tr>\n<td style=\"text-align: center\">2011\/2<\/td>\n<td style=\"text-align: center\">Aline Porci\u00fancula Frenzel<\/td>\n<td style=\"text-align: center\">Maria Cristina Gonzalez<\/td>\n<\/tr>\n<tr>\n<td style=\"text-align: center\">2011\/2<\/td>\n<td style=\"text-align: center\">Darlise Rodrigues dos Passos<\/td>\n<td style=\"text-align: center\">Alicia Matijasevich Manitto<\/td>\n<\/tr>\n<tr>\n<td style=\"text-align: center\">2011\/2<\/td>\n<td style=\"text-align: center\">Denise Oliveira Pacheco<\/td>\n<td style=\"text-align: center\">Eliezer Avila Gandra<\/td>\n<\/tr>\n<tr>\n<td style=\"text-align: center\">2011\/2<\/td>\n<td style=\"text-align: center\">Francine Villela Maciel<\/td>\n<td style=\"text-align: center\">Denise Petrucci Gigante<\/td>\n<\/tr>\n<tr>\n<td style=\"text-align: center\">2011\/2<\/td>\n<td style=\"text-align: center\">Jacqueline Valle de Bairros<\/td>\n<td style=\"text-align: center\">Elizabete Helbig<\/td>\n<\/tr>\n<tr>\n<td style=\"text-align: center\">2011\/2<\/td>\n<td style=\"text-align: center\">Jana\u00edna Martins Gon\u00e7alves Cascaes Silva<\/td>\n<td style=\"text-align: center\">\u00c2ngela Nunes Moreira<\/td>\n<\/tr>\n<tr>\n<td style=\"text-align: center\">2011\/2<\/td>\n<td style=\"text-align: center\">Luciana Dieguez Ferreira Passos<\/td>\n<td style=\"text-align: center\">Elizabete Helbig<\/td>\n<\/tr>\n<tr>\n<td style=\"text-align: center\">2011\/2<\/td>\n<td style=\"text-align: center\">Mariana de Azevedo Bemvenuti<\/td>\n<td style=\"text-align: center\">Maria Cec\u00edlia Formoso Assun\u00e7\u00e3o<\/td>\n<\/tr>\n<tr>\n<td style=\"text-align: center\">2011\/2<\/td>\n<td style=\"text-align: center\">Nath\u00e1lia Cardoso Salom\u00e3o<\/td>\n<td style=\"text-align: center\">Cora Luiza Pavin Ara\u00fajo<\/td>\n<\/tr>\n<tr>\n<td style=\"text-align: center\">2011\/2<\/td>\n<td style=\"text-align: center\">Renata Brasil<\/td>\n<td style=\"text-align: center\">M\u00e1rcia R\u00fabia Duarte Buchweitz<\/td>\n<\/tr>\n<\/tbody>\n<\/table>\n<p>&nbsp;<\/p>\n","protected":false},"excerpt":{"rendered":"<p>ANO\/SEMESTRE MESTRANDO ORIENTADOR 2011\/2 Alcides Gomes Neto M\u00e1rcia R\u00fabia Duarte Buchweitz 2011\/2 Alessandra Doumid Borges Pretto Maria Cec\u00edlia Formoso Assun\u00e7\u00e3o 2011\/2 Alessandra Oliveira da Silva Haertel Rui Carlos Zambiazi 2011\/2 Aline Porci\u00fancula Frenzel Maria Cristina Gonzalez 2011\/2 Darlise Rodrigues dos Passos Alicia Matijasevich Manitto 2011\/2 Denise Oliveira Pacheco Eliezer Avila Gandra 2011\/2 Francine Villela Maciel [&hellip;]<\/p>\n","protected":false},"author":209,"featured_media":0,"parent":1760,"menu_order":0,"comment_status":"closed","ping_status":"closed","template":"","meta":{"jetpack_post_was_ever_published":false,"footnotes":""},"class_list":["post-1762","page","type-page","status-publish","hentry"],"jetpack_sharing_enabled":true,"jetpack_shortlink":"https:\/\/wp.me\/P8FvYb-sq","_links":{"self":[{"href":"https:\/\/wp.ufpel.edu.br\/ppgna\/wp-json\/wp\/v2\/pages\/1762","targetHints":{"allow":["GET"]}}],"collection":[{"href":"https:\/\/wp.ufpel.edu.br\/ppgna\/wp-json\/wp\/v2\/pages"}],"about":[{"href":"https:\/\/wp.ufpel.edu.br\/ppgna\/wp-json\/wp\/v2\/types\/page"}],"author":[{"embeddable":true,"href":"https:\/\/wp.ufpel.edu.br\/ppgna\/wp-json\/wp\/v2\/users\/209"}],"replies":[{"embeddable":true,"href":"https:\/\/wp.ufpel.edu.br\/ppgna\/wp-json\/wp\/v2\/comments?post=1762"}],"version-history":[{"count":2,"href":"https:\/\/wp.ufpel.edu.br\/ppgna\/wp-json\/wp\/v2\/pages\/1762\/revisions"}],"predecessor-version":[{"id":1771,"href":"https:\/\/wp.ufpel.edu.br\/ppgna\/wp-json\/wp\/v2\/pages\/1762\/revisions\/1771"}],"up":[{"embeddable":true,"href":"https:\/\/wp.ufpel.edu.br\/ppgna\/wp-json\/wp\/v2\/pages\/1760"}],"wp:attachment":[{"href":"https:\/\/wp.ufpel.edu.br\/ppgna\/wp-json\/wp\/v2\/media?parent=1762"}],"curies":[{"name":"wp","href":"https:\/\/api.w.org\/{rel}","templated":true}]}}