{"id":1733,"date":"2015-04-15T16:47:51","date_gmt":"2015-04-15T19:47:51","guid":{"rendered":"https:\/\/wp.ufpel.edu.br\/ppgna\/?page_id=1733"},"modified":"2025-10-23T11:15:07","modified_gmt":"2025-10-23T14:15:07","slug":"2015-2","status":"publish","type":"page","link":"https:\/\/wp.ufpel.edu.br\/ppgna\/ingresso\/defesas\/2015-2\/","title":{"rendered":"2015"},"content":{"rendered":"<p>Aluno: C\u00edntia Valente Gon\u00e7alves<br \/>\nT\u00edtulo: Adequa\u00e7\u00e3o da Terapia Nutricional Enteral em Pacientes Cr\u00edticos de um Hospital Universit\u00e1rio\u00a0<a href=\"https:\/\/wp.ufpel.edu.br\/ppgna\/files\/2015\/04\/C\u00edntia-Valente-Gon\u00e7alves.pdf\">[Download]<\/a><br \/>\nOrientador: Renata Torres Abib<\/p>\n<p>Aluno: Cristina Jansen<br \/>\nT\u00edtulo: Pr\u00f3polis: fitoqu\u00edmicos e atividade antioxidante, antibacteriana e citot\u00f3xica\u00a0<a href=\"https:\/\/wp.ufpel.edu.br\/ppgna\/files\/2015\/04\/Cristina-Jansen.pdf\">[Download]<\/a><br \/>\nOrientador: Rui Carlos Zambiazi<\/p>\n<p>Aluno: Fernanda Demoliner<br \/>\nT\u00edtulo: Forma\u00e7\u00e3o de biofilme e perfil de resist\u00eancia antimicrobiana e a sanitizantes de isolados de Pseudomonas spp e Listeria spp. de corte de carne de frango e bubalino\u00a0<a href=\"https:\/\/wp.ufpel.edu.br\/ppgna\/files\/2015\/04\/Fernanda-Demoliner.pdf\">[Download]<\/a><br \/>\nOrientador: Eliezer \u00c1vila Gandra<\/p>\n<p>Aluno: Aline de Oliveira Rodrigues<br \/>\nT\u00edtulo: Avalia\u00e7\u00e3o das Boas Pr\u00e1ticas e identifica\u00e7\u00e3o das fontes de contamina\u00e7\u00e3o de alimentos servidos em restaurantes hoteleiros\u00a0<a href=\"https:\/\/wp.ufpel.edu.br\/ppgna\/files\/2015\/04\/Aline-de-Oliveira-Rodrigues.pdf\">[Download]<\/a><br \/>\nOrientador: Cl\u00e1udio Dias Timm<\/p>\n<p>Aluno: Josi Guimar\u00e3es C\u00e9sar<br \/>\nT\u00edtulo: Condi\u00e7\u00f5es higienicossanit\u00e1rias de alimentos prontos para o consumo, resist\u00eancia antimicrobiana e verifica\u00e7\u00e3o da presen\u00e7a de gene de enterotoxinas de isolados de Staphylococcus spp.\u00a0<a href=\"https:\/\/wp.ufpel.edu.br\/ppgna\/files\/2015\/04\/Josi-Guimar\u00e3es-C\u00e9sar.pdf\">[Download]<\/a><br \/>\nOrientador: Kelly Lameiro Rodrigues<\/p>\n<p>Aluno: Virg\u00ednia de Jesus da Silva<br \/>\nT\u00edtulo: Influ\u00eancia do Programa Alimento Seguro (PAS) na qualidade de produ\u00e7\u00e3o de doces tradicionais de Pelotas\u00a0<a href=\"https:\/\/wp.ufpel.edu.br\/ppgna\/files\/2015\/04\/Virginia-de-Jesus-da-Silva.pdf\">[Download]<\/a><br \/>\nOrientador: M\u00e1rcia Arocha Gularte<\/p>\n<p>Aluno: Mayra Pacheco Fernandes<br \/>\nT\u00edtulo: Constru\u00e7\u00e3o, reprodutibilidade e validade de um Question\u00e1rio de Frequ\u00eancia Alimentar para avaliar a ingest\u00e3o de alimentos cariog\u00eanicos em pr\u00e9-escolares\u00a0<a href=\"https:\/\/wp.ufpel.edu.br\/ppgna\/files\/2015\/04\/Mayra-Fernandes.pdf\">[Download]<\/a><br \/>\nOrientador: Maria Cec\u00edlia Formoso Assun\u00e7\u00e3o<\/p>\n<p>Aluno: Thais Marten<br \/>\nT\u00edtulo: Avalia\u00e7\u00e3o de par\u00e2metros bioqu\u00edmicos e comportamentais de ratas Wistar e suas proles submetidas \u00e0 dieta de cafeteria\u00a0<a href=\"https:\/\/wp.ufpel.edu.br\/ppgna\/files\/2015\/04\/Thais-Marten.pdf\">[Download]<\/a><br \/>\nOrientador: Giovana Duzzo Gamaro<\/p>\n<p>Aluno: Laura Carneiro da Rosa Aranalde<br \/>\nT\u00edtulo: Influ\u00eancia dos polimorfismos nos genes APOC3, CETP, ECA, ACTN3 no sucesso da interven\u00e7\u00e3o nutricional hipolipemiante em pacientes HIV positivo\u00a0<a href=\"https:\/\/wp.ufpel.edu.br\/ppgna\/files\/2015\/04\/Laura-Aranalde.pdf\">[Download]<\/a><br \/>\nOrientador: Carlos Castilho de Barros<\/p>\n<p>Aluno: Fab\u00edola Goettems dos Santos<br \/>\nTitulo: Associa\u00e7\u00f5es da atividade s\u00e9rica da paraoxanase 1 com o polimorfismo PON1T(-107)C e a ingest\u00e3o de nutrientes em mulheres\u00a0<a href=\"https:\/\/wp.ufpel.edu.br\/ppgna\/files\/2015\/04\/Fabiola-Goettem-dos-Santos.pdf\">[Download]<\/a><br \/>\nOrientador Augusto Schneider<\/p>\n<p>Aluno: Gabriela de Lemos Uliano<br \/>\nTitulo: Atividade da paraoxonase-1: Estudo da associa\u00e7\u00e3o a polimorfismos gen\u00e9ticos, fatores bioqu\u00edmicos e nutricionais em crian\u00e7as\u00a0<a href=\"https:\/\/wp.ufpel.edu.br\/ppgna\/files\/2015\/04\/Gabriela-de-Lemos-Uliano.pdf\">[Download]<\/a><br \/>\nOrientador: Sandra Costa Valle<\/p>\n<p>Aluno:\u00a0Camila Irigonh\u00e9 Ramos<br \/>\nTitulo: Frutas, Legumes e Verduras nas feiras-livres de Pelotas e sua contribui\u00e7\u00e3o na seguran\u00e7a alimentar e nutricional\u00a0<a href=\"https:\/\/wp.ufpel.edu.br\/ppgna\/files\/2015\/04\/Camila-Irigonh\u00e9-Ramos.pdf\">[Download]<\/a><br \/>\nOrientador: \u00a0Denise Petrucci Gigante<\/p>\n<p>Aluno: Greice Bergamo<br \/>\nTitulo:\u00a0 Compara\u00e7\u00e3o de M\u00e9todos Fenot\u00edpicos e Molecular 3M MDS\u00ae para Identifica\u00e7\u00e3o de <em>Salmonella <\/em>spp.\u00a0<a href=\"https:\/\/wp.ufpel.edu.br\/ppgna\/files\/2015\/04\/Greici-Bergamo.pdf\">[Download]<\/a><br \/>\nOrientador: Eliezer Avila Gandra<\/p>\n<p>Aluno: Merlen Nunes Grellert<br \/>\nTitulo: O que as crian\u00e7as pensam sobre as frutas, legumes e verduras? Um estudo sobre o consumo alimentar entre escolares\u00a0<a href=\"https:\/\/wp.ufpel.edu.br\/ppgna\/files\/2015\/04\/Merlen-Nunes-Grellert.pdf\">[Download]<\/a><br \/>\nOrientador: Samanta Winck Madruga<\/p>\n<p>Aluno: Rog\u00e9rio Nogueira Soares<br \/>\nTitulo:\u00a0Efeitos da atividade f\u00edsica e do consumo habitual de cafe\u00edna na resposta da press\u00e3o arterial e da frequ\u00eancia card\u00edaca ao consumo agudo de cafe\u00edna\u00a0<a href=\"https:\/\/wp.ufpel.edu.br\/ppgna\/files\/2015\/04\/Rog\u00e9rio-Nogueira-Soares.pdf\">[Download]<\/a><br \/>\nOrientador: Paulo Cavalheiro Schenkel<\/p>\n<p>Aluno: Denise Soares Franco<br \/>\nTitulo:\u00a0Ades\u00e3o \u00e0 alimenta\u00e7\u00e3o escolar por adolescentes da rede municipal de ensino fundamental de Pelotas\/RS \u00a0<a href=\"https:\/\/wp.ufpel.edu.br\/ppgna\/files\/2015\/04\/Denise-Soares-Franco.pdf\">[Download]<\/a><br \/>\nOrientador: Cristina Corr\u00eaa Kaufmann<\/p>\n<p>Aluno:\u00a0 Idrejane Aparecida Vicari do Vale<br \/>\nTitulo: \u00a0Influ\u00eancia do consumo alimentar no peso e na composi\u00e7\u00e3o corporal de mulheres com c\u00e2ncer de mama submetidas \u00e0 quimioterapia\u00a0<a href=\"https:\/\/wp.ufpel.edu.br\/ppgna\/files\/2015\/04\/Idrejane-Vicari-do-Vale.pdf\">[Download]<\/a><br \/>\nOrientador: Maria Cec\u00edlia Formoso Assun\u00e7\u00e3o<\/p>\n<p>Aluno: J\u00falia Nickel<br \/>\nTitulo: Influ\u00eancia de diferentes processamentos sobre propriedades nutricionais de quinoa (<em>Chenopodium quinoa <\/em>Willd.) cultivada no Brasil\u00a0<a href=\"https:\/\/wp.ufpel.edu.br\/ppgna\/files\/2015\/04\/J\u00falia-Nickel.pdf\">[Download]<\/a><br \/>\nOrientador: Elizabete Helbig<\/p>\n<p>Aluno: Rosemeri Carvalho Feij\u00f3<br \/>\nTitulo: Perfil de condi\u00e7\u00f5es higi\u00eanico-sanit\u00e1rias de cantinas escolares de Pelotas\/RS\u00a0<a href=\"https:\/\/wp.ufpel.edu.br\/ppgna\/files\/2015\/04\/Rosemeri-Feij\u00f3.pdf\">[Download]<\/a><br \/>\nOrientador: Elizabete Helbig<\/p>\n<p>Aluno: Suely Ribeiro Bampi<br \/>\nTitulo: Avalia\u00e7\u00e3o da Atividade Antioxidante dos Probi\u00f3ticos <em>Saccharomyces\u00a0<\/em><em>boulardii <\/em>e <em>Bacillus cereus <\/em>var. Toyoi [<span style=\"text-decoration: underline;\"><span style=\"text-decoration: underline;\">Confidencial<\/span><\/span>]<br \/>\nOrientador: \u00c2ngela Nunes Moreira<\/p>\n<p>Aluno: \u00c9velyn de Sousa Ara\u00fajo<br \/>\nTitulo: Impacto da suplementa\u00e7\u00e3o de Vitamina C sobre n\u00edveis de peroxida\u00e7\u00e3o lip\u00eddica e glutationa reduzida em tecido hep\u00e1tico de camundongos com imunossupress\u00e3o induzida por ciclofosfamida\u00a0<a href=\"https:\/\/wp.ufpel.edu.br\/ppgna\/files\/2015\/04\/\u00c9velyn-de-Souza-Araujo.pdf\">[Download]<\/a><br \/>\nOrientador:Renata Torres Abib<\/p>\n<p>Aluno: Rosane Scussel Garcia<br \/>\nTitulo: Efeito da suplementa\u00e7\u00e3o de vitamina C sobre a neutropenia induzida por ciclofosfamida em camundongo\u00a0<a href=\"https:\/\/wp.ufpel.edu.br\/ppgna\/files\/2015\/04\/Rosane-Scussel-Garcia.pdf\">[Download]<\/a><br \/>\nOrientador: Renata Torres Abib<\/p>\n<p>Aluno: Katherine Konrad Leal<br \/>\nT\u00edtulo: Fatores comportamentais associados \u00e0s doen\u00e7as cr\u00f4nicas n\u00e3o transmiss\u00edveis em adultos usu\u00e1rios da aten\u00e7\u00e3o prim\u00e1ria em sa\u00fade <a href=\"https:\/\/wp.ufpel.edu.br\/ppgna\/files\/2015\/04\/Katharine-Leal.pdf\">[Download]<\/a><br \/>\nOrientador: M\u00e1rcia Rubia D. Buchweitz<\/p>\n","protected":false},"excerpt":{"rendered":"<p>Aluno: C\u00edntia Valente Gon\u00e7alves T\u00edtulo: Adequa\u00e7\u00e3o da Terapia Nutricional Enteral em Pacientes Cr\u00edticos de um Hospital Universit\u00e1rio\u00a0[Download] Orientador: Renata Torres Abib Aluno: Cristina Jansen T\u00edtulo: Pr\u00f3polis: fitoqu\u00edmicos e atividade antioxidante, antibacteriana e citot\u00f3xica\u00a0[Download] Orientador: Rui Carlos Zambiazi Aluno: Fernanda Demoliner T\u00edtulo: Forma\u00e7\u00e3o de biofilme e perfil de resist\u00eancia antimicrobiana e a sanitizantes de isolados de [&hellip;]<\/p>\n","protected":false},"author":209,"featured_media":0,"parent":4330,"menu_order":0,"comment_status":"closed","ping_status":"closed","template":"","meta":{"jetpack_post_was_ever_published":false,"footnotes":""},"class_list":["post-1733","page","type-page","status-publish","hentry"],"jetpack_sharing_enabled":true,"jetpack_shortlink":"https:\/\/wp.me\/P8FvYb-rX","_links":{"self":[{"href":"https:\/\/wp.ufpel.edu.br\/ppgna\/wp-json\/wp\/v2\/pages\/1733","targetHints":{"allow":["GET"]}}],"collection":[{"href":"https:\/\/wp.ufpel.edu.br\/ppgna\/wp-json\/wp\/v2\/pages"}],"about":[{"href":"https:\/\/wp.ufpel.edu.br\/ppgna\/wp-json\/wp\/v2\/types\/page"}],"author":[{"embeddable":true,"href":"https:\/\/wp.ufpel.edu.br\/ppgna\/wp-json\/wp\/v2\/users\/209"}],"replies":[{"embeddable":true,"href":"https:\/\/wp.ufpel.edu.br\/ppgna\/wp-json\/wp\/v2\/comments?post=1733"}],"version-history":[{"count":4,"href":"https:\/\/wp.ufpel.edu.br\/ppgna\/wp-json\/wp\/v2\/pages\/1733\/revisions"}],"predecessor-version":[{"id":4338,"href":"https:\/\/wp.ufpel.edu.br\/ppgna\/wp-json\/wp\/v2\/pages\/1733\/revisions\/4338"}],"up":[{"embeddable":true,"href":"https:\/\/wp.ufpel.edu.br\/ppgna\/wp-json\/wp\/v2\/pages\/4330"}],"wp:attachment":[{"href":"https:\/\/wp.ufpel.edu.br\/ppgna\/wp-json\/wp\/v2\/media?parent=1733"}],"curies":[{"name":"wp","href":"https:\/\/api.w.org\/{rel}","templated":true}]}}