{"id":1612,"date":"2015-01-13T22:41:24","date_gmt":"2015-01-14T00:41:24","guid":{"rendered":"https:\/\/wp.ufpel.edu.br\/ppgna\/?page_id=1612"},"modified":"2026-02-13T19:27:53","modified_gmt":"2026-02-13T22:27:53","slug":"procedimentos","status":"publish","type":"page","link":"https:\/\/wp.ufpel.edu.br\/ppgna\/procedimentos\/","title":{"rendered":"Procedimentos"},"content":{"rendered":"<p><strong>Procedimentos importantes<\/strong><\/p>\n<p style=\"text-align: justify;\"><strong><span style=\"text-decoration: underline;\">Matr\u00edcula semestral<\/span><\/strong><br \/>\nA matr\u00edcula e a rematr\u00edcula devem ser feitas pelo cobalto. Al\u00e9m disso devem ser entregues o termos de compromisso atualizados conforme modelo para <a href=\"https:\/\/wp.ufpel.edu.br\/ppgna\/files\/2015\/01\/Modelo-de-Termo-de-Compromisso-Mestrando-Bolsista-CAPES.doc\">Bolsistas<\/a> e <a href=\"https:\/\/wp.ufpel.edu.br\/ppgna\/files\/2015\/01\/Modelo-de-Termo-de-Compromisso-Mestrando-N\u00e3o-Bolsista.doc\">N\u00e3o Bolsistas<\/a>.<\/p>\n<p>&nbsp;<\/p>\n<p><strong>Aproveitamento de cr\u00e9ditos<\/strong><\/p>\n<p>Como proceder com a solicita\u00e7\u00e3o de aproveitamento de cr\u00e9ditos no PPGNA:<\/p>\n<ol>\n<li>Preencher e assinar junto com o(a) orientador(a) o <a href=\"https:\/\/wp.ufpel.edu.br\/ppgna\/files\/2012\/09\/Formul%C3%A1rio-3-Plano-de-Estudo.doc\">Formul\u00e1rio 3 \u2013 Plano de Estudo<\/a>. O Plano de Estudos deve <strong>indicar como o(a) aluno(a) pretende integralizar o total de cr\u00e9ditos <\/strong>(mestrado ou doutorado). Ou seja, o(a) aluno(a) deve indicar quais disciplinas pretende efetivamente cursar e quais pretende aproveitar os cr\u00e9ditos obtidos em cursos anteriores. Lembrando que o <strong>Plano de Estudos<\/strong> deve ser preenchido de forma completa, ou seja, indicando a <strong>integraliza\u00e7\u00e3o total dos cr\u00e9ditos<\/strong>, <strong>e n\u00e3o somente com as disciplinas as quais pretende aproveitar os cr\u00e9ditos<\/strong>.<\/li>\n<\/ol>\n<ol start=\"2\">\n<li>Preencher o documento <a href=\"https:\/\/wp.ufpel.edu.br\/ppgna\/files\/2012\/09\/Formul%C3%A1rio-6-Transfer%C3%AAncia-ou-Aproveitamento-de-Cr%C3%A9ditos1.doc\">Formul\u00e1rio 6 \u2013 Transfer\u00eancia ou Aproveitamento de Cr\u00e9ditos<\/a> o qual dever\u00e1 <strong>indicar quais as disciplinas gostaria de aproveitar os cr\u00e9ditos<\/strong>, o semestre em que cursou a referida disciplina e o conceito final obtido. Obter a concord\u00e2ncia e a assinatura do(a) orientador(a).<\/li>\n<\/ol>\n<ol start=\"3\">\n<li>Encaminhar junto a solicita\u00e7\u00e3o o <strong>Hist\u00f3rico Acad\u00eamico<\/strong> que ateste a disciplina cursada anteriormente, o semestre e o conceito final obtido. No caso de <strong>disciplinas cursadas em outros PPGs<\/strong>, encaminhar junto a <strong>s\u00famula e o conte\u00fado program\u00e1tico<\/strong> da disciplina para que o Colegiado possa verificar a equival\u00eancia e\/ou pertin\u00eancia do cr\u00e9dito com o PPGNA.<\/li>\n<\/ol>\n<p>Os <strong>3 documentos preenchidos<\/strong> <strong>e assinados<\/strong> dever\u00e3o ser encaminhado por e-mail a secretaria do PPGNA. Solicita\u00e7\u00f5es com quaisquer pend\u00eancias de preenchimento n\u00e3o ser\u00e3o aprovados em reuni\u00e3o de Colegiado.<\/p>\n<p>Cr\u00e9ditos e\/ou Disciplinas que <strong>n\u00e3o s\u00e3o aproveitadas<\/strong>:<\/p>\n<ul>\n<li>Cujos conceitos obtidos seja C ou inferior, ou<\/li>\n<li>Obtidos em PPGs n\u00e3o recomendados pela CAPES.<\/li>\n<li>N\u00e3o s\u00e3o pass\u00edveis de aproveitamento de cr\u00e9ditos: Doc\u00eancia Orientada e Semin\u00e1rios de Nutri\u00e7\u00e3o e Alimentos.<\/li>\n<\/ul>\n<p>&nbsp;<\/p>\n<p style=\"text-align: justify;\"><span style=\"text-decoration: underline;\"><strong>Plano de atividades de doc\u00eancia orientada<\/strong><br \/>\n<\/span>O plano de atividades de doc\u00eancia orientada deve ser entregue na primeira semana de cada semestre letivo de acordo com o calend\u00e1rio da UFPel vigente conforme o <a href=\"https:\/\/wp.ufpel.edu.br\/ppgna\/files\/2012\/09\/Modelo-de-Plano-de-Atividades-para-Doc\u00eancia-Orientada.doc\">Modelo<\/a>.<\/p>\n<p style=\"text-align: justify;\"><span style=\"text-decoration: underline;\"><strong>Relat\u00f3rio de doc\u00eancia orientada<\/strong><br \/>\n<\/span> O relat\u00f3rio de doc\u00eancia orientada de ser entregue na \u00faltima semana de cada semestre letivo de acordo com o calend\u00e1rio da UFPel vigente o relat\u00f3rio de doc\u00eancia orientada conforme o<span style=\"text-decoration: underline;\"> <a href=\"https:\/\/wp.ufpel.edu.br\/ppgna\/files\/2015\/01\/Modelo-de-Relat\u00f3rio-de-Atividades-para-Doc\u00eancia-Orientada.doc\">Modelo<\/a><br \/>\n<\/span><\/p>\n<p style=\"text-align: justify;\"><strong><span style=\"text-decoration: underline;\">Relat\u00f3rio final de semestre [DESCONTINUADO]<\/span><\/strong><\/p>\n<p><strong>Documento de avalia\u00e7\u00e3o com o Comit\u00ea de Orienta\u00e7\u00e3o [EM BREVE]<\/strong><\/p>\n<p style=\"text-align: justify;\"><span style=\"text-decoration: underline;\"><strong>Qualifica\u00e7\u00e3o Mestrado e Doutorado<\/strong><br \/>\n<\/span>Para marca\u00e7\u00e3o da qualifica\u00e7\u00e3o deve ser enviado o <a href=\"https:\/\/wp.ufpel.edu.br\/ppgna\/files\/2021\/12\/Agendamento.doc\">Formul\u00e1rio de Agendamento da Qualifica\u00e7\u00e3o<\/a>. No dia da defesa deve ser preenchido e assinado o <a href=\"https:\/\/wp.ufpel.edu.br\/ppgna\/files\/2012\/09\/Formul\u00e1rio-7-Defesa-de-Exame-de-Qualifica\u00e7\u00e3o.doc\">Formul\u00e1rio 7 para Defesa de Exame de Qualifica\u00e7\u00e3o<\/a>, que deve ser assinado por todos da banca.<\/p>\n<p style=\"text-align: justify;\"><strong><span style=\"text-decoration: underline;\">Encaminhamento de defesa de Mestrado e Doutorado<\/span><\/strong><br \/>\nPara marca\u00e7\u00e3o da defesa de Disserta\u00e7\u00e3o ou Tese, o <a href=\"https:\/\/wp.ufpel.edu.br\/ppgna\/files\/2019\/03\/Formulario-defesa.docx\">Formul\u00e1rio de agendamento da defesa<\/a> o qual dever\u00e1 ser\u00a0 preenchido e enviado para o e-mail do PPGNA at\u00e9 15 (quinze) dias antes da data prevista de defesa. Todos os membros da banca dever\u00e3o, no m\u00ednimo, ter a titula\u00e7\u00e3o de doutor. O documento de disserta\u00e7\u00e3o deve estar na Normas da UFPel dispon\u00edvel neste <a href=\"https:\/\/wp.ufpel.edu.br\/sisbi\/normas-da-ufpel-para-trabalhos-academicos\/\" target=\"_blank\" rel=\"noopener noreferrer\">link<\/a>.<\/p>\n<p style=\"text-align: justify;\"><strong><span style=\"text-decoration: underline;\">Dia da defesa<\/span><\/strong><br \/>\nPreviamente ao dia da defesa deve ser requisitado ao PPGNA a Ata de Defesa que, ap\u00f3s a defesa, dever\u00e1 ser assinada pela banca examinadora com o parecer final. O preenchimento e assinatura da banca deve ser feito em formato digital e encaminhada a secretaria por e-mail.<\/p>\n<p style=\"text-align: justify;\"><strong><span style=\"text-decoration: underline;\">Ap\u00f3s defesa de Mestrado e Doutorado<\/span><\/strong><br \/>\nAp\u00f3s a defesa da Disserta\u00e7\u00e3o ou Tese e altera\u00e7\u00f5es efetuadas (caso tenham sido solicitadas pela banca), deve ser solicitada a Ficha Catalogr\u00e1fica \u00e0 Biblioteca <a href=\"https:\/\/wp.ufpel.edu.br\/sisbi\/files\/2024\/10\/SOLICITACAO-DE-FICHA.pdf\">https:\/\/wp.ufpel.edu.br\/sisbi\/files\/2024\/10\/SOLICITACAO-DE-FICHA.pdf<\/a>\u00a0e <strong>inseri-la<\/strong> na Disserta\u00e7\u00e3o ou Tese. <strong>At\u00e9 90<\/strong> <strong>dias ap\u00f3s a data da defesa<\/strong> dever\u00e3o ser enviados para o e-mail do programa:<\/p>\n<p style=\"text-align: justify;\">1) o arquivo em PDF com a Disserta\u00e7\u00e3o\/Tese na \u00edntegra e com ficha catalogr\u00e1fica, formatada de acordo com as normas da Biblioteca,<\/p>\n<p style=\"text-align: justify;\">2) o termo de autoriza\u00e7\u00e3o da biblioteca <a href=\"https:\/\/wp.ufpel.edu.br\/sisbi\/files\/2025\/01\/Termo-Dissertacoes-e-Teses-07-2025-1-1.pdf\">https:\/\/wp.ufpel.edu.br\/sisbi\/files\/2025\/01\/Termo-Dissertacoes-e-Teses-07-2025-1-1.pdf<\/a>\u00a0para publica\u00e7\u00e3o para disserta\u00e7\u00e3o\/tese;<\/p>\n<p style=\"text-align: justify;\">3) <strong>Mestrado:<\/strong> comprovante da submiss\u00e3o do artigo \u00e0 revista com classifica\u00e7\u00e3o no Scopus (SciteScore) &gt;P62,5 e <strong>Doutorado:<\/strong> comprovante de publica\u00e7\u00e3o de um artigo e submiss\u00e3o de outro em revista com classifica\u00e7\u00e3o no Scopus (SciteScore) &gt;P62,5.<\/p>\n","protected":false},"excerpt":{"rendered":"<p>Procedimentos importantes Matr\u00edcula semestral A matr\u00edcula e a rematr\u00edcula devem ser feitas pelo cobalto. Al\u00e9m disso devem ser entregues o termos de compromisso atualizados conforme modelo para Bolsistas e N\u00e3o Bolsistas. &nbsp; Aproveitamento de cr\u00e9ditos Como proceder com a solicita\u00e7\u00e3o de aproveitamento de cr\u00e9ditos no PPGNA: Preencher e assinar junto com o(a) orientador(a) o Formul\u00e1rio [&hellip;]<\/p>\n","protected":false},"author":209,"featured_media":0,"parent":0,"menu_order":0,"comment_status":"closed","ping_status":"closed","template":"","meta":{"jetpack_post_was_ever_published":false,"footnotes":""},"class_list":["post-1612","page","type-page","status-publish","hentry"],"jetpack_sharing_enabled":true,"jetpack_shortlink":"https:\/\/wp.me\/P8FvYb-q0","_links":{"self":[{"href":"https:\/\/wp.ufpel.edu.br\/ppgna\/wp-json\/wp\/v2\/pages\/1612","targetHints":{"allow":["GET"]}}],"collection":[{"href":"https:\/\/wp.ufpel.edu.br\/ppgna\/wp-json\/wp\/v2\/pages"}],"about":[{"href":"https:\/\/wp.ufpel.edu.br\/ppgna\/wp-json\/wp\/v2\/types\/page"}],"author":[{"embeddable":true,"href":"https:\/\/wp.ufpel.edu.br\/ppgna\/wp-json\/wp\/v2\/users\/209"}],"replies":[{"embeddable":true,"href":"https:\/\/wp.ufpel.edu.br\/ppgna\/wp-json\/wp\/v2\/comments?post=1612"}],"version-history":[{"count":4,"href":"https:\/\/wp.ufpel.edu.br\/ppgna\/wp-json\/wp\/v2\/pages\/1612\/revisions"}],"predecessor-version":[{"id":4532,"href":"https:\/\/wp.ufpel.edu.br\/ppgna\/wp-json\/wp\/v2\/pages\/1612\/revisions\/4532"}],"wp:attachment":[{"href":"https:\/\/wp.ufpel.edu.br\/ppgna\/wp-json\/wp\/v2\/media?parent=1612"}],"curies":[{"name":"wp","href":"https:\/\/api.w.org\/{rel}","templated":true}]}}