{"id":1572,"date":"2015-01-13T20:26:14","date_gmt":"2015-01-13T22:26:14","guid":{"rendered":"https:\/\/wp.ufpel.edu.br\/ppgna\/?page_id=1572"},"modified":"2015-05-01T17:32:52","modified_gmt":"2015-05-01T20:32:52","slug":"discentes","status":"publish","type":"page","link":"https:\/\/wp.ufpel.edu.br\/ppgna\/ingresso\/discentes-2\/discentes\/","title":{"rendered":"2010"},"content":{"rendered":"<table>\n<tbody>\n<tr>\n<td style=\"text-align: center\"><strong>ANO\/SEMESTRE<\/strong><\/td>\n<td style=\"text-align: center\"><strong>MESTRANDO<\/strong><\/td>\n<td style=\"text-align: center\"><strong>ORIENTADOR<\/strong><\/td>\n<\/tr>\n<tr>\n<td style=\"text-align: center\">2010\/1<\/td>\n<td style=\"text-align: center\">Ang\u00e9lica Oz\u00f3rio Linhares<\/td>\n<td style=\"text-align: center\">Denise Petrucci Gigante<\/td>\n<\/tr>\n<tr>\n<td style=\"text-align: center\">2010\/1<\/td>\n<td style=\"text-align: center\">Ant\u00f4nio Augusto Sch\u00e4fer<\/td>\n<td style=\"text-align: center\">Maria Cec\u00edlia Formoso Assun\u00e7\u00e3o<\/td>\n<\/tr>\n<tr>\n<td style=\"text-align: center\">2010\/1<\/td>\n<td style=\"text-align: center\">Carla Ribeiro Ciochetto<\/td>\n<td style=\"text-align: center\">Maria de F\u00e1tima Alves Vieira<\/td>\n<\/tr>\n<tr>\n<td style=\"text-align: center\">2010\/1<\/td>\n<td style=\"text-align: center\">Carolina Galarza Vargas<\/td>\n<td style=\"text-align: center\">Elizabete Helbig<\/td>\n<\/tr>\n<tr>\n<td style=\"text-align: center\">2010\/1<\/td>\n<td style=\"text-align: center\">D\u00e9bora Oliveira da Silva<\/td>\n<td style=\"text-align: center\">Alvaro Renato Guerra Dias<\/td>\n<\/tr>\n<tr>\n<td style=\"text-align: center\">2010\/1<\/td>\n<td style=\"text-align: center\">Eliza Marques di Primio<\/td>\n<td style=\"text-align: center\">Elizabete Helbig<\/td>\n<\/tr>\n<tr>\n<td style=\"text-align: center\">2010\/1<\/td>\n<td style=\"text-align: center\">Fernanda de Oliveira Meller<\/td>\n<td style=\"text-align: center\">Cora Luiza Pavin Ara\u00fajo<\/td>\n<\/tr>\n<tr>\n<td style=\"text-align: center\">2010\/1<\/td>\n<td style=\"text-align: center\">Juliana Macedo Gon\u00e7alves<\/td>\n<td style=\"text-align: center\">M\u00e1rcia R\u00fabia Duarte Buchweitz<\/td>\n<\/tr>\n<tr>\n<td style=\"text-align: center\">2010\/1<\/td>\n<td style=\"text-align: center\">Leonardo Pozza dos Santos<\/td>\n<td style=\"text-align: center\">Denise Petrucci Gigante<\/td>\n<\/tr>\n<tr>\n<td style=\"text-align: center\">2010\/1<\/td>\n<td style=\"text-align: center\">Mabel Nilson Alves<\/td>\n<td style=\"text-align: center\">Maria de F\u00e1tima Alves Vieira<\/td>\n<\/tr>\n<tr>\n<td style=\"text-align: center\">2010\/1<\/td>\n<td style=\"text-align: center\">M\u00e1rcia Matsumura de Ara\u00fajo<\/td>\n<td style=\"text-align: center\">M\u00e1rcia R\u00fabia Duarte Buchweitz<\/td>\n<\/tr>\n<tr>\n<td style=\"text-align: center\">2010\/1<\/td>\n<td style=\"text-align: center\">Marisa Teresinha Costa Ferraz<\/td>\n<td style=\"text-align: center\">Maria de F\u00e1tima Alves Vieira<\/td>\n<\/tr>\n<tr>\n<td style=\"text-align: center\">2010\/1<\/td>\n<td style=\"text-align: center\">Patr\u00edcia Abrantes Duval<\/td>\n<td style=\"text-align: center\">Maria Cec\u00edlia Formoso Assun\u00e7\u00e3o<\/td>\n<\/tr>\n<tr>\n<td style=\"text-align: center\">2010\/1<\/td>\n<td style=\"text-align: center\">Ros\u00e2ngela de Leon Veleda de Souza<\/td>\n<td style=\"text-align: center\">Maria Cec\u00edlia Formoso Assun\u00e7\u00e3o<\/td>\n<\/tr>\n<\/tbody>\n<\/table>\n<p>&nbsp;<\/p>\n","protected":false},"excerpt":{"rendered":"<p>ANO\/SEMESTRE MESTRANDO ORIENTADOR 2010\/1 Ang\u00e9lica Oz\u00f3rio Linhares Denise Petrucci Gigante 2010\/1 Ant\u00f4nio Augusto Sch\u00e4fer Maria Cec\u00edlia Formoso Assun\u00e7\u00e3o 2010\/1 Carla Ribeiro Ciochetto Maria de F\u00e1tima Alves Vieira 2010\/1 Carolina Galarza Vargas Elizabete Helbig 2010\/1 D\u00e9bora Oliveira da Silva Alvaro Renato Guerra Dias 2010\/1 Eliza Marques di Primio Elizabete Helbig 2010\/1 Fernanda de Oliveira Meller Cora [&hellip;]<\/p>\n","protected":false},"author":209,"featured_media":0,"parent":1760,"menu_order":0,"comment_status":"closed","ping_status":"closed","template":"","meta":{"jetpack_post_was_ever_published":false,"footnotes":""},"class_list":["post-1572","page","type-page","status-publish","hentry"],"jetpack_sharing_enabled":true,"jetpack_shortlink":"https:\/\/wp.me\/P8FvYb-pm","_links":{"self":[{"href":"https:\/\/wp.ufpel.edu.br\/ppgna\/wp-json\/wp\/v2\/pages\/1572","targetHints":{"allow":["GET"]}}],"collection":[{"href":"https:\/\/wp.ufpel.edu.br\/ppgna\/wp-json\/wp\/v2\/pages"}],"about":[{"href":"https:\/\/wp.ufpel.edu.br\/ppgna\/wp-json\/wp\/v2\/types\/page"}],"author":[{"embeddable":true,"href":"https:\/\/wp.ufpel.edu.br\/ppgna\/wp-json\/wp\/v2\/users\/209"}],"replies":[{"embeddable":true,"href":"https:\/\/wp.ufpel.edu.br\/ppgna\/wp-json\/wp\/v2\/comments?post=1572"}],"version-history":[{"count":12,"href":"https:\/\/wp.ufpel.edu.br\/ppgna\/wp-json\/wp\/v2\/pages\/1572\/revisions"}],"predecessor-version":[{"id":1764,"href":"https:\/\/wp.ufpel.edu.br\/ppgna\/wp-json\/wp\/v2\/pages\/1572\/revisions\/1764"}],"up":[{"embeddable":true,"href":"https:\/\/wp.ufpel.edu.br\/ppgna\/wp-json\/wp\/v2\/pages\/1760"}],"wp:attachment":[{"href":"https:\/\/wp.ufpel.edu.br\/ppgna\/wp-json\/wp\/v2\/media?parent=1572"}],"curies":[{"name":"wp","href":"https:\/\/api.w.org\/{rel}","templated":true}]}}