{"id":92,"date":"2019-07-12T12:32:30","date_gmt":"2019-07-12T15:32:30","guid":{"rendered":"https:\/\/wp.ufpel.edu.br\/ppgmpar\/?page_id=92"},"modified":"2024-11-06T15:51:58","modified_gmt":"2024-11-06T18:51:58","slug":"o-curso","status":"publish","type":"page","link":"https:\/\/wp.ufpel.edu.br\/ppgmpar\/o-curso\/","title":{"rendered":"O Curso"},"content":{"rendered":"<p>Desde seu surgimento em 2004, sendo o curso de p\u00f3s-gradua\u00e7\u00e3o em microbiologia e parasitologia mais austral do Brasil foi criado inicialmente o curso de Mestrado com conceito 3 e, logo ap\u00f3s a primeira avalia\u00e7\u00e3o no tri\u00eanio 2004-2006 passou a conceito 4. Em 2010 come\u00e7am as atividades do curso de Doutorado com conceito 4.<\/p>\n<p>&nbsp;<\/p>\n<p>&nbsp;<\/p>\n<p>&nbsp;<\/p>\n","protected":false},"excerpt":{"rendered":"<p>Desde seu surgimento em 2004, sendo o curso de p\u00f3s-gradua\u00e7\u00e3o em microbiologia e parasitologia mais austral do Brasil foi criado inicialmente o curso de Mestrado com conceito 3 e, logo ap\u00f3s a primeira avalia\u00e7\u00e3o no tri\u00eanio 2004-2006 passou a conceito 4. Em 2010 come\u00e7am as atividades do curso de Doutorado com conceito 4. &nbsp; &nbsp; [&hellip;]<\/p>\n","protected":false},"author":20,"featured_media":0,"parent":0,"menu_order":0,"comment_status":"closed","ping_status":"closed","template":"","meta":{"footnotes":""},"class_list":["post-92","page","type-page","status-publish","hentry"],"jetpack_sharing_enabled":true,"_links":{"self":[{"href":"https:\/\/wp.ufpel.edu.br\/ppgmpar\/wp-json\/wp\/v2\/pages\/92","targetHints":{"allow":["GET"]}}],"collection":[{"href":"https:\/\/wp.ufpel.edu.br\/ppgmpar\/wp-json\/wp\/v2\/pages"}],"about":[{"href":"https:\/\/wp.ufpel.edu.br\/ppgmpar\/wp-json\/wp\/v2\/types\/page"}],"author":[{"embeddable":true,"href":"https:\/\/wp.ufpel.edu.br\/ppgmpar\/wp-json\/wp\/v2\/users\/20"}],"replies":[{"embeddable":true,"href":"https:\/\/wp.ufpel.edu.br\/ppgmpar\/wp-json\/wp\/v2\/comments?post=92"}],"version-history":[{"count":4,"href":"https:\/\/wp.ufpel.edu.br\/ppgmpar\/wp-json\/wp\/v2\/pages\/92\/revisions"}],"predecessor-version":[{"id":1154,"href":"https:\/\/wp.ufpel.edu.br\/ppgmpar\/wp-json\/wp\/v2\/pages\/92\/revisions\/1154"}],"wp:attachment":[{"href":"https:\/\/wp.ufpel.edu.br\/ppgmpar\/wp-json\/wp\/v2\/media?parent=92"}],"curies":[{"name":"wp","href":"https:\/\/api.w.org\/{rel}","templated":true}]}}