{"id":88,"date":"2019-07-12T12:32:23","date_gmt":"2019-07-12T15:32:23","guid":{"rendered":"https:\/\/wp.ufpel.edu.br\/ppgmpar\/?page_id=88"},"modified":"2019-10-09T12:17:44","modified_gmt":"2019-10-09T15:17:44","slug":"linhas-de-pesquisa","status":"publish","type":"page","link":"https:\/\/wp.ufpel.edu.br\/ppgmpar\/linhas-de-pesquisa\/","title":{"rendered":"Linhas de Pesquisa"},"content":{"rendered":"<ol>\n<li>\n<h3><strong>Microbiologia &#8211; Linhas de pesquisa:<\/strong><\/h3>\n<ul>\n<li>Aspectos biol\u00f3gicos, imunol\u00f3gicos e moleculares de micro-organismos.<\/li>\n<li>Aspectos cl\u00ednicos, epidemiol\u00f3gicos, diagn\u00f3stico e controle de doen\u00e7as causadas por micro-organismos.<\/li>\n<\/ul>\n<\/li>\n<li>\n<h3><strong>Parasitologia &#8211; Linhas de pesquisa:<\/strong><\/h3>\n<ul>\n<li>Biologia, epidemiologia, diagn\u00f3stico e controle das doen\u00e7as causadas por parasitos.<\/li>\n<li>Aspectos taxon\u00f4micos e controle de insetos de import\u00e2ncia m\u00e9dica e veterin\u00e1ria.<\/li>\n<\/ul>\n<\/li>\n<\/ol>\n","protected":false},"excerpt":{"rendered":"<p>Microbiologia &#8211; Linhas de pesquisa: Aspectos biol\u00f3gicos, imunol\u00f3gicos e moleculares de micro-organismos. Aspectos cl\u00ednicos, epidemiol\u00f3gicos, diagn\u00f3stico e controle de doen\u00e7as causadas por micro-organismos. Parasitologia &#8211; Linhas de pesquisa: Biologia, epidemiologia, diagn\u00f3stico e controle das doen\u00e7as causadas por parasitos. Aspectos taxon\u00f4micos e controle de insetos de import\u00e2ncia m\u00e9dica e veterin\u00e1ria.<\/p>\n","protected":false},"author":20,"featured_media":0,"parent":0,"menu_order":0,"comment_status":"closed","ping_status":"closed","template":"","meta":{"footnotes":""},"class_list":["post-88","page","type-page","status-publish","hentry"],"jetpack_sharing_enabled":true,"_links":{"self":[{"href":"https:\/\/wp.ufpel.edu.br\/ppgmpar\/wp-json\/wp\/v2\/pages\/88","targetHints":{"allow":["GET"]}}],"collection":[{"href":"https:\/\/wp.ufpel.edu.br\/ppgmpar\/wp-json\/wp\/v2\/pages"}],"about":[{"href":"https:\/\/wp.ufpel.edu.br\/ppgmpar\/wp-json\/wp\/v2\/types\/page"}],"author":[{"embeddable":true,"href":"https:\/\/wp.ufpel.edu.br\/ppgmpar\/wp-json\/wp\/v2\/users\/20"}],"replies":[{"embeddable":true,"href":"https:\/\/wp.ufpel.edu.br\/ppgmpar\/wp-json\/wp\/v2\/comments?post=88"}],"version-history":[{"count":6,"href":"https:\/\/wp.ufpel.edu.br\/ppgmpar\/wp-json\/wp\/v2\/pages\/88\/revisions"}],"predecessor-version":[{"id":227,"href":"https:\/\/wp.ufpel.edu.br\/ppgmpar\/wp-json\/wp\/v2\/pages\/88\/revisions\/227"}],"wp:attachment":[{"href":"https:\/\/wp.ufpel.edu.br\/ppgmpar\/wp-json\/wp\/v2\/media?parent=88"}],"curies":[{"name":"wp","href":"https:\/\/api.w.org\/{rel}","templated":true}]}}