{"id":82,"date":"2019-07-12T12:32:13","date_gmt":"2019-07-12T15:32:13","guid":{"rendered":"https:\/\/wp.ufpel.edu.br\/ppgmpar\/?page_id=82"},"modified":"2020-11-03T19:30:28","modified_gmt":"2020-11-03T22:30:28","slug":"disciplinas","status":"publish","type":"page","link":"https:\/\/wp.ufpel.edu.br\/ppgmpar\/disciplinas-2\/disciplinas\/","title":{"rendered":"Disciplinas 1\u00ba Semestre"},"content":{"rendered":"<p><a href=\"https:\/\/institucional.ufpel.edu.br\/disciplinas\/cod\/0030093\">Metodologia da Pesquisa e Elabora\u00e7\u00e3o de Projetos (2 cr\u00e9ditos)- Obrigat\u00f3ria<\/a><\/p>\n<p><a href=\"https:\/\/institucional.ufpel.edu.br\/disciplinas\/cod\/0038031\">Semin\u00e1rios I (2 cr\u00e9ditos)- Obrigat\u00f3ria<\/a><\/p>\n<p><a href=\"https:\/\/institucional.ufpel.edu.br\/disciplinas\/cod\/0038032\">Semin\u00e1rios II (2 cr\u00e9ditos)- Obrigat\u00f3ria<\/a><\/p>\n<p><a href=\"https:\/\/institucional.ufpel.edu.br\/disciplinas\/cod\/D000975\">Biologia Molecular (3 cr\u00e9ditos)- Optativa<\/a><\/p>\n<p><a href=\"https:\/\/institucional.ufpel.edu.br\/disciplinas\/cod\/0038071\">Controle das helmintoses de ruminantes (3 cr\u00e9ditos)- Optativa<\/a><\/p>\n<p><a href=\"https:\/\/institucional.ufpel.edu.br\/disciplinas\/cod\/D001094\">Doen\u00e7as f\u00fangicas e Oomicetos de import\u00e2ncia m\u00e9dica e veterin\u00e1ria (2 cr\u00e9ditos)- Optativa<\/a><\/p>\n<p><a href=\"https:\/\/institucional.ufpel.edu.br\/disciplinas\/cod\/0038037\">Epidemiologia m\u00e9dica e veterin\u00e1ria (3 cr\u00e9ditos)- Optativa<\/a><\/p>\n<p><a href=\"https:\/\/institucional.ufpel.edu.br\/disciplinas\/cod\/0038023\">Helmintologia (4 cr\u00e9ditos)- Optativa<\/a><\/p>\n<p><a href=\"https:\/\/institucional.ufpel.edu.br\/disciplinas\/cod\/0030072\">Helmintos com potencial zoon\u00f3tico parasitos de animais silvestres (2 cr\u00e9ditos)- Optativa<\/a><\/p>\n<p><a href=\"https:\/\/institucional.ufpel.edu.br\/disciplinas\/cod\/0038057\">Imunologia Parasit\u00e1ria (2 cr\u00e9ditos)- Optativa<\/a><\/p>\n<p><a href=\"https:\/\/institucional.ufpel.edu.br\/disciplinas\/cod\/0030092\">T\u00f3picos em did\u00e1tica e doc\u00eancia (1 cr\u00e9dito)- Optativa<\/a><\/p>\n","protected":false},"excerpt":{"rendered":"<p>Metodologia da Pesquisa e Elabora\u00e7\u00e3o de Projetos (2 cr\u00e9ditos)- Obrigat\u00f3ria Semin\u00e1rios I (2 cr\u00e9ditos)- Obrigat\u00f3ria Semin\u00e1rios II (2 cr\u00e9ditos)- Obrigat\u00f3ria Biologia Molecular (3 cr\u00e9ditos)- Optativa Controle das helmintoses de ruminantes (3 cr\u00e9ditos)- Optativa Doen\u00e7as f\u00fangicas e Oomicetos de import\u00e2ncia m\u00e9dica e veterin\u00e1ria (2 cr\u00e9ditos)- Optativa Epidemiologia m\u00e9dica e veterin\u00e1ria (3 cr\u00e9ditos)- Optativa Helmintologia (4 cr\u00e9ditos)- [&hellip;]<\/p>\n","protected":false},"author":20,"featured_media":0,"parent":254,"menu_order":0,"comment_status":"closed","ping_status":"closed","template":"","meta":{"footnotes":""},"class_list":["post-82","page","type-page","status-publish","hentry"],"jetpack_sharing_enabled":true,"_links":{"self":[{"href":"https:\/\/wp.ufpel.edu.br\/ppgmpar\/wp-json\/wp\/v2\/pages\/82","targetHints":{"allow":["GET"]}}],"collection":[{"href":"https:\/\/wp.ufpel.edu.br\/ppgmpar\/wp-json\/wp\/v2\/pages"}],"about":[{"href":"https:\/\/wp.ufpel.edu.br\/ppgmpar\/wp-json\/wp\/v2\/types\/page"}],"author":[{"embeddable":true,"href":"https:\/\/wp.ufpel.edu.br\/ppgmpar\/wp-json\/wp\/v2\/users\/20"}],"replies":[{"embeddable":true,"href":"https:\/\/wp.ufpel.edu.br\/ppgmpar\/wp-json\/wp\/v2\/comments?post=82"}],"version-history":[{"count":10,"href":"https:\/\/wp.ufpel.edu.br\/ppgmpar\/wp-json\/wp\/v2\/pages\/82\/revisions"}],"predecessor-version":[{"id":239,"href":"https:\/\/wp.ufpel.edu.br\/ppgmpar\/wp-json\/wp\/v2\/pages\/82\/revisions\/239"}],"up":[{"embeddable":true,"href":"https:\/\/wp.ufpel.edu.br\/ppgmpar\/wp-json\/wp\/v2\/pages\/254"}],"wp:attachment":[{"href":"https:\/\/wp.ufpel.edu.br\/ppgmpar\/wp-json\/wp\/v2\/media?parent=82"}],"curies":[{"name":"wp","href":"https:\/\/api.w.org\/{rel}","templated":true}]}}