{"id":46,"date":"2019-07-12T12:31:49","date_gmt":"2019-07-12T15:31:49","guid":{"rendered":"https:\/\/wp.ufpel.edu.br\/ppgmpar\/?page_id=46"},"modified":"2025-07-11T14:05:35","modified_gmt":"2025-07-11T17:05:35","slug":"corpo-docente","status":"publish","type":"page","link":"https:\/\/wp.ufpel.edu.br\/ppgmpar\/corpo-docente\/","title":{"rendered":"Corpo Docente"},"content":{"rendered":"<ul class=\"wpipessoa-lista\"><li class=\"wpipessoa-post clearfix\"><div class=\"wpipessoa-thumb\"><a href=\"http:\/\/lattes.cnpq.br\/1309395007961788\"><img width=\"191\" height=\"200\" src=\"https:\/\/wp.ufpel.edu.br\/ppgmpar\/files\/2019\/07\/41878317_1880580348686698_4373849928078721024_n-1-191x200.jpg\" class=\"attachment-thumbnail size-thumbnail wp-post-image\" alt=\"\" \/><\/a><\/div><div class=\"wpipessoa-info\"><div class=\"wpipessoa-nome wpipessoa-fonte-grande\"><a href=\"http:\/\/lattes.cnpq.br\/1309395007961788\">Camila Belmonte Oliveira<\/a><\/div><div class=\"wpipessoa-funcao wpipessoa-fonte-italica\">M\u00e9dica veterin\u00e1ria <br \/>\r\n\u00c1rea de atua\u00e7\u00e3o: Protozo\u00e1rios e Cul\u00eddeos<\/div><div class=\"wpipessoa-lattes\"><a href=\"http:\/\/lattes.cnpq.br\/1309395007961788\" target=\"_blank\">Lattes<\/a><\/div><div class=\"wpipessoa-email\"><a href=\"camilabelmontevet@yahoo.com.br\" target=\"_blank\">camilabelmontevet@yahoo.com.br<\/a><\/div><\/div><\/li><li class=\"wpipessoa-post clearfix\"><div class=\"wpipessoa-thumb\"><a href=\"http:\/\/lattes.cnpq.br\/0131111340559161\"><img width=\"200\" height=\"200\" src=\"https:\/\/wp.ufpel.edu.br\/ppgmpar\/files\/2019\/07\/servletrecuperafoto-5-200x200.jpg\" class=\"attachment-thumbnail size-thumbnail wp-post-image\" alt=\"\" srcset=\"https:\/\/wp.ufpel.edu.br\/ppgmpar\/files\/2019\/07\/servletrecuperafoto-5-200x200.jpg 200w, https:\/\/wp.ufpel.edu.br\/ppgmpar\/files\/2019\/07\/servletrecuperafoto-5-400x400.jpg 400w, https:\/\/wp.ufpel.edu.br\/ppgmpar\/files\/2019\/07\/servletrecuperafoto-5-768x769.jpg 768w, https:\/\/wp.ufpel.edu.br\/ppgmpar\/files\/2019\/07\/servletrecuperafoto-5-1024x1024.jpg 1024w, https:\/\/wp.ufpel.edu.br\/ppgmpar\/files\/2019\/07\/servletrecuperafoto-5.jpg 1439w\" sizes=\"(max-width: 200px) 100vw, 200px\" \/><\/a><\/div><div class=\"wpipessoa-info\"><div class=\"wpipessoa-nome wpipessoa-fonte-grande\"><a href=\"http:\/\/lattes.cnpq.br\/0131111340559161\">Daiane Drawanz Hartwig  (Bolsista de Produtividade Desen. Tec. e Extens\u00e3o Inovadora do CNPq &#8211; N\u00edvel 2)<\/a><\/div><div class=\"wpipessoa-funcao wpipessoa-fonte-italica\">Biologia Molecular e Imunologia<\/div><div class=\"wpipessoa-lattes\"><a href=\"http:\/\/lattes.cnpq.br\/0131111340559161\" target=\"_blank\">Lattes<\/a><\/div><div class=\"wpipessoa-email\"><a href=\"daianehartwig@gmail.com\" target=\"_blank\">daianehartwig@gmail.com<\/a><\/div><\/div><\/li><li class=\"wpipessoa-post clearfix\"><div class=\"wpipessoa-thumb\"><a href=\"http:\/\/lattes.cnpq.br\/3382450720179401\"><img width=\"200\" height=\"200\" src=\"https:\/\/wp.ufpel.edu.br\/ppgmpar\/files\/2019\/07\/servletrecuperafoto-4-200x200.jpg\" class=\"attachment-thumbnail size-thumbnail wp-post-image\" alt=\"\" \/><\/a><\/div><div class=\"wpipessoa-info\"><div class=\"wpipessoa-nome wpipessoa-fonte-grande\"><a href=\"http:\/\/lattes.cnpq.br\/3382450720179401\">Daniela Isabel Brayer Pereira  (Bolsista de Produtividade em Pesquisa do CNPq &#8211; N\u00edvel 2)<\/a><\/div><div class=\"wpipessoa-funcao wpipessoa-fonte-italica\">M\u00e9dica Veterin\u00e1ria<br \/>\r\nDesenvolve pesquisas na \u00e1rea de Fungos patog\u00eanicos de import\u00e2ncia m\u00e9dica e veterin\u00e1ria<br \/>\r\nFungos no Controle Biol\u00f3gico de Artr\u00f3podes e Nemat\u00f3ides.<\/div><div class=\"wpipessoa-lattes\"><a href=\"http:\/\/lattes.cnpq.br\/3382450720179401\" target=\"_blank\">Lattes<\/a><\/div><div class=\"wpipessoa-email\"><a href=\"danielabrayer@gmail.com\" target=\"_blank\">danielabrayer@gmail.com<\/a><\/div><\/div><\/li><li class=\"wpipessoa-post clearfix\"><div class=\"wpipessoa-thumb\"><a href=\"https:\/\/buscatextual.cnpq.br\/buscatextual\/busca.do\"><img width=\"200\" height=\"200\" src=\"https:\/\/wp.ufpel.edu.br\/ppgmpar\/files\/2025\/11\/Dulcinea-Blum-Menezes-200x200.webp\" class=\"attachment-thumbnail size-thumbnail wp-post-image\" alt=\"\" srcset=\"https:\/\/wp.ufpel.edu.br\/ppgmpar\/files\/2025\/11\/Dulcinea-Blum-Menezes-200x200.webp 200w, https:\/\/wp.ufpel.edu.br\/ppgmpar\/files\/2025\/11\/Dulcinea-Blum-Menezes-400x400.webp 400w, https:\/\/wp.ufpel.edu.br\/ppgmpar\/files\/2025\/11\/Dulcinea-Blum-Menezes.webp 512w\" sizes=\"(max-width: 200px) 100vw, 200px\" \/><\/a><\/div><div class=\"wpipessoa-info\"><div class=\"wpipessoa-nome wpipessoa-fonte-grande\"><a href=\"https:\/\/buscatextual.cnpq.br\/buscatextual\/busca.do\">Dulcinea Blum Menezes<\/a><\/div><div class=\"wpipessoa-funcao wpipessoa-fonte-italica\">Farmac\u00eautica. Atua na \u00e1rea de Microbiologia, com \u00eanfase em Microbiologia Aplicada a Sa\u00fade, atuando principalmente nos seguintes temas: Controle de infec\u00e7\u00f5es em ambientes de institui\u00e7\u00f5es de sa\u00fade e estudo em Microbiota Intestinal.<br \/>\r\n<\/div><div class=\"wpipessoa-lattes\"><a href=\"https:\/\/buscatextual.cnpq.br\/buscatextual\/busca.do\" target=\"_blank\">Lattes<\/a><\/div><div class=\"wpipessoa-email\"><a href=\"dulceblumen@gmail.com\" target=\"_blank\">dulceblumen@gmail.com<\/a><\/div><\/div><\/li><li class=\"wpipessoa-post clearfix\"><div class=\"wpipessoa-thumb\"><a href=\"http:\/\/lattes.cnpq.br\/0198257253890399\"><img width=\"180\" height=\"170\" src=\"https:\/\/wp.ufpel.edu.br\/ppgmpar\/files\/2019\/07\/fabio.jpg\" class=\"attachment-thumbnail size-thumbnail wp-post-image\" alt=\"\" \/><\/a><\/div><div class=\"wpipessoa-info\"><div class=\"wpipessoa-nome wpipessoa-fonte-grande\"><a href=\"http:\/\/lattes.cnpq.br\/0198257253890399\">F\u00e1bio Pereira Leivas Leite  (Bolsista de Produtividade em Pesquisa do CNPq &#8211; N\u00edvel 1D)<\/a><\/div><div class=\"wpipessoa-funcao wpipessoa-fonte-italica\">Imunologia e Controle Biol\u00f3gico<\/div><div class=\"wpipessoa-lattes\"><a href=\"http:\/\/lattes.cnpq.br\/0198257253890399\" target=\"_blank\">Lattes<\/a><\/div><div class=\"wpipessoa-email\"><a href=\"fabio_leite@ufpel.edu.br\" target=\"_blank\">fabio_leite@ufpel.edu.br<\/a><\/div><\/div><\/li><li class=\"wpipessoa-post clearfix\"><div class=\"wpipessoa-thumb\"><a href=\"http:\/\/lattes.cnpq.br\/6027763770110766\"><img width=\"200\" height=\"200\" src=\"https:\/\/wp.ufpel.edu.br\/ppgmpar\/files\/2019\/07\/Fabio-Raphael-Pascoti-Bruhn-200x200.jpg\" class=\"attachment-thumbnail size-thumbnail wp-post-image\" alt=\"\" \/><\/a><\/div><div class=\"wpipessoa-info\"><div class=\"wpipessoa-nome wpipessoa-fonte-grande\"><a href=\"http:\/\/lattes.cnpq.br\/6027763770110766\">Fabio Raphael Pascoti Bruhn  (Bolsista de Produtividade em Pesquisa do CNPq &#8211; N\u00edvel 2)<\/a><\/div><div class=\"wpipessoa-funcao wpipessoa-fonte-italica\">Sa\u00fade Coletiva e Sanidade Animal<br \/>\r\nBiologia, epidemiologia, patologia e controle das parasitoses de import\u00e2ncia veterin\u00e1ria.<\/div><div class=\"wpipessoa-lattes\"><a href=\"http:\/\/lattes.cnpq.br\/6027763770110766\" target=\"_blank\">Lattes<\/a><\/div><div class=\"wpipessoa-email\"><a href=\"fabio_rpb@yahoo.com\" target=\"_blank\">fabio_rpb@yahoo.com<\/a><\/div><\/div><\/li><li class=\"wpipessoa-post clearfix\"><div class=\"wpipessoa-thumb\"><a href=\"http:\/\/lattes.cnpq.br\/9222325507647224\"><img width=\"200\" height=\"200\" src=\"https:\/\/wp.ufpel.edu.br\/ppgmpar\/files\/2025\/11\/flavio-200x200.jpeg\" class=\"attachment-thumbnail size-thumbnail wp-post-image\" alt=\"\" \/><\/a><\/div><div class=\"wpipessoa-info\"><div class=\"wpipessoa-nome wpipessoa-fonte-grande\"><a href=\"http:\/\/lattes.cnpq.br\/9222325507647224\">Fl\u00e1vio Silveira<\/a><\/div><div class=\"wpipessoa-funcao wpipessoa-fonte-italica\">M\u00e9dico Veterin\u00e1rio<br \/>\r\nAtua na \u00e1rea de Microbiologia e Sa\u00fade Animal, desenvolvendo projetos de pesquisa na \u00e1rea de em esporotricose e tuberculose animal. <\/div><div class=\"wpipessoa-lattes\"><a href=\"http:\/\/lattes.cnpq.br\/9222325507647224\" target=\"_blank\">Lattes<\/a><\/div><div class=\"wpipessoa-email\"><a href=\"flavio-silveira@agricultura.rs.gov.br\" target=\"_blank\">flavio-silveira@agricultura.rs.gov.br<\/a><\/div><\/div><\/li><li class=\"wpipessoa-post clearfix\"><div class=\"wpipessoa-thumb\"><a href=\"http:\/\/lattes.cnpq.br\/8192385731123737\"><img width=\"101\" height=\"134\" src=\"https:\/\/wp.ufpel.edu.br\/ppgmpar\/files\/2025\/11\/jose-mario.jpeg\" class=\"attachment-thumbnail size-thumbnail wp-post-image\" alt=\"\" \/><\/a><\/div><div class=\"wpipessoa-info\"><div class=\"wpipessoa-nome wpipessoa-fonte-grande\"><a href=\"http:\/\/lattes.cnpq.br\/8192385731123737\">Jos\u00e9 Mario Barichello<\/a><\/div><div class=\"wpipessoa-funcao wpipessoa-fonte-italica\">Farmac\u00eautico<br \/>\r\nTem experi\u00eancia no desenvolvimento e caracteriza\u00e7\u00e3o de sistemas nanoestruturados (lipossomas, solu\u00e7\u00f5es micelares e nanopart\u00edculas polim\u00e9ricas), Biofarm\u00e1cia e Biologia molecular. <\/div><div class=\"wpipessoa-lattes\"><a href=\"http:\/\/lattes.cnpq.br\/8192385731123737\" target=\"_blank\">Lattes<\/a><\/div><div class=\"wpipessoa-email\"><a href=\"josemariobarichello@gmail.com\" target=\"_blank\">josemariobarichello@gmail.com<\/a><\/div><\/div><\/li><li class=\"wpipessoa-post clearfix\"><div class=\"wpipessoa-thumb\"><a href=\"http:\/\/lattes.cnpq.br\/3241705092374997\"><img width=\"200\" height=\"200\" src=\"https:\/\/wp.ufpel.edu.br\/ppgmpar\/files\/2025\/11\/Leda-200x200.jpeg\" class=\"attachment-thumbnail size-thumbnail wp-post-image\" alt=\"\" \/><\/a><\/div><div class=\"wpipessoa-info\"><div class=\"wpipessoa-nome wpipessoa-fonte-grande\"><a href=\"http:\/\/lattes.cnpq.br\/3241705092374997\">Leda Margarita Casta\u00f1o Barrios<\/a><\/div><div class=\"wpipessoa-funcao wpipessoa-fonte-italica\">M\u00e9dica Veterin\u00e1ria<br \/>\r\nTem experi\u00eancia em neurobiologia comportamental, processos neuro invasivos e inflamat\u00f3rios, especialmente na rela\u00e7\u00e3o parasito hospedeiro em modelos de doen\u00e7a de Chagas e Toxoplasmose. <\/div><div class=\"wpipessoa-lattes\"><a href=\"http:\/\/lattes.cnpq.br\/3241705092374997\" target=\"_blank\">Lattes<\/a><\/div><div class=\"wpipessoa-email\"><a href=\"ledacastano@gmail.com\" target=\"_blank\">ledacastano@gmail.com<\/a><\/div><\/div><\/li><li class=\"wpipessoa-post clearfix\"><div class=\"wpipessoa-thumb\"><a href=\"http:\/\/lattes.cnpq.br\/5870589702797914\"><img width=\"200\" height=\"200\" src=\"https:\/\/wp.ufpel.edu.br\/ppgmpar\/files\/2019\/07\/21150226_1969255613320463_5206112165017639586_n-200x200.jpg\" class=\"attachment-thumbnail size-thumbnail wp-post-image\" alt=\"\" srcset=\"https:\/\/wp.ufpel.edu.br\/ppgmpar\/files\/2019\/07\/21150226_1969255613320463_5206112165017639586_n-200x200.jpg 200w, https:\/\/wp.ufpel.edu.br\/ppgmpar\/files\/2019\/07\/21150226_1969255613320463_5206112165017639586_n-400x400.jpg 400w, https:\/\/wp.ufpel.edu.br\/ppgmpar\/files\/2019\/07\/21150226_1969255613320463_5206112165017639586_n.jpg 720w\" sizes=\"(max-width: 200px) 100vw, 200px\" \/><\/a><\/div><div class=\"wpipessoa-info\"><div class=\"wpipessoa-nome wpipessoa-fonte-grande\"><a href=\"http:\/\/lattes.cnpq.br\/5870589702797914\">Maria Elisabeth Aires Berne<\/a><\/div><div class=\"wpipessoa-funcao wpipessoa-fonte-italica\">Helmintologia<\/div><div class=\"wpipessoa-lattes\"><a href=\"http:\/\/lattes.cnpq.br\/5870589702797914\" target=\"_blank\">Lattes<\/a><\/div><div class=\"wpipessoa-email\"><a href=\"bernemea@gmail.com\" target=\"_blank\">bernemea@gmail.com<\/a><\/div><\/div><\/li><li class=\"wpipessoa-post clearfix\"><div class=\"wpipessoa-thumb\"><a href=\"http:\/\/lattes.cnpq.br\/8802389441638000\"><img width=\"132\" height=\"137\" src=\"https:\/\/wp.ufpel.edu.br\/ppgmpar\/files\/2024\/02\/Captura-de-tela-2024-02-15-125630.jpg\" class=\"attachment-thumbnail size-thumbnail wp-post-image\" alt=\"\" \/><\/a><\/div><div class=\"wpipessoa-info\"><div class=\"wpipessoa-nome wpipessoa-fonte-grande\"><a href=\"http:\/\/lattes.cnpq.br\/8802389441638000\">Nat\u00e1lia Berne Pinheiro<\/a><\/div><div class=\"wpipessoa-funcao wpipessoa-fonte-italica\">Parasitologia, helmintologia<\/div><div class=\"wpipessoa-lattes\"><a href=\"http:\/\/lattes.cnpq.br\/8802389441638000\" target=\"_blank\">Lattes<\/a><\/div><div class=\"wpipessoa-email\"><a href=\"nbernevet@gmail.com\" target=\"_blank\">nbernevet@gmail.com<\/a><\/div><\/div><\/li><li class=\"wpipessoa-post clearfix\"><div class=\"wpipessoa-thumb\"><a href=\"http:\/\/lattes.cnpq.br\/0374717224804681\"><img width=\"200\" height=\"200\" src=\"https:\/\/wp.ufpel.edu.br\/ppgmpar\/files\/2024\/02\/Captura-de-tela-2024-02-15-125942-200x200.jpg\" class=\"attachment-thumbnail size-thumbnail wp-post-image\" alt=\"\" \/><\/a><\/div><div class=\"wpipessoa-info\"><div class=\"wpipessoa-nome wpipessoa-fonte-grande\"><a href=\"http:\/\/lattes.cnpq.br\/0374717224804681\">Nathieli Bianchin Bottari<\/a><\/div><div class=\"wpipessoa-funcao wpipessoa-fonte-italica\">Coordenadora adjunta.<br \/>\r\nMicrobiologia cl\u00ednica.<\/div><div class=\"wpipessoa-lattes\"><a href=\"http:\/\/lattes.cnpq.br\/0374717224804681\" target=\"_blank\">Lattes<\/a><\/div><div class=\"wpipessoa-email\"><a href=\"nathieli_bb@hotmail.com\" target=\"_blank\">nathieli_bb@hotmail.com<\/a><\/div><\/div><\/li><li class=\"wpipessoa-post clearfix\"><div class=\"wpipessoa-thumb\"><a href=\"http:\/\/lattes.cnpq.br\/3560823637748071\"><img width=\"200\" height=\"200\" src=\"https:\/\/wp.ufpel.edu.br\/ppgmpar\/files\/2019\/07\/servletrecuperafoto-8-200x200.jpg\" class=\"attachment-thumbnail size-thumbnail wp-post-image\" alt=\"\" \/><\/a><\/div><div class=\"wpipessoa-info\"><div class=\"wpipessoa-nome wpipessoa-fonte-grande\"><a href=\"http:\/\/lattes.cnpq.br\/3560823637748071\">Patr\u00edcia da Silva Nascente<\/a><\/div><div class=\"wpipessoa-funcao wpipessoa-fonte-italica\">Fungos patog\u00eanicos de import\u00e2ncia m\u00e9dica e veterin\u00e1ria; Fungos no Controle Biol\u00f3gico de Artr\u00f3podes e Nemat\u00f3ides.<\/div><div class=\"wpipessoa-lattes\"><a href=\"http:\/\/lattes.cnpq.br\/3560823637748071\" target=\"_blank\">Lattes<\/a><\/div><div class=\"wpipessoa-email\"><a href=\"pattsn@gmail.com\" target=\"_blank\">pattsn@gmail.com<\/a><\/div><\/div><\/li><li class=\"wpipessoa-post clearfix\"><div class=\"wpipessoa-thumb\"><a href=\"http:\/\/lattes.cnpq.br\/5766962478631572\"><img src=\"https:\/\/wp.ufpel.edu.br\/ppgmpar\/wp-content\/plugins\/wpi-pessoas\/img\/sem_foto.jpg\"><\/a><\/div><div class=\"wpipessoa-info\"><div class=\"wpipessoa-nome wpipessoa-fonte-grande\"><a href=\"http:\/\/lattes.cnpq.br\/5766962478631572\">Renata Os\u00f3rio de Faria<\/a><\/div><div class=\"wpipessoa-funcao wpipessoa-fonte-italica\">M\u00e9dica Veterin\u00e1ria<br \/>\r\nTem experi\u00eancia na \u00e1rea de Medicina Veterin\u00e1ria, com \u00eanfase em Micologia e Doen\u00e7as Infecciosas de Pequenos Animais, atuando principalmente nos seguintes temas: micologia veterin\u00e1ria, Complexo Sporothrix schenckii, Cryptococcus neoformans, dermat\u00f3fitos, Malassezia spp., Candida spp..<\/div><div class=\"wpipessoa-lattes\"><a href=\"http:\/\/lattes.cnpq.br\/5766962478631572\" target=\"_blank\">Lattes<\/a><\/div><div class=\"wpipessoa-email\"><a href=\"renataosoriovet@gmail.com\" target=\"_blank\">renataosoriovet@gmail.com<\/a><\/div><\/div><\/li><li class=\"wpipessoa-post clearfix\"><div class=\"wpipessoa-thumb\"><a href=\"http:\/\/lattes.cnpq.br\/4249320103312387\"><img width=\"200\" height=\"200\" src=\"https:\/\/wp.ufpel.edu.br\/ppgmpar\/files\/2024\/02\/WhatsApp-Image-2023-12-18-at-12.55.34-200x200.jpeg\" class=\"attachment-thumbnail size-thumbnail wp-post-image\" alt=\"\" \/><\/a><\/div><div class=\"wpipessoa-info\"><div class=\"wpipessoa-nome wpipessoa-fonte-grande\"><a href=\"http:\/\/lattes.cnpq.br\/4249320103312387\">Rodrigo Casquero Cunha  (Bolsista de Produtividade Desen. Tec. e Extens\u00e3o Inovadora do CNPq &#8211; N\u00edvel 2)<\/a><\/div><div class=\"wpipessoa-funcao wpipessoa-fonte-italica\">Biologia molecular. Diagn\u00f3stico molecular. Microbiologia e parasitologia.<\/div><div class=\"wpipessoa-lattes\"><a href=\"http:\/\/lattes.cnpq.br\/4249320103312387\" target=\"_blank\">Lattes<\/a><\/div><div class=\"wpipessoa-site\"><a href=\"https:\/\/wp.ufpel.edu.br\/biomolvet\/\" target=\"_blank\">Web<\/a><\/div><div class=\"wpipessoa-email\"><a href=\"rodrigo.cunha@ufpel.edu.br\" target=\"_blank\">rodrigo.cunha@ufpel.edu.br<\/a><\/div><\/div><\/li><li class=\"wpipessoa-post clearfix\"><div class=\"wpipessoa-thumb\"><a href=\"http:\/\/lattes.cnpq.br\/0953074420467371\"><img width=\"124\" height=\"159\" src=\"https:\/\/wp.ufpel.edu.br\/ppgmpar\/files\/2019\/12\/Rodrigo-Vauchercz-124x159.jpg\" class=\"attachment-thumbnail size-thumbnail wp-post-image\" alt=\"\" \/><\/a><\/div><div class=\"wpipessoa-info\"><div class=\"wpipessoa-nome wpipessoa-fonte-grande\"><a href=\"http:\/\/lattes.cnpq.br\/0953074420467371\">Rodrigo de Almeida Vaucher (Bolsista de Produtividade em Pesquisa &#8211; N\u00edvel C)<\/a><\/div><div class=\"wpipessoa-funcao wpipessoa-fonte-italica\">Coordenador,<br \/>\r\nBacteriologia Cl\u00ednica, Diagn\u00f3stico molecular de micro-organismos de import\u00e2ncia m\u00e9dica.<\/div><div class=\"wpipessoa-lattes\"><a href=\"http:\/\/lattes.cnpq.br\/0953074420467371\" target=\"_blank\">Lattes<\/a><\/div><div class=\"wpipessoa-email\"><a href=\"rodvaucher@hotmail.com\" target=\"_blank\">rodvaucher@hotmail.com<\/a><\/div><\/div><\/li><li class=\"wpipessoa-post clearfix\"><div class=\"wpipessoa-thumb\"><a href=\"http:\/\/lattes.cnpq.br\/9058637936801168\"><img width=\"200\" height=\"200\" src=\"https:\/\/wp.ufpel.edu.br\/ppgmpar\/files\/2019\/07\/servletrecuperafoto-12-200x200.jpg\" class=\"attachment-thumbnail size-thumbnail wp-post-image\" alt=\"\" \/><\/a><\/div><div class=\"wpipessoa-info\"><div class=\"wpipessoa-nome wpipessoa-fonte-grande\"><a href=\"http:\/\/lattes.cnpq.br\/9058637936801168\">Rodrigo Ferreira Kr\u00fcger (Bolsista de Produtividade em Pesquisa &#8211; N\u00edvel C)<\/a><\/div><div class=\"wpipessoa-funcao wpipessoa-fonte-italica\">Entomologia e Acarologia de Import\u00e2ncia Veterin\u00e1ria e M\u00e9dica<br \/>\r\nEntomologia Forense e Ecologia de Parasitos e Vetores<\/div><div class=\"wpipessoa-lattes\"><a href=\"http:\/\/lattes.cnpq.br\/9058637936801168\" target=\"_blank\">Lattes<\/a><\/div><div class=\"wpipessoa-email\"><a href=\"rfkruger@gmail.com\" target=\"_blank\">rfkruger@gmail.com<\/a><\/div><\/div><\/li><li class=\"wpipessoa-post clearfix\"><div class=\"wpipessoa-thumb\"><a href=\"http:\/\/lattes.cnpq.br\/4952257308264821\"><img width=\"145\" height=\"150\" src=\"https:\/\/wp.ufpel.edu.br\/ppgmpar\/files\/2024\/02\/Captura-de-tela-2024-02-15-125301.jpg\" class=\"attachment-thumbnail size-thumbnail wp-post-image\" alt=\"\" \/><\/a><\/div><div class=\"wpipessoa-info\"><div class=\"wpipessoa-nome wpipessoa-fonte-grande\"><a href=\"http:\/\/lattes.cnpq.br\/4952257308264821\">S\u00e9rgio Jorge<\/a><\/div><div class=\"wpipessoa-funcao wpipessoa-fonte-italica\">Microbiologia aplicada<\/div><div class=\"wpipessoa-lattes\"><a href=\"http:\/\/lattes.cnpq.br\/4952257308264821\" target=\"_blank\">Lattes<\/a><\/div><div class=\"wpipessoa-email\"><a href=\"sergiojorgevet@hotmail.com\" target=\"_blank\">sergiojorgevet@hotmail.com<\/a><\/div><\/div><\/li><\/ul>\n","protected":false},"excerpt":{"rendered":"<div class=\"wpipessoa-lista wpipessoa-info\">\n<div class=\"wpipessoa-funcao wpipessoa-fonte-italica\">Microbiologia aplicada<\/div>\n<div class=\"wpipessoa-lattes\"><a href=\"http:\/\/lattes.cnpq.br\/4952257308264821\" target=\"_blank\">Lattes<\/a><\/div>\n<div class=\"wpipessoa-email\"><a href=\"sergiojorgevet@hotmail.com\" target=\"_blank\">sergiojorgevet@hotmail.com<\/a><\/div>\n<\/div>\n","protected":false},"author":20,"featured_media":0,"parent":0,"menu_order":0,"comment_status":"closed","ping_status":"closed","template":"","meta":{"footnotes":""},"class_list":["post-46","page","type-page","status-publish","hentry"],"jetpack_sharing_enabled":true,"_links":{"self":[{"href":"https:\/\/wp.ufpel.edu.br\/ppgmpar\/wp-json\/wp\/v2\/pages\/46","targetHints":{"allow":["GET"]}}],"collection":[{"href":"https:\/\/wp.ufpel.edu.br\/ppgmpar\/wp-json\/wp\/v2\/pages"}],"about":[{"href":"https:\/\/wp.ufpel.edu.br\/ppgmpar\/wp-json\/wp\/v2\/types\/page"}],"author":[{"embeddable":true,"href":"https:\/\/wp.ufpel.edu.br\/ppgmpar\/wp-json\/wp\/v2\/users\/20"}],"replies":[{"embeddable":true,"href":"https:\/\/wp.ufpel.edu.br\/ppgmpar\/wp-json\/wp\/v2\/comments?post=46"}],"version-history":[{"count":2,"href":"https:\/\/wp.ufpel.edu.br\/ppgmpar\/wp-json\/wp\/v2\/pages\/46\/revisions"}],"predecessor-version":[{"id":407,"href":"https:\/\/wp.ufpel.edu.br\/ppgmpar\/wp-json\/wp\/v2\/pages\/46\/revisions\/407"}],"wp:attachment":[{"href":"https:\/\/wp.ufpel.edu.br\/ppgmpar\/wp-json\/wp\/v2\/media?parent=46"}],"curies":[{"name":"wp","href":"https:\/\/api.w.org\/{rel}","templated":true}]}}