{"id":336,"date":"2019-10-31T11:15:34","date_gmt":"2019-10-31T14:15:34","guid":{"rendered":"https:\/\/wp.ufpel.edu.br\/ppgmpar\/?page_id=336"},"modified":"2020-11-03T19:29:20","modified_gmt":"2020-11-03T22:29:20","slug":"2017-2","status":"publish","type":"page","link":"https:\/\/wp.ufpel.edu.br\/ppgmpar\/dissertacoes-teses\/2017-2\/","title":{"rendered":"2017"},"content":{"rendered":"<h3><strong>Teses<\/strong><\/h3>\n<ol>\n<li><a href=\"https:\/\/wp.ufpel.edu.br\/ppgmpar\/files\/2019\/11\/A\u00e7\u00e3o-nematicida-da-toxina-Cry11Aa-de-Bacillus-thuringiensis-var.-israelensis-em-larvas-de-Haemonchus-spp..pdf\">A\u00e7\u00e3o nematicida da toxina Cry11Aa de Bacillus thuringiensis var. israelensis em larvas de Haemonchus spp.<\/a><\/li>\n<li><a href=\"https:\/\/wp.ufpel.edu.br\/ppgmpar\/files\/2019\/11\/Assembl\u00e9ia-de-\u00e1caros-nasais-e-helmintos-de-Chrysomus-ruficapillus-Viellot-1819-Passeriformes-Icteridae-de-lavouras-de-arroz-do-extremo-sul-do-Brasil.pdf\">Assembl\u00e9ia de \u00e1caros nasais e helmintos de Chrysomus ruficapillus (Viellot, 1819) (Passeriformes Icteridae) de lavouras de arroz do extremo sul do Brasil<\/a><\/li>\n<li><a href=\"https:\/\/wp.ufpel.edu.br\/ppgmpar\/files\/2019\/11\/Avalia\u00e7\u00e3o-da-contamina\u00e7\u00e3o-ambiental-por-bact\u00e9rias-aer\u00f3bicas-fungos-e-ovos-de-parasitos-no-per\u00edmetro-dos-elementos-tanatocen\u00f3ticos-de-Otaria-flavescens-Shaw-1800-no-litoral-sul-do-Brasil.pdf\">Avalia\u00e7\u00e3o da contamina\u00e7\u00e3o ambiental por bact\u00e9rias aer\u00f3bicas, fungos e ovos de parasitos no per\u00edmetro dos elementos tanatocen\u00f3ticos de Otaria flavescens (Shaw, 1800) no litoral sul do Brasil<\/a><\/li>\n<li><a href=\"https:\/\/wp.ufpel.edu.br\/ppgmpar\/files\/2019\/11\/Isolamento-caracteriza\u00e7\u00e3o-e-avalia\u00e7\u00e3o-da-patogenicidade-de-Pythium-spp.-de-ecossistemas-de-\u00e1gua-doce-no-estado-do-RS-e-influ\u00eancia-da-temperatura-na-zoosporog\u00eanese-de-Pythium-insidiosum.pdf\">Isolamento, caracteriza\u00e7\u00e3o e avalia\u00e7\u00e3o da patogenicidade de Pythium spp. de ecossistemas de \u00e1gua doce no estado do RS e influ\u00eancia da temperatura na zoosporog\u00eanese de Pythium insidiosum<\/a><\/li>\n<li><a href=\"https:\/\/wp.ufpel.edu.br\/ppgmpar\/files\/2019\/11\/LEVANTAMENTO-DE-DADOS-SOBRE-A-PRESEN\u00c7A-E-CONTROLE-DE-RHIPICE.pdf\">Levantamento de dados sobre a presen\u00e7ae controle de Rhipicephalus<\/a><\/li>\n<\/ol>\n<h3>Disserta\u00e7\u00f5es<\/h3>\n<ol>\n<li><a href=\"https:\/\/wp.ufpel.edu.br\/ppgmpar\/files\/2019\/11\/A\u00e7\u00e3o-de-extratos-f\u00fangicos-sobre-ovos-e-larvas-de-tricostrongil\u00eddeos-parasitos-de-ovinos.pdf\">A\u00e7\u00e3o de extratos f\u00fangicos sobre ovos e larvas de tricostrongil\u00eddeos parasitos de ovinos<\/a><\/li>\n<li><a href=\"https:\/\/wp.ufpel.edu.br\/ppgmpar\/files\/2019\/11\/Aspectos-epidemiol\u00f3gicos-da-interleucina-10-em-felinos-om-esporotricose-no-munic\u00edpio-de-Pelotas-RS-e-regi\u00e3o.pdf\">Aspectos epidemiol\u00f3gicos da interleucina-10 em felinos om esporotricose no munic\u00edpio de Pelotas (RS) e regi\u00e3o<\/a><\/li>\n<li><a href=\"https:\/\/wp.ufpel.edu.br\/ppgmpar\/files\/2019\/11\/Detec\u00e7\u00e3o-de-anticorpos-IgG-anti-Trypanossoma-cruzi-em-pacientes-cardiopatas-do-extremo-sul-do-Brasil.pdf\">Detec\u00e7\u00e3o de anticorpos IgG anti-Trypanossoma cruzi em pacientes cardiopatas do extremo sul do Brasil<\/a><\/li>\n<li><a href=\"https:\/\/wp.ufpel.edu.br\/ppgmpar\/files\/2019\/11\/Frequ\u00eancia-an\u00e1lise-de-fatores-de-risco-e-compara\u00e7\u00e3o-de-t\u00e9cnicas-para-a-detec\u00e7\u00e3o-de-oocistos-de-Cryptosporidium-spp.-em-fezes-de-animais-de-companhia-na-regi\u00e3o-sul-do-RS.pdf\">Frequ\u00eancia, an\u00e1lise de fatores de risco e compara\u00e7\u00e3o de t\u00e9cnicas para a detec\u00e7\u00e3o de oocistos de Cryptosporidium spp. em fezes de animais de companhia na regi\u00e3o sul do RS<\/a><\/li>\n<li><a href=\"https:\/\/wp.ufpel.edu.br\/ppgmpar\/files\/2019\/11\/Helmintofauna-de-Phimosus-infuscatus-Lichtenstein-1823-Pelecaniformes-Threskiornithidae-no-extremo-sul-do-Brasil.pdf\">Helmintofauna de Phimosus infuscatus Lichtenstein, 1823 (Pelecaniformes Threskiornithidae) no extremo sul do Brasil<\/a><\/li>\n<li><a href=\"https:\/\/wp.ufpel.edu.br\/ppgmpar\/files\/2019\/11\/Nematoda-Trematoda-e-Acantocephala-gastrintestinais-de-Procellariiformes-Aves-encontrados-no-litoral-sul-do-RS-Brasil.pdf\">Nematoda, Trematoda e Acantocephala gastrintestinais de Procellariiformes (Aves) encontrados no litoral sul do RS, Brasil<\/a><\/li>\n<li><a href=\"https:\/\/wp.ufpel.edu.br\/ppgmpar\/files\/2019\/11\/Ocorr\u00eancia-de-Cryptosporidium-spp.-em-bezerros-na-regi\u00e3o-sul-do-Rio-Grande-do-Sul-e-compara\u00e7\u00e3o-de-t\u00e9cnicas-de-colora\u00e7\u00e3o-p1.pdf\">Ocorr\u00eancia de Cryptosporidium spp. em bezerros na regi\u00e3o sul do Rio Grande do Sul e compara\u00e7\u00e3o de t\u00e9cnicas de colora\u00e7\u00e3o<\/a><\/li>\n<li><a href=\"https:\/\/wp.ufpel.edu.br\/ppgmpar\/files\/2019\/11\/Toxoplasmose-aguda-em-pacientes-HIVAids-no-extremo-sul-do-Brasil.pdf\">Toxoplasmose aguda em pacientes HIVAids no extremo sul do Brasil<\/a><\/li>\n<\/ol>\n","protected":false},"excerpt":{"rendered":"<p>Teses A\u00e7\u00e3o nematicida da toxina Cry11Aa de Bacillus thuringiensis var. israelensis em larvas de Haemonchus spp. Assembl\u00e9ia de \u00e1caros nasais e helmintos de Chrysomus ruficapillus (Viellot, 1819) (Passeriformes Icteridae) de lavouras de arroz do extremo sul do Brasil Avalia\u00e7\u00e3o da contamina\u00e7\u00e3o ambiental por bact\u00e9rias aer\u00f3bicas, fungos e ovos de parasitos no per\u00edmetro dos elementos tanatocen\u00f3ticos [&hellip;]<\/p>\n","protected":false},"author":951,"featured_media":0,"parent":260,"menu_order":0,"comment_status":"closed","ping_status":"closed","template":"","meta":{"footnotes":""},"class_list":["post-336","page","type-page","status-publish","hentry"],"jetpack_sharing_enabled":true,"_links":{"self":[{"href":"https:\/\/wp.ufpel.edu.br\/ppgmpar\/wp-json\/wp\/v2\/pages\/336","targetHints":{"allow":["GET"]}}],"collection":[{"href":"https:\/\/wp.ufpel.edu.br\/ppgmpar\/wp-json\/wp\/v2\/pages"}],"about":[{"href":"https:\/\/wp.ufpel.edu.br\/ppgmpar\/wp-json\/wp\/v2\/types\/page"}],"author":[{"embeddable":true,"href":"https:\/\/wp.ufpel.edu.br\/ppgmpar\/wp-json\/wp\/v2\/users\/951"}],"replies":[{"embeddable":true,"href":"https:\/\/wp.ufpel.edu.br\/ppgmpar\/wp-json\/wp\/v2\/comments?post=336"}],"version-history":[{"count":5,"href":"https:\/\/wp.ufpel.edu.br\/ppgmpar\/wp-json\/wp\/v2\/pages\/336\/revisions"}],"predecessor-version":[{"id":383,"href":"https:\/\/wp.ufpel.edu.br\/ppgmpar\/wp-json\/wp\/v2\/pages\/336\/revisions\/383"}],"up":[{"embeddable":true,"href":"https:\/\/wp.ufpel.edu.br\/ppgmpar\/wp-json\/wp\/v2\/pages\/260"}],"wp:attachment":[{"href":"https:\/\/wp.ufpel.edu.br\/ppgmpar\/wp-json\/wp\/v2\/media?parent=336"}],"curies":[{"name":"wp","href":"https:\/\/api.w.org\/{rel}","templated":true}]}}