{"id":333,"date":"2019-10-31T11:15:17","date_gmt":"2019-10-31T14:15:17","guid":{"rendered":"https:\/\/wp.ufpel.edu.br\/ppgmpar\/?page_id=333"},"modified":"2020-11-03T19:29:43","modified_gmt":"2020-11-03T22:29:43","slug":"2018-2","status":"publish","type":"page","link":"https:\/\/wp.ufpel.edu.br\/ppgmpar\/dissertacoes-teses\/2018-2\/","title":{"rendered":"2018"},"content":{"rendered":"<h3>Teses<\/h3>\n<ol>\n<li><a href=\"https:\/\/wp.ufpel.edu.br\/ppgmpar\/files\/2019\/11\/Avalia\u00e7\u00e3o-das-prote\u00ednas-recombinantes-NcSRS2-e-NcSAG1-para-o-diagn\u00f3stico-da-neosporose.pdf\">Avalia\u00e7\u00e3o das prote\u00ednas recombinantes NcSRS2 e NcSAG1 para o diagn\u00f3stico da neosporose<\/a><\/li>\n<li><a href=\"https:\/\/wp.ufpel.edu.br\/ppgmpar\/files\/2019\/11\/Avalia\u00e7\u00e3o-de-compostos-naturais-e-sint\u00e9ticos-com-a\u00e7\u00e3o-anti-Trichomonas-vaginalis.pdf\">Avalia\u00e7\u00e3o de compostos naturais e sint\u00e9ticos com a\u00e7\u00e3o anti-Trichomonas vaginalis<\/a><\/li>\n<li><a href=\"https:\/\/wp.ufpel.edu.br\/ppgmpar\/files\/2019\/11\/Doen\u00e7as-parasit\u00e1rias-de-ruminantes-e-resist\u00eancia-anti-helm\u00edntica-em-rebanhos-ovinos-no-sul-do-RS-Brasil.pdf\">Doen\u00e7as parasit\u00e1rias de ruminantes e resist\u00eancia anti-helm\u00edntica em rebanhos ovinos no sul do RS, Brasil<\/a><\/li>\n<li><a href=\"https:\/\/wp.ufpel.edu.br\/ppgmpar\/files\/2019\/11\/Levantamento-de-mosquitos-Diptera-Culicidae-e-investiga\u00e7\u00e3o-de-arbov\u00edrus-no-Sul-da-Plan\u00edcie-Costeira-RS.pdf\">Levantamento de mosquitos (Diptera Culicidae) e investiga\u00e7\u00e3o de arbov\u00edrus no Sul da Plan\u00edcie Costeira, RS<\/a><\/li>\n<li><a href=\"https:\/\/wp.ufpel.edu.br\/ppgmpar\/files\/2019\/11\/Perfil-proteico-de-isolados-brasileiros-de-Pythium-insidiosum-e-detec\u00e7\u00e3o-de-anticorpos-em-equinos-clinicamente-sadios.pdf\">Perfil proteico de isolados brasileiros de Pythium insidiosum e detec\u00e7\u00e3o de anticorpos em equinos clinicamente sadios<\/a><\/li>\n<\/ol>\n","protected":false},"excerpt":{"rendered":"<p>Teses Avalia\u00e7\u00e3o das prote\u00ednas recombinantes NcSRS2 e NcSAG1 para o diagn\u00f3stico da neosporose Avalia\u00e7\u00e3o de compostos naturais e sint\u00e9ticos com a\u00e7\u00e3o anti-Trichomonas vaginalis Doen\u00e7as parasit\u00e1rias de ruminantes e resist\u00eancia anti-helm\u00edntica em rebanhos ovinos no sul do RS, Brasil Levantamento de mosquitos (Diptera Culicidae) e investiga\u00e7\u00e3o de arbov\u00edrus no Sul da Plan\u00edcie Costeira, RS Perfil proteico [&hellip;]<\/p>\n","protected":false},"author":951,"featured_media":0,"parent":260,"menu_order":0,"comment_status":"closed","ping_status":"closed","template":"","meta":{"footnotes":""},"class_list":["post-333","page","type-page","status-publish","hentry"],"jetpack_sharing_enabled":true,"_links":{"self":[{"href":"https:\/\/wp.ufpel.edu.br\/ppgmpar\/wp-json\/wp\/v2\/pages\/333","targetHints":{"allow":["GET"]}}],"collection":[{"href":"https:\/\/wp.ufpel.edu.br\/ppgmpar\/wp-json\/wp\/v2\/pages"}],"about":[{"href":"https:\/\/wp.ufpel.edu.br\/ppgmpar\/wp-json\/wp\/v2\/types\/page"}],"author":[{"embeddable":true,"href":"https:\/\/wp.ufpel.edu.br\/ppgmpar\/wp-json\/wp\/v2\/users\/951"}],"replies":[{"embeddable":true,"href":"https:\/\/wp.ufpel.edu.br\/ppgmpar\/wp-json\/wp\/v2\/comments?post=333"}],"version-history":[{"count":2,"href":"https:\/\/wp.ufpel.edu.br\/ppgmpar\/wp-json\/wp\/v2\/pages\/333\/revisions"}],"predecessor-version":[{"id":373,"href":"https:\/\/wp.ufpel.edu.br\/ppgmpar\/wp-json\/wp\/v2\/pages\/333\/revisions\/373"}],"up":[{"embeddable":true,"href":"https:\/\/wp.ufpel.edu.br\/ppgmpar\/wp-json\/wp\/v2\/pages\/260"}],"wp:attachment":[{"href":"https:\/\/wp.ufpel.edu.br\/ppgmpar\/wp-json\/wp\/v2\/media?parent=333"}],"curies":[{"name":"wp","href":"https:\/\/api.w.org\/{rel}","templated":true}]}}