{"id":268,"date":"2019-10-15T14:47:04","date_gmt":"2019-10-15T17:47:04","guid":{"rendered":"https:\/\/wp.ufpel.edu.br\/ppgmpar\/?page_id=268"},"modified":"2024-11-06T16:00:18","modified_gmt":"2024-11-06T19:00:18","slug":"internacionalizacao","status":"publish","type":"page","link":"https:\/\/wp.ufpel.edu.br\/ppgmpar\/internacionalizacao\/","title":{"rendered":"Internacionaliza\u00e7\u00e3o e Conv\u00eanios"},"content":{"rendered":"<p>Um dos maiores objetivos do Programa de P\u00f3s-Gradua\u00e7\u00e3o em Microbiologia e Parasitologia \u00e9 o reconhecimento e fortalecimento dos nossos grupos de pesquisa \u00e9 outro objetivo do programa, para isto, conv\u00eanios de coopera\u00e7\u00e3o foram firmados com diversas institui\u00e7\u00f5es de ensino e pesquisa do Brasil (EMBRAPA, FIOCRUZ, FURG, RFPR, UFBA, UFGRS, UFMS, UFMT, UFPB, UFSM, UNISINOS, USP, UDESC, UNIPAMPA, UFN, IPVDF, IFFARR, UCS, UFT) e algumas tamb\u00e9m do exterior (Universidade do Montevid\u00e9u \u2014 Uruguai, Universidade de Alcal\u00e1 de Henares \u2014 Espanha, Universidade de Surray \u2014 Gr\u00e3-Bretanha, Universidade de Wisconsin \u2014 EUA, Universidade de Pullman \u2014 EUA), Universidade de Turim (Faculdade de Veterin\u00e1ria) \u2013 It\u00e1lia, Universidade do Porto (UPorto- Faculdade de Ci\u00eancias) e Instituto Nacional de Sa\u00fade Doutor Ricardo Jorge \u2013 Portugal , Universidade de La Plata \u2013 Argentina). Os docentes permanentes e colaboradores s\u00e3o estimulados a oferecerem e desenvolverem disciplinas com bases conceituais atuais, com intensa pesquisa bibliogr\u00e1fica, inova\u00e7\u00e3o e cunho pr\u00e1tico das disciplinas. Da mesma forma que, juntamente com o corpo dicente, fortalecer espa\u00e7os de constru\u00e7\u00e3o de la\u00e7os internacionais, seja via programas de coopera\u00e7\u00e3o internacional e Doutorados Sandu\u00b4\u00b4iche.<\/p>\n<p>&nbsp;<\/p>\n","protected":false},"excerpt":{"rendered":"<p>Um dos maiores objetivos do Programa de P\u00f3s-Gradua\u00e7\u00e3o em Microbiologia e Parasitologia \u00e9 o reconhecimento e fortalecimento dos nossos grupos de pesquisa \u00e9 outro objetivo do programa, para isto, conv\u00eanios de coopera\u00e7\u00e3o foram firmados com diversas institui\u00e7\u00f5es de ensino e pesquisa do Brasil (EMBRAPA, FIOCRUZ, FURG, RFPR, UFBA, UFGRS, UFMS, UFMT, UFPB, UFSM, UNISINOS, USP, [&hellip;]<\/p>\n","protected":false},"author":951,"featured_media":0,"parent":0,"menu_order":0,"comment_status":"closed","ping_status":"closed","template":"","meta":{"footnotes":""},"class_list":["post-268","page","type-page","status-publish","hentry"],"jetpack_sharing_enabled":true,"_links":{"self":[{"href":"https:\/\/wp.ufpel.edu.br\/ppgmpar\/wp-json\/wp\/v2\/pages\/268","targetHints":{"allow":["GET"]}}],"collection":[{"href":"https:\/\/wp.ufpel.edu.br\/ppgmpar\/wp-json\/wp\/v2\/pages"}],"about":[{"href":"https:\/\/wp.ufpel.edu.br\/ppgmpar\/wp-json\/wp\/v2\/types\/page"}],"author":[{"embeddable":true,"href":"https:\/\/wp.ufpel.edu.br\/ppgmpar\/wp-json\/wp\/v2\/users\/951"}],"replies":[{"embeddable":true,"href":"https:\/\/wp.ufpel.edu.br\/ppgmpar\/wp-json\/wp\/v2\/comments?post=268"}],"version-history":[{"count":5,"href":"https:\/\/wp.ufpel.edu.br\/ppgmpar\/wp-json\/wp\/v2\/pages\/268\/revisions"}],"predecessor-version":[{"id":1162,"href":"https:\/\/wp.ufpel.edu.br\/ppgmpar\/wp-json\/wp\/v2\/pages\/268\/revisions\/1162"}],"wp:attachment":[{"href":"https:\/\/wp.ufpel.edu.br\/ppgmpar\/wp-json\/wp\/v2\/media?parent=268"}],"curies":[{"name":"wp","href":"https:\/\/api.w.org\/{rel}","templated":true}]}}