{"id":240,"date":"2019-10-10T12:16:20","date_gmt":"2019-10-10T15:16:20","guid":{"rendered":"https:\/\/wp.ufpel.edu.br\/ppgmpar\/?page_id=240"},"modified":"2026-03-16T18:45:29","modified_gmt":"2026-03-16T21:45:29","slug":"documentacao-formularios","status":"publish","type":"page","link":"https:\/\/wp.ufpel.edu.br\/ppgmpar\/documentacao-formularios\/","title":{"rendered":"Documentos"},"content":{"rendered":"<p><a href=\"https:\/\/wp.ufpel.edu.br\/ppgmpar\/files\/2020\/01\/Regimento-PPGMPAR.pdf\">Regimento PPGMPAR<\/a><\/p>\n<p>&nbsp;<\/p>\n<p><strong>Inscri\u00e7\u00e3o Mestrado\/Doutorado<\/strong><\/p>\n<p><a href=\"https:\/\/wp.ufpel.edu.br\/ppgmpar\/files\/2019\/10\/Formul\u00e1rio-de-inscri\u00e7\u00e3o.doc\">Formul\u00e1rio de inscri\u00e7\u00e3o<\/a><\/p>\n<p><a href=\"https:\/\/wp.ufpel.edu.br\/ppgmpar\/files\/2023\/03\/Planilha-avaliacao-2023.xlsx\">Planilha avalia\u00e7\u00e3o 2023<\/a> &#8211; ATUALIZADA<\/p>\n<p>&nbsp;<\/p>\n<p><strong>Matr\u00edcula Mestrado\/Doutorado<\/strong><\/p>\n<p><a href=\"https:\/\/wp.ufpel.edu.br\/ppgmpar\/files\/2019\/10\/22102018-Modelo-Termo-Compromisso-DS-novo.pdf\">22102018-Modelo-Termo-Compromisso-DS novo<\/a><\/p>\n<p><a href=\"https:\/\/wp.ufpel.edu.br\/ppgmpar\/files\/2019\/10\/Formul\u00e1rio-Matr\u00edcula.doc\">Formul\u00e1rio de matr\u00edcula<\/a><\/p>\n<p>&nbsp;<\/p>\n<p><strong>Formul\u00e1rio cancelamento de disciplina<\/strong><\/p>\n<p><a href=\"https:\/\/wp.ufpel.edu.br\/ppgmpar\/files\/2019\/10\/Formul\u00e1rio-10-Cancelamento-de-disciplina.doc\">Formul\u00e1rio 10 &#8211; Cancelamento de disciplina<\/a><\/p>\n<p>&nbsp;<\/p>\n<p><strong>Instru\u00e7\u00f5es para aprova\u00e7\u00e3o de banca pela coordena\u00e7\u00e3o do PPGMPar<\/strong><\/p>\n<p><a href=\"https:\/\/wp.ufpel.edu.br\/ppgmpar\/files\/2025\/05\/Instrucoes-para-aprovacao-de-banca-pela-coordenacao-do-PPGMPar.pdf\">Instru\u00e7\u00f5es para aprova\u00e7\u00e3o de banca pela coordena\u00e7\u00e3o do PPGMPar<\/a><\/p>\n<p>&nbsp;<\/p>\n<p><strong>Formul\u00e1rio para defesas Mestrado\/Doutorado<\/strong><\/p>\n<p><a href=\"https:\/\/wp.ufpel.edu.br\/ppgmpar\/files\/2020\/05\/Dados-da-banca.docx\">Dados da banca<\/a><\/p>\n<p><a href=\"https:\/\/wp.ufpel.edu.br\/ppgmpar\/files\/2019\/10\/Formulario-Dados-Membro-externo-PPG-Parasito.doc\">Formul\u00e1rio Dados Membro externo<\/a><\/p>\n<p>&nbsp;<\/p>\n<p><strong>Formul\u00e1rio Parecer de Banca de acompanhamento<\/strong><\/p>\n<p><a href=\"https:\/\/wp.ufpel.edu.br\/ppgmpar\/files\/2019\/10\/Parecer-Banca-de-Acompanhamento_DOC.doc\">Parecer Banca de Acompanhamento_DOC<\/a><\/p>\n<p>&nbsp;<\/p>\n<p><strong>Formul\u00e1rio para aproveitamento de disciplinas\u00a0<\/strong><\/p>\n<p><a href=\"https:\/\/wp.ufpel.edu.br\/ppgmpar\/files\/2019\/11\/Formul\u00e1rio-6-Aproveitamento-de-cr\u00e9ditos.doc\">Formul\u00e1rio 6 &#8211; Aproveitamento de cr\u00e9ditos<\/a><\/p>\n<p>&nbsp;<\/p>\n<p><strong>Formul\u00e1rio para encaminhamento de defesa<\/strong><\/p>\n<p><a href=\"https:\/\/wp.ufpel.edu.br\/ppgmpar\/files\/2019\/11\/Formul\u00e1rio-4-Encaminhamento-de-defesa.doc\">Formul\u00e1rio 4 &#8211; Encaminhamento de defesa<\/a><\/p>\n<p>&nbsp;<\/p>\n<p><strong>Plano de estudo<\/strong><\/p>\n<p><a href=\"https:\/\/wp.ufpel.edu.br\/ppgmpar\/files\/2019\/11\/Formul\u00e1rio-3-Plano-de-estudo.doc\">Formul\u00e1rio 3 &#8211; Plano de estudo<\/a><\/p>\n<p>&nbsp;<\/p>\n<p><strong>Formul\u00e1rio para qualifica\u00e7\u00e3o<\/strong><\/p>\n<p><a href=\"https:\/\/wp.ufpel.edu.br\/ppgmpar\/files\/2021\/08\/Formulario-de-Qualificacao.doc\">Formul\u00e1rio de Qualifica\u00e7\u00e3o<\/a><\/p>\n<p>&nbsp;<\/p>\n<p><strong>Modelo de relat\u00f3rio de Qualifica\u00e7\u00e3o<\/strong><\/p>\n<p>O relat\u00f3rio de qualifica\u00e7\u00e3o al\u00e9m de possuir um modelo, tamb\u00e9m segue as regras do Manual de Normas da UFPel.<\/p>\n<p><a href=\"https:\/\/wp.ufpel.edu.br\/ppgmpar\/files\/2023\/03\/Modelo-Relatorio-de-qualificacao.pdf\">Modelo &#8211; Relat\u00f3rio de qualifica\u00e7\u00e3o<\/a><\/p>\n<p>&nbsp;<\/p>\n<p><strong>Documento para entregar com Trabalhos Finais\u00a0<\/strong><\/p>\n<p>Este documento deve ser entregue impresso na coordena\u00e7\u00e3o com a assinatura e carimbo do orientador ou via SEI.<\/p>\n<p>A declara\u00e7\u00e3o deve ser entregue junto com o Trabalho final para homologa\u00e7\u00e3o do Colegiado do PPGMPAR.<\/p>\n<p><a href=\"https:\/\/wp.ufpel.edu.br\/ppgmpar\/files\/2023\/03\/Documento-de-homologacao-orientador.docx\">Documento de homologa\u00e7\u00e3o &#8211; orientador<\/a><\/p>\n<p>&nbsp;<\/p>\n<p><strong>Formul\u00e1rio-Cadastramento-Bolsista (CAPES):<\/strong><\/p>\n<p><a href=\"https:\/\/wp.ufpel.edu.br\/ppgmpar\/files\/2026\/03\/Formulario-Cadastramento-Bolsista-CAPES-PPGMPar-1.xls\">Formul\u00e1rio Cadastramento Bolsista CAPES &#8211; PPGMPar<\/a><\/p>\n<p>&nbsp;<\/p>\n<p><strong>Termo-de-Compromisso Bolsista (CAPES):<\/strong><\/p>\n<p><a href=\"https:\/\/wp.ufpel.edu.br\/ppgmpar\/files\/2026\/03\/Termo-de-Compromisso-CAPES-PPGMPar.doc\">Termo de Compromisso CAPES &#8211; PPGMPar<\/a><\/p>\n<p>&nbsp;<\/p>\n<p><strong>Declara\u00e7\u00e3o de Ac\u00famulos (CAPES):<\/strong><\/p>\n<p><a href=\"https:\/\/wp.ufpel.edu.br\/ppgmpar\/files\/2026\/03\/Declaracao-Acumulos-CAPES.pdf\">Declara\u00e7\u00e3o Ac\u00famulos CAPES<\/a><\/p>\n<p>&nbsp;<\/p>\n<p><strong>Formu\u00e1rio de Prorroga\u00e7\u00e3o de Bolsa (CAPES):<\/strong><\/p>\n<p><a href=\"https:\/\/wp.ufpel.edu.br\/ppgmpar\/files\/2026\/03\/Formula\u0301rio-de-Prorrogac\u0327a\u0303o-Bolsa-CAPES.xls\">Formula\u0301rio de Prorrogac\u0327a\u0303o Bolsa CAPES<\/a> <\/p>\n<p>&nbsp;<\/p>\n<p>Aten\u00e7\u00e3o: Para a renova\u00e7\u00e3o anual de bolsas, \u00e9 dever dos discentes encaminhar o formul\u00e1rio CAPES preenchido e assinado via e-mail ao PPGMPar com anteced\u00eancia de 15 dias da data de renova\u00e7\u00e3o da bolsa.<\/p>\n<p>&nbsp;<\/p>\n<p><strong>Autodeclara\u00e7\u00e3o NUADD:<\/strong><\/p>\n<p><a href=\"https:\/\/wp.ufpel.edu.br\/ppgmpar\/files\/2023\/03\/PPG-AUTODECLARACAO-ETNICO-RACIAL-1.pdf\">PPG-AUTODECLARA\u00c7\u00c3O-\u00c9TNICO-RACIAL<\/a><\/p>\n<p>&nbsp;<\/p>\n<p><strong>Autodeclara\u00e7\u00e3o CORDIGEN:<\/strong><\/p>\n<p><a href=\"https:\/\/wp.ufpel.edu.br\/ppgmpar\/files\/2026\/03\/Autodeclaracao-de-Identidade-de-Genero.pdf\">Autodeclaracao de Identidade de G\u00eanero<\/a><\/p>\n<p>&nbsp;<\/p>\n<p><strong>Nova Identidade Visual do PPGMPar:<\/strong> <\/p>\n<p><a href=\"https:\/\/drive.google.com\/file\/d\/1O2UgesrL1jHanCmqOrfRbM_Dh-NScnGE\/view?usp=sharing\">Imagem com fundo transparente<\/a><\/p>\n<p>&nbsp;<\/p>\n<p><strong>Datas de renova\u00e7\u00e3o de bolsas dos discentes PPGMPar:<\/strong> <\/p>\n<p><a href=\"https:\/\/wp.ufpel.edu.br\/ppgmpar\/files\/2025\/11\/BOLSISTAS-1.pdf\">BOLSISTAS<\/a><\/p>\n<p>&nbsp;<\/p>\n","protected":false},"excerpt":{"rendered":"<p>Regimento PPGMPAR &nbsp; Inscri\u00e7\u00e3o Mestrado\/Doutorado Formul\u00e1rio de inscri\u00e7\u00e3o Planilha avalia\u00e7\u00e3o 2023 &#8211; ATUALIZADA &nbsp; Matr\u00edcula Mestrado\/Doutorado 22102018-Modelo-Termo-Compromisso-DS novo Formul\u00e1rio de matr\u00edcula &nbsp; Formul\u00e1rio cancelamento de disciplina Formul\u00e1rio 10 &#8211; Cancelamento de disciplina &nbsp; Instru\u00e7\u00f5es para aprova\u00e7\u00e3o de banca pela coordena\u00e7\u00e3o do PPGMPar Instru\u00e7\u00f5es para aprova\u00e7\u00e3o de banca pela coordena\u00e7\u00e3o do PPGMPar &nbsp; Formul\u00e1rio para defesas [&hellip;]<\/p>\n","protected":false},"author":951,"featured_media":0,"parent":0,"menu_order":0,"comment_status":"closed","ping_status":"closed","template":"","meta":{"footnotes":""},"class_list":["post-240","page","type-page","status-publish","hentry"],"jetpack_sharing_enabled":true,"_links":{"self":[{"href":"https:\/\/wp.ufpel.edu.br\/ppgmpar\/wp-json\/wp\/v2\/pages\/240","targetHints":{"allow":["GET"]}}],"collection":[{"href":"https:\/\/wp.ufpel.edu.br\/ppgmpar\/wp-json\/wp\/v2\/pages"}],"about":[{"href":"https:\/\/wp.ufpel.edu.br\/ppgmpar\/wp-json\/wp\/v2\/types\/page"}],"author":[{"embeddable":true,"href":"https:\/\/wp.ufpel.edu.br\/ppgmpar\/wp-json\/wp\/v2\/users\/951"}],"replies":[{"embeddable":true,"href":"https:\/\/wp.ufpel.edu.br\/ppgmpar\/wp-json\/wp\/v2\/comments?post=240"}],"version-history":[{"count":4,"href":"https:\/\/wp.ufpel.edu.br\/ppgmpar\/wp-json\/wp\/v2\/pages\/240\/revisions"}],"predecessor-version":[{"id":1792,"href":"https:\/\/wp.ufpel.edu.br\/ppgmpar\/wp-json\/wp\/v2\/pages\/240\/revisions\/1792"}],"wp:attachment":[{"href":"https:\/\/wp.ufpel.edu.br\/ppgmpar\/wp-json\/wp\/v2\/media?parent=240"}],"curies":[{"name":"wp","href":"https:\/\/api.w.org\/{rel}","templated":true}]}}