{"id":1505,"date":"2025-08-22T19:31:01","date_gmt":"2025-08-22T22:31:01","guid":{"rendered":"https:\/\/wp.ufpel.edu.br\/ppgmpar\/?page_id=1505"},"modified":"2025-08-22T19:31:33","modified_gmt":"2025-08-22T22:31:33","slug":"agenda-sala-da-pos","status":"publish","type":"page","link":"https:\/\/wp.ufpel.edu.br\/ppgmpar\/agenda-sala-da-pos\/","title":{"rendered":"Agenda Sala da P\u00f3s"},"content":{"rendered":"<p data-start=\"110\" data-end=\"226\">Para agendar a utiliza\u00e7\u00e3o da <strong data-start=\"139\" data-end=\"154\">Sala da P\u00f3s (Pr\u00e9dio 25)<\/strong>, basta clicar no link abaixo e escolher a data e o hor\u00e1rio desejados.<\/p>\n<p data-start=\"228\" data-end=\"262\">\ud83d\udd17 <strong data-start=\"231\" data-end=\"260\">Reservar Sala da P\u00f3s<\/strong><\/p>\n<p data-start=\"228\" data-end=\"262\"><a href=\"https:\/\/calendar.google.com\/calendar\/u\/1?cid=Y29sZWdpYWRvcHBnbXBhcnVmcGVsQGdtYWlsLmNvbQ\">https:\/\/calendar.google.com\/calendar\/u\/1?cid=Y29sZWdpYWRvcHBnbXBhcnVmcGVsQGdtYWlsLmNvbQ<\/a><\/p>\n<p data-start=\"264\" data-end=\"378\">\u26a0\ufe0f Em caso de desist\u00eancia, lembre-se de <strong data-start=\"304\" data-end=\"326\">cancelar a reserva<\/strong> para que o espa\u00e7o possa ser utilizado por outros usu\u00e1rios.<\/p>\n<p>&nbsp;<\/p>\n","protected":false},"excerpt":{"rendered":"<p>Para agendar a utiliza\u00e7\u00e3o da Sala da P\u00f3s (Pr\u00e9dio 25), basta clicar no link abaixo e escolher a data e o hor\u00e1rio desejados. \ud83d\udd17 Reservar Sala da P\u00f3s https:\/\/calendar.google.com\/calendar\/u\/1?cid=Y29sZWdpYWRvcHBnbXBhcnVmcGVsQGdtYWlsLmNvbQ \u26a0\ufe0f Em caso de desist\u00eancia, lembre-se de cancelar a reserva para que o espa\u00e7o possa ser utilizado por outros usu\u00e1rios. &nbsp;<\/p>\n","protected":false},"author":951,"featured_media":0,"parent":0,"menu_order":0,"comment_status":"closed","ping_status":"closed","template":"","meta":{"footnotes":""},"class_list":["post-1505","page","type-page","status-publish","hentry"],"jetpack_sharing_enabled":true,"_links":{"self":[{"href":"https:\/\/wp.ufpel.edu.br\/ppgmpar\/wp-json\/wp\/v2\/pages\/1505","targetHints":{"allow":["GET"]}}],"collection":[{"href":"https:\/\/wp.ufpel.edu.br\/ppgmpar\/wp-json\/wp\/v2\/pages"}],"about":[{"href":"https:\/\/wp.ufpel.edu.br\/ppgmpar\/wp-json\/wp\/v2\/types\/page"}],"author":[{"embeddable":true,"href":"https:\/\/wp.ufpel.edu.br\/ppgmpar\/wp-json\/wp\/v2\/users\/951"}],"replies":[{"embeddable":true,"href":"https:\/\/wp.ufpel.edu.br\/ppgmpar\/wp-json\/wp\/v2\/comments?post=1505"}],"version-history":[{"count":2,"href":"https:\/\/wp.ufpel.edu.br\/ppgmpar\/wp-json\/wp\/v2\/pages\/1505\/revisions"}],"predecessor-version":[{"id":1508,"href":"https:\/\/wp.ufpel.edu.br\/ppgmpar\/wp-json\/wp\/v2\/pages\/1505\/revisions\/1508"}],"wp:attachment":[{"href":"https:\/\/wp.ufpel.edu.br\/ppgmpar\/wp-json\/wp\/v2\/media?parent=1505"}],"curies":[{"name":"wp","href":"https:\/\/api.w.org\/{rel}","templated":true}]}}