{"id":1182,"date":"2024-11-20T08:42:19","date_gmt":"2024-11-20T11:42:19","guid":{"rendered":"https:\/\/wp.ufpel.edu.br\/ppgmpar\/?page_id=1182"},"modified":"2024-11-25T12:23:17","modified_gmt":"2024-11-25T15:23:17","slug":"plano-de-autoavaliacao","status":"publish","type":"page","link":"https:\/\/wp.ufpel.edu.br\/ppgmpar\/o-curso\/plano-de-autoavaliacao\/","title":{"rendered":"Plano de Autoavalia\u00e7\u00e3o"},"content":{"rendered":"<p>Nosso plano de autoavalia\u00e7\u00e3o segue as informa\u00e7\u00f5es expostas no documento: <a href=\"https:\/\/wp.ufpel.edu.br\/ppgmpar\/files\/2024\/11\/PLANO-DE-AUTOAVALIACAO-DO-PROGRAMA-DO-PPGMPAR.docx\">PLANO DE AUTOAVALIA\u00c7\u00c3O DO PROGRAMA DO PPGMPAR<\/a><\/p>\n<p>&nbsp;<\/p>\n<p>Autoavalia\u00e7\u00e3o discente: https:\/\/forms.gle\/QPB4JECt3UxgnQ8EA<\/p>\n<p>Autoavalia\u00e7\u00e3o docente: https:\/\/forms.gle\/XW2o6sJjyoJcSFeq7<\/p>\n","protected":false},"excerpt":{"rendered":"<p>Nosso plano de autoavalia\u00e7\u00e3o segue as informa\u00e7\u00f5es expostas no documento: PLANO DE AUTOAVALIA\u00c7\u00c3O DO PROGRAMA DO PPGMPAR &nbsp; Autoavalia\u00e7\u00e3o discente: https:\/\/forms.gle\/QPB4JECt3UxgnQ8EA Autoavalia\u00e7\u00e3o docente: https:\/\/forms.gle\/XW2o6sJjyoJcSFeq7<\/p>\n","protected":false},"author":951,"featured_media":0,"parent":92,"menu_order":0,"comment_status":"closed","ping_status":"closed","template":"","meta":{"footnotes":""},"class_list":["post-1182","page","type-page","status-publish","hentry"],"jetpack_sharing_enabled":true,"_links":{"self":[{"href":"https:\/\/wp.ufpel.edu.br\/ppgmpar\/wp-json\/wp\/v2\/pages\/1182","targetHints":{"allow":["GET"]}}],"collection":[{"href":"https:\/\/wp.ufpel.edu.br\/ppgmpar\/wp-json\/wp\/v2\/pages"}],"about":[{"href":"https:\/\/wp.ufpel.edu.br\/ppgmpar\/wp-json\/wp\/v2\/types\/page"}],"author":[{"embeddable":true,"href":"https:\/\/wp.ufpel.edu.br\/ppgmpar\/wp-json\/wp\/v2\/users\/951"}],"replies":[{"embeddable":true,"href":"https:\/\/wp.ufpel.edu.br\/ppgmpar\/wp-json\/wp\/v2\/comments?post=1182"}],"version-history":[{"count":2,"href":"https:\/\/wp.ufpel.edu.br\/ppgmpar\/wp-json\/wp\/v2\/pages\/1182\/revisions"}],"predecessor-version":[{"id":1194,"href":"https:\/\/wp.ufpel.edu.br\/ppgmpar\/wp-json\/wp\/v2\/pages\/1182\/revisions\/1194"}],"up":[{"embeddable":true,"href":"https:\/\/wp.ufpel.edu.br\/ppgmpar\/wp-json\/wp\/v2\/pages\/92"}],"wp:attachment":[{"href":"https:\/\/wp.ufpel.edu.br\/ppgmpar\/wp-json\/wp\/v2\/media?parent=1182"}],"curies":[{"name":"wp","href":"https:\/\/api.w.org\/{rel}","templated":true}]}}