{"id":1177,"date":"2024-11-19T11:31:01","date_gmt":"2024-11-19T14:31:01","guid":{"rendered":"https:\/\/wp.ufpel.edu.br\/ppgmpar\/?page_id=1177"},"modified":"2024-11-19T11:31:01","modified_gmt":"2024-11-19T14:31:01","slug":"plano-de-desenvolvimento-institucional","status":"publish","type":"page","link":"https:\/\/wp.ufpel.edu.br\/ppgmpar\/o-curso\/plano-de-desenvolvimento-institucional\/","title":{"rendered":"Plano de Desenvolvimento Institucional"},"content":{"rendered":"<p><a href=\"https:\/\/wp.ufpel.edu.br\/ppgmpar\/files\/2024\/11\/PDI-UFPel-2015-2020.pdf\">PDI-UFPel-2015-2020<\/a><\/p>\n<p><a href=\"https:\/\/wp.ufpel.edu.br\/ppgmpar\/files\/2024\/11\/Resolucao-46-CONSUN.pdf\">Resolucao-46-CONSUN<\/a><\/p>\n<p>&nbsp;<\/p>\n<p>A elabora\u00e7\u00e3o do pr\u00f3ximo PDI est\u00e1 sendo feita de forma participativa e descentralizada, conforme a metodologia aprovada pelo CONSUN:\u00a0<a href=\"https:\/\/wp.ufpel.edu.br\/pdi\/\" target=\"_blank\" rel=\"nofollow noopener\" data-saferedirecturl=\"https:\/\/www.google.com\/url?q=https:\/\/wp.ufpel.edu.br\/pdi\/&amp;source=gmail&amp;ust=1632573413040000&amp;usg=AFQjCNF1liw8cTVx4BHzNrRXIZS90cZ5Xg\">https:\/\/wp.ufpel.edu.br\/pdi\/<\/a><\/p>\n","protected":false},"excerpt":{"rendered":"<p>PDI-UFPel-2015-2020 Resolucao-46-CONSUN &nbsp; A elabora\u00e7\u00e3o do pr\u00f3ximo PDI est\u00e1 sendo feita de forma participativa e descentralizada, conforme a metodologia aprovada pelo CONSUN:\u00a0https:\/\/wp.ufpel.edu.br\/pdi\/<\/p>\n","protected":false},"author":951,"featured_media":0,"parent":92,"menu_order":0,"comment_status":"closed","ping_status":"closed","template":"","meta":{"footnotes":""},"class_list":["post-1177","page","type-page","status-publish","hentry"],"jetpack_sharing_enabled":true,"_links":{"self":[{"href":"https:\/\/wp.ufpel.edu.br\/ppgmpar\/wp-json\/wp\/v2\/pages\/1177","targetHints":{"allow":["GET"]}}],"collection":[{"href":"https:\/\/wp.ufpel.edu.br\/ppgmpar\/wp-json\/wp\/v2\/pages"}],"about":[{"href":"https:\/\/wp.ufpel.edu.br\/ppgmpar\/wp-json\/wp\/v2\/types\/page"}],"author":[{"embeddable":true,"href":"https:\/\/wp.ufpel.edu.br\/ppgmpar\/wp-json\/wp\/v2\/users\/951"}],"replies":[{"embeddable":true,"href":"https:\/\/wp.ufpel.edu.br\/ppgmpar\/wp-json\/wp\/v2\/comments?post=1177"}],"version-history":[{"count":1,"href":"https:\/\/wp.ufpel.edu.br\/ppgmpar\/wp-json\/wp\/v2\/pages\/1177\/revisions"}],"predecessor-version":[{"id":1181,"href":"https:\/\/wp.ufpel.edu.br\/ppgmpar\/wp-json\/wp\/v2\/pages\/1177\/revisions\/1181"}],"up":[{"embeddable":true,"href":"https:\/\/wp.ufpel.edu.br\/ppgmpar\/wp-json\/wp\/v2\/pages\/92"}],"wp:attachment":[{"href":"https:\/\/wp.ufpel.edu.br\/ppgmpar\/wp-json\/wp\/v2\/media?parent=1177"}],"curies":[{"name":"wp","href":"https:\/\/api.w.org\/{rel}","templated":true}]}}