{"id":1142,"date":"2024-11-06T15:25:43","date_gmt":"2024-11-06T18:25:43","guid":{"rendered":"https:\/\/wp.ufpel.edu.br\/ppgmpar\/?page_id=1142"},"modified":"2024-11-25T22:16:08","modified_gmt":"2024-11-26T01:16:08","slug":"processos-encerrados","status":"publish","type":"page","link":"https:\/\/wp.ufpel.edu.br\/ppgmpar\/processos-seletivos\/processos-encerrados\/","title":{"rendered":"Processos Encerrados"},"content":{"rendered":"<p>O Programa de P\u00f3s-Gradua\u00e7\u00e3o em Microbiologia e Parasitologia tem o prazer de anunciar os resultados at\u00e9 o presente momento dos Edital para Sele\u00e7\u00e3o de Aluno Regular para Mestrado e Doutorado:<\/p>\n<p>Edital 172\/2024: <a href=\"https:\/\/wp.ufpel.edu.br\/ppgmpar\/2024\/09\/30\/edital-no172-2024-selecao-de-aluno-regular-02-2024\/sei_ufpel-2763782-edital-de-selecao-prppg\/\" rel=\"attachment wp-att-1050\">SEI_UFPel &#8211; 2763782 &#8211; Edital de sele\u00e7\u00e3o PRPPG<\/a><\/p>\n<p>Homologa\u00e7\u00e3o de Inscri\u00e7\u00f5es: <a href=\"https:\/\/wp.ufpel.edu.br\/ppgmpar\/2024\/10\/25\/inscricoes-ao-processo-seletivo-edital-172-2024-homologacao-final\/homologacoes_finais_edital_172-2024_assinado-1\/\" rel=\"attachment wp-att-1094\">Homologa\u00e7\u00e3o Final &#8211; Edital 172\/2024<\/a><\/p>\n<p>Resultado Preliminar: <a href=\"https:\/\/wp.ufpel.edu.br\/ppgmpar\/2024\/11\/02\/resultado-preliminar-edital-172-2024-processo-seletivo-para-aluno-regular\/resultado-preliminar-assinado-2\/\" rel=\"attachment wp-att-1125\">RESULTADO PRELIMINAR &#8211; Edital 172\/2024<\/a><\/p>\n<p>Resultado Final: <a href=\"https:\/\/wp.ufpel.edu.br\/ppgmpar\/files\/2024\/11\/Resultado_final_assinado-1.pdf\">Resultado Final &#8211; Edital 172\/2024<\/a><\/p>\n<p>&nbsp;<\/p>\n<p>&nbsp;<\/p>\n<p>Tamb\u00e9m informamos as informa\u00e7\u00f5es sobre o Edital para Sele\u00e7\u00e3o de Estudantes Internacionais para Doutorado:<\/p>\n<p>Edital 162\/2024: <a href=\"https:\/\/wp.ufpel.edu.br\/ppgmpar\/2024\/09\/28\/edital-no162-2024-de-selecao-de-estudantes-internacionais-02-2024\/sei_ufpel-2752474-edital-de-selecao-prppg\/\" rel=\"attachment wp-att-1045\">EDITAL N\u00ba 162\/2024 &#8211; CALL FOR APPLICATION OF REGULAR FOREIGN STUDENT (02\/2024)<\/a><\/p>\n<p>Homologa\u00e7\u00e3o de Inscri\u00e7\u00f5es: <a href=\"https:\/\/wp.ufpel.edu.br\/ppgmpar\/2024\/10\/22\/homologacao-preliminar-das-inscricoes-edital-aluno-estrangeiro-162-2024\/edital_estrangeiro_162-2024_assinado\/\" rel=\"attachment wp-att-1073\">Edital_Estrangeiro_162-2024_assinado<\/a><\/p>\n<p>Resultado Final: <a href=\"https:\/\/wp.ufpel.edu.br\/ppgmpar\/files\/2024\/11\/Resultado_final_edital_162-2024_assinado.pdf\">Resultado Final &#8211; Edital 162\/2024<\/a><\/p>\n<p>&nbsp;<\/p>\n<p>&nbsp;<\/p>\n<p>Edita 84\/2024<\/p>\n<p>Convocat\u00f3ria: <a href=\"https:\/\/wp.ufpel.edu.br\/ppgmpar\/2024\/04\/30\/edital-no-084-2024-de-selecao-de-aluno-regular-01-2024\/edital-de-selecao-084-2024-programa-de-pos-graduacao-em-biologia-e-microparasitologia-mestrado-e-doutorado-aluno-regular-2024-1\/\" rel=\"attachment wp-att-977\">Edital-de-selecao-084-2024.-Programa-de-Pos-Graduacao-em-Biologia-e-Microparasitologia.-Mestrado-e-Doutorado.-Aluno-Regular-2024-1<\/a><\/p>\n<p>Homologa\u00e7\u00e3o de Inscri\u00e7\u00f5es: <a href=\"https:\/\/wp.ufpel.edu.br\/ppgmpar\/2024\/05\/20\/homologacao-final-edital-84-2024\/homologacao-final-edital-84-2024\/\" rel=\"attachment wp-att-993\">Homologa\u00e7\u00e3o final &#8211; Edital 84-2024<\/a><\/p>\n<p>Resultado Final: <a href=\"https:\/\/wp.ufpel.edu.br\/ppgmpar\/2024\/08\/08\/resultado-final-edital-84-2024\/resultado-final-84-2024-2\/\" rel=\"attachment wp-att-1011\">Resultado final &#8211; 84-2024<\/a><\/p>\n<p>&nbsp;<\/p>\n<p>Edital 11\/2024<\/p>\n<p>Convocat\u00f3ria: <a href=\"https:\/\/wp.ufpel.edu.br\/ppgmpar\/2024\/02\/07\/edital-de-selecao-de-aluno-regular-do-programa-de-pos-graduacao-em-microbiologia-e-parasitologia-no-11-2024\/edital-de-selecao-de-alunor-regular-01-2024-ppgmpar\/\" rel=\"attachment wp-att-915\">Edital de sele\u00e7\u00e3o de alunor regular 01-2024-PPGMPAR<\/a><\/p>\n<p>Homologa\u00e7\u00e3o Final: <a href=\"https:\/\/wp.ufpel.edu.br\/ppgmpar\/2024\/02\/27\/resultado-final-edital-11-2024\/resultado-final-edital-11-2024\/\" rel=\"attachment wp-att-967\">Resultado final- Edital 11-2024<\/a><\/p>\n<p>Resultado Final: <a href=\"https:\/\/wp.ufpel.edu.br\/ppgmpar\/2024\/02\/27\/resultado-final-edital-11-2024\/resultado-final-edital-11-2024\/\" rel=\"attachment wp-att-967\">Resultado final- Edital 11-2024<\/a><\/p>\n<p>&nbsp;<\/p>\n<p>Editais anteriores a 2023 encontram-se na aba not\u00edcias de nosso site.<\/p>\n<p>&nbsp;<\/p>\n","protected":false},"excerpt":{"rendered":"<p>O Programa de P\u00f3s-Gradua\u00e7\u00e3o em Microbiologia e Parasitologia tem o prazer de anunciar os resultados at\u00e9 o presente momento dos Edital para Sele\u00e7\u00e3o de Aluno Regular para Mestrado e Doutorado: Edital 172\/2024: SEI_UFPel &#8211; 2763782 &#8211; Edital de sele\u00e7\u00e3o PRPPG Homologa\u00e7\u00e3o de Inscri\u00e7\u00f5es: Homologa\u00e7\u00e3o Final &#8211; Edital 172\/2024 Resultado Preliminar: RESULTADO PRELIMINAR &#8211; Edital 172\/2024 [&hellip;]<\/p>\n","protected":false},"author":951,"featured_media":0,"parent":1129,"menu_order":0,"comment_status":"closed","ping_status":"closed","template":"","meta":{"footnotes":""},"class_list":["post-1142","page","type-page","status-publish","hentry"],"jetpack_sharing_enabled":true,"_links":{"self":[{"href":"https:\/\/wp.ufpel.edu.br\/ppgmpar\/wp-json\/wp\/v2\/pages\/1142","targetHints":{"allow":["GET"]}}],"collection":[{"href":"https:\/\/wp.ufpel.edu.br\/ppgmpar\/wp-json\/wp\/v2\/pages"}],"about":[{"href":"https:\/\/wp.ufpel.edu.br\/ppgmpar\/wp-json\/wp\/v2\/types\/page"}],"author":[{"embeddable":true,"href":"https:\/\/wp.ufpel.edu.br\/ppgmpar\/wp-json\/wp\/v2\/users\/951"}],"replies":[{"embeddable":true,"href":"https:\/\/wp.ufpel.edu.br\/ppgmpar\/wp-json\/wp\/v2\/comments?post=1142"}],"version-history":[{"count":4,"href":"https:\/\/wp.ufpel.edu.br\/ppgmpar\/wp-json\/wp\/v2\/pages\/1142\/revisions"}],"predecessor-version":[{"id":1210,"href":"https:\/\/wp.ufpel.edu.br\/ppgmpar\/wp-json\/wp\/v2\/pages\/1142\/revisions\/1210"}],"up":[{"embeddable":true,"href":"https:\/\/wp.ufpel.edu.br\/ppgmpar\/wp-json\/wp\/v2\/pages\/1129"}],"wp:attachment":[{"href":"https:\/\/wp.ufpel.edu.br\/ppgmpar\/wp-json\/wp\/v2\/media?parent=1142"}],"curies":[{"name":"wp","href":"https:\/\/api.w.org\/{rel}","templated":true}]}}