{"id":1139,"date":"2024-11-06T15:25:16","date_gmt":"2024-11-06T18:25:16","guid":{"rendered":"https:\/\/wp.ufpel.edu.br\/ppgmpar\/?page_id=1139"},"modified":"2025-03-19T07:21:02","modified_gmt":"2025-03-19T10:21:02","slug":"processos-em-andamento","status":"publish","type":"page","link":"https:\/\/wp.ufpel.edu.br\/ppgmpar\/processos-seletivos\/processos-em-andamento\/","title":{"rendered":"Processos em Andamento"},"content":{"rendered":"<p>Encontra-se aberto o Edital N\u00ba032\/2025 de<strong>\u00a0Sele\u00e7\u00e3o emergencial de Aluno Regular<\/strong>\u00a0(01\/2025).<\/p>\n<p>Podem se candidatar os graduados em Ci\u00eancias Biol\u00f3gicas, Medicina Veterin\u00e1ria, Medicina, Nutri\u00e7\u00e3o, Farm\u00e1cia, Bioqu\u00edmica, Enfermagem, Biomedicina e outros cursos que, contemplem em seus curr\u00edculos, obrigatoriamente, a disciplina de\u00a0<a href=\"https:\/\/www.instagram.com\/explore\/tags\/parasitologia\/\">parasitologia<\/a>\u00a0e\/ou\u00a0<a href=\"https:\/\/www.instagram.com\/explore\/tags\/microbiologia\/\">microbiologia<\/a>\u00a0e\/ou\u00a0<a href=\"https:\/\/www.instagram.com\/explore\/tags\/imunologia\/\">imunologia<\/a>\u00a0e\/ou\u00a0<a href=\"https:\/\/www.instagram.com\/explore\/tags\/zoologia\/\">zoologia<\/a>.<\/p>\n<p>As inscri\u00e7\u00f5es ao processo seletivo acontecem exclusivamente pelo e-mail do programa (parasitologia@ufpel.edu.br) e todos os detalhes das etapas do processo e documenta\u00e7\u00e3o necess\u00e1ria est\u00e3o dispon\u00edveis no edital. Est\u00e3o sendo ofertadas\u00a0<strong>09 vagas de mestrado<\/strong>\u00a0e\u00a0<strong>12 vagas de doutorado<\/strong>, consulte os professores orientadores no edital abaixo.<\/p>\n<p>Fa\u00e7a sua p\u00f3s-gradua\u00e7\u00e3o num programa desenvolvido para promover o crescimento acad\u00eamico e a inova\u00e7\u00e3o.<\/p>\n<p><strong>Cronograma:<\/strong><\/p>\n<p><strong>Inscri\u00e7\u00f5es:\u00a0<\/strong>De 19 de fevereiro a 02 de mar\u00e7o<\/p>\n<p><strong>Prova T\u00e9cnico-Cient\u00edfica \u2013 Mestrado:<\/strong>\u00a010\/03\/2025<\/p>\n<p><strong>Apresenta\u00e7\u00e3o de Proposta de Tese \u2013 Doutorado:<\/strong>\u00a0A partir de 11\/03\/2025<\/p>\n<p><strong>Resultado Preliminar:<\/strong>\u00a014\/03\/2025<\/p>\n<p><strong>Resultado Final:\u00a0<\/strong>At\u00e9 21\/03\/2025<\/p>\n<p><a href=\"https:\/\/wp.ufpel.edu.br\/ppgmpar\/files\/2025\/02\/SEI_2955179_Edital_de_selecao_PRPPG_32.pdf\">SEI_2955179_Edital_de_selecao_PRPPG_32<\/a><\/p>\n<p>&nbsp;<\/p>\n<p>Prezados, abaixo informamos a bibliografia utilizada para estudo da prova te\u00f3rica do curso de mestrado.<\/p>\n<p><strong>\u00c1rea de Microbiologia<\/strong><br \/>\n\u2013 BLACK, J.G. 2002.Microbiologia Fundamentos e Perspectivas 4 ed, Guanabara Koogan.<br \/>\n\u2013 MURRAY, P.R., DREW, W.L., KOBAYASHI, G.S., THOMPSON, J.K. 2001 Microbiologia M\u00e9dica 3a. Ed Guanabara Koogan.<br \/>\n\u2013 BROOKS, G.F., BUTEL, J.S., MORSE, A.S. Jawetz, Melnick &amp; Adelberg, 2000. Microbiologia M\u00e9dica. 21a. ed Guanabara Koogan.<br \/>\n\u2013 TRABULSI, L.R. 2004. Microbiologia. Livraria Atheneu. Micr\u00f3bio \u2013 Uma vis\u00e3o geral. \uf0b7<br \/>\n\u2013 SCHAECHTER, INGRAHAM &amp; NEIDHARDT, 1ed. Artmed, 2010.<\/p>\n<p><strong>\u00c1rea de Parasitologia<\/strong><br \/>\n\u2013 Parasitologia- Lu\u00eds REY \u2013 Ed. Guanabara Koogan \u2013 4a Edi\u00e7\u00e3o.<br \/>\n\u2013 Parasitologia Humana \u2013 Ed. Atheneu \u2013 11a Edi\u00e7\u00e3o \u2013 David Pereira NEVES, Alan Lane de MELO, Pedro Marcos LINARDI &amp; Ricardo W. Almeida VITOR<br \/>\n\u2013 Bases da Parasitologia M\u00e9dica \u2013 Lu\u00eds REY \u2013 Ed. Guanabara Koogan \u2013 2a Edi\u00e7\u00e3o.<br \/>\n\u2013 Parasitologia M\u00e9dica \u2013 Samuel PESSOA \u2013 Ed. Guanabara Koogan \u2013 11a. Edi\u00e7\u00e3o<\/p>\n<p>&nbsp;<\/p>\n<p>Obs.: \u00c9 permitido o uso de dicion\u00e1rio f\u00edsico durante a prova.<\/p>\n<p><a href=\"https:\/\/wp.ufpel.edu.br\/ppgmpar\/files\/2025\/02\/Referencias_selecao_PPGMPar_assinado.pdf\">Referencias_selecao_PPGMPar_assinado<\/a><\/p>\n<p>&nbsp;<\/p>\n<p>Segue abaixo as <strong>homologa\u00e7\u00f5es preliminares<\/strong> das inscri\u00e7\u00f5es do edital n\u00b0 32\/2025.<\/p>\n<p><a href=\"https:\/\/wp.ufpel.edu.br\/ppgmpar\/files\/2025\/03\/Inscricoes_preliminares_mestrado_29_assinado.pdf\">Inscricoes_preliminares_mestrado_29_assinado<\/a><\/p>\n<p>&nbsp;<\/p>\n<p>Segue abaixo as <strong>homologa\u00e7\u00f5es finais<\/strong> das inscri\u00e7\u00f5es do edital n\u00b0 32\/2025.<\/p>\n<p><strong>*Local e hor\u00e1rio de aplica\u00e7\u00e3o de prova externo a UFPel:<\/strong><br \/>\nProva escrita do mestrado para candidatos externos a UFPel realizar-se-\u00e1 no dia 10 de mar\u00e7o de 2025 com in\u00edcio \u00e0s 14h na sede acade\u0302mica da Universidade Federal de Santa<br \/>\nCatarina (UFSC) campus Blumenau, Blumenau- SC, Rua Joa\u0303o Pessoa, 2750, Bairro da Velha.<br \/>\nSala A-207.<br \/>\nD\u00favidas procurar a Secretaria da P\u00f3s-Gradua\u00e7\u00e3o e pedir suporte (sala A-106).<br \/>\nRespons\u00e1vel pelo acompanhamento: Profa. Dra. Daniela Brondani.<\/p>\n<p>A prova escrita do <strong>mestrado<\/strong> para candidatos que residem a menos de 500 quil\u00f4metros da cidade de Pelotas ser\u00e1 na sala da P\u00f3s-gradua\u00e7\u00e3o do Pr\u00e9dio 25 no Departamento de Microbiologia e Parasitologia do Instituto de Biologia (IB)\u00a0 no dia <strong>10 de mar\u00e7o de 2025 \u00e0s 09:00 horas<\/strong>.<\/p>\n<p>O Exame de Sele\u00e7\u00e3o para candaditos ao <strong>doutorado<\/strong> ser\u00e1 realizado a partir do dia<strong> 11 de mar\u00e7o de 2025 \u00e0s 09:00 horas<\/strong> em formato remoto (online), via plataforma e-aula, cujo link ser\u00e1 enviado ao candidato at\u00e9 24h antes de sua apresenta\u00e7\u00e3o.<\/p>\n<p><a href=\"https:\/\/wp.ufpel.edu.br\/ppgmpar\/files\/2025\/03\/Inscricoes_definitivas_mestrado_assinado.pdf\">Inscricoes_definitivas_mestrado_assinado<\/a><\/p>\n<p>&nbsp;<\/p>\n<p>Segue abaixo o<strong> cronograma retificado<\/strong> de apresenta\u00e7\u00f5es dos <strong>candidatos ao doutorado edital n\u00ba 032\/2025<\/strong>.<\/p>\n<p><a href=\"https:\/\/wp.ufpel.edu.br\/ppgmpar\/files\/2025\/03\/RetificaAA7AA3o_das_apresentacIA7oI83es_doutorado_assinado.pdf\">RetificaAA7AA3o_das_apresentacIA7oI83es_doutorado_assinado<\/a><\/p>\n<p>&nbsp;<\/p>\n<p>Segue abaixo o <strong>resultado preliminar<\/strong> da sele\u00e7\u00e3o de mestrado e doutorado do edital n\u00ba 32\/2025.<\/p>\n<p><a href=\"https:\/\/wp.ufpel.edu.br\/ppgmpar\/files\/2025\/03\/Resultado_preliminar_assinado.pdf\">Resultado_preliminar_assinado<\/a><\/p>\n<p>&nbsp;<\/p>\n<p>Segue abaixo o <strong>resultado final<\/strong> da sele\u00e7\u00e3o do edital n\u00b0 32\/2025.<\/p>\n<p><a href=\"https:\/\/wp.ufpel.edu.br\/ppgmpar\/files\/2025\/03\/Resultado_final_selecao_emergencial_assinado.pdf\">Resultado_final_selecao_emergencial_assinado<\/a><\/p>\n","protected":false},"excerpt":{"rendered":"<p>Encontra-se aberto o Edital N\u00ba032\/2025 de\u00a0Sele\u00e7\u00e3o emergencial de Aluno Regular\u00a0(01\/2025). Podem se candidatar os graduados em Ci\u00eancias Biol\u00f3gicas, Medicina Veterin\u00e1ria, Medicina, Nutri\u00e7\u00e3o, Farm\u00e1cia, Bioqu\u00edmica, Enfermagem, Biomedicina e outros cursos que, contemplem em seus curr\u00edculos, obrigatoriamente, a disciplina de\u00a0parasitologia\u00a0e\/ou\u00a0microbiologia\u00a0e\/ou\u00a0imunologia\u00a0e\/ou\u00a0zoologia. As inscri\u00e7\u00f5es ao processo seletivo acontecem exclusivamente pelo e-mail do programa (parasitologia@ufpel.edu.br) e todos os detalhes das [&hellip;]<\/p>\n","protected":false},"author":951,"featured_media":0,"parent":1129,"menu_order":0,"comment_status":"closed","ping_status":"closed","template":"","meta":{"footnotes":""},"class_list":["post-1139","page","type-page","status-publish","hentry"],"jetpack_sharing_enabled":true,"_links":{"self":[{"href":"https:\/\/wp.ufpel.edu.br\/ppgmpar\/wp-json\/wp\/v2\/pages\/1139","targetHints":{"allow":["GET"]}}],"collection":[{"href":"https:\/\/wp.ufpel.edu.br\/ppgmpar\/wp-json\/wp\/v2\/pages"}],"about":[{"href":"https:\/\/wp.ufpel.edu.br\/ppgmpar\/wp-json\/wp\/v2\/types\/page"}],"author":[{"embeddable":true,"href":"https:\/\/wp.ufpel.edu.br\/ppgmpar\/wp-json\/wp\/v2\/users\/951"}],"replies":[{"embeddable":true,"href":"https:\/\/wp.ufpel.edu.br\/ppgmpar\/wp-json\/wp\/v2\/comments?post=1139"}],"version-history":[{"count":19,"href":"https:\/\/wp.ufpel.edu.br\/ppgmpar\/wp-json\/wp\/v2\/pages\/1139\/revisions"}],"predecessor-version":[{"id":1445,"href":"https:\/\/wp.ufpel.edu.br\/ppgmpar\/wp-json\/wp\/v2\/pages\/1139\/revisions\/1445"}],"up":[{"embeddable":true,"href":"https:\/\/wp.ufpel.edu.br\/ppgmpar\/wp-json\/wp\/v2\/pages\/1129"}],"wp:attachment":[{"href":"https:\/\/wp.ufpel.edu.br\/ppgmpar\/wp-json\/wp\/v2\/media?parent=1139"}],"curies":[{"name":"wp","href":"https:\/\/api.w.org\/{rel}","templated":true}]}}