{"id":94,"date":"2016-11-05T14:56:09","date_gmt":"2016-11-05T16:56:09","guid":{"rendered":"https:\/\/wp.ufpel.edu.br\/ppgmp\/?page_id=94"},"modified":"2025-12-05T16:04:47","modified_gmt":"2025-12-05T19:04:47","slug":"regimento","status":"publish","type":"page","link":"https:\/\/wp.ufpel.edu.br\/ppgmp\/regimento\/","title":{"rendered":"Documentos"},"content":{"rendered":"<p><strong>REGIMENTO PPGMP:<\/strong><\/p>\n<p><a href=\"https:\/\/wp.ufpel.edu.br\/ppgmp\/files\/2025\/12\/SEI_3512906_Parecer_Normativo_COCEPE_136.pdf\">Novo Regimento &#8211; Parecer_Normativo_COCEPE_136_27\/11\/2025<\/a><\/p>\n<p>&nbsp;<\/p>\n<p><strong>REGIMENTO PPG-UFPEL:<\/strong><\/p>\n<p><a href=\"https:\/\/wp.ufpel.edu.br\/ppgmp\/files\/2021\/03\/Regimento-Geral-dos-Cursos-de-Pos-Graduacao-Stricto-Sensu.doc\">Regimento-Geral-dos-Cursos-de-P\u00f3s-Gradua\u00e7\u00e3o-Stricto-Sensu<\/a><\/p>\n<p>&nbsp;<\/p>\n<p><strong>DOCUMENTOS CAPES:<\/strong><\/p>\n<p>Portaria_076_Regulamento DS CAPES\u00a0<a href=\"https:\/\/wp.ufpel.edu.br\/ppgmp\/files\/2016\/11\/Portaria_076_RegulamentoDS-CAPES.pdf\">portaria_076_regulamentods-capes<\/a><\/p>\n<p><a href=\"https:\/\/wp.ufpel.edu.br\/ppgmp\/files\/2023\/10\/Resolucao-PRPPG-sobre-acumulo-de-bolsas-e-atividades-remuneradas.pdf\">RESOLU\u00c7\u00c3O N\u00ba 59 DO COCEPE, DE 04 DE OUTUBRO DE 2023<\/a> &#8211; diretrizes institucionais UFPel para a distribui\u00e7\u00e3o de bolsas de Mestrado, Doutorado e P\u00f3s-Doutorado e para o ac\u00famulo de bolsas e atividades remuneradas ou outros rendimentos.<\/p>\n<p>&nbsp;<\/p>\n<p><strong>DOCUMENTOS INTERNOS PPGMP:<\/strong><\/p>\n<p><a href=\"https:\/\/wp.ufpel.edu.br\/ppgmp\/files\/2021\/07\/METAS-DISCENTE-MESTRADO-E-DOUTORADO-1-1.docx\">METAS DISCENTE MESTRADO E DOUTORADO<\/a><\/p>\n<p><a href=\"https:\/\/wp.ufpel.edu.br\/ppgmp\/files\/2021\/12\/Relatorio-de-Atividades-de-Mestrandos-e-Doutorandos.docx\">Relatorio-de-Atividades-de-Mestrandos-e-Doutorandos<\/a><\/p>\n<p>&nbsp;<\/p>\n<p><strong>EST\u00c1GIO DOCENTE:<\/strong><\/p>\n<p><a href=\"https:\/\/wp.ufpel.edu.br\/ppgmp\/files\/2021\/07\/Resolucao-no-47de-2017-Normas-de-Estagio-Docencia.pdf\">Resolucao-no-47de-2017-Normas-de-Estagio-Docencia<\/a><\/p>\n<p><a href=\"https:\/\/wp.ufpel.edu.br\/ppgmp\/files\/2021\/07\/Formulario-de-estagio.docx\">Formul\u00e1rio de est\u00e1gio<\/a><\/p>\n<p><a href=\"https:\/\/wp.ufpel.edu.br\/ppgmp\/files\/2024\/11\/Informacoes-sobre-Estagio-Docente-para-o-site.pdf\">Orienta\u00e7\u00f5es sobre Est\u00e1gio Docente<\/a><\/p>\n<p>&nbsp;<\/p>\n<p><strong>FORMUL\u00c1RIOS DE QUALIFICA\u00c7\u00c3O E DEFESA:<\/strong><\/p>\n<p><a href=\"https:\/\/wp.ufpel.edu.br\/ppgmp\/files\/2021\/03\/Formulario-4-encaminha-defesas-7.doc\">Formulario 4 &#8211; encaminha defesas<\/a> &#8211; Encaminhamento Defesa Disserta\u00e7\u00e3o ou Tese<\/p>\n<p><a href=\"https:\/\/wp.ufpel.edu.br\/ppgmp\/files\/2021\/03\/FORMULARIO-4AB-4.doc\">FORMUL\u00c1RIO 4AB<\/a> &#8211; Nomea\u00e7\u00e3o Banca Examinadora<\/p>\n<p><a href=\"https:\/\/wp.ufpel.edu.br\/ppgmp\/files\/2023\/10\/FORMULARIO-INDICACAO-BANCA-QUALIFICACAO.doc\">FORMUL\u00c1RIO INDICA\u00c7\u00c3O BANCA E DATA QUALIFICA\u00c7\u00c3O<\/a><\/p>\n<p><a href=\"https:\/\/wp.ufpel.edu.br\/ppgmp\/files\/2021\/11\/Qualificacao.doc\">Qualifica\u00e7\u00e3o<\/a> &#8211; Ata do Exame de Qualifica\u00e7\u00e3o<\/p>\n<p>&nbsp;<\/p>\n<p><strong>COMISS\u00d5ES:<\/strong><\/p>\n<p>Comiss\u00e3o de Bolsas <a href=\"https:\/\/wp.ufpel.edu.br\/ppgmp\/files\/2024\/04\/Portaria-Comissao-de-Bolsas-2024.pdf\">Portaria Comiss\u00e3o de Bolsas 2024<\/a><\/p>\n<p><span class=\"fontstyle0\">Comiss\u00e3o de Planejamento Estrat\u00e9gico <a href=\"https:\/\/wp.ufpel.edu.br\/ppgmp\/files\/2022\/06\/Portaria-Comissao-Planejamento-Estrategico-2022.pdf\">Portaria Comiss\u00e3o Planejamento Estrat\u00e9gico 2022<\/a><\/span><\/p>\n<p>&nbsp;<\/p>\n<p><strong>DEMAIS DOCUMENTOS IMPORTANTES:<\/strong><\/p>\n<p>Portaria_86_2013_Regulamento_PNPD <a href=\"https:\/\/wp.ufpel.edu.br\/ppgmp\/files\/2019\/09\/Portaria_86_2013_Regulamento_PNPD.pdf\">Portaria_86_2013_Regulamento_PNPD<\/a><\/p>\n<p>Portaria de cria\u00e7\u00e3o do Curso de Mestrado do PPGMP <a href=\"https:\/\/wp.ufpel.edu.br\/ppgmp\/files\/2021\/07\/20070119_22-PORTARIA-CRIACAO-MESTRADO.pdf\">20070119_22 PORTARIA CRIA\u00c7\u00c2O MESTRADO<\/a><\/p>\n<p>&nbsp;<\/p>\n","protected":false},"excerpt":{"rendered":"<p>REGIMENTO PPGMP: Novo Regimento &#8211; Parecer_Normativo_COCEPE_136_27\/11\/2025 &nbsp; REGIMENTO PPG-UFPEL: Regimento-Geral-dos-Cursos-de-P\u00f3s-Gradua\u00e7\u00e3o-Stricto-Sensu &nbsp; DOCUMENTOS CAPES: Portaria_076_Regulamento DS CAPES\u00a0portaria_076_regulamentods-capes RESOLU\u00c7\u00c3O N\u00ba 59 DO COCEPE, DE 04 DE OUTUBRO DE 2023 &#8211; diretrizes institucionais UFPel para a distribui\u00e7\u00e3o de bolsas de Mestrado, Doutorado e P\u00f3s-Doutorado e para o ac\u00famulo de bolsas e atividades remuneradas ou outros rendimentos. &nbsp; DOCUMENTOS [&hellip;]<\/p>\n","protected":false},"author":700,"featured_media":0,"parent":0,"menu_order":1,"comment_status":"closed","ping_status":"closed","template":"","meta":{"footnotes":""},"class_list":["post-94","page","type-page","status-publish","hentry"],"_links":{"self":[{"href":"https:\/\/wp.ufpel.edu.br\/ppgmp\/wp-json\/wp\/v2\/pages\/94","targetHints":{"allow":["GET"]}}],"collection":[{"href":"https:\/\/wp.ufpel.edu.br\/ppgmp\/wp-json\/wp\/v2\/pages"}],"about":[{"href":"https:\/\/wp.ufpel.edu.br\/ppgmp\/wp-json\/wp\/v2\/types\/page"}],"author":[{"embeddable":true,"href":"https:\/\/wp.ufpel.edu.br\/ppgmp\/wp-json\/wp\/v2\/users\/700"}],"replies":[{"embeddable":true,"href":"https:\/\/wp.ufpel.edu.br\/ppgmp\/wp-json\/wp\/v2\/comments?post=94"}],"version-history":[{"count":4,"href":"https:\/\/wp.ufpel.edu.br\/ppgmp\/wp-json\/wp\/v2\/pages\/94\/revisions"}],"predecessor-version":[{"id":3317,"href":"https:\/\/wp.ufpel.edu.br\/ppgmp\/wp-json\/wp\/v2\/pages\/94\/revisions\/3317"}],"wp:attachment":[{"href":"https:\/\/wp.ufpel.edu.br\/ppgmp\/wp-json\/wp\/v2\/media?parent=94"}],"curies":[{"name":"wp","href":"https:\/\/api.w.org\/{rel}","templated":true}]}}