{"id":90,"date":"2016-11-29T15:07:55","date_gmt":"2016-11-29T17:07:55","guid":{"rendered":"https:\/\/wp.ufpel.edu.br\/ppgmp\/?page_id=90"},"modified":"2021-03-04T10:23:40","modified_gmt":"2021-03-04T13:23:40","slug":"links","status":"publish","type":"page","link":"https:\/\/wp.ufpel.edu.br\/ppgmp\/links\/","title":{"rendered":"Links"},"content":{"rendered":"<h4>CAPES &#8211;\u00a0Coordena\u00e7\u00e3o de Aperfei\u00e7oamento de Pessoal de N\u00edvel Superior<\/h4>\n<div>Visa a melhoria da p\u00f3s-gradua\u00e7\u00e3o brasileira, atrav\u00e9s de avalia\u00e7\u00e3o, divulga\u00e7\u00e3o, forma\u00e7\u00e3o de recursos e promo\u00e7\u00e3o da coopera\u00e7\u00e3o cient\u00edfica internacional.<\/div>\n<div><a href=\"http:\/\/www.capes.gov.br\/\" target=\"_blank\" rel=\"noopener noreferrer\">www.capes.gov.br<\/a><\/div>\n<p>&nbsp;<\/p>\n<div>\n<div>\n<h4>CNPQ &#8211;\u00a0Conselho Nacional de Desenvolvimento Cient\u00edfico e Tecnol\u00f3gico<\/h4>\n<p>Ag\u00eancia do Minist\u00e9rio da Ci\u00eancia e Tecnologia (MCT) destinada ao fomento da pesquisa cient\u00edfica e tecnol\u00f3gica e \u00e0 forma\u00e7\u00e3o de recursos humanos para a pesquisa no pa\u00eds. Sua hist\u00f3ria est\u00e1 diretamente ligada ao desenvolvimento cient\u00edfico e tecnol\u00f3gico do Brasil contempor\u00e2neo.<\/p>\n<p><a href=\"http:\/\/www.cnpq.br\/\">www.cnpq.br<\/a><\/p>\n<p>&nbsp;<\/p>\n<h4>Faculdade de Filosofia y Letras, UNIVERSIDAD DE BUENOS AIRES<\/h4>\n<p><a href=\"http:\/\/www.filo.uba.ar\/\">www.filo.uba.ar<\/a><\/p>\n<\/div>\n<h4>CELAT<\/h4>\n<div>Site do Centro Universit\u00e1rio sobre Letras,Artes e Tradi\u00e7\u00f5es da Universidade Laval, Quebec. Textos, eventos, links para sites sobre Invent\u00e1rios e estudos em patrim\u00f4nio imaterial<\/div>\n<div>\n<p><a href=\"http:\/\/www.celat.ulaval.ca\/index.php\">www.celat.ulaval.ca\/index.php<\/a><\/p>\n<div>\n<p>&nbsp;<\/p>\n<\/div>\n<\/div>\n<div>\n<h4>IBRAM<\/h4>\n<p>Instituto Brasileiro de Museus<br \/>\n<a href=\"http:\/\/www1.museus.gov.br\/\">www1.museus.gov.br<\/a><\/p>\n<p>&nbsp;<\/p>\n<h4>IPHAN<\/h4>\n<p>\u00d3rg\u00e3o do Minist\u00e9rio da Cultura que tem a miss\u00e3o de preservar o patrim\u00f4nio cultural brasileiro.<br \/>\n<a href=\"http:\/\/www.iphan.gov.br\/\">www.iphan.gov.br<\/a><\/p>\n<p>&nbsp;<\/p>\n<h4>LASMIC<\/h4>\n<p>Laborat\u00f3rio coordenado pelo antrop\u00f3logo Joel Candau da Universidade de Nice, Fran\u00e7a. Estudos sobre mem\u00f3ria, Antropologia cognitiva, estudos multiculturais.<br \/>\n<a href=\"http:\/\/lasmic.unice.fr\/\">lasmic.unice.fr<\/a><\/p>\n<p>&nbsp;<\/p>\n<h4>Semin\u00e1rio Internacional sobre Mem\u00f3ria e Patrim\u00f4nio<\/h4>\n<p><a title=\"simp.ufpel.edu.br\" href=\"http:\/\/simp.ufpel.edu.br\/\">simp.ufpel.edu.br<\/a><\/p>\n<h4><\/h4>\n<h4>NAYA<\/h4>\n<p>Site latino-americano de divulga\u00e7\u00e3o cient\u00edfica em Antropologia, Arqueologia e \u00e1reas afins.<br \/>\n<a href=\"http:\/\/www.naya.org.ar\/\">www.naya.org.ar<\/a><\/p>\n<p>&nbsp;<\/p>\n<div><strong>Fotografia e Trabalho Portal de Acervos<\/strong><\/div>\n<div><\/div>\n<div><a href=\"http:\/\/www.ufpel.edu.br\/ich\/fotografiaetrabalho\/\" target=\"_blank\" rel=\"noopener noreferrer\">http:\/\/www.ufpel.edu.br\/ich\/fotografiaetrabalho\/<\/a><\/div>\n<\/div>\n<\/div>\n<div>\n<p>&nbsp;<\/p>\n<p><strong>Memorial do Anglo<\/strong><\/p>\n<p><a href=\"http:\/\/www.memorialdoanglo.com.br\/\" target=\"_blank\" rel=\"noopener noreferrer\">http:\/\/www.memorialdoanglo.com.br\/<\/a><\/p>\n<p>&nbsp;<\/p>\n<p><strong>Arquivo Fotogr\u00e1fico da UFPel<\/strong><\/p>\n<p><a href=\"http:\/\/www2.ufpel.edu.br\/ich\/arquivofotografico\/\" target=\"_blank\" rel=\"noopener noreferrer\">http:\/\/www2.ufpel.edu.br\/ich\/arquivofotografico\/<\/a><\/p>\n<h4><\/h4>\n<h4>Calenda<\/h4>\n<p>Site franc\u00f3fono de divulga\u00e7\u00e3o de calend\u00e1rio cient\u00edfico nas \u00e1reas de Ci\u00eancias Humanas e sociais.<br \/>\n<a href=\"http:\/\/calenda.revues.org\/\">calenda.revues.org<\/a><\/p>\n<p>&nbsp;<\/p>\n<\/div>\n","protected":false},"excerpt":{"rendered":"<p>CAPES &#8211;\u00a0Coordena\u00e7\u00e3o de Aperfei\u00e7oamento de Pessoal de N\u00edvel Superior Visa a melhoria da p\u00f3s-gradua\u00e7\u00e3o brasileira, atrav\u00e9s de avalia\u00e7\u00e3o, divulga\u00e7\u00e3o, forma\u00e7\u00e3o de recursos e promo\u00e7\u00e3o da coopera\u00e7\u00e3o cient\u00edfica internacional. www.capes.gov.br &nbsp; CNPQ &#8211;\u00a0Conselho Nacional de Desenvolvimento Cient\u00edfico e Tecnol\u00f3gico Ag\u00eancia do Minist\u00e9rio da Ci\u00eancia e Tecnologia (MCT) destinada ao fomento da pesquisa cient\u00edfica e tecnol\u00f3gica e [&hellip;]<\/p>\n","protected":false},"author":700,"featured_media":0,"parent":0,"menu_order":3,"comment_status":"closed","ping_status":"closed","template":"","meta":{"footnotes":""},"class_list":["post-90","page","type-page","status-publish","hentry"],"_links":{"self":[{"href":"https:\/\/wp.ufpel.edu.br\/ppgmp\/wp-json\/wp\/v2\/pages\/90","targetHints":{"allow":["GET"]}}],"collection":[{"href":"https:\/\/wp.ufpel.edu.br\/ppgmp\/wp-json\/wp\/v2\/pages"}],"about":[{"href":"https:\/\/wp.ufpel.edu.br\/ppgmp\/wp-json\/wp\/v2\/types\/page"}],"author":[{"embeddable":true,"href":"https:\/\/wp.ufpel.edu.br\/ppgmp\/wp-json\/wp\/v2\/users\/700"}],"replies":[{"embeddable":true,"href":"https:\/\/wp.ufpel.edu.br\/ppgmp\/wp-json\/wp\/v2\/comments?post=90"}],"version-history":[{"count":6,"href":"https:\/\/wp.ufpel.edu.br\/ppgmp\/wp-json\/wp\/v2\/pages\/90\/revisions"}],"predecessor-version":[{"id":1876,"href":"https:\/\/wp.ufpel.edu.br\/ppgmp\/wp-json\/wp\/v2\/pages\/90\/revisions\/1876"}],"wp:attachment":[{"href":"https:\/\/wp.ufpel.edu.br\/ppgmp\/wp-json\/wp\/v2\/media?parent=90"}],"curies":[{"name":"wp","href":"https:\/\/api.w.org\/{rel}","templated":true}]}}