{"id":4,"date":"2016-11-03T15:54:06","date_gmt":"2016-11-03T17:54:06","guid":{"rendered":"https:\/\/wp.ufpel.edu.br\/ppgmp\/?page_id=4"},"modified":"2026-04-15T15:00:58","modified_gmt":"2026-04-15T18:00:58","slug":"apresentacao","status":"publish","type":"page","link":"https:\/\/wp.ufpel.edu.br\/ppgmp\/apresentacao\/","title":{"rendered":"Apresenta\u00e7\u00e3o"},"content":{"rendered":"<p style=\"text-align: justify;\">O programa de P\u00f3s-Gradua\u00e7\u00e3o em Mem\u00f3ria Social e Patrim\u00f4nio Cultural, Mestrado\/Doutorado, objetiva qualificar profissionais de diversas \u00e1reas do conhecimento para atuar em institui\u00e7\u00f5es do setor p\u00fablico, privado ou n\u00e3o governamental, respondendo direta ou indiretamente \u00e0 quest\u00f5es referentes \u00e0 mem\u00f3ria social e ao patrim\u00f4nio cultural, bem como para atuar nas diferentes inst\u00e2ncias de gest\u00e3o de mem\u00f3rias, al\u00e9m de vir a promover a valoriza\u00e7\u00e3o da auto-estima das comunidades por meio de suas a\u00e7\u00f5es voltadas \u00e0 preserva\u00e7\u00e3o da mem\u00f3ria social e do patrim\u00f4nio cultural, envolvendo pesquisa, educa\u00e7\u00e3o, prote\u00e7\u00e3o e interven\u00e7\u00e3o.<\/p>\n<p style=\"text-align: justify;\"><strong>\u00c1reas de Concentra\u00e7\u00e3o<\/strong><\/p>\n<p style=\"text-align: justify;\">Estudos Interdisciplinares em Mem\u00f3ria Social e Patrim\u00f4nio caracteriza-se pela abordagem integrada de Mem\u00f3ria e Patrim\u00f4nio, no que se refere aos seguintes aspectos: desenvolver projetos de pesquisa e gest\u00e3o no campo de Mem\u00f3ria e Patrim\u00f4nio; encetar a interdisciplinaridade entre as diferentes habilita\u00e7\u00f5es envolvidas, representadas nas \u00e1reas de forma\u00e7\u00e3o e atua\u00e7\u00e3o do corpo docente (Hist\u00f3ria Oral, Geografia Urbana, Arquitetura, Materiais de Restauro, Urbanismo, Arqueologia, Antropologia, Artes, M\u00fasica e Fotografia); abordar as interfaces entre a cultura material (patrim\u00f4nio tang\u00edvel) e cultura imaterial (patrim\u00f4nio intang\u00edvel) e considerar a indissociabilidade entre o patrim\u00f4nio cultural e o patrim\u00f4nio ambiental.<\/p>\n<p>&nbsp;<\/p>\n<h3>Dados Gerais<\/h3>\n<p><strong>MESTRADO<\/strong><\/p>\n<p>Total de cr\u00e9ditos: 32 cr\u00e9ditos<br \/>\nDura\u00e7\u00e3o: 24 meses<br \/>\nT\u00edtulo conferido: Mestre em Mem\u00f3ria Social e Patrim\u00f4nio Cultural<\/p>\n<p><strong>DOUTORADO<\/strong><\/p>\n<p>Total de cr\u00e9ditos: 42 cr\u00e9ditos<br \/>\nDura\u00e7\u00e3o: 48 meses<br \/>\nT\u00edtulo conferido: Doutor em Mem\u00f3ria Social e Patrim\u00f4nio Cultural<\/p>\n<p><strong>Coordena\u00e7\u00e3o do Curso:<\/strong><\/p>\n<p><span style=\"background-color: #ffffff; color: #333333; font-family: georgia, palatino, serif; font-size: 12pt;\">Coordenador: Prof. Dr. Jo\u00e3o Fernando Igansi Nunes<\/span><\/p>\n<p><span style=\"background-color: #ffffff; color: #333333; font-family: georgia, palatino, serif; font-size: 12pt;\">Coordenador Adjunto: Prof. Dr. F\u00e1bio Vergara Cerqueira<\/span><\/p>\n<p><span style=\"background-color: #ffffff; color: #333333; font-family: georgia, palatino, serif; font-size: 12pt;\"><br \/>\n<\/span>memoriapatrimonio@ufpel.edu.br<\/p>\n<p><strong>Secretaria:<\/strong><\/p>\n<p>Tec. Adm. Bruno Cassel Neto<br \/>\nmemoriapatrimonio@ufpel.edu.br<\/p>\n<p>&nbsp;<\/p>\n<p><strong>Local de funcionamento:<\/strong><br \/>\nR. Alm. Barroso, 1202<br \/>\nPelotas, Rs, Brasil<br \/>\n96010-280, Centro<\/p>\n<p>(53)32844309<\/p>\n<p><strong>Hor\u00e1rio\u00a0de funcionamento:<\/strong><\/p>\n<p>Segunda a sexta-feira: das 13h30 \u00e0s 17h30.<\/p>\n<p><img class=\"alignnone wp-image-676 size-medium\" src=\"https:\/\/wp.ufpel.edu.br\/ppgmp\/files\/2016\/11\/20196640_1413749125385051_258903734_o-400x225.jpg\" alt=\"\" width=\"400\" height=\"225\" srcset=\"https:\/\/wp.ufpel.edu.br\/ppgmp\/files\/2016\/11\/20196640_1413749125385051_258903734_o-400x225.jpg 400w, https:\/\/wp.ufpel.edu.br\/ppgmp\/files\/2016\/11\/20196640_1413749125385051_258903734_o-768x431.jpg 768w, https:\/\/wp.ufpel.edu.br\/ppgmp\/files\/2016\/11\/20196640_1413749125385051_258903734_o-1024x575.jpg 1024w, https:\/\/wp.ufpel.edu.br\/ppgmp\/files\/2016\/11\/20196640_1413749125385051_258903734_o.jpg 2048w\" sizes=\"(max-width: 400px) 100vw, 400px\" \/><\/p>\n<p><img class=\"alignnone wp-image-677 size-medium\" src=\"https:\/\/wp.ufpel.edu.br\/ppgmp\/files\/2016\/11\/20251163_1413749038718393_730504033_o-400x225.jpg\" alt=\"\" width=\"400\" height=\"225\" srcset=\"https:\/\/wp.ufpel.edu.br\/ppgmp\/files\/2016\/11\/20251163_1413749038718393_730504033_o-400x225.jpg 400w, https:\/\/wp.ufpel.edu.br\/ppgmp\/files\/2016\/11\/20251163_1413749038718393_730504033_o-768x431.jpg 768w, https:\/\/wp.ufpel.edu.br\/ppgmp\/files\/2016\/11\/20251163_1413749038718393_730504033_o-1024x575.jpg 1024w, https:\/\/wp.ufpel.edu.br\/ppgmp\/files\/2016\/11\/20251163_1413749038718393_730504033_o.jpg 2048w\" sizes=\"(max-width: 400px) 100vw, 400px\" \/><\/p>\n","protected":false},"excerpt":{"rendered":"<p>O programa de P\u00f3s-Gradua\u00e7\u00e3o em Mem\u00f3ria Social e Patrim\u00f4nio Cultural, Mestrado\/Doutorado, objetiva qualificar profissionais de diversas \u00e1reas do conhecimento para atuar em institui\u00e7\u00f5es do setor p\u00fablico, privado ou n\u00e3o governamental, respondendo direta ou indiretamente \u00e0 quest\u00f5es referentes \u00e0 mem\u00f3ria social e ao patrim\u00f4nio cultural, bem como para atuar nas diferentes inst\u00e2ncias de gest\u00e3o de mem\u00f3rias, [&hellip;]<\/p>\n","protected":false},"author":700,"featured_media":0,"parent":0,"menu_order":0,"comment_status":"closed","ping_status":"closed","template":"","meta":{"footnotes":""},"class_list":["post-4","page","type-page","status-publish","hentry"],"_links":{"self":[{"href":"https:\/\/wp.ufpel.edu.br\/ppgmp\/wp-json\/wp\/v2\/pages\/4","targetHints":{"allow":["GET"]}}],"collection":[{"href":"https:\/\/wp.ufpel.edu.br\/ppgmp\/wp-json\/wp\/v2\/pages"}],"about":[{"href":"https:\/\/wp.ufpel.edu.br\/ppgmp\/wp-json\/wp\/v2\/types\/page"}],"author":[{"embeddable":true,"href":"https:\/\/wp.ufpel.edu.br\/ppgmp\/wp-json\/wp\/v2\/users\/700"}],"replies":[{"embeddable":true,"href":"https:\/\/wp.ufpel.edu.br\/ppgmp\/wp-json\/wp\/v2\/comments?post=4"}],"version-history":[{"count":4,"href":"https:\/\/wp.ufpel.edu.br\/ppgmp\/wp-json\/wp\/v2\/pages\/4\/revisions"}],"predecessor-version":[{"id":3453,"href":"https:\/\/wp.ufpel.edu.br\/ppgmp\/wp-json\/wp\/v2\/pages\/4\/revisions\/3453"}],"wp:attachment":[{"href":"https:\/\/wp.ufpel.edu.br\/ppgmp\/wp-json\/wp\/v2\/media?parent=4"}],"curies":[{"name":"wp","href":"https:\/\/api.w.org\/{rel}","templated":true}]}}