{"id":281,"date":"2016-11-29T15:23:24","date_gmt":"2016-11-29T17:23:24","guid":{"rendered":"https:\/\/wp.ufpel.edu.br\/ppgmp\/?page_id=281"},"modified":"2021-03-04T10:24:06","modified_gmt":"2021-03-04T13:24:06","slug":"revista-memoria-em-rede","status":"publish","type":"page","link":"https:\/\/wp.ufpel.edu.br\/ppgmp\/publicacoes-2\/revista-memoria-em-rede\/","title":{"rendered":"Revista Mem\u00f3ria em Rede"},"content":{"rendered":"<p>A revista Mem\u00f3ria em Rede \u00e9 um peri\u00f3dico eletr\u00f4nico que publica trabalhos in\u00e9ditos que versem sobre os temas patrim\u00f4nio material e imaterial, estudos em mem\u00f3ria social, estudos sobre mem\u00f3ria e identidade ou ainda tratem da organiza\u00e7\u00e3o de acervos, sua conserva\u00e7\u00e3o e restauro, recupera\u00e7\u00e3o e acessibilidade para pesquisa e outros temas relacionados.<\/p>\n<p><a href=\"https:\/\/periodicos.ufpel.edu.br\/ojs2\/index.php\/Memoria\">Revista Mem\u00f3ria em Rede<\/a><\/p>\n","protected":false},"excerpt":{"rendered":"<p>A revista Mem\u00f3ria em Rede \u00e9 um peri\u00f3dico eletr\u00f4nico que publica trabalhos in\u00e9ditos que versem sobre os temas patrim\u00f4nio material e imaterial, estudos em mem\u00f3ria social, estudos sobre mem\u00f3ria e identidade ou ainda tratem da organiza\u00e7\u00e3o de acervos, sua conserva\u00e7\u00e3o e restauro, recupera\u00e7\u00e3o e acessibilidade para pesquisa e outros temas relacionados. Revista Mem\u00f3ria em Rede<\/p>\n","protected":false},"author":700,"featured_media":0,"parent":1868,"menu_order":0,"comment_status":"closed","ping_status":"closed","template":"","meta":{"footnotes":""},"class_list":["post-281","page","type-page","status-publish","hentry"],"_links":{"self":[{"href":"https:\/\/wp.ufpel.edu.br\/ppgmp\/wp-json\/wp\/v2\/pages\/281","targetHints":{"allow":["GET"]}}],"collection":[{"href":"https:\/\/wp.ufpel.edu.br\/ppgmp\/wp-json\/wp\/v2\/pages"}],"about":[{"href":"https:\/\/wp.ufpel.edu.br\/ppgmp\/wp-json\/wp\/v2\/types\/page"}],"author":[{"embeddable":true,"href":"https:\/\/wp.ufpel.edu.br\/ppgmp\/wp-json\/wp\/v2\/users\/700"}],"replies":[{"embeddable":true,"href":"https:\/\/wp.ufpel.edu.br\/ppgmp\/wp-json\/wp\/v2\/comments?post=281"}],"version-history":[{"count":1,"href":"https:\/\/wp.ufpel.edu.br\/ppgmp\/wp-json\/wp\/v2\/pages\/281\/revisions"}],"predecessor-version":[{"id":283,"href":"https:\/\/wp.ufpel.edu.br\/ppgmp\/wp-json\/wp\/v2\/pages\/281\/revisions\/283"}],"up":[{"embeddable":true,"href":"https:\/\/wp.ufpel.edu.br\/ppgmp\/wp-json\/wp\/v2\/pages\/1868"}],"wp:attachment":[{"href":"https:\/\/wp.ufpel.edu.br\/ppgmp\/wp-json\/wp\/v2\/media?parent=281"}],"curies":[{"name":"wp","href":"https:\/\/api.w.org\/{rel}","templated":true}]}}