{"id":1928,"date":"2021-03-05T10:26:52","date_gmt":"2021-03-05T13:26:52","guid":{"rendered":"https:\/\/wp.ufpel.edu.br\/ppgmp\/?page_id=1928"},"modified":"2021-03-05T18:19:59","modified_gmt":"2021-03-05T21:19:59","slug":"regional","status":"publish","type":"page","link":"https:\/\/wp.ufpel.edu.br\/ppgmp\/capes-print\/regional\/","title":{"rendered":"Regional"},"content":{"rendered":"<p><strong>REGIONAL:<\/strong><\/p>\n<p><strong><span style=\"color: #993300\">Gest\u00e3o Integrada do Patrim\u00f4nio Cultural de Morro Redondo \u2013 RS<\/span><\/strong><\/p>\n<p>Grupo de pesquisa, ensino e extens\u00e3o interdisciplinar e interinstitucional que tem como objetivo implantar o Polo Morro Redondo da C\u00e1tedra Unesco-IPT de Humanidades e Gest\u00e3o Cultural Integrada do Territ\u00f3rio do Instituto Polit\u00e9cnico de Tomar, sob lideran\u00e7a do Prof. Luiz Oosterbeek.<\/p>\n<p><img class=\"alignnone size-full wp-image-1938\" src=\"https:\/\/wp.ufpel.edu.br\/ppgmp\/files\/2021\/03\/reuniao-400x268-1.jpeg\" alt=\"\" width=\"400\" height=\"268\" \/><\/p>\n<p>Conhe\u00e7a:\u00a0<a href=\"https:\/\/wp.ufpel.edu.br\/gipc-morroredondo\/\">https:\/\/wp.ufpel.edu.br\/gipc-morroredondo\/<\/a><\/p>\n<p>&nbsp;<\/p>\n<p><span style=\"color: #993300\"><strong>Projeto Centro Cultural Esta\u00e7\u00e3o Ferrovi\u00e1ria &#8211; Pelotas RS<\/strong><\/span><\/p>\n<div>\n<p style=\"text-align: justify\">O projeto visa apresentar e indicar as diretrizes e etapas para implementa\u00e7\u00e3o do &#8220;Centro Cultural Esta\u00e7\u00e3o Ferrovi\u00e1ria&#8221; de Pelotas, Rio Grande do Sul. O principal objetivo do centro \u00e9 gerenciar, promover e pesquisar sobre a mem\u00f3ria e a hist\u00f3ria dos sujeitos envolvidos com o transporte e a mobilidade urbana da cidade.<\/p>\n<\/div>\n<p><img class=\"alignnone size-medium wp-image-1410\" src=\"https:\/\/wp.ufpel.edu.br\/ppgmp\/files\/2019\/08\/68301197_433146613954821_3359231064802328576_n-400x310.jpg\" alt=\"\" width=\"400\" height=\"310\" srcset=\"https:\/\/wp.ufpel.edu.br\/ppgmp\/files\/2019\/08\/68301197_433146613954821_3359231064802328576_n-400x310.jpg 400w, https:\/\/wp.ufpel.edu.br\/ppgmp\/files\/2019\/08\/68301197_433146613954821_3359231064802328576_n-768x595.jpg 768w, https:\/\/wp.ufpel.edu.br\/ppgmp\/files\/2019\/08\/68301197_433146613954821_3359231064802328576_n-1024x793.jpg 1024w, https:\/\/wp.ufpel.edu.br\/ppgmp\/files\/2019\/08\/68301197_433146613954821_3359231064802328576_n.jpg 1280w\" sizes=\"(max-width: 400px) 100vw, 400px\" \/><\/p>\n<p>Para acessar o projeto do Centro Cultural Esta\u00e7\u00e3o Ferrovi\u00e1ria de Pelotas, clique no link abaixo:<\/p>\n<p><a href=\"https:\/\/wp.ufpel.edu.br\/ppgmp\/files\/2019\/08\/PROJETO-PARA-IMPLANTA\u00c7\u00c3O-DO-CCEF-p\u00fablico.pdf\">PROJETO CCEF<\/a><\/p>\n<p>&nbsp;<\/p>\n","protected":false},"excerpt":{"rendered":"<p>REGIONAL: Gest\u00e3o Integrada do Patrim\u00f4nio Cultural de Morro Redondo \u2013 RS Grupo de pesquisa, ensino e extens\u00e3o interdisciplinar e interinstitucional que tem como objetivo implantar o Polo Morro Redondo da C\u00e1tedra Unesco-IPT de Humanidades e Gest\u00e3o Cultural Integrada do Territ\u00f3rio do Instituto Polit\u00e9cnico de Tomar, sob lideran\u00e7a do Prof. Luiz Oosterbeek. Conhe\u00e7a:\u00a0https:\/\/wp.ufpel.edu.br\/gipc-morroredondo\/ &nbsp; Projeto Centro [&hellip;]<\/p>\n","protected":false},"author":700,"featured_media":0,"parent":1838,"menu_order":3,"comment_status":"closed","ping_status":"closed","template":"","meta":{"footnotes":""},"class_list":["post-1928","page","type-page","status-publish","hentry"],"_links":{"self":[{"href":"https:\/\/wp.ufpel.edu.br\/ppgmp\/wp-json\/wp\/v2\/pages\/1928","targetHints":{"allow":["GET"]}}],"collection":[{"href":"https:\/\/wp.ufpel.edu.br\/ppgmp\/wp-json\/wp\/v2\/pages"}],"about":[{"href":"https:\/\/wp.ufpel.edu.br\/ppgmp\/wp-json\/wp\/v2\/types\/page"}],"author":[{"embeddable":true,"href":"https:\/\/wp.ufpel.edu.br\/ppgmp\/wp-json\/wp\/v2\/users\/700"}],"replies":[{"embeddable":true,"href":"https:\/\/wp.ufpel.edu.br\/ppgmp\/wp-json\/wp\/v2\/comments?post=1928"}],"version-history":[{"count":6,"href":"https:\/\/wp.ufpel.edu.br\/ppgmp\/wp-json\/wp\/v2\/pages\/1928\/revisions"}],"predecessor-version":[{"id":1985,"href":"https:\/\/wp.ufpel.edu.br\/ppgmp\/wp-json\/wp\/v2\/pages\/1928\/revisions\/1985"}],"up":[{"embeddable":true,"href":"https:\/\/wp.ufpel.edu.br\/ppgmp\/wp-json\/wp\/v2\/pages\/1838"}],"wp:attachment":[{"href":"https:\/\/wp.ufpel.edu.br\/ppgmp\/wp-json\/wp\/v2\/media?parent=1928"}],"curies":[{"name":"wp","href":"https:\/\/api.w.org\/{rel}","templated":true}]}}