{"id":1920,"date":"2021-03-05T08:06:59","date_gmt":"2021-03-05T11:06:59","guid":{"rendered":"https:\/\/wp.ufpel.edu.br\/ppgmp\/?page_id=1920"},"modified":"2021-03-05T08:08:23","modified_gmt":"2021-03-05T11:08:23","slug":"certificados","status":"publish","type":"page","link":"https:\/\/wp.ufpel.edu.br\/ppgmp\/eventos\/certificados\/","title":{"rendered":"Certificados"},"content":{"rendered":"<p><strong>2019<\/strong><\/p>\n<p><strong>I FORUM NACIONAL DOS COORDENADORES DE PROGRAMAS DE P\u00d3S-GRADUA\u00c7\u00c3O INTERDISCIPLINARES EM MEM\u00d3RIA E PATRIM\u00d4NIO<\/strong><\/p>\n<p><a href=\"https:\/\/wp.ufpel.edu.br\/ppgmp\/files\/2020\/01\/Certificados-forum-coordenadores.pdf\">Certificados forum coordenadores<\/a><\/p>\n<p>&nbsp;<\/p>\n<p><strong>Certificados do minicurso Introducci\u00f3n a la virtualizaci\u00f3n de patrimonio: nuevas tecnolog\u00edas para su gesti\u00f3n y difusi\u00f3n<\/strong><\/p>\n<p><a href=\"https:\/\/wp.ufpel.edu.br\/ppgmp\/files\/2020\/01\/Certificados-Introducci\u00f3n-a-la-virtualizaci\u00f3n-de-patrimonio_compressed.pdf\">Certificados Introducci\u00f3n a la virtualizaci\u00f3n de patrimonio_compressed<\/a><\/p>\n<p>&nbsp;<\/p>\n<p><strong>Certificados da Confer\u00eancia &#8220;Alimenta\u00e7\u00e3o, territ\u00f3rio e patrim\u00f4nio&#8221;<\/strong><\/p>\n<p><a href=\"https:\/\/wp.ufpel.edu.br\/ppgmp\/files\/2019\/09\/Certificados-ouvintes-confer\u00eancia-Alimenta\u00e7\u00e3o-territ\u00f3rio-patrim\u00f4nio.pdf\">Certificados ouvintes confer\u00eancia Alimenta\u00e7\u00e3o, territ\u00f3rio patrim\u00f4nio<\/a><\/p>\n<p>&nbsp;<\/p>\n<p><strong>Certificados do &#8220;Curso de Ver\u00e3o: teorias da mem\u00f3rias&#8221;<\/strong><\/p>\n<p><a href=\"https:\/\/wp.ufpel.edu.br\/ppgmp\/files\/2019\/09\/Certificados-Ouvintes-Curso-de-Ver\u00e3o-2019.pdf\">Certificados de ouvintes &#8211; Curso de Ver\u00e3o: teorias da mem\u00f3ria<\/a><\/p>\n<p><a href=\"https:\/\/wp.ufpel.edu.br\/ppgmp\/files\/2019\/09\/Certificados-Conferencistas-Curso-de-Ver\u00e3o-2019.pdf\">Certificados Conferencistas Curso de Ver\u00e3o<\/a><\/p>\n<p><strong>Certificados do 9\u00ba Semin\u00e1rio Internacional Mem\u00f3ria e Patrim\u00f4nio, que ocorreu entre os dias 15 e 17 de Maio de 2019<\/strong><\/p>\n<p><a href=\"https:\/\/wp.ufpel.edu.br\/ppgmp\/files\/2019\/05\/Certificados-Conferencistas.pdf\">Certificados Conferencistas<\/a><\/p>\n<p><a href=\"https:\/\/wp.ufpel.edu.br\/ppgmp\/files\/2019\/05\/Certificados-Debatedores.pdf\">Certificados Debatedores<\/a><\/p>\n<p><a href=\"https:\/\/wp.ufpel.edu.br\/ppgmp\/files\/2019\/05\/Certificados-Ouvintes.pdf\">Certificados Ouvintes<\/a><\/p>\n<p><a href=\"https:\/\/wp.ufpel.edu.br\/ppgmp\/files\/2019\/05\/Certificados-Coordenadores-ST.pdf\">Certificados Coordenadores ST<\/a><\/p>\n<p><a href=\"https:\/\/wp.ufpel.edu.br\/ppgmp\/files\/2019\/06\/Certificados-apresentadores.pdf\">Certificados Apresentadores<\/a><\/p>\n<p><a href=\"https:\/\/wp.ufpel.edu.br\/ppgmp\/files\/2019\/05\/Certificados-Colaboradores-2.pdf\">Certificados Colaboradores<\/a><\/p>\n<p><a href=\"https:\/\/wp.ufpel.edu.br\/ppgmp\/files\/2019\/05\/Certificados-Organizadores-1.pdf\">Certificados Organizadores<\/a><\/p>\n<p>&nbsp;<\/p>\n<p><strong>Certificados do IV Col\u00f3quio Internacional Mem\u00f3ria e Patrim\u00f4nio, que ocorreu entre 08 e 09 de Novembro de 2018.<\/strong><\/p>\n<p><a href=\"https:\/\/wp.ufpel.edu.br\/ppgmp\/files\/2019\/03\/Certificados-apresenta\u00e7\u00e3o-de-trabalho.pdf\">Certificados apresenta\u00e7\u00e3o de trabalho<\/a><\/p>\n<p><a href=\"https:\/\/wp.ufpel.edu.br\/ppgmp\/files\/2019\/03\/Certificados-ouvintes.pdf\">Certificados ouvintes<\/a><\/p>\n<p><a href=\"https:\/\/wp.ufpel.edu.br\/ppgmp\/files\/2019\/03\/Certificado-conferencistas-e-coordenadores-de-ST.pdf\">Certificado conferencistas e coordenadores de ST<\/a><\/p>\n<p><a href=\"https:\/\/wp.ufpel.edu.br\/ppgmp\/files\/2019\/03\/Certificados-organizadores-e-colaboradores.pdf\">Certificados organizadores e colaboradores<\/a><\/p>\n<p>&nbsp;<\/p>\n<p>&nbsp;<\/p>\n","protected":false},"excerpt":{"rendered":"<p>2019 I FORUM NACIONAL DOS COORDENADORES DE PROGRAMAS DE P\u00d3S-GRADUA\u00c7\u00c3O INTERDISCIPLINARES EM MEM\u00d3RIA E PATRIM\u00d4NIO Certificados forum coordenadores &nbsp; Certificados do minicurso Introducci\u00f3n a la virtualizaci\u00f3n de patrimonio: nuevas tecnolog\u00edas para su gesti\u00f3n y difusi\u00f3n Certificados Introducci\u00f3n a la virtualizaci\u00f3n de patrimonio_compressed &nbsp; Certificados da Confer\u00eancia &#8220;Alimenta\u00e7\u00e3o, territ\u00f3rio e patrim\u00f4nio&#8221; Certificados ouvintes confer\u00eancia Alimenta\u00e7\u00e3o, territ\u00f3rio [&hellip;]<\/p>\n","protected":false},"author":700,"featured_media":0,"parent":460,"menu_order":3,"comment_status":"closed","ping_status":"closed","template":"","meta":{"footnotes":""},"class_list":["post-1920","page","type-page","status-publish","hentry"],"_links":{"self":[{"href":"https:\/\/wp.ufpel.edu.br\/ppgmp\/wp-json\/wp\/v2\/pages\/1920","targetHints":{"allow":["GET"]}}],"collection":[{"href":"https:\/\/wp.ufpel.edu.br\/ppgmp\/wp-json\/wp\/v2\/pages"}],"about":[{"href":"https:\/\/wp.ufpel.edu.br\/ppgmp\/wp-json\/wp\/v2\/types\/page"}],"author":[{"embeddable":true,"href":"https:\/\/wp.ufpel.edu.br\/ppgmp\/wp-json\/wp\/v2\/users\/700"}],"replies":[{"embeddable":true,"href":"https:\/\/wp.ufpel.edu.br\/ppgmp\/wp-json\/wp\/v2\/comments?post=1920"}],"version-history":[{"count":2,"href":"https:\/\/wp.ufpel.edu.br\/ppgmp\/wp-json\/wp\/v2\/pages\/1920\/revisions"}],"predecessor-version":[{"id":1923,"href":"https:\/\/wp.ufpel.edu.br\/ppgmp\/wp-json\/wp\/v2\/pages\/1920\/revisions\/1923"}],"up":[{"embeddable":true,"href":"https:\/\/wp.ufpel.edu.br\/ppgmp\/wp-json\/wp\/v2\/pages\/460"}],"wp:attachment":[{"href":"https:\/\/wp.ufpel.edu.br\/ppgmp\/wp-json\/wp\/v2\/media?parent=1920"}],"curies":[{"name":"wp","href":"https:\/\/api.w.org\/{rel}","templated":true}]}}