{"id":1896,"date":"2021-03-04T19:23:18","date_gmt":"2021-03-04T22:23:18","guid":{"rendered":"https:\/\/wp.ufpel.edu.br\/ppgmp\/?page_id=1896"},"modified":"2021-05-19T17:01:44","modified_gmt":"2021-05-19T20:01:44","slug":"egressos","status":"publish","type":"page","link":"https:\/\/wp.ufpel.edu.br\/ppgmp\/pessoas\/egressos\/","title":{"rendered":"Egressos"},"content":{"rendered":"<p><strong>Ingresso Mestrado 2018<\/strong><strong>\u00a0<\/strong><\/p>\n<p>Anali\u0301a Patricia Garci\u0301a<\/p>\n<p>Desire\u0301e Nobre Salasar<\/p>\n<p>Diego Rabelo Nonato<\/p>\n<p>Helena Santos Schwonke<\/p>\n<p>Leonardo Jose\u0301 Pa\u0301ez Rodri\u0301guez<\/p>\n<p>Monica de Macedo Praz<\/p>\n<p>Paulo Vianna Sant Anna<\/p>\n<p>Priscila Lucre\u0301cio Duarte<\/p>\n<p>Ste\u0301fano da Paixa\u0303o Santos<\/p>\n<p><strong>Ingresso Mestrado 2017<\/strong><\/p>\n<p>Fatiane Fernandes Pacheco<\/p>\n<p>Helena Thomassim Medeiros<\/p>\n<p>Helen Kaufmann Lambrecht<\/p>\n<p>Milena Behling Oliveira<\/p>\n<p>Mirella Moraes De Borba<\/p>\n<p>Priscila Maria Dias Bertoncini<\/p>\n<p>Rossana Marina Duro Sparvoli<\/p>\n<p>Rossanna Prado Perez<\/p>\n<p>Zulma Ines Masi Godoy<\/p>\n<p><strong>Ingresso Doutorado 2016<\/strong><\/p>\n<p>Andrea da Gama Lima<\/p>\n<p>Frantieska Huszar Schneid<\/p>\n<p>Laura Ibarlucea<\/p>\n<p><strong>Ingresso Mestrado 2016<\/strong><\/p>\n<p>Amanda Basilio Santos<\/p>\n<p>C\u00edcero Ney Pereira de Oliveira<\/p>\n<p>Fab\u00edola Peres de Souza<\/p>\n<p>Juliana de Oliveira Pl\u00e1<\/p>\n<p>Juliana Porto Machado<\/p>\n<p>Leticia Alves Pereira<\/p>\n<p>Mariana B. Mariano da Silva<\/p>\n<p>Ricardo Jaeckel dos Santos<\/p>\n<p>Roger Langone Leal<\/p>\n<p>Simone Rassmussen Neutzling<\/p>\n<p><strong>Ingresso Doutorado 2015<\/strong><\/p>\n<p>Daniele Borges Bezerra<\/p>\n<p>Danilo Kuhn da Silva<\/p>\n<p>Marina Gowert dos Reis<\/p>\n<p><strong>Ingresso Mestrado 2015<\/strong><\/p>\n<p>Andrea A\u00f1\u00f3n Monsteserin<\/p>\n<p>Elis E. Meza Pena<\/p>\n<p>Fl\u00e1via S. Faro<\/p>\n<p>Gabriela Zilli<\/p>\n<p>Gisele Dutra Quevedo<\/p>\n<p>Gislaine P. Kramer<\/p>\n<p>Jos\u00e9 Andreas Curbelo Knutson<\/p>\n<p>Jos\u00e9 Paulo S. Brahm<\/p>\n<p>Jossana P. Coelho<\/p>\n<p>Juliana Modesto<\/p>\n<p>Karla Nazareth J.A. Tissot<\/p>\n<p>Luciana Ch\u00e1vez<\/p>\n<p>Marcela Rodriguez<\/p>\n<p>Priscila C. Oliveira<\/p>\n<p><strong>Ingresso Doutorado 2\u00ba semestre de 2014<\/strong><\/p>\n<p>Cristiano Gehrke<\/p>\n<p>Jerusa de Oliveira Michel<\/p>\n<p>Keli Cristina Scolari<\/p>\n<p>Noris Mara Pacheco Martins Leal<\/p>\n<p>Ricardo Luis Sampaio Pintado<\/p>\n<p><strong>Ingresso Doutorado 2014<\/strong><\/p>\n<p>Alan Dutra de Melo<\/p>\n<p>Alessandra Buriol Farinha<\/p>\n<p>Andressa Szekut<\/p>\n<p>Annelise Costa Montone<\/p>\n<p>Cl\u00e1uber Gon\u00e7alves dos Santos<\/p>\n<p>Darlan de Mamann Marchi<\/p>\n<p>Francine Morales Tavares Ribeiro<\/p>\n<p>Gianne Zanella Atallah<\/p>\n<p>Luciana de Castro Neves Costa<\/p>\n<p>Marlise Buchweitz Klug<\/p>\n<p>Silvana de F\u00e1tima Bojanoski<\/p>\n<p><strong>Ingresso Mestrado 2014<\/strong><\/p>\n<p>Andrea Jorge do Amaral Dominguez<\/p>\n<p>Arlindo Am\u00e9rico Tavares Martins Junior<\/p>\n<p>Bruna Facchinello<\/p>\n<p>Carlos Jos\u00e9 de Azevedo Machado<\/p>\n<p>Claudia Fontoura Lacerda<\/p>\n<p>Daniel Barbier Leal<\/p>\n<p>Davi Kiermes Tavares<\/p>\n<p>Gladis Rejane Moran Ferreira<\/p>\n<p>Grace Mateo Rosario<\/p>\n<p>Leandro Gracioso de Almeida e Silva<\/p>\n<p>Marina Duarte Gutierre<\/p>\n<p>Ubirajara Buddin Cruz<\/p>\n<p>Vania da Costa Machado<\/p>\n<p><strong>Ingresso Doutorado 2013<\/strong><\/p>\n<p>Alcir Nei Bach<\/p>\n<p>Andr\u00e9a Lacerda Bachettini<\/p>\n<p>Daniel Ribeiro Medeiros<\/p>\n<p>Daniele Baltz Fonseca<\/p>\n<p>Ivana Morales Peres dos Santos<\/p>\n<p>M\u00e1rcia Carvalho Rodrigues<\/p>\n<p>Maria Helena Sant\u2019Ana<\/p>\n<p>Michel Constantino\u00a0 Figueira<\/p>\n<p>Paula Garcia Lima<\/p>\n<p>Roberto\u00a0 Heiden<\/p>\n<p>Rog\u00e9rio Piva da Silva<\/p>\n<p><strong>Ingresso Mestrado 2013<\/strong><\/p>\n<p>Bruna Raj\u00e3o Frio<\/p>\n<p>Cleiton Bierhals Decker<\/p>\n<p>Danielle do Carmo<\/p>\n<p>Diogo Souza Madeira<\/p>\n<p>F\u00e1bio Galli Alves<\/p>\n<p>Frantieska Huszar Schneid<\/p>\n<p>Isabel Halfen da Costa Torino<\/p>\n<p>Juliani Borchardt da Silva<\/p>\n<p>Laura Ibarlucea<\/p>\n<p>Magali Martins Aquino<\/p>\n<p>Marina Gowert dos Reis<\/p>\n<p>Micheli Martins Afonso<\/p>\n<p>Ol\u00edvia Silva Nery<\/p>\n<p>Roberta Pinto Medeiros<\/p>\n<p>Sarah Maggitti Silva<\/p>\n<p>Tassiane Melo de Freitas<\/p>\n<p><strong>Ingresso 2012<\/strong><\/p>\n<p>Aline Abreu Mingon dos Santos<\/p>\n<p>Ana Paula Ferreira Britto<\/p>\n<p>Ana Ramos Rodriguez<\/p>\n<p>Cristiane Bartz de \u00c1vila<\/p>\n<p>Cristiele Santos de Souza<\/p>\n<p>Cristina Jeannes Rozisky<\/p>\n<p>Daniele Borges Bezerra<\/p>\n<p>Darlan de Momann Marchi<\/p>\n<p>Francine Morales Tavares<\/p>\n<p>Geanine Vargas Escobar<\/p>\n<p>Jenny Greg\u00f3ria Gonz\u00e1lez Mu\u00f1oz<\/p>\n<p>Karen Velleda Caldas<\/p>\n<p>Luzia Costa Rodeghiero<\/p>\n<p>Marcelo Garcia da Rocha<\/p>\n<p>Maritsa S\u00e1 Freire Costa<\/p>\n<p>Matheus Cruz<\/p>\n<p>Natalia Martins de Oliveira Gon\u00e7alves<\/p>\n<p>Simone Sola Bobadilho<\/p>\n<p>Veronica Coffy Bilhalva dos Santos<\/p>\n<p><strong>Ingresso 2011<\/strong><\/p>\n<p>Alessandra Buriol Farinha<\/p>\n<p>Alice Leoti da Silva<\/p>\n<p>Amanda Costa da Silva<\/p>\n<p>Ana Paula Batista Araujo<\/p>\n<p>Andressa Domanski<\/p>\n<p>Cibele Borges<\/p>\n<p>Cristiano Gehrke<\/p>\n<p>Fernanda Amaral Taddei<\/p>\n<p>Jerusa de Oliveira Michel<\/p>\n<p>Jo\u00e3o Paulo Borges da Silveira<\/p>\n<p>Jos\u00e9 Daniel Telles dos Santos<\/p>\n<p>Keli Cristina Scolari<\/p>\n<p>Luisa Lacerda Maciel<\/p>\n<p>Magda Villanova Nunes<\/p>\n<p>Maria Socorro Soares dos Santos<\/p>\n<p>Paulo Vianna Sant\u00b4Anna<\/p>\n<p>Rafael Klum Arnoni<\/p>\n<p>Rafaela Nunes Ramos<\/p>\n<p>Sirlei Schmitt de Toledo<\/p>\n<p>Vanessa da Silva Devantier<\/p>\n<p><strong>Ingresso 2010<\/strong><\/p>\n<p>Aline Herbstrith Batista<\/p>\n<p>Angela Marina Macalossi<\/p>\n<p>Carmen L\u00facia Lobo Giusti<\/p>\n<p>Chana\u00edsa Melo<\/p>\n<p>Dionis Mauri Penning Blank<\/p>\n<p>Estef\u00e2nia Jaekel da Rosa<\/p>\n<p>Fernando Silva de Almeida<\/p>\n<p>Ilza Carla Favaro de Lima<\/p>\n<p>Jonathan Santos Caino<\/p>\n<p>K\u00e1tia Helena Rodrigues Dias<\/p>\n<p>Kelly Raquel Schmidt<\/p>\n<p>Mariana Gaelzer Wertheimer<\/p>\n<p>Mariciana Zorzi<\/p>\n<p>Maur\u00edcio Fonseca da Paz<\/p>\n<p>Rog\u00e9rio Piva da Silva<\/p>\n<p>Simone Soares Delanoy<\/p>\n<p>Vanessa Patzlaff Bosenbecker<\/p>\n<p><strong>Ingresso 2009<\/strong><\/p>\n<p>Andressa Roxo Pons<\/p>\n<p>Annelise Costa Montone<\/p>\n<p>Ayd\u00ea Andrade de Oliveira<\/p>\n<p>Caterine Henriques Mendes<\/p>\n<p>Danielle do Carmo<\/p>\n<p>Deborah Coimbra Nun\u00eaz<\/p>\n<p>Gianne Zanella Atallah<\/p>\n<p>Gisela Brum Isacsson<\/p>\n<p>Jana\u00edna Timm de Souza<\/p>\n<p>Jezuina Kohls Schwanz<\/p>\n<p>Jozimar Rodrigues Weimar<\/p>\n<p>Lizandra Nunes Pereira<\/p>\n<p>Moys\u00e9s Marcionilo de Siqueira Neto<\/p>\n<p>N\u00e1dia Miranda Leschko<\/p>\n<p>Paula Garcia Lima<\/p>\n<p>Roberta Mecking Arantes Santos<\/p>\n<p>Samila Pereira Ferreira<\/p>\n<p>Vanessa Regina Freitas da Silva<\/p>\n<p>Yussef Salom\u00e3o de Campos<\/p>\n<p><strong>Ingresso 2008<\/strong><\/p>\n<p>Alcir Nei Bach<\/p>\n<p>Ana L\u00facia Ferreira de Quadros<\/p>\n<p>Andr\u00e9a da Gama Lima<\/p>\n<p>Caroline Leal Bonilha<\/p>\n<p>Cl\u00e1udia Campos Ribeiro<\/p>\n<p>Elaine Maria Tonini Bastianello<\/p>\n<p>Francine Silveira Tavares<\/p>\n<p>Guilherme Rodrigo Bruno<\/p>\n<p>Imgart Grutzmann<\/p>\n<p>Ivana Morales Peres<\/p>\n<p>Jana\u00edna Schvambach<\/p>\n<p>Jana\u00edna Silva Xavier<\/p>\n<p>Magali Martins Aquino<\/p>\n<p>Maiquel Gon\u00e7alves de Rezende<\/p>\n<p>Michel Constantino Figueira<\/p>\n<p>Pablo Fabi\u00e3o Lisboa<\/p>\n<p>Renata de Azevedo Ribeiro<\/p>\n<p>Rodrigo de Oliveira Torres<\/p>\n<p><strong>Ingresso 2007<\/strong><\/p>\n<p>Alan Dutra de Melo<\/p>\n<p>Alexandre Pereira Maciel<\/p>\n<p>Ana Paula Dametto<\/p>\n<p>\u00c2ngela Cristina Bosembecker<\/p>\n<p>C\u00edntia Vieira Essinger<\/p>\n<p>Denise Ondina Marroni dos Santos<\/p>\n<p>K\u00e1tia Ferreira de Oliveira<\/p>\n<p>Leandro Ramos Betemps<\/p>\n<p>Liciane Machado Almeida<\/p>\n<p>Luciana da Silva Peixoto<\/p>\n<p>Luiz Carlos Vaz<\/p>\n<p>Margareth Acosta Vieira<\/p>\n<p>Nadja Ferreira Santos<\/p>\n<p>Olga Maria Almeida da Silva<\/p>\n<p>Patr\u00edcia Pereira Porto<\/p>\n<p>Renata Barbosa Ferrari<\/p>\n<p>Renato Duro Dias<\/p>\n<p>Roberto Heiden<\/p>\n<p>S\u00e9rgio Luiz Peres de Peres<\/p>\n<p>Ta\u00eds Castro Soares<\/p>\n","protected":false},"excerpt":{"rendered":"<p>Ingresso Mestrado 2018\u00a0 Anali\u0301a Patricia Garci\u0301a Desire\u0301e Nobre Salasar Diego Rabelo Nonato Helena Santos Schwonke Leonardo Jose\u0301 Pa\u0301ez Rodri\u0301guez Monica de Macedo Praz Paulo Vianna Sant Anna Priscila Lucre\u0301cio Duarte Ste\u0301fano da Paixa\u0303o Santos Ingresso Mestrado 2017 Fatiane Fernandes Pacheco Helena Thomassim Medeiros Helen Kaufmann Lambrecht Milena Behling Oliveira Mirella Moraes De Borba Priscila Maria [&hellip;]<\/p>\n","protected":false},"author":700,"featured_media":0,"parent":1893,"menu_order":2,"comment_status":"closed","ping_status":"closed","template":"","meta":{"footnotes":""},"class_list":["post-1896","page","type-page","status-publish","hentry"],"_links":{"self":[{"href":"https:\/\/wp.ufpel.edu.br\/ppgmp\/wp-json\/wp\/v2\/pages\/1896","targetHints":{"allow":["GET"]}}],"collection":[{"href":"https:\/\/wp.ufpel.edu.br\/ppgmp\/wp-json\/wp\/v2\/pages"}],"about":[{"href":"https:\/\/wp.ufpel.edu.br\/ppgmp\/wp-json\/wp\/v2\/types\/page"}],"author":[{"embeddable":true,"href":"https:\/\/wp.ufpel.edu.br\/ppgmp\/wp-json\/wp\/v2\/users\/700"}],"replies":[{"embeddable":true,"href":"https:\/\/wp.ufpel.edu.br\/ppgmp\/wp-json\/wp\/v2\/comments?post=1896"}],"version-history":[{"count":8,"href":"https:\/\/wp.ufpel.edu.br\/ppgmp\/wp-json\/wp\/v2\/pages\/1896\/revisions"}],"predecessor-version":[{"id":2102,"href":"https:\/\/wp.ufpel.edu.br\/ppgmp\/wp-json\/wp\/v2\/pages\/1896\/revisions\/2102"}],"up":[{"embeddable":true,"href":"https:\/\/wp.ufpel.edu.br\/ppgmp\/wp-json\/wp\/v2\/pages\/1893"}],"wp:attachment":[{"href":"https:\/\/wp.ufpel.edu.br\/ppgmp\/wp-json\/wp\/v2\/media?parent=1896"}],"curies":[{"name":"wp","href":"https:\/\/api.w.org\/{rel}","templated":true}]}}