{"id":1886,"date":"2021-03-04T10:33:40","date_gmt":"2021-03-04T13:33:40","guid":{"rendered":"https:\/\/wp.ufpel.edu.br\/ppgmp\/?page_id=1886"},"modified":"2023-06-21T16:57:35","modified_gmt":"2023-06-21T19:57:35","slug":"gerais","status":"publish","type":"page","link":"https:\/\/wp.ufpel.edu.br\/ppgmp\/eventos\/gerais\/","title":{"rendered":"Gerais"},"content":{"rendered":"<p><b>F\u00e1brica de Mem\u00f3rias: Semin\u00e1rio Internacional &#8211; Patrim\u00f4nio Industrial &#8211; Alimentos &#8211; Sustentabilidade<\/b><\/p>\n<div style=\"text-align: justify;\">O Semin\u00e1rio Internacional est\u00e1 na sua primeira edi\u00e7\u00e3o e ser\u00e1 realizado nos dias\u00a0<b><u>23, 24 e 25 de agosto<\/u><\/b>, presencialmente, no CEHUS\u00a0(R. Cel. Alberto Rosa, 117).<b>\u00a0<\/b><\/div>\n<div style=\"text-align: justify;\"><\/div>\n<div style=\"text-align: justify;\">O evento busca discutir se \u00e9 poss\u00edvel aproveitar estruturas fabris ociosas em ambientes rurais e urbanos, de modo racional, equilibrado e esperan\u00e7oso que nos fa\u00e7a entender mais sobre a cultura do trabalho, relacionando-a com a mem\u00f3ria do que muitas vezes foi um of\u00edcio manual, a um tempo transformado em manufatura, at\u00e9 ser modificado em um processo industrial. E que quando isso est\u00e1 relacionado com a produ\u00e7\u00e3o do alimento, se est\u00e1 a falar de um tecido hist\u00f3rico que coloca em foco quest\u00f5es de ordem fundamental para a natureza e nela, para a humanidade.<\/div>\n<div style=\"text-align: justify;\"><\/div>\n<div style=\"text-align: justify;\">Neste evento associamos o patrim\u00f4nio industrial, sobretudo o de transforma\u00e7\u00e3o do alimento, com o patrim\u00f4nio alimentar, as tradi\u00e7\u00f5es nos quais s\u00e3o produzidos, os fatores memoriais a eles associados e como, em uma perspectiva otimista de futuro, tanto o que j\u00e1 n\u00e3o \u00e9 mais ativo como aquilo que se deseja que continue sendo, pode associar-se em solu\u00e7\u00f5es para realidades sustent\u00e1veis.<\/div>\n<div style=\"text-align: justify;\"><\/div>\n<div style=\"text-align: justify;\">Entre algumas pretens\u00f5es do evento est\u00e1, contemplar objetivos do desenvolvimento sustent\u00e1vel como eixos de reflex\u00e3o favorecendo que se apresentem indicadores e tend\u00eancias orientadas pelo movimento AGENDA 2030 (<a href=\"https:\/\/brasil.un.org\/pt-br\/sdgs\" target=\"_blank\" rel=\"noopener noreferrer\">https:\/\/brasil.un.org\/pt-br\/sdgs<\/a>), posto sobre as tr\u00eas dimens\u00f5es que lhes s\u00e3o atinentes: econ\u00f4mica, social e ambiental.<\/div>\n<div style=\"text-align: justify;\"><\/div>\n<div style=\"text-align: justify;\">Assim sendo, o evento conta com uma programa\u00e7\u00e3o completa envolvendo: cidade, mem\u00f3ria, patrim\u00f4nio industrial, cultura, paisagens sustent\u00e1veis, desenvolvimento territorial, tradi\u00e7\u00e3o, inova\u00e7\u00e3o, dentre outras tem\u00e1ticas.<\/div>\n<div style=\"text-align: justify;\"><\/div>\n<div style=\"text-align: justify;\">Ressaltamos que\u00a0<b><u>at\u00e9 dia 30 de junho o evento estar\u00e1 recebendo submiss\u00f5es de trabalhos<\/u><\/b>\u00a0para os seguintes eixos tem\u00e1ticos:<\/div>\n<div style=\"text-align: justify;\"><\/div>\n<div style=\"text-align: justify;\">Tema 1 \u2013 F\u00e1bricas de transforma\u00e7\u00e3o do alimento e agroind\u00fastria<\/div>\n<div style=\"text-align: justify;\">Tema 2 \u2013 Patrim\u00f4nio alimentar e turismo<\/div>\n<div style=\"text-align: justify;\">Tema 3 \u2013 Pol\u00edticas p\u00fablicas e sustentabilidade<\/div>\n<div style=\"text-align: justify;\">Tema 4 \u2013 Alimento, Mem\u00f3ria e tradi\u00e7\u00e3o<\/div>\n<div style=\"text-align: justify;\"><\/div>\n<div style=\"text-align: justify;\">Todas as informa\u00e7\u00f5es sobre submiss\u00e3o de trabalhos, assim como a programa\u00e7\u00e3o, j\u00e1 est\u00e3o dispon\u00edveis no site do evento:\u00a0<a href=\"https:\/\/wp.ufpel.edu.br\/sempias2023\/\" target=\"_blank\" rel=\"noopener noreferrer\">https:\/\/wp.ufpel.edu.br\/sempias2023\/<\/a>. Mais informa\u00e7\u00f5es, atrav\u00e9s do email:\u00a0<a href=\"mailto:sempias2023@gmail.com\" rel=\"noreferrer\">sempias2023@gmail.com<\/a>.<\/div>\n<div style=\"text-align: justify;\"><\/div>\n<div style=\"text-align: justify;\">Apoio financeiro do Estado do Rio Grande do Sul por interm\u00e9dio da FAPERGS. Apoio Cultural Mnemosine &#8211; Conserva\u00e7\u00e3o de Acervos.<\/div>\n<div style=\"text-align: justify;\"><\/div>\n<div style=\"text-align: justify;\">Contamos com a presen\u00e7a de todos!<\/div>\n<p>&nbsp;<\/p>\n<p>&nbsp;<\/p>\n<p>&nbsp;<\/p>\n<p>&nbsp;<\/p>\n<p>&nbsp;<\/p>\n<p>&nbsp;<\/p>\n","protected":false},"excerpt":{"rendered":"<p>F\u00e1brica de Mem\u00f3rias: Semin\u00e1rio Internacional &#8211; Patrim\u00f4nio Industrial &#8211; Alimentos &#8211; Sustentabilidade O Semin\u00e1rio Internacional est\u00e1 na sua primeira edi\u00e7\u00e3o e ser\u00e1 realizado nos dias\u00a023, 24 e 25 de agosto, presencialmente, no CEHUS\u00a0(R. Cel. Alberto Rosa, 117).\u00a0 O evento busca discutir se \u00e9 poss\u00edvel aproveitar estruturas fabris ociosas em ambientes rurais e urbanos, de modo [&hellip;]<\/p>\n","protected":false},"author":700,"featured_media":0,"parent":460,"menu_order":3,"comment_status":"closed","ping_status":"closed","template":"","meta":{"footnotes":""},"class_list":["post-1886","page","type-page","status-publish","hentry"],"_links":{"self":[{"href":"https:\/\/wp.ufpel.edu.br\/ppgmp\/wp-json\/wp\/v2\/pages\/1886","targetHints":{"allow":["GET"]}}],"collection":[{"href":"https:\/\/wp.ufpel.edu.br\/ppgmp\/wp-json\/wp\/v2\/pages"}],"about":[{"href":"https:\/\/wp.ufpel.edu.br\/ppgmp\/wp-json\/wp\/v2\/types\/page"}],"author":[{"embeddable":true,"href":"https:\/\/wp.ufpel.edu.br\/ppgmp\/wp-json\/wp\/v2\/users\/700"}],"replies":[{"embeddable":true,"href":"https:\/\/wp.ufpel.edu.br\/ppgmp\/wp-json\/wp\/v2\/comments?post=1886"}],"version-history":[{"count":14,"href":"https:\/\/wp.ufpel.edu.br\/ppgmp\/wp-json\/wp\/v2\/pages\/1886\/revisions"}],"predecessor-version":[{"id":2656,"href":"https:\/\/wp.ufpel.edu.br\/ppgmp\/wp-json\/wp\/v2\/pages\/1886\/revisions\/2656"}],"up":[{"embeddable":true,"href":"https:\/\/wp.ufpel.edu.br\/ppgmp\/wp-json\/wp\/v2\/pages\/460"}],"wp:attachment":[{"href":"https:\/\/wp.ufpel.edu.br\/ppgmp\/wp-json\/wp\/v2\/media?parent=1886"}],"curies":[{"name":"wp","href":"https:\/\/api.w.org\/{rel}","templated":true}]}}