{"id":1883,"date":"2021-03-04T10:32:53","date_gmt":"2021-03-04T13:32:53","guid":{"rendered":"https:\/\/wp.ufpel.edu.br\/ppgmp\/?page_id=1883"},"modified":"2021-03-04T10:33:15","modified_gmt":"2021-03-04T13:33:15","slug":"coloquio-memoria-e-patrimonio","status":"publish","type":"page","link":"https:\/\/wp.ufpel.edu.br\/ppgmp\/eventos\/coloquio-memoria-e-patrimonio\/","title":{"rendered":"Col\u00f3quio Mem\u00f3ria e Patrim\u00f4nio"},"content":{"rendered":"<p><strong>IV Col\u00f3quio Internacional Mem\u00f3ria e Patrim\u00f4nio<\/strong><\/p>\n<p><img class=\"alignnone size-medium wp-image-1044\" src=\"https:\/\/wp.ufpel.edu.br\/ppgmp\/files\/2018\/09\/IV-Col\u00f3quio-Internacional-com-site-300x400.jpg\" alt=\"\" width=\"300\" height=\"400\" srcset=\"https:\/\/wp.ufpel.edu.br\/ppgmp\/files\/2018\/09\/IV-Col\u00f3quio-Internacional-com-site-300x400.jpg 300w, https:\/\/wp.ufpel.edu.br\/ppgmp\/files\/2018\/09\/IV-Col\u00f3quio-Internacional-com-site-768x1024.jpg 768w, https:\/\/wp.ufpel.edu.br\/ppgmp\/files\/2018\/09\/IV-Col\u00f3quio-Internacional-com-site.jpg 1500w\" sizes=\"(max-width: 300px) 100vw, 300px\" \/><\/p>\n<p style=\"text-align: justify\">\u00c9 com satisfa\u00e7\u00e3o que divulgamos o IV Col\u00f3quio Internacional Mem\u00f3ria e Patrim\u00f4nio,\u00a0promovido pelos docentes e discentes do Programa de P\u00f3s-Gradua\u00e7\u00e3o em Mem\u00f3ria Social e Patrim\u00f4nio Cultural &#8211; PPGMP, da Universidade Federal de Pelotas tem como principal objetivo proporcionar um momento para pensar sobre a mem\u00f3ria e patrim\u00f4nio em diferentes sociedades, em diferentes contextos. As opera\u00e7\u00f5es de sele\u00e7\u00e3o da mem\u00f3ria, envolvendo tamb\u00e9m o esquecimento, em uma perspectiva individual e coletiva, s\u00e3o fundamentais para compreens\u00e3o da identidade e do patrim\u00f4nio cultural de uma comunidade.<br \/>\nDessa forma, o presente col\u00f3quio abre um espa\u00e7o para discutir quest\u00f5es sobre mem\u00f3ria, patrim\u00f4nio cultural, conserva\u00e7\u00e3o e gest\u00e3o de acervos, espa\u00e7os de mem\u00f3ria, trajet\u00f3rias e relatos de atividades dos profissionais das \u00e1reas de atua\u00e7\u00e3o do PPGMP. Para alcan\u00e7ar seu objetivo, o IV Col\u00f3quio apresenta confer\u00eancias, mesas redondas e abre um espa\u00e7o para apresenta\u00e7\u00e3o de trabalhos, pesquisas conclu\u00eddas e\/ou em desenvolvimento que versem sobre os temas mencionados.<\/p>\n<p>Convidamos todos os interessados a navegar no site do col\u00f3quio para conferir a programa\u00e7\u00e3o e as modalidades de inscri\u00e7\u00e3o (ouvintes e apresentadores de trabalhos).<\/p>\n<p><a href=\"http:\/\/ivcoloquiomp.weebly.com\/\">http:\/\/ivcoloquiomp.weebly.com\/<\/a><\/p>\n<p>&nbsp;<\/p>\n<p><strong>Col\u00f3quio Internacional Mem\u00f3ria e Patrim\u00f4nio<\/strong><\/p>\n<p><img class=\"alignnone wp-image-749 size-medium\" src=\"https:\/\/wp.ufpel.edu.br\/ppgmp\/files\/2017\/09\/Cartaz-Col\u00f3quio-300x400.jpg\" alt=\"\" width=\"300\" height=\"400\" srcset=\"https:\/\/wp.ufpel.edu.br\/ppgmp\/files\/2017\/09\/Cartaz-Col\u00f3quio-300x400.jpg 300w, https:\/\/wp.ufpel.edu.br\/ppgmp\/files\/2017\/09\/Cartaz-Col\u00f3quio.jpg 720w\" sizes=\"(max-width: 300px) 100vw, 300px\" \/><\/p>\n<p style=\"text-align: justify\">O Col\u00f3quio Internacional Mem\u00f3ria e Patrim\u00f4nio, promovido pelo Programa de P\u00f3s-Gradua\u00e7\u00e3o em Mem\u00f3ria Social e Patrim\u00f4nio Cultural da Universidade Federal de Pelotas tem como principal objetivo promover um momento de debate com pesquisadores de diferentes pa\u00edses sobre dois temas fundamentais na nossa sociedade: a mem\u00f3ria e o patrim\u00f4nio. Ser\u00e1 realizado entre 09, 10 e 11 de outubro de 2017.<\/p>\n<p style=\"text-align: justify\">Al\u00e9m de confer\u00eancias com pesquisadores qualificados e reconhecidos nacional e internacionalmente, tamb\u00e9m \u00e9 reservado um espa\u00e7o para mesas redondas, abordando diferentes temas, como os impactos da p\u00f3s-gradua\u00e7\u00e3o em mem\u00f3ria e patrim\u00f4nio na vida profissional de egressos do PPGMP; cidades, patrim\u00f4nio e urbaniza\u00e7\u00e3o; patrim\u00f4nio imaterial.<\/p>\n<p style=\"text-align: justify\">\u200bEntendendo a import\u00e2ncia da divulga\u00e7\u00e3o e debate para pesquisas em andamento, o Col\u00f3quio conta com tr\u00eas propostas de Simp\u00f3sios Tem\u00e1ticos para apresenta\u00e7\u00e3o de trabalhos: ST 01 &#8211; Patrim\u00f4nio, mem\u00f3ria e literatura; ST 02 &#8211; Patrim\u00f4nio, cidades e mem\u00f3ria; ST 03 &#8211; Patrim\u00f4nio imaterial e mem\u00f3ria.<\/p>\n<p>Maiores informa\u00e7\u00f5es sobre inscri\u00e7\u00e3o e programa\u00e7\u00e3o no site:<\/p>\n<p><a href=\"http:\/\/coloquiomp.weebly.com\/\">http:\/\/coloquiomp.weebly.com\/<\/a><\/p>\n<p>Contamos com sua presen\u00e7a e aguardamos sua participa\u00e7\u00e3o!<\/p>\n<p>&nbsp;<\/p>\n<p>&nbsp;<\/p>\n","protected":false},"excerpt":{"rendered":"<p>IV Col\u00f3quio Internacional Mem\u00f3ria e Patrim\u00f4nio \u00c9 com satisfa\u00e7\u00e3o que divulgamos o IV Col\u00f3quio Internacional Mem\u00f3ria e Patrim\u00f4nio,\u00a0promovido pelos docentes e discentes do Programa de P\u00f3s-Gradua\u00e7\u00e3o em Mem\u00f3ria Social e Patrim\u00f4nio Cultural &#8211; PPGMP, da Universidade Federal de Pelotas tem como principal objetivo proporcionar um momento para pensar sobre a mem\u00f3ria e patrim\u00f4nio em diferentes [&hellip;]<\/p>\n","protected":false},"author":700,"featured_media":0,"parent":460,"menu_order":2,"comment_status":"closed","ping_status":"closed","template":"","meta":{"footnotes":""},"class_list":["post-1883","page","type-page","status-publish","hentry"],"_links":{"self":[{"href":"https:\/\/wp.ufpel.edu.br\/ppgmp\/wp-json\/wp\/v2\/pages\/1883","targetHints":{"allow":["GET"]}}],"collection":[{"href":"https:\/\/wp.ufpel.edu.br\/ppgmp\/wp-json\/wp\/v2\/pages"}],"about":[{"href":"https:\/\/wp.ufpel.edu.br\/ppgmp\/wp-json\/wp\/v2\/types\/page"}],"author":[{"embeddable":true,"href":"https:\/\/wp.ufpel.edu.br\/ppgmp\/wp-json\/wp\/v2\/users\/700"}],"replies":[{"embeddable":true,"href":"https:\/\/wp.ufpel.edu.br\/ppgmp\/wp-json\/wp\/v2\/comments?post=1883"}],"version-history":[{"count":1,"href":"https:\/\/wp.ufpel.edu.br\/ppgmp\/wp-json\/wp\/v2\/pages\/1883\/revisions"}],"predecessor-version":[{"id":1885,"href":"https:\/\/wp.ufpel.edu.br\/ppgmp\/wp-json\/wp\/v2\/pages\/1883\/revisions\/1885"}],"up":[{"embeddable":true,"href":"https:\/\/wp.ufpel.edu.br\/ppgmp\/wp-json\/wp\/v2\/pages\/460"}],"wp:attachment":[{"href":"https:\/\/wp.ufpel.edu.br\/ppgmp\/wp-json\/wp\/v2\/media?parent=1883"}],"curies":[{"name":"wp","href":"https:\/\/api.w.org\/{rel}","templated":true}]}}